{"id":92,"date":"2015-01-23T12:50:38","date_gmt":"2015-01-23T12:50:38","guid":{"rendered":"http:\/\/web.saxlund.de\/?page_id=92"},"modified":"2021-04-20T16:09:40","modified_gmt":"2021-04-20T14:09:40","slug":"standorte","status":"publish","type":"page","link":"https:\/\/www.saxlund.de\/en\/unternehmen\/standorte\/","title":{"rendered":"Locations"},"content":{"rendered":"[vc_row][vc_column][vc_column_text][\/vc_column_text][\/vc_column][\/vc_row][vc_row][vc_column]<div class=\"vcex-spacing wpex-w-100 wpex-clear\"><\/div>[vc_column_text]\n<div class=\"csc-header csc-header-n1\">\n<h1 class=\"csc-firstHeader\"><span style=\"color: #000000;\">More\u00a0than 50\u00a0years experience<\/span><\/h1>\n<p><span style=\"color: #000000;\">The main design offices and factories are situated in Germany, Sweden and Great Britain.The knowledge and information base held at our main offices is enhanced and expanded on a continual and growing basis by our agencies and subsidiaries around the world. We hope that you may soon benefit for our knowledge and experience in the field of problematic bulk solid handling.<\/span><\/p>\n<p><span style=\"color: #000000;\">\u00a0<\/span><\/p>\n<\/div>\n[\/vc_column_text]<div class=\"vcex-spacing wpex-w-100 wpex-clear\"><\/div>[vc_row_inner][vc_column_inner width=&#8221;1\/4&#8243;][vc_column_text]<strong>Germany<\/strong><\/p>\n<p><span style=\"color: #000000;\">SAXLUND International GmbH<\/span><br \/>\n<span style=\"color: #000000;\">Heidberg 1,4 + 5<\/span><br \/>\n<span style=\"color: #000000;\">D-29614\u00a0Soltau &#8211; Harber<\/span><br \/>\n<span style=\"color: #000000;\">Phone: +49-5191-9811-0<\/span><br \/>\n<span style=\"color: #000000;\">Fax: +49-5191-9811-39<\/span><br \/>\n<span style=\"color: #000000;\"><a class=\"mail\" style=\"color: #000000;\" title=\"?ffnet ein Fenster zum Versenden der E-Mail\" href=\"mailto:info@saxlund.de\">info@saxlund.de<\/a><a style=\"color: #000000;\" href=\"https:\/\/www.saxlund.de\/\" target=\"_blank\" rel=\"noopener noreferrer\"><br \/>\nwww.saxlund.de<\/a><\/span>[\/vc_column_text][\/vc_column_inner][vc_column_inner width=&#8221;1\/4&#8243;][vc_column_text]<strong>United Kingdom<\/strong><\/p>\n<p><span style=\"color: #000000;\">SAXLUND International Ltd.<\/span><br \/>\n<span style=\"color: #000000;\">3, Lake Court<\/span><br \/>\n<span style=\"color: #000000;\">Hursley<\/span><br \/>\n<span style=\"color: #000000;\">Winchester, SO21 2LD &#8211; UK<\/span><br \/>\n<span style=\"color: #000000;\">Tel.: +44-2380 636330<\/span><br \/>\n<span style=\"color: #000000;\">Fax: +44-2380 636343<\/span><br \/>\n<span style=\"color: #000000;\"><a class=\"mail\" style=\"color: #000000;\" href=\"mailto:info@saxlund.co.uk\">info@saxlund.co.uk<\/a><\/span><br \/>\n<span style=\"color: #000000;\"><a style=\"color: #000000;\" href=\"http:\/\/www.saxlund.co.uk\/\" target=\"_blank\" rel=\"noopener noreferrer\">www.saxlund.co.uk<\/a><\/span>[\/vc_column_text][\/vc_column_inner][vc_column_inner width=&#8221;1\/4&#8243;][vc_column_text]\n<p class=\"bodytext\"><strong><span style=\"color: #000066;\">Schweden<\/span><\/strong><\/p>\n<p><span style=\"color: #000000;\">SAXLUND\u00a0Sweden AB<\/span><br \/>\n<span style=\"color: #000000;\">Fannys v\u00e4g 3<\/span><br \/>\n<span style=\"color: #000000;\">SE-131 54 Nacka<\/span><br \/>\n<span style=\"color: #000000;\">Sweden<\/span><br \/>\n<span style=\"color: #000000;\">Tel.: +46-8 580 873 00<\/span><br \/>\n<span style=\"color: #000000;\"><a class=\"mail\" style=\"color: #000000;\" title=\"?ffnet ein Fenster zum Versenden der E-Mail\" href=\"mailto:info@saxlund.se\">info@saxlund.se<\/a><\/span><br \/>\n<span style=\"color: #000000;\"><a style=\"color: #000000;\" href=\"http:\/\/www.saxlund.se\" target=\"_blank\" rel=\"noopener noreferrer\">www.saxlund.se<\/a><\/span>[\/vc_column_text][\/vc_column_inner][vc_column_inner width=&#8221;1\/4&#8243;][\/vc_column_inner][\/vc_row_inner]<div class=\"vcex-spacing wpex-w-100 wpex-clear\"><\/div>[\/vc_column][\/vc_row][vc_row][vc_column][vc_column_text][\/vc_column_text][\/vc_column][\/vc_row]","protected":false},"excerpt":{"rendered":"<p>[vc_row][vc_column][vc_column_text][\/vc_column_text][\/vc_column][\/vc_row][vc_row][vc_column][vc_column_text] More\u00a0than 50\u00a0years experience The main design offices and factories are situated in Germany, Sweden and Great Britain.The knowledge and information base held at our main offices is enhanced and expanded on a continual and growing basis by our agencies and subsidiaries around the world. We hope that you may soon benefit for our knowledge&hellip;<\/p>\n","protected":false},"author":1,"featured_media":0,"parent":78,"menu_order":0,"comment_status":"closed","ping_status":"closed","template":"","meta":{"footnotes":""},"class_list":["post-92","page","type-page","status-publish","hentry","entry","no-media"],"yoast_head":"<!-- This site is optimized with the Yoast SEO plugin v25.4 - https:\/\/yoast.com\/wordpress\/plugins\/seo\/ -->\n<title>Locations - SAXLUND International GmbH<\/title>\n<meta name=\"description\" content=\"Anlagenbau f\u00fcr problematische Sch\u00fcttg\u00fcter wie Holzsp\u00e4ne, Rinde, Schl\u00e4mme, Futtermittel, chemische Stoffe, Kompost oder Abfallstoffe, St\u00f6rstoffabscheider\" \/>\n<meta name=\"robots\" content=\"index, follow, max-snippet:-1, max-image-preview:large, max-video-preview:-1\" \/>\n<link rel=\"canonical\" href=\"https:\/\/www.saxlund.de\/unternehmen\/standorte\/\" \/>\n<meta property=\"og:locale\" content=\"en_US\" \/>\n<meta property=\"og:type\" content=\"article\" \/>\n<meta property=\"og:title\" content=\"[:de]Standorte[:en]Locations[:] - SAXLUND International GmbH\" \/>\n<meta property=\"og:description\" content=\"Anlagenbau f\u00fcr problematische Sch\u00fcttg\u00fcter wie Holzsp\u00e4ne, Rinde, Schl\u00e4mme, Futtermittel, chemische Stoffe, Kompost oder Abfallstoffe, St\u00f6rstoffabscheider\" \/>\n<meta property=\"og:url\" content=\"https:\/\/www.saxlund.de\/unternehmen\/standorte\/\" \/>\n<meta property=\"og:site_name\" content=\"SAXLUND International GmbH\" \/>\n<meta property=\"article:modified_time\" content=\"2021-04-20T14:09:40+00:00\" \/>\n<meta name=\"twitter:card\" content=\"summary_large_image\" \/>\n<meta name=\"twitter:label1\" content=\"Est. reading time\" \/>\n\t<meta name=\"twitter:data1\" content=\"2 minutes\" \/>\n<script type=\"application\/ld+json\" class=\"yoast-schema-graph\">{\"@context\":\"https:\/\/schema.org\",\"@graph\":[{\"@type\":\"WebPage\",\"@id\":\"https:\/\/www.saxlund.de\/unternehmen\/standorte\/\",\"url\":\"https:\/\/www.saxlund.de\/unternehmen\/standorte\/\",\"name\":\"[:de]Standorte[:en]Locations[:] - SAXLUND International GmbH\",\"isPartOf\":{\"@id\":\"https:\/\/www.saxlund.de\/de\/#website\"},\"datePublished\":\"2015-01-23T12:50:38+00:00\",\"dateModified\":\"2021-04-20T14:09:40+00:00\",\"description\":\"Anlagenbau f\u00fcr problematische Sch\u00fcttg\u00fcter wie Holzsp\u00e4ne, Rinde, Schl\u00e4mme, Futtermittel, chemische Stoffe, Kompost oder Abfallstoffe, St\u00f6rstoffabscheider\",\"breadcrumb\":{\"@id\":\"https:\/\/www.saxlund.de\/unternehmen\/standorte\/#breadcrumb\"},\"inLanguage\":\"en-US\",\"potentialAction\":[{\"@type\":\"ReadAction\",\"target\":[\"https:\/\/www.saxlund.de\/unternehmen\/standorte\/\"]}]},{\"@type\":\"BreadcrumbList\",\"@id\":\"https:\/\/www.saxlund.de\/unternehmen\/standorte\/#breadcrumb\",\"itemListElement\":[{\"@type\":\"ListItem\",\"position\":1,\"name\":\"Startseite\",\"item\":\"https:\/\/www.saxlund.de\/\"},{\"@type\":\"ListItem\",\"position\":2,\"name\":\"Company\",\"item\":\"https:\/\/www.saxlund.de\/unternehmen\/\"},{\"@type\":\"ListItem\",\"position\":3,\"name\":\"Standorte\"}]},{\"@type\":\"WebSite\",\"@id\":\"https:\/\/www.saxlund.de\/de\/#website\",\"url\":\"https:\/\/www.saxlund.de\/de\/\",\"name\":\"SAXLUND International GmbH\",\"description\":\"Innovative solutions for bulk materials handling\",\"publisher\":{\"@id\":\"https:\/\/www.saxlund.de\/de\/#organization\"},\"potentialAction\":[{\"@type\":\"SearchAction\",\"target\":{\"@type\":\"EntryPoint\",\"urlTemplate\":\"https:\/\/www.saxlund.de\/de\/?s={search_term_string}\"},\"query-input\":{\"@type\":\"PropertyValueSpecification\",\"valueRequired\":true,\"valueName\":\"search_term_string\"}}],\"inLanguage\":\"en-US\"},{\"@type\":\"Organization\",\"@id\":\"https:\/\/www.saxlund.de\/de\/#organization\",\"name\":\"Saxlund International GmbH\",\"url\":\"https:\/\/www.saxlund.de\/de\/\",\"logo\":{\"@type\":\"ImageObject\",\"inLanguage\":\"en-US\",\"@id\":\"https:\/\/www.saxlund.de\/de\/#\/schema\/logo\/image\/\",\"url\":\"https:\/\/www.saxlund.de\/wp-content\/uploads\/2016\/06\/SaxLogo200x100.png\",\"contentUrl\":\"https:\/\/www.saxlund.de\/wp-content\/uploads\/2016\/06\/SaxLogo200x100.png\",\"width\":200,\"height\":88,\"caption\":\"Saxlund International GmbH\"},\"image\":{\"@id\":\"https:\/\/www.saxlund.de\/de\/#\/schema\/logo\/image\/\"}}]}<\/script>\n<!-- \/ Yoast SEO plugin. -->","yoast_head_json":{"title":"[:de]Standorte[:en]Locations[:] - SAXLUND International GmbH","description":"Anlagenbau f\u00fcr problematische Sch\u00fcttg\u00fcter wie Holzsp\u00e4ne, Rinde, Schl\u00e4mme, Futtermittel, chemische Stoffe, Kompost oder Abfallstoffe, St\u00f6rstoffabscheider","robots":{"index":"index","follow":"follow","max-snippet":"max-snippet:-1","max-image-preview":"max-image-preview:large","max-video-preview":"max-video-preview:-1"},"canonical":"https:\/\/www.saxlund.de\/unternehmen\/standorte\/","og_locale":"en_US","og_type":"article","og_title":"[:de]Standorte[:en]Locations[:] - SAXLUND International GmbH","og_description":"Anlagenbau f\u00fcr problematische Sch\u00fcttg\u00fcter wie Holzsp\u00e4ne, Rinde, Schl\u00e4mme, Futtermittel, chemische Stoffe, Kompost oder Abfallstoffe, St\u00f6rstoffabscheider","og_url":"https:\/\/www.saxlund.de\/unternehmen\/standorte\/","og_site_name":"SAXLUND International GmbH","article_modified_time":"2021-04-20T14:09:40+00:00","twitter_card":"summary_large_image","twitter_misc":{"Est. reading time":"2 minutes"},"schema":{"@context":"https:\/\/schema.org","@graph":[{"@type":"WebPage","@id":"https:\/\/www.saxlund.de\/unternehmen\/standorte\/","url":"https:\/\/www.saxlund.de\/unternehmen\/standorte\/","name":"[:de]Standorte[:en]Locations[:] - SAXLUND International GmbH","isPartOf":{"@id":"https:\/\/www.saxlund.de\/de\/#website"},"datePublished":"2015-01-23T12:50:38+00:00","dateModified":"2021-04-20T14:09:40+00:00","description":"Anlagenbau f\u00fcr problematische Sch\u00fcttg\u00fcter wie Holzsp\u00e4ne, Rinde, Schl\u00e4mme, Futtermittel, chemische Stoffe, Kompost oder Abfallstoffe, St\u00f6rstoffabscheider","breadcrumb":{"@id":"https:\/\/www.saxlund.de\/unternehmen\/standorte\/#breadcrumb"},"inLanguage":"en-US","potentialAction":[{"@type":"ReadAction","target":["https:\/\/www.saxlund.de\/unternehmen\/standorte\/"]}]},{"@type":"BreadcrumbList","@id":"https:\/\/www.saxlund.de\/unternehmen\/standorte\/#breadcrumb","itemListElement":[{"@type":"ListItem","position":1,"name":"Startseite","item":"https:\/\/www.saxlund.de\/"},{"@type":"ListItem","position":2,"name":"Company","item":"https:\/\/www.saxlund.de\/unternehmen\/"},{"@type":"ListItem","position":3,"name":"Standorte"}]},{"@type":"WebSite","@id":"https:\/\/www.saxlund.de\/de\/#website","url":"https:\/\/www.saxlund.de\/de\/","name":"SAXLUND International GmbH","description":"Innovative solutions for bulk materials handling","publisher":{"@id":"https:\/\/www.saxlund.de\/de\/#organization"},"potentialAction":[{"@type":"SearchAction","target":{"@type":"EntryPoint","urlTemplate":"https:\/\/www.saxlund.de\/de\/?s={search_term_string}"},"query-input":{"@type":"PropertyValueSpecification","valueRequired":true,"valueName":"search_term_string"}}],"inLanguage":"en-US"},{"@type":"Organization","@id":"https:\/\/www.saxlund.de\/de\/#organization","name":"Saxlund International GmbH","url":"https:\/\/www.saxlund.de\/de\/","logo":{"@type":"ImageObject","inLanguage":"en-US","@id":"https:\/\/www.saxlund.de\/de\/#\/schema\/logo\/image\/","url":"https:\/\/www.saxlund.de\/wp-content\/uploads\/2016\/06\/SaxLogo200x100.png","contentUrl":"https:\/\/www.saxlund.de\/wp-content\/uploads\/2016\/06\/SaxLogo200x100.png","width":200,"height":88,"caption":"Saxlund International GmbH"},"image":{"@id":"https:\/\/www.saxlund.de\/de\/#\/schema\/logo\/image\/"}}]}},"_links":{"self":[{"href":"https:\/\/www.saxlund.de\/en\/wp-json\/wp\/v2\/pages\/92","targetHints":{"allow":["GET"]}}],"collection":[{"href":"https:\/\/www.saxlund.de\/en\/wp-json\/wp\/v2\/pages"}],"about":[{"href":"https:\/\/www.saxlund.de\/en\/wp-json\/wp\/v2\/types\/page"}],"author":[{"embeddable":true,"href":"https:\/\/www.saxlund.de\/en\/wp-json\/wp\/v2\/users\/1"}],"replies":[{"embeddable":true,"href":"https:\/\/www.saxlund.de\/en\/wp-json\/wp\/v2\/comments?post=92"}],"version-history":[{"count":3,"href":"https:\/\/www.saxlund.de\/en\/wp-json\/wp\/v2\/pages\/92\/revisions"}],"predecessor-version":[{"id":3816,"href":"https:\/\/www.saxlund.de\/en\/wp-json\/wp\/v2\/pages\/92\/revisions\/3816"}],"up":[{"embeddable":true,"href":"https:\/\/www.saxlund.de\/en\/wp-json\/wp\/v2\/pages\/78"}],"wp:attachment":[{"href":"https:\/\/www.saxlund.de\/en\/wp-json\/wp\/v2\/media?parent=92"}],"curies":[{"name":"wp","href":"https:\/\/api.w.org\/{rel}","templated":true}]}}