{"id":86,"date":"2015-01-23T12:09:22","date_gmt":"2015-01-23T12:09:22","guid":{"rendered":"http:\/\/web.saxlund.de\/?page_id=86"},"modified":"2026-03-11T08:24:16","modified_gmt":"2026-03-11T07:24:16","slug":"historie","status":"publish","type":"page","link":"https:\/\/www.saxlund.de\/en\/unternehmen\/historie\/","title":{"rendered":"History"},"content":{"rendered":"[vc_row][vc_column][vc_column_text][\/vc_column_text][\/vc_column][\/vc_row][vc_row][vc_column width=&#8221;7\/12&#8243;][vc_column_text]\n<div class=\"csc-header csc-header-n1\">\n<h1 class=\"csc-firstHeader\"><span style=\"color: #000000;\">INNOVATION OUR TRADITION &#8211; Silo and conveying systems<\/span><\/h1>\n<p><span style=\"color: #000000;\">Saxlund was founded in 1947 by Mr. Oddmund Saxlund in Norway. This company was specialised in discharge systems for different types of wood chips.<\/span><\/p>\n<p><span style=\"color: #000000;\">\u00a0<\/span><\/p>\n<\/div>\n[\/vc_column_text][vc_single_image image=&#8221;1553&#8243; img_size=&#8221;medium&#8221; alignment=&#8221;center&#8221; style=&#8221;vc_box_shadow_3d&#8221; onclick=&#8221;img_link_large&#8221;][vc_column_text]\n<div class=\"csc-header csc-header-n1\"><\/div>\n<div class=\"csc-textpic-text\">\n<ul>\n<li><span style=\"color: #000000;\">In 1955 Saxlund got the first patent for the rotor discharge system<\/span><\/li>\n<li><span style=\"color: #000000;\">1958 was done the company foundation of Saxlund AB in V\u00e4sterhaninge, Sweden<\/span><\/li>\n<li><span style=\"color: #000000;\">1964 was done the company foundation of Saxlund KG in Soltau, Germany<\/span><\/li>\n<li><span style=\"color: #000000;\">1972 the company invented the Saxlund\u00a0\u2013 push floor and claimed this patent world wide<\/span><\/li>\n<li><span style=\"color: #000000;\">1977 the Saxlund \u2013 sliding frame was invented and claimed with a patent world wide<\/span><\/li>\n<li><span style=\"color: #000000;\">1979 the TubeFeeder\u00ae\u00a0was invented in a cooperation with Saxlund and Main Engineering and claimed with a patent world wide<\/span><\/li>\n<li><span style=\"color: #000000;\">1985 Saxlund received the Welding Certificate according to DIN 18800<\/span><\/li>\n<li><span style=\"color: #000000;\">1989 the Saxlund\u00a0\u2013 sludge pump for conveying municipal and industrial sludge was invented<\/span><\/li>\n<li><span style=\"color: #000000;\">1992 Saxlund installed world wide the first sludge pump with a capacity of\u00a050 m\u00b3\/h in the Netherlands<\/span><\/li>\n<li><span style=\"color: #000000;\">1992 the Saxlund &#8211; Distribution-Station was invented and claimed with a patent<\/span><\/li>\n<li><span style=\"color: #000000;\">1994 the Saxlund &#8211; TWIN sliding frame was invented and claimed with a patent<\/span><\/li>\n<li><span style=\"color: #000000;\">1995 Saxlund International GmbH was certified according to DIN EN ISO 9001<\/span><\/li>\n<li><span style=\"color: #000000;\">1998 the company SHS (UK) Ltd. in Southampton, Great Britain was founded<\/span><\/li>\n<li><span style=\"color: #000000;\">1998 the company Saxlund International Corporation in Hyden Lake,\u00a0 Idaho, U.S.A was founded<\/span><\/li>\n<li><span style=\"color: #000000;\">2000 the Saxlund rotary distributor was invented and patented.<\/span><\/li>\n<li><span style=\"color: #000000;\">2000 a Round Bar System Feeder for linear discharge systems was invented and patented<\/span><\/li>\n<li><span style=\"color: #000000;\">2004 the Saxlund Duplex slugde pump was invented<\/span><\/li>\n<li><span style=\"color: #000000;\">2006 Saxlund products were certified for use in ATEX zone 21<\/span><\/li>\n<li>2006 Expansion of the conformity assessment procedure to comply with current standards and guidelines<\/li>\n<li><span style=\"color: #000000;\">2007 Saxlund developed the docking station for ground level arrangement and truck receiving of bulk materials<\/span><\/li>\n<li>2008 Saxlund introduces state of the art 3D planning software and data management systems<\/li>\n<li>2012 Optimization of technical planning by introducing a lifecycle management system<\/li>\n<li>2013 Saxlund extends the range of equipment for solids pumps with an angle valve for tight spaces<\/li>\n<li><span style=\"color: #000000;\">2014 Saxlund celebrates 50 year anniversary<\/span><\/li>\n<li><span style=\"color: #000000;\">2014 Professional expansion of after sales<\/span><\/li>\n<li>2015 60 years of experience in the SAXLUND Group<\/li>\n<li>2016 Saxlund acts as EPC contractor (Engineering, Procurement and Construction)<\/li>\n<li>2017 Saxlund receives the CITB- SSSTS and SMSTS certification to manage construction sites in England.<\/li>\n<li>2018 Atex certification for hybrid mixtures according to current standards and guidelines<\/li>\n<li>2019 Saxlund is preparing for Industry 4.0<\/li>\n<\/ul>\n<\/div>\n[\/vc_column_text][vc_column_text]<span style=\"color: #000000;\">The Saxlund International group is one of the leading suppliers for engineering and production of storage and conveying systems for installations handling with problematic bulk materials.<\/span><\/p>\n<p><span style=\"color: #000000;\">Because this work over many decades the company belongs to the most potent suppliers in the world market. Saxlund International has installed their installations in nearly every country in the world. World wide 3000 Saxlund installations are working successful.<\/span>[\/vc_column_text][\/vc_column][vc_column width=&#8221;5\/12&#8243;][vc_single_image image=&#8221;1535&#8243; alignment=&#8221;center&#8221; style=&#8221;vc_box_shadow_3d&#8221; onclick=&#8221;link_image&#8221;][\/vc_column][\/vc_row][vc_row][vc_column][vc_column_text][\/vc_column_text][\/vc_column][\/vc_row]","protected":false},"excerpt":{"rendered":"<p>[vc_row][vc_column][vc_column_text][\/vc_column_text][\/vc_column][\/vc_row][vc_row][vc_column width=&#8221;7\/12&#8243;][vc_column_text] INNOVATION OUR TRADITION &#8211; Silo and conveying systems Saxlund was founded in 1947 by Mr. Oddmund Saxlund in Norway. This company was specialised in discharge systems for different types of wood chips. \u00a0 [\/vc_column_text][vc_single_image image=&#8221;1553&#8243; img_size=&#8221;medium&#8221; alignment=&#8221;center&#8221; style=&#8221;vc_box_shadow_3d&#8221; onclick=&#8221;img_link_large&#8221;][vc_column_text] In 1955 Saxlund got the first patent for the rotor discharge system 1958 was&hellip;<\/p>\n","protected":false},"author":1,"featured_media":0,"parent":78,"menu_order":0,"comment_status":"closed","ping_status":"closed","template":"","meta":{"footnotes":""},"class_list":["post-86","page","type-page","status-publish","hentry","entry","no-media"],"yoast_head":"<!-- This site is optimized with the Yoast SEO plugin v25.4 - https:\/\/yoast.com\/wordpress\/plugins\/seo\/ -->\n<title>History - SAXLUND International GmbH<\/title>\n<meta name=\"description\" content=\"Anlagenbau f\u00fcr problematische Sch\u00fcttg\u00fcter wie Holzsp\u00e4ne, Rinde, Schl\u00e4mme, Futtermittel, chemische Stoffe, Kompost oder Abfallstoffe, St\u00f6rstoffabscheider\" \/>\n<meta name=\"robots\" content=\"index, follow, max-snippet:-1, max-image-preview:large, max-video-preview:-1\" \/>\n<link rel=\"canonical\" href=\"https:\/\/www.saxlund.de\/unternehmen\/historie\/\" \/>\n<meta property=\"og:locale\" content=\"en_US\" \/>\n<meta property=\"og:type\" content=\"article\" \/>\n<meta property=\"og:title\" content=\"[:de]Historie[:en]History[:] - SAXLUND International GmbH\" \/>\n<meta property=\"og:description\" content=\"Anlagenbau f\u00fcr problematische Sch\u00fcttg\u00fcter wie Holzsp\u00e4ne, Rinde, Schl\u00e4mme, Futtermittel, chemische Stoffe, Kompost oder Abfallstoffe, St\u00f6rstoffabscheider\" \/>\n<meta property=\"og:url\" content=\"https:\/\/www.saxlund.de\/unternehmen\/historie\/\" \/>\n<meta property=\"og:site_name\" content=\"SAXLUND International GmbH\" \/>\n<meta property=\"article:modified_time\" content=\"2026-03-11T07:24:16+00:00\" \/>\n<meta name=\"twitter:card\" content=\"summary_large_image\" \/>\n<meta name=\"twitter:label1\" content=\"Est. reading time\" \/>\n\t<meta name=\"twitter:data1\" content=\"3 minutes\" \/>\n<script type=\"application\/ld+json\" class=\"yoast-schema-graph\">{\"@context\":\"https:\/\/schema.org\",\"@graph\":[{\"@type\":\"WebPage\",\"@id\":\"https:\/\/www.saxlund.de\/unternehmen\/historie\/\",\"url\":\"https:\/\/www.saxlund.de\/unternehmen\/historie\/\",\"name\":\"[:de]Historie[:en]History[:] - SAXLUND International GmbH\",\"isPartOf\":{\"@id\":\"https:\/\/www.saxlund.de\/de\/#website\"},\"datePublished\":\"2015-01-23T12:09:22+00:00\",\"dateModified\":\"2026-03-11T07:24:16+00:00\",\"description\":\"Anlagenbau f\u00fcr problematische Sch\u00fcttg\u00fcter wie Holzsp\u00e4ne, Rinde, Schl\u00e4mme, Futtermittel, chemische Stoffe, Kompost oder Abfallstoffe, St\u00f6rstoffabscheider\",\"breadcrumb\":{\"@id\":\"https:\/\/www.saxlund.de\/unternehmen\/historie\/#breadcrumb\"},\"inLanguage\":\"en-US\",\"potentialAction\":[{\"@type\":\"ReadAction\",\"target\":[\"https:\/\/www.saxlund.de\/unternehmen\/historie\/\"]}]},{\"@type\":\"BreadcrumbList\",\"@id\":\"https:\/\/www.saxlund.de\/unternehmen\/historie\/#breadcrumb\",\"itemListElement\":[{\"@type\":\"ListItem\",\"position\":1,\"name\":\"Startseite\",\"item\":\"https:\/\/www.saxlund.de\/\"},{\"@type\":\"ListItem\",\"position\":2,\"name\":\"Company\",\"item\":\"https:\/\/www.saxlund.de\/unternehmen\/\"},{\"@type\":\"ListItem\",\"position\":3,\"name\":\"Historie\"}]},{\"@type\":\"WebSite\",\"@id\":\"https:\/\/www.saxlund.de\/de\/#website\",\"url\":\"https:\/\/www.saxlund.de\/de\/\",\"name\":\"SAXLUND International GmbH\",\"description\":\"Innovative solutions for bulk materials handling\",\"publisher\":{\"@id\":\"https:\/\/www.saxlund.de\/de\/#organization\"},\"potentialAction\":[{\"@type\":\"SearchAction\",\"target\":{\"@type\":\"EntryPoint\",\"urlTemplate\":\"https:\/\/www.saxlund.de\/de\/?s={search_term_string}\"},\"query-input\":{\"@type\":\"PropertyValueSpecification\",\"valueRequired\":true,\"valueName\":\"search_term_string\"}}],\"inLanguage\":\"en-US\"},{\"@type\":\"Organization\",\"@id\":\"https:\/\/www.saxlund.de\/de\/#organization\",\"name\":\"Saxlund International GmbH\",\"url\":\"https:\/\/www.saxlund.de\/de\/\",\"logo\":{\"@type\":\"ImageObject\",\"inLanguage\":\"en-US\",\"@id\":\"https:\/\/www.saxlund.de\/de\/#\/schema\/logo\/image\/\",\"url\":\"https:\/\/www.saxlund.de\/wp-content\/uploads\/2016\/06\/SaxLogo200x100.png\",\"contentUrl\":\"https:\/\/www.saxlund.de\/wp-content\/uploads\/2016\/06\/SaxLogo200x100.png\",\"width\":200,\"height\":88,\"caption\":\"Saxlund International GmbH\"},\"image\":{\"@id\":\"https:\/\/www.saxlund.de\/de\/#\/schema\/logo\/image\/\"}}]}<\/script>\n<!-- \/ Yoast SEO plugin. -->","yoast_head_json":{"title":"[:de]Historie[:en]History[:] - SAXLUND International GmbH","description":"Anlagenbau f\u00fcr problematische Sch\u00fcttg\u00fcter wie Holzsp\u00e4ne, Rinde, Schl\u00e4mme, Futtermittel, chemische Stoffe, Kompost oder Abfallstoffe, St\u00f6rstoffabscheider","robots":{"index":"index","follow":"follow","max-snippet":"max-snippet:-1","max-image-preview":"max-image-preview:large","max-video-preview":"max-video-preview:-1"},"canonical":"https:\/\/www.saxlund.de\/unternehmen\/historie\/","og_locale":"en_US","og_type":"article","og_title":"[:de]Historie[:en]History[:] - SAXLUND International GmbH","og_description":"Anlagenbau f\u00fcr problematische Sch\u00fcttg\u00fcter wie Holzsp\u00e4ne, Rinde, Schl\u00e4mme, Futtermittel, chemische Stoffe, Kompost oder Abfallstoffe, St\u00f6rstoffabscheider","og_url":"https:\/\/www.saxlund.de\/unternehmen\/historie\/","og_site_name":"SAXLUND International GmbH","article_modified_time":"2026-03-11T07:24:16+00:00","twitter_card":"summary_large_image","twitter_misc":{"Est. reading time":"3 minutes"},"schema":{"@context":"https:\/\/schema.org","@graph":[{"@type":"WebPage","@id":"https:\/\/www.saxlund.de\/unternehmen\/historie\/","url":"https:\/\/www.saxlund.de\/unternehmen\/historie\/","name":"[:de]Historie[:en]History[:] - SAXLUND International GmbH","isPartOf":{"@id":"https:\/\/www.saxlund.de\/de\/#website"},"datePublished":"2015-01-23T12:09:22+00:00","dateModified":"2026-03-11T07:24:16+00:00","description":"Anlagenbau f\u00fcr problematische Sch\u00fcttg\u00fcter wie Holzsp\u00e4ne, Rinde, Schl\u00e4mme, Futtermittel, chemische Stoffe, Kompost oder Abfallstoffe, St\u00f6rstoffabscheider","breadcrumb":{"@id":"https:\/\/www.saxlund.de\/unternehmen\/historie\/#breadcrumb"},"inLanguage":"en-US","potentialAction":[{"@type":"ReadAction","target":["https:\/\/www.saxlund.de\/unternehmen\/historie\/"]}]},{"@type":"BreadcrumbList","@id":"https:\/\/www.saxlund.de\/unternehmen\/historie\/#breadcrumb","itemListElement":[{"@type":"ListItem","position":1,"name":"Startseite","item":"https:\/\/www.saxlund.de\/"},{"@type":"ListItem","position":2,"name":"Company","item":"https:\/\/www.saxlund.de\/unternehmen\/"},{"@type":"ListItem","position":3,"name":"Historie"}]},{"@type":"WebSite","@id":"https:\/\/www.saxlund.de\/de\/#website","url":"https:\/\/www.saxlund.de\/de\/","name":"SAXLUND International GmbH","description":"Innovative solutions for bulk materials handling","publisher":{"@id":"https:\/\/www.saxlund.de\/de\/#organization"},"potentialAction":[{"@type":"SearchAction","target":{"@type":"EntryPoint","urlTemplate":"https:\/\/www.saxlund.de\/de\/?s={search_term_string}"},"query-input":{"@type":"PropertyValueSpecification","valueRequired":true,"valueName":"search_term_string"}}],"inLanguage":"en-US"},{"@type":"Organization","@id":"https:\/\/www.saxlund.de\/de\/#organization","name":"Saxlund International GmbH","url":"https:\/\/www.saxlund.de\/de\/","logo":{"@type":"ImageObject","inLanguage":"en-US","@id":"https:\/\/www.saxlund.de\/de\/#\/schema\/logo\/image\/","url":"https:\/\/www.saxlund.de\/wp-content\/uploads\/2016\/06\/SaxLogo200x100.png","contentUrl":"https:\/\/www.saxlund.de\/wp-content\/uploads\/2016\/06\/SaxLogo200x100.png","width":200,"height":88,"caption":"Saxlund International GmbH"},"image":{"@id":"https:\/\/www.saxlund.de\/de\/#\/schema\/logo\/image\/"}}]}},"_links":{"self":[{"href":"https:\/\/www.saxlund.de\/en\/wp-json\/wp\/v2\/pages\/86","targetHints":{"allow":["GET"]}}],"collection":[{"href":"https:\/\/www.saxlund.de\/en\/wp-json\/wp\/v2\/pages"}],"about":[{"href":"https:\/\/www.saxlund.de\/en\/wp-json\/wp\/v2\/types\/page"}],"author":[{"embeddable":true,"href":"https:\/\/www.saxlund.de\/en\/wp-json\/wp\/v2\/users\/1"}],"replies":[{"embeddable":true,"href":"https:\/\/www.saxlund.de\/en\/wp-json\/wp\/v2\/comments?post=86"}],"version-history":[{"count":8,"href":"https:\/\/www.saxlund.de\/en\/wp-json\/wp\/v2\/pages\/86\/revisions"}],"predecessor-version":[{"id":4352,"href":"https:\/\/www.saxlund.de\/en\/wp-json\/wp\/v2\/pages\/86\/revisions\/4352"}],"up":[{"embeddable":true,"href":"https:\/\/www.saxlund.de\/en\/wp-json\/wp\/v2\/pages\/78"}],"wp:attachment":[{"href":"https:\/\/www.saxlund.de\/en\/wp-json\/wp\/v2\/media?parent=86"}],"curies":[{"name":"wp","href":"https:\/\/api.w.org\/{rel}","templated":true}]}}