{"id":640,"date":"2015-01-28T10:45:12","date_gmt":"2015-01-28T10:45:12","guid":{"rendered":"http:\/\/web.saxlund.de\/?page_id=640"},"modified":"2018-03-09T11:20:12","modified_gmt":"2018-03-09T11:20:12","slug":"gummischnitzel-und-altreifen","status":"publish","type":"page","link":"https:\/\/www.saxlund.de\/en\/referenzen\/sonstige-anlagen\/gummischnitzel-und-altreifen\/","title":{"rendered":"Rubber slices \/ Used tyres"},"content":{"rendered":"[vc_row center_row=&#8221;&#8221;][vc_column width=&#8221;7\/12&#8243;][vc_column_text]Used tyres and waste oil have been used as alternative fuels in cement production for a long time. The most commonly used alternative fuel is plastic, often mixed with production waste from paper, cardboard or textiles. Biomass is also becoming increasingly interesting. This includes, for example, meat and bone meal, which has been used across Europe since the BSE crisis. In addition, we use wood and, to an increasing degree, sewage sludge, nutshells and rice husks, as well as other locally available materials, for energy.<\/p>\n[\/vc_column_text][\/vc_column][vc_column width=&#8221;5\/12&#8243;][vc_single_image image=&#8221;2003&#8243;][\/vc_column][\/vc_row]","protected":false},"excerpt":{"rendered":"<p>[vc_row center_row=&#8221;&#8221;][vc_column width=&#8221;7\/12&#8243;][vc_column_text]Used tyres and waste oil have been used as alternative fuels in cement production for a long time. The most commonly used alternative fuel is plastic, often mixed with production waste from paper, cardboard or textiles. Biomass is also becoming increasingly interesting. This includes, for example, meat and bone meal, which has been&hellip;<\/p>\n","protected":false},"author":1,"featured_media":0,"parent":599,"menu_order":0,"comment_status":"closed","ping_status":"closed","template":"","meta":{"footnotes":""},"class_list":["post-640","page","type-page","status-publish","hentry","entry","no-media"],"yoast_head":"<!-- This site is optimized with the Yoast SEO plugin v25.4 - https:\/\/yoast.com\/wordpress\/plugins\/seo\/ -->\n<title>Rubber slices \/ Used tyres - SAXLUND International GmbH<\/title>\n<meta name=\"description\" content=\"Anlagenbau f\u00fcr problematische Sch\u00fcttg\u00fcter wie Holzsp\u00e4ne, Rinde, Schl\u00e4mme, Futtermittel, chemische Stoffe, Kompost oder Abfallstoffe, St\u00f6rstoffabscheider\" \/>\n<meta name=\"robots\" content=\"index, follow, max-snippet:-1, max-image-preview:large, max-video-preview:-1\" \/>\n<link rel=\"canonical\" href=\"https:\/\/www.saxlund.de\/referenzen\/sonstige-anlagen\/gummischnitzel-und-altreifen\/\" \/>\n<meta property=\"og:locale\" content=\"en_US\" \/>\n<meta property=\"og:type\" content=\"article\" \/>\n<meta property=\"og:title\" content=\"[:de]Gummischnitzel und Altreifen[:en]Rubber slices \/ Used tyres[:] - SAXLUND International GmbH\" \/>\n<meta property=\"og:description\" content=\"Anlagenbau f\u00fcr problematische Sch\u00fcttg\u00fcter wie Holzsp\u00e4ne, Rinde, Schl\u00e4mme, Futtermittel, chemische Stoffe, Kompost oder Abfallstoffe, St\u00f6rstoffabscheider\" \/>\n<meta property=\"og:url\" content=\"https:\/\/www.saxlund.de\/referenzen\/sonstige-anlagen\/gummischnitzel-und-altreifen\/\" \/>\n<meta property=\"og:site_name\" content=\"SAXLUND International GmbH\" \/>\n<meta property=\"article:modified_time\" content=\"2018-03-09T11:20:12+00:00\" \/>\n<meta name=\"twitter:card\" content=\"summary_large_image\" \/>\n<meta name=\"twitter:label1\" content=\"Est. reading time\" \/>\n\t<meta name=\"twitter:data1\" content=\"1 minute\" \/>\n<script type=\"application\/ld+json\" class=\"yoast-schema-graph\">{\"@context\":\"https:\/\/schema.org\",\"@graph\":[{\"@type\":\"WebPage\",\"@id\":\"https:\/\/www.saxlund.de\/referenzen\/sonstige-anlagen\/gummischnitzel-und-altreifen\/\",\"url\":\"https:\/\/www.saxlund.de\/referenzen\/sonstige-anlagen\/gummischnitzel-und-altreifen\/\",\"name\":\"[:de]Gummischnitzel und Altreifen[:en]Rubber slices \/ Used tyres[:] - SAXLUND International GmbH\",\"isPartOf\":{\"@id\":\"https:\/\/www.saxlund.de\/de\/#website\"},\"datePublished\":\"2015-01-28T10:45:12+00:00\",\"dateModified\":\"2018-03-09T11:20:12+00:00\",\"description\":\"Anlagenbau f\u00fcr problematische Sch\u00fcttg\u00fcter wie Holzsp\u00e4ne, Rinde, Schl\u00e4mme, Futtermittel, chemische Stoffe, Kompost oder Abfallstoffe, St\u00f6rstoffabscheider\",\"breadcrumb\":{\"@id\":\"https:\/\/www.saxlund.de\/referenzen\/sonstige-anlagen\/gummischnitzel-und-altreifen\/#breadcrumb\"},\"inLanguage\":\"en-US\",\"potentialAction\":[{\"@type\":\"ReadAction\",\"target\":[\"https:\/\/www.saxlund.de\/referenzen\/sonstige-anlagen\/gummischnitzel-und-altreifen\/\"]}]},{\"@type\":\"BreadcrumbList\",\"@id\":\"https:\/\/www.saxlund.de\/referenzen\/sonstige-anlagen\/gummischnitzel-und-altreifen\/#breadcrumb\",\"itemListElement\":[{\"@type\":\"ListItem\",\"position\":1,\"name\":\"Startseite\",\"item\":\"https:\/\/www.saxlund.de\/\"},{\"@type\":\"ListItem\",\"position\":2,\"name\":\"Anlagen\",\"item\":\"https:\/\/www.saxlund.de\/referenzen\/\"},{\"@type\":\"ListItem\",\"position\":3,\"name\":\"Energieerzeugung\",\"item\":\"https:\/\/www.saxlund.de\/referenzen\/sonstige-anlagen\/\"},{\"@type\":\"ListItem\",\"position\":4,\"name\":\"Gummischnitzel und Altreifen\"}]},{\"@type\":\"WebSite\",\"@id\":\"https:\/\/www.saxlund.de\/de\/#website\",\"url\":\"https:\/\/www.saxlund.de\/de\/\",\"name\":\"SAXLUND International GmbH\",\"description\":\"Innovative solutions for bulk materials handling\",\"publisher\":{\"@id\":\"https:\/\/www.saxlund.de\/de\/#organization\"},\"potentialAction\":[{\"@type\":\"SearchAction\",\"target\":{\"@type\":\"EntryPoint\",\"urlTemplate\":\"https:\/\/www.saxlund.de\/de\/?s={search_term_string}\"},\"query-input\":{\"@type\":\"PropertyValueSpecification\",\"valueRequired\":true,\"valueName\":\"search_term_string\"}}],\"inLanguage\":\"en-US\"},{\"@type\":\"Organization\",\"@id\":\"https:\/\/www.saxlund.de\/de\/#organization\",\"name\":\"Saxlund International GmbH\",\"url\":\"https:\/\/www.saxlund.de\/de\/\",\"logo\":{\"@type\":\"ImageObject\",\"inLanguage\":\"en-US\",\"@id\":\"https:\/\/www.saxlund.de\/de\/#\/schema\/logo\/image\/\",\"url\":\"https:\/\/www.saxlund.de\/wp-content\/uploads\/2016\/06\/SaxLogo200x100.png\",\"contentUrl\":\"https:\/\/www.saxlund.de\/wp-content\/uploads\/2016\/06\/SaxLogo200x100.png\",\"width\":200,\"height\":88,\"caption\":\"Saxlund International GmbH\"},\"image\":{\"@id\":\"https:\/\/www.saxlund.de\/de\/#\/schema\/logo\/image\/\"}}]}<\/script>\n<!-- \/ Yoast SEO plugin. -->","yoast_head_json":{"title":"[:de]Gummischnitzel und Altreifen[:en]Rubber slices \/ Used tyres[:] - SAXLUND International GmbH","description":"Anlagenbau f\u00fcr problematische Sch\u00fcttg\u00fcter wie Holzsp\u00e4ne, Rinde, Schl\u00e4mme, Futtermittel, chemische Stoffe, Kompost oder Abfallstoffe, St\u00f6rstoffabscheider","robots":{"index":"index","follow":"follow","max-snippet":"max-snippet:-1","max-image-preview":"max-image-preview:large","max-video-preview":"max-video-preview:-1"},"canonical":"https:\/\/www.saxlund.de\/referenzen\/sonstige-anlagen\/gummischnitzel-und-altreifen\/","og_locale":"en_US","og_type":"article","og_title":"[:de]Gummischnitzel und Altreifen[:en]Rubber slices \/ Used tyres[:] - SAXLUND International GmbH","og_description":"Anlagenbau f\u00fcr problematische Sch\u00fcttg\u00fcter wie Holzsp\u00e4ne, Rinde, Schl\u00e4mme, Futtermittel, chemische Stoffe, Kompost oder Abfallstoffe, St\u00f6rstoffabscheider","og_url":"https:\/\/www.saxlund.de\/referenzen\/sonstige-anlagen\/gummischnitzel-und-altreifen\/","og_site_name":"SAXLUND International GmbH","article_modified_time":"2018-03-09T11:20:12+00:00","twitter_card":"summary_large_image","twitter_misc":{"Est. reading time":"1 minute"},"schema":{"@context":"https:\/\/schema.org","@graph":[{"@type":"WebPage","@id":"https:\/\/www.saxlund.de\/referenzen\/sonstige-anlagen\/gummischnitzel-und-altreifen\/","url":"https:\/\/www.saxlund.de\/referenzen\/sonstige-anlagen\/gummischnitzel-und-altreifen\/","name":"[:de]Gummischnitzel und Altreifen[:en]Rubber slices \/ Used tyres[:] - SAXLUND International GmbH","isPartOf":{"@id":"https:\/\/www.saxlund.de\/de\/#website"},"datePublished":"2015-01-28T10:45:12+00:00","dateModified":"2018-03-09T11:20:12+00:00","description":"Anlagenbau f\u00fcr problematische Sch\u00fcttg\u00fcter wie Holzsp\u00e4ne, Rinde, Schl\u00e4mme, Futtermittel, chemische Stoffe, Kompost oder Abfallstoffe, St\u00f6rstoffabscheider","breadcrumb":{"@id":"https:\/\/www.saxlund.de\/referenzen\/sonstige-anlagen\/gummischnitzel-und-altreifen\/#breadcrumb"},"inLanguage":"en-US","potentialAction":[{"@type":"ReadAction","target":["https:\/\/www.saxlund.de\/referenzen\/sonstige-anlagen\/gummischnitzel-und-altreifen\/"]}]},{"@type":"BreadcrumbList","@id":"https:\/\/www.saxlund.de\/referenzen\/sonstige-anlagen\/gummischnitzel-und-altreifen\/#breadcrumb","itemListElement":[{"@type":"ListItem","position":1,"name":"Startseite","item":"https:\/\/www.saxlund.de\/"},{"@type":"ListItem","position":2,"name":"Anlagen","item":"https:\/\/www.saxlund.de\/referenzen\/"},{"@type":"ListItem","position":3,"name":"Energieerzeugung","item":"https:\/\/www.saxlund.de\/referenzen\/sonstige-anlagen\/"},{"@type":"ListItem","position":4,"name":"Gummischnitzel und Altreifen"}]},{"@type":"WebSite","@id":"https:\/\/www.saxlund.de\/de\/#website","url":"https:\/\/www.saxlund.de\/de\/","name":"SAXLUND International GmbH","description":"Innovative solutions for bulk materials handling","publisher":{"@id":"https:\/\/www.saxlund.de\/de\/#organization"},"potentialAction":[{"@type":"SearchAction","target":{"@type":"EntryPoint","urlTemplate":"https:\/\/www.saxlund.de\/de\/?s={search_term_string}"},"query-input":{"@type":"PropertyValueSpecification","valueRequired":true,"valueName":"search_term_string"}}],"inLanguage":"en-US"},{"@type":"Organization","@id":"https:\/\/www.saxlund.de\/de\/#organization","name":"Saxlund International GmbH","url":"https:\/\/www.saxlund.de\/de\/","logo":{"@type":"ImageObject","inLanguage":"en-US","@id":"https:\/\/www.saxlund.de\/de\/#\/schema\/logo\/image\/","url":"https:\/\/www.saxlund.de\/wp-content\/uploads\/2016\/06\/SaxLogo200x100.png","contentUrl":"https:\/\/www.saxlund.de\/wp-content\/uploads\/2016\/06\/SaxLogo200x100.png","width":200,"height":88,"caption":"Saxlund International GmbH"},"image":{"@id":"https:\/\/www.saxlund.de\/de\/#\/schema\/logo\/image\/"}}]}},"_links":{"self":[{"href":"https:\/\/www.saxlund.de\/en\/wp-json\/wp\/v2\/pages\/640","targetHints":{"allow":["GET"]}}],"collection":[{"href":"https:\/\/www.saxlund.de\/en\/wp-json\/wp\/v2\/pages"}],"about":[{"href":"https:\/\/www.saxlund.de\/en\/wp-json\/wp\/v2\/types\/page"}],"author":[{"embeddable":true,"href":"https:\/\/www.saxlund.de\/en\/wp-json\/wp\/v2\/users\/1"}],"replies":[{"embeddable":true,"href":"https:\/\/www.saxlund.de\/en\/wp-json\/wp\/v2\/comments?post=640"}],"version-history":[{"count":0,"href":"https:\/\/www.saxlund.de\/en\/wp-json\/wp\/v2\/pages\/640\/revisions"}],"up":[{"embeddable":true,"href":"https:\/\/www.saxlund.de\/en\/wp-json\/wp\/v2\/pages\/599"}],"wp:attachment":[{"href":"https:\/\/www.saxlund.de\/en\/wp-json\/wp\/v2\/media?parent=640"}],"curies":[{"name":"wp","href":"https:\/\/api.w.org\/{rel}","templated":true}]}}