{"id":401,"date":"2015-01-26T13:49:22","date_gmt":"2015-01-26T13:49:22","guid":{"rendered":"http:\/\/web.saxlund.de\/?page_id=401"},"modified":"2018-03-09T11:13:38","modified_gmt":"2018-03-09T11:13:38","slug":"klaeranlagen-2","status":"publish","type":"page","link":"https:\/\/www.saxlund.de\/en\/referenzen\/klaerschlamm-anlagen\/klaeranlagen-2\/","title":{"rendered":"Sewage sludges treatment"},"content":{"rendered":"[vc_row center_row=&#8221;&#8221;][vc_column][vc_column_text]Saxlund supplies everything from the materials handling technology from the drainage up to the truck loading silos. The conveying of mechanically dewatered sewage sludge takes place depending upon application, such as with a troughed chain conveyors, conveying screws, or pumps.<\/p>\n<p>The sizes of the sludge silos are designed by Saxlund according to the customer&#8217;s wishes, and then manufactured according to our specifications by specialized companies in the region. The loading capacity depends on the size and frequency of the vehicles. The so-designed plants are durable, reliable in operation, and economically very efficient. An important point &#8211; especially for sewage plant operators in today&#8217;s day and age.[\/vc_column_text][\/vc_column][\/vc_row]","protected":false},"excerpt":{"rendered":"<p>[vc_row center_row=&#8221;&#8221;][vc_column][vc_column_text]Saxlund supplies everything from the materials handling technology from the drainage up to the truck loading silos. The conveying of mechanically dewatered sewage sludge takes place depending upon application, such as with a troughed chain conveyors, conveying screws, or pumps. The sizes of the sludge silos are designed by Saxlund according to the customer&#8217;s&hellip;<\/p>\n","protected":false},"author":1,"featured_media":0,"parent":391,"menu_order":0,"comment_status":"closed","ping_status":"closed","template":"","meta":{"footnotes":""},"class_list":["post-401","page","type-page","status-publish","hentry","entry","no-media"],"yoast_head":"<!-- This site is optimized with the Yoast SEO plugin v25.4 - https:\/\/yoast.com\/wordpress\/plugins\/seo\/ -->\n<title>Sewage sludges treatment - SAXLUND International GmbH<\/title>\n<meta name=\"description\" content=\"Anlagenbau f\u00fcr problematische Sch\u00fcttg\u00fcter wie Holzsp\u00e4ne, Rinde, Schl\u00e4mme, Futtermittel, chemische Stoffe, Kompost oder Abfallstoffe, St\u00f6rstoffabscheider\" \/>\n<meta name=\"robots\" content=\"index, follow, max-snippet:-1, max-image-preview:large, max-video-preview:-1\" \/>\n<link rel=\"canonical\" href=\"https:\/\/www.saxlund.de\/referenzen\/klaerschlamm-anlagen\/klaeranlagen-2\/\" \/>\n<meta property=\"og:locale\" content=\"en_US\" \/>\n<meta property=\"og:type\" content=\"article\" \/>\n<meta property=\"og:title\" content=\"[:de]Kl\u00e4ranlagen[:en]Sewage sludges treatment[:] - SAXLUND International GmbH\" \/>\n<meta property=\"og:description\" content=\"Anlagenbau f\u00fcr problematische Sch\u00fcttg\u00fcter wie Holzsp\u00e4ne, Rinde, Schl\u00e4mme, Futtermittel, chemische Stoffe, Kompost oder Abfallstoffe, St\u00f6rstoffabscheider\" \/>\n<meta property=\"og:url\" content=\"https:\/\/www.saxlund.de\/referenzen\/klaerschlamm-anlagen\/klaeranlagen-2\/\" \/>\n<meta property=\"og:site_name\" content=\"SAXLUND International GmbH\" \/>\n<meta property=\"article:modified_time\" content=\"2018-03-09T11:13:38+00:00\" \/>\n<meta name=\"twitter:card\" content=\"summary_large_image\" \/>\n<meta name=\"twitter:label1\" content=\"Est. reading time\" \/>\n\t<meta name=\"twitter:data1\" content=\"1 minute\" \/>\n<script type=\"application\/ld+json\" class=\"yoast-schema-graph\">{\"@context\":\"https:\/\/schema.org\",\"@graph\":[{\"@type\":\"WebPage\",\"@id\":\"https:\/\/www.saxlund.de\/referenzen\/klaerschlamm-anlagen\/klaeranlagen-2\/\",\"url\":\"https:\/\/www.saxlund.de\/referenzen\/klaerschlamm-anlagen\/klaeranlagen-2\/\",\"name\":\"[:de]Kl\u00e4ranlagen[:en]Sewage sludges treatment[:] - SAXLUND International GmbH\",\"isPartOf\":{\"@id\":\"https:\/\/www.saxlund.de\/de\/#website\"},\"datePublished\":\"2015-01-26T13:49:22+00:00\",\"dateModified\":\"2018-03-09T11:13:38+00:00\",\"description\":\"Anlagenbau f\u00fcr problematische Sch\u00fcttg\u00fcter wie Holzsp\u00e4ne, Rinde, Schl\u00e4mme, Futtermittel, chemische Stoffe, Kompost oder Abfallstoffe, St\u00f6rstoffabscheider\",\"breadcrumb\":{\"@id\":\"https:\/\/www.saxlund.de\/referenzen\/klaerschlamm-anlagen\/klaeranlagen-2\/#breadcrumb\"},\"inLanguage\":\"en-US\",\"potentialAction\":[{\"@type\":\"ReadAction\",\"target\":[\"https:\/\/www.saxlund.de\/referenzen\/klaerschlamm-anlagen\/klaeranlagen-2\/\"]}]},{\"@type\":\"BreadcrumbList\",\"@id\":\"https:\/\/www.saxlund.de\/referenzen\/klaerschlamm-anlagen\/klaeranlagen-2\/#breadcrumb\",\"itemListElement\":[{\"@type\":\"ListItem\",\"position\":1,\"name\":\"Startseite\",\"item\":\"https:\/\/www.saxlund.de\/\"},{\"@type\":\"ListItem\",\"position\":2,\"name\":\"Anlagen\",\"item\":\"https:\/\/www.saxlund.de\/referenzen\/\"},{\"@type\":\"ListItem\",\"position\":3,\"name\":\"Umwelt &#038; Entsorgung &#8211; Kl\u00e4ranlagentechnik\",\"item\":\"https:\/\/www.saxlund.de\/referenzen\/klaerschlamm-anlagen\/\"},{\"@type\":\"ListItem\",\"position\":4,\"name\":\"Kl\u00e4ranlagen\"}]},{\"@type\":\"WebSite\",\"@id\":\"https:\/\/www.saxlund.de\/de\/#website\",\"url\":\"https:\/\/www.saxlund.de\/de\/\",\"name\":\"SAXLUND International GmbH\",\"description\":\"Innovative solutions for bulk materials handling\",\"publisher\":{\"@id\":\"https:\/\/www.saxlund.de\/de\/#organization\"},\"potentialAction\":[{\"@type\":\"SearchAction\",\"target\":{\"@type\":\"EntryPoint\",\"urlTemplate\":\"https:\/\/www.saxlund.de\/de\/?s={search_term_string}\"},\"query-input\":{\"@type\":\"PropertyValueSpecification\",\"valueRequired\":true,\"valueName\":\"search_term_string\"}}],\"inLanguage\":\"en-US\"},{\"@type\":\"Organization\",\"@id\":\"https:\/\/www.saxlund.de\/de\/#organization\",\"name\":\"Saxlund International GmbH\",\"url\":\"https:\/\/www.saxlund.de\/de\/\",\"logo\":{\"@type\":\"ImageObject\",\"inLanguage\":\"en-US\",\"@id\":\"https:\/\/www.saxlund.de\/de\/#\/schema\/logo\/image\/\",\"url\":\"https:\/\/www.saxlund.de\/wp-content\/uploads\/2016\/06\/SaxLogo200x100.png\",\"contentUrl\":\"https:\/\/www.saxlund.de\/wp-content\/uploads\/2016\/06\/SaxLogo200x100.png\",\"width\":200,\"height\":88,\"caption\":\"Saxlund International GmbH\"},\"image\":{\"@id\":\"https:\/\/www.saxlund.de\/de\/#\/schema\/logo\/image\/\"}}]}<\/script>\n<!-- \/ Yoast SEO plugin. -->","yoast_head_json":{"title":"[:de]Kl\u00e4ranlagen[:en]Sewage sludges treatment[:] - SAXLUND International GmbH","description":"Anlagenbau f\u00fcr problematische Sch\u00fcttg\u00fcter wie Holzsp\u00e4ne, Rinde, Schl\u00e4mme, Futtermittel, chemische Stoffe, Kompost oder Abfallstoffe, St\u00f6rstoffabscheider","robots":{"index":"index","follow":"follow","max-snippet":"max-snippet:-1","max-image-preview":"max-image-preview:large","max-video-preview":"max-video-preview:-1"},"canonical":"https:\/\/www.saxlund.de\/referenzen\/klaerschlamm-anlagen\/klaeranlagen-2\/","og_locale":"en_US","og_type":"article","og_title":"[:de]Kl\u00e4ranlagen[:en]Sewage sludges treatment[:] - SAXLUND International GmbH","og_description":"Anlagenbau f\u00fcr problematische Sch\u00fcttg\u00fcter wie Holzsp\u00e4ne, Rinde, Schl\u00e4mme, Futtermittel, chemische Stoffe, Kompost oder Abfallstoffe, St\u00f6rstoffabscheider","og_url":"https:\/\/www.saxlund.de\/referenzen\/klaerschlamm-anlagen\/klaeranlagen-2\/","og_site_name":"SAXLUND International GmbH","article_modified_time":"2018-03-09T11:13:38+00:00","twitter_card":"summary_large_image","twitter_misc":{"Est. reading time":"1 minute"},"schema":{"@context":"https:\/\/schema.org","@graph":[{"@type":"WebPage","@id":"https:\/\/www.saxlund.de\/referenzen\/klaerschlamm-anlagen\/klaeranlagen-2\/","url":"https:\/\/www.saxlund.de\/referenzen\/klaerschlamm-anlagen\/klaeranlagen-2\/","name":"[:de]Kl\u00e4ranlagen[:en]Sewage sludges treatment[:] - SAXLUND International GmbH","isPartOf":{"@id":"https:\/\/www.saxlund.de\/de\/#website"},"datePublished":"2015-01-26T13:49:22+00:00","dateModified":"2018-03-09T11:13:38+00:00","description":"Anlagenbau f\u00fcr problematische Sch\u00fcttg\u00fcter wie Holzsp\u00e4ne, Rinde, Schl\u00e4mme, Futtermittel, chemische Stoffe, Kompost oder Abfallstoffe, St\u00f6rstoffabscheider","breadcrumb":{"@id":"https:\/\/www.saxlund.de\/referenzen\/klaerschlamm-anlagen\/klaeranlagen-2\/#breadcrumb"},"inLanguage":"en-US","potentialAction":[{"@type":"ReadAction","target":["https:\/\/www.saxlund.de\/referenzen\/klaerschlamm-anlagen\/klaeranlagen-2\/"]}]},{"@type":"BreadcrumbList","@id":"https:\/\/www.saxlund.de\/referenzen\/klaerschlamm-anlagen\/klaeranlagen-2\/#breadcrumb","itemListElement":[{"@type":"ListItem","position":1,"name":"Startseite","item":"https:\/\/www.saxlund.de\/"},{"@type":"ListItem","position":2,"name":"Anlagen","item":"https:\/\/www.saxlund.de\/referenzen\/"},{"@type":"ListItem","position":3,"name":"Umwelt &#038; Entsorgung &#8211; Kl\u00e4ranlagentechnik","item":"https:\/\/www.saxlund.de\/referenzen\/klaerschlamm-anlagen\/"},{"@type":"ListItem","position":4,"name":"Kl\u00e4ranlagen"}]},{"@type":"WebSite","@id":"https:\/\/www.saxlund.de\/de\/#website","url":"https:\/\/www.saxlund.de\/de\/","name":"SAXLUND International GmbH","description":"Innovative solutions for bulk materials handling","publisher":{"@id":"https:\/\/www.saxlund.de\/de\/#organization"},"potentialAction":[{"@type":"SearchAction","target":{"@type":"EntryPoint","urlTemplate":"https:\/\/www.saxlund.de\/de\/?s={search_term_string}"},"query-input":{"@type":"PropertyValueSpecification","valueRequired":true,"valueName":"search_term_string"}}],"inLanguage":"en-US"},{"@type":"Organization","@id":"https:\/\/www.saxlund.de\/de\/#organization","name":"Saxlund International GmbH","url":"https:\/\/www.saxlund.de\/de\/","logo":{"@type":"ImageObject","inLanguage":"en-US","@id":"https:\/\/www.saxlund.de\/de\/#\/schema\/logo\/image\/","url":"https:\/\/www.saxlund.de\/wp-content\/uploads\/2016\/06\/SaxLogo200x100.png","contentUrl":"https:\/\/www.saxlund.de\/wp-content\/uploads\/2016\/06\/SaxLogo200x100.png","width":200,"height":88,"caption":"Saxlund International GmbH"},"image":{"@id":"https:\/\/www.saxlund.de\/de\/#\/schema\/logo\/image\/"}}]}},"_links":{"self":[{"href":"https:\/\/www.saxlund.de\/en\/wp-json\/wp\/v2\/pages\/401","targetHints":{"allow":["GET"]}}],"collection":[{"href":"https:\/\/www.saxlund.de\/en\/wp-json\/wp\/v2\/pages"}],"about":[{"href":"https:\/\/www.saxlund.de\/en\/wp-json\/wp\/v2\/types\/page"}],"author":[{"embeddable":true,"href":"https:\/\/www.saxlund.de\/en\/wp-json\/wp\/v2\/users\/1"}],"replies":[{"embeddable":true,"href":"https:\/\/www.saxlund.de\/en\/wp-json\/wp\/v2\/comments?post=401"}],"version-history":[{"count":0,"href":"https:\/\/www.saxlund.de\/en\/wp-json\/wp\/v2\/pages\/401\/revisions"}],"up":[{"embeddable":true,"href":"https:\/\/www.saxlund.de\/en\/wp-json\/wp\/v2\/pages\/391"}],"wp:attachment":[{"href":"https:\/\/www.saxlund.de\/en\/wp-json\/wp\/v2\/media?parent=401"}],"curies":[{"name":"wp","href":"https:\/\/api.w.org\/{rel}","templated":true}]}}