{"id":3925,"date":"2022-11-25T10:04:15","date_gmt":"2022-11-25T09:04:15","guid":{"rendered":"https:\/\/www.saxlund.de\/?page_id=3925"},"modified":"2022-12-20T15:18:52","modified_gmt":"2022-12-20T14:18:52","slug":"stoerstoffabscheider","status":"publish","type":"page","link":"https:\/\/www.saxlund.de\/en\/produkte\/stoerstoffabscheider\/","title":{"rendered":"Coarse Material Separator"},"content":{"rendered":"[vc_row][vc_column width=&#8221;2\/3&#8243;][vc_column_text]The Saxlund <a href=\"https:\/\/www.saxlund.de\/wp-content\/uploads\/2022\/12\/Coarse-Material-Separator_EN.pdf\" target=\"_blank\" rel=\"noopener\">coarse material separator<\/a> protects your system by removing any unwanted objects<br \/>\nfrom the infeed material. By separating out the contaminants that are too large for further pro-<br \/>\ncessing, there is less damage done to your plant machinery and a higher prevention of failures<br \/>\nfurther downstream.<br \/>\nA plant shutdown caused by jammed material can quickly become expensive, especially if the<br \/>\nforeign objects damage the system components. The Saxlund <a href=\"https:\/\/www.saxlund.de\/wp-content\/uploads\/2022\/12\/Coarse-Material-Separator_EN.pdf\" target=\"_blank\" rel=\"noopener\">coarse material separator<\/a> en-<br \/>\nsures only suitable material is passed through your system processes.[\/vc_column_text][\/vc_column][vc_column width=&#8221;1\/3&#8243;][vc_single_image image=&#8221;3931&#8243;][\/vc_column][\/vc_row][vc_row][vc_column width=&#8221;1\/3&#8243;][vc_single_image image=&#8221;3934&#8243;][\/vc_column][vc_column width=&#8221;2\/3&#8243;][vc_column_text]Working principle:<br \/>\nThe foreign bodies are conveyed laterally by the grooved roller against a pendulum flap. The flap is opened<br \/>\nby the pressure of the impurities and separates them through the ejection chute. Material that cannot be con-<br \/>\nveyed by the grooved roller passes through the gap. The flat roller is moved linearly together with the bea-<br \/>\nring, the displacement is detected and the system is switched off. The foreign body is removed by hand and<br \/>\nthe separator is restarted.[\/vc_column_text][\/vc_column][\/vc_row][vc_row][vc_column width=&#8221;2\/3&#8243;][vc_column_text]Advantages of the Saxlund foreign object separator:<br \/>\n&#8211; Solid construction &#8211; solid profile steel<br \/>\n&#8211; Reliable in continuous operation<br \/>\n&#8211; Dynamically balanced rollers for smoother running and less noise<br \/>\n&#8211; Low maintenance costs, hardened rollers for longer life<br \/>\n&#8211; Low energy consumption[\/vc_column_text][\/vc_column][vc_column width=&#8221;1\/3&#8243;][vc_single_image image=&#8221;3937&#8243;][\/vc_column][\/vc_row][vc_row][vc_column][\/vc_column][\/vc_row][vc_row][vc_column width=&#8221;1\/4&#8243;]\n<table id=\"tablepress-2\" class=\"tablepress tablepress-id-2\">\n<thead>\n<tr class=\"row-1\">\n\t<th class=\"column-1\">Technical Data<\/th><th class=\"column-2\">WSA-1400<\/th>\n<\/tr>\n<\/thead>\n<tbody class=\"row-hover\">\n<tr class=\"row-2\">\n\t<td class=\"column-1\">Medium<\/td><td class=\"column-2\">Sludge with foreign objects<br \/>\nTS 15 - 50 %<br \/>\nDensity 850 - 1100 kg\/m\u00b3<\/td>\n<\/tr>\n<tr class=\"row-3\">\n\t<td class=\"column-1\">Throughput Capacity<\/td><td class=\"column-2\">Up to 25 m\u00b3\/h<\/td>\n<\/tr>\n<tr class=\"row-4\">\n\t<td class=\"column-1\">Roller<\/td><td class=\"column-2\">Wear-resistant design according to the medium<\/td>\n<\/tr>\n<tr class=\"row-5\">\n\t<td class=\"column-1\">Roller Design<\/td><td class=\"column-2\">Flat and grooved rollers<\/td>\n<\/tr>\n<tr class=\"row-6\">\n\t<td class=\"column-1\">Rotary Speed<\/td><td class=\"column-2\">n = 300 min -1<\/td>\n<\/tr>\n<tr class=\"row-7\">\n\t<td class=\"column-1\">Power<\/td><td class=\"column-2\">2 x 9,5 kW<\/td>\n<\/tr>\n<tr class=\"row-8\">\n\t<td class=\"column-1\">Gap Between Rollers<\/td><td class=\"column-2\">5 to 25 mm<\/td>\n<\/tr>\n<tr class=\"row-9\">\n\t<td class=\"column-1\">Degree of Seperation<\/td><td class=\"column-2\">Depends on gap between rollers<\/td>\n<\/tr>\n<tr class=\"row-10\">\n\t<td class=\"column-1\">Weight<\/td><td class=\"column-2\">~ 4500 kg<\/td>\n<\/tr>\n<tr class=\"row-11\">\n\t<td class=\"column-1\">Foreign Object Outlet Opening<\/td><td class=\"column-2\">200 x 300 mm<\/td>\n<\/tr>\n<\/tbody>\n<\/table>\n<!-- #tablepress-2 from cache -->[\/vc_column][vc_column width=&#8221;3\/4&#8243;]<div class=\"vcex-spacing wpex-w-100 wpex-clear\"><\/div>[vc_single_image image=&#8221;4038&#8243; img_size=&#8221;medium&#8221; alignment=&#8221;center&#8221; img_hover=&#8221;grow&#8221;][vc_row_inner][vc_column_inner]<div class=\"vcex-spacing wpex-w-100 wpex-clear\"><\/div><div class=\"vcex-spacing wpex-w-100 wpex-clear\"><\/div>[\/vc_column_inner][\/vc_row_inner][vc_single_image image=&#8221;4039&#8243; img_size=&#8221;medium&#8221; alignment=&#8221;center&#8221; img_hover=&#8221;grow&#8221;][\/vc_column][\/vc_row]","protected":false},"excerpt":{"rendered":"<p>[vc_row][vc_column width=&#8221;2\/3&#8243;][vc_column_text]The Saxlund coarse material separator protects your system by removing any unwanted objects from the infeed material. By separating out the contaminants that are too large for further pro- cessing, there is less damage done to your plant machinery and a higher prevention of failures further downstream. A plant shutdown caused by jammed material&hellip;<\/p>\n","protected":false},"author":3,"featured_media":0,"parent":682,"menu_order":0,"comment_status":"closed","ping_status":"closed","template":"","meta":{"footnotes":""},"class_list":["post-3925","page","type-page","status-publish","hentry","entry","no-media"],"yoast_head":"<!-- This site is optimized with the Yoast SEO plugin v25.4 - https:\/\/yoast.com\/wordpress\/plugins\/seo\/ -->\n<title>Coarse Material Separator - SAXLUND International GmbH Coarse Material Separator<\/title>\n<meta name=\"description\" content=\"Anlagenbau f\u00fcr problematische Sch\u00fcttg\u00fcter wie Holzsp\u00e4ne, Rinde, Schl\u00e4mme, Futtermittel, chemische Stoffe, Kompost oder Abfallstoffe, St\u00f6rstoffabscheider\" \/>\n<meta name=\"robots\" content=\"index, follow, max-snippet:-1, max-image-preview:large, max-video-preview:-1\" \/>\n<link rel=\"canonical\" href=\"https:\/\/www.saxlund.de\/produkte\/stoerstoffabscheider\/\" \/>\n<meta property=\"og:locale\" content=\"en_US\" \/>\n<meta property=\"og:type\" content=\"article\" \/>\n<meta property=\"og:title\" content=\"[:de]St\u00f6rstoffabscheider[:en]Coarse Material Separator[:] - SAXLUND International GmbH [:de]St\u00f6rstoffabscheider[:en]Coarse Material Separator[:]\" \/>\n<meta property=\"og:description\" content=\"Anlagenbau f\u00fcr problematische Sch\u00fcttg\u00fcter wie Holzsp\u00e4ne, Rinde, Schl\u00e4mme, Futtermittel, chemische Stoffe, Kompost oder Abfallstoffe, St\u00f6rstoffabscheider\" \/>\n<meta property=\"og:url\" content=\"https:\/\/www.saxlund.de\/produkte\/stoerstoffabscheider\/\" \/>\n<meta property=\"og:site_name\" content=\"SAXLUND International GmbH\" \/>\n<meta property=\"article:modified_time\" content=\"2022-12-20T14:18:52+00:00\" \/>\n<meta name=\"twitter:card\" content=\"summary_large_image\" \/>\n<meta name=\"twitter:label1\" content=\"Est. reading time\" \/>\n\t<meta name=\"twitter:data1\" content=\"2 minutes\" \/>\n<script type=\"application\/ld+json\" class=\"yoast-schema-graph\">{\"@context\":\"https:\/\/schema.org\",\"@graph\":[{\"@type\":\"WebPage\",\"@id\":\"https:\/\/www.saxlund.de\/produkte\/stoerstoffabscheider\/\",\"url\":\"https:\/\/www.saxlund.de\/produkte\/stoerstoffabscheider\/\",\"name\":\"[:de]St\u00f6rstoffabscheider[:en]Coarse Material Separator[:] - SAXLUND International GmbH [:de]St\u00f6rstoffabscheider[:en]Coarse Material Separator[:]\",\"isPartOf\":{\"@id\":\"https:\/\/www.saxlund.de\/de\/#website\"},\"datePublished\":\"2022-11-25T09:04:15+00:00\",\"dateModified\":\"2022-12-20T14:18:52+00:00\",\"description\":\"Anlagenbau f\u00fcr problematische Sch\u00fcttg\u00fcter wie Holzsp\u00e4ne, Rinde, Schl\u00e4mme, Futtermittel, chemische Stoffe, Kompost oder Abfallstoffe, St\u00f6rstoffabscheider\",\"breadcrumb\":{\"@id\":\"https:\/\/www.saxlund.de\/produkte\/stoerstoffabscheider\/#breadcrumb\"},\"inLanguage\":\"en-US\",\"potentialAction\":[{\"@type\":\"ReadAction\",\"target\":[\"https:\/\/www.saxlund.de\/produkte\/stoerstoffabscheider\/\"]}]},{\"@type\":\"BreadcrumbList\",\"@id\":\"https:\/\/www.saxlund.de\/produkte\/stoerstoffabscheider\/#breadcrumb\",\"itemListElement\":[{\"@type\":\"ListItem\",\"position\":1,\"name\":\"Startseite\",\"item\":\"https:\/\/www.saxlund.de\/\"},{\"@type\":\"ListItem\",\"position\":2,\"name\":\"Produkte\",\"item\":\"https:\/\/www.saxlund.de\/de\/produkte\/\"},{\"@type\":\"ListItem\",\"position\":3,\"name\":\"St\u00f6rstoffabscheider\"}]},{\"@type\":\"WebSite\",\"@id\":\"https:\/\/www.saxlund.de\/de\/#website\",\"url\":\"https:\/\/www.saxlund.de\/de\/\",\"name\":\"SAXLUND International GmbH\",\"description\":\"Innovative solutions for bulk materials handling\",\"publisher\":{\"@id\":\"https:\/\/www.saxlund.de\/de\/#organization\"},\"potentialAction\":[{\"@type\":\"SearchAction\",\"target\":{\"@type\":\"EntryPoint\",\"urlTemplate\":\"https:\/\/www.saxlund.de\/de\/?s={search_term_string}\"},\"query-input\":{\"@type\":\"PropertyValueSpecification\",\"valueRequired\":true,\"valueName\":\"search_term_string\"}}],\"inLanguage\":\"en-US\"},{\"@type\":\"Organization\",\"@id\":\"https:\/\/www.saxlund.de\/de\/#organization\",\"name\":\"Saxlund International GmbH\",\"url\":\"https:\/\/www.saxlund.de\/de\/\",\"logo\":{\"@type\":\"ImageObject\",\"inLanguage\":\"en-US\",\"@id\":\"https:\/\/www.saxlund.de\/de\/#\/schema\/logo\/image\/\",\"url\":\"https:\/\/www.saxlund.de\/wp-content\/uploads\/2016\/06\/SaxLogo200x100.png\",\"contentUrl\":\"https:\/\/www.saxlund.de\/wp-content\/uploads\/2016\/06\/SaxLogo200x100.png\",\"width\":200,\"height\":88,\"caption\":\"Saxlund International GmbH\"},\"image\":{\"@id\":\"https:\/\/www.saxlund.de\/de\/#\/schema\/logo\/image\/\"}}]}<\/script>\n<!-- \/ Yoast SEO plugin. -->","yoast_head_json":{"title":"[:de]St\u00f6rstoffabscheider[:en]Coarse Material Separator[:] - SAXLUND International GmbH [:de]St\u00f6rstoffabscheider[:en]Coarse Material Separator[:]","description":"Anlagenbau f\u00fcr problematische Sch\u00fcttg\u00fcter wie Holzsp\u00e4ne, Rinde, Schl\u00e4mme, Futtermittel, chemische Stoffe, Kompost oder Abfallstoffe, St\u00f6rstoffabscheider","robots":{"index":"index","follow":"follow","max-snippet":"max-snippet:-1","max-image-preview":"max-image-preview:large","max-video-preview":"max-video-preview:-1"},"canonical":"https:\/\/www.saxlund.de\/produkte\/stoerstoffabscheider\/","og_locale":"en_US","og_type":"article","og_title":"[:de]St\u00f6rstoffabscheider[:en]Coarse Material Separator[:] - SAXLUND International GmbH [:de]St\u00f6rstoffabscheider[:en]Coarse Material Separator[:]","og_description":"Anlagenbau f\u00fcr problematische Sch\u00fcttg\u00fcter wie Holzsp\u00e4ne, Rinde, Schl\u00e4mme, Futtermittel, chemische Stoffe, Kompost oder Abfallstoffe, St\u00f6rstoffabscheider","og_url":"https:\/\/www.saxlund.de\/produkte\/stoerstoffabscheider\/","og_site_name":"SAXLUND International GmbH","article_modified_time":"2022-12-20T14:18:52+00:00","twitter_card":"summary_large_image","twitter_misc":{"Est. reading time":"2 minutes"},"schema":{"@context":"https:\/\/schema.org","@graph":[{"@type":"WebPage","@id":"https:\/\/www.saxlund.de\/produkte\/stoerstoffabscheider\/","url":"https:\/\/www.saxlund.de\/produkte\/stoerstoffabscheider\/","name":"[:de]St\u00f6rstoffabscheider[:en]Coarse Material Separator[:] - SAXLUND International GmbH [:de]St\u00f6rstoffabscheider[:en]Coarse Material Separator[:]","isPartOf":{"@id":"https:\/\/www.saxlund.de\/de\/#website"},"datePublished":"2022-11-25T09:04:15+00:00","dateModified":"2022-12-20T14:18:52+00:00","description":"Anlagenbau f\u00fcr problematische Sch\u00fcttg\u00fcter wie Holzsp\u00e4ne, Rinde, Schl\u00e4mme, Futtermittel, chemische Stoffe, Kompost oder Abfallstoffe, St\u00f6rstoffabscheider","breadcrumb":{"@id":"https:\/\/www.saxlund.de\/produkte\/stoerstoffabscheider\/#breadcrumb"},"inLanguage":"en-US","potentialAction":[{"@type":"ReadAction","target":["https:\/\/www.saxlund.de\/produkte\/stoerstoffabscheider\/"]}]},{"@type":"BreadcrumbList","@id":"https:\/\/www.saxlund.de\/produkte\/stoerstoffabscheider\/#breadcrumb","itemListElement":[{"@type":"ListItem","position":1,"name":"Startseite","item":"https:\/\/www.saxlund.de\/"},{"@type":"ListItem","position":2,"name":"Produkte","item":"https:\/\/www.saxlund.de\/de\/produkte\/"},{"@type":"ListItem","position":3,"name":"St\u00f6rstoffabscheider"}]},{"@type":"WebSite","@id":"https:\/\/www.saxlund.de\/de\/#website","url":"https:\/\/www.saxlund.de\/de\/","name":"SAXLUND International GmbH","description":"Innovative solutions for bulk materials handling","publisher":{"@id":"https:\/\/www.saxlund.de\/de\/#organization"},"potentialAction":[{"@type":"SearchAction","target":{"@type":"EntryPoint","urlTemplate":"https:\/\/www.saxlund.de\/de\/?s={search_term_string}"},"query-input":{"@type":"PropertyValueSpecification","valueRequired":true,"valueName":"search_term_string"}}],"inLanguage":"en-US"},{"@type":"Organization","@id":"https:\/\/www.saxlund.de\/de\/#organization","name":"Saxlund International GmbH","url":"https:\/\/www.saxlund.de\/de\/","logo":{"@type":"ImageObject","inLanguage":"en-US","@id":"https:\/\/www.saxlund.de\/de\/#\/schema\/logo\/image\/","url":"https:\/\/www.saxlund.de\/wp-content\/uploads\/2016\/06\/SaxLogo200x100.png","contentUrl":"https:\/\/www.saxlund.de\/wp-content\/uploads\/2016\/06\/SaxLogo200x100.png","width":200,"height":88,"caption":"Saxlund International GmbH"},"image":{"@id":"https:\/\/www.saxlund.de\/de\/#\/schema\/logo\/image\/"}}]}},"_links":{"self":[{"href":"https:\/\/www.saxlund.de\/en\/wp-json\/wp\/v2\/pages\/3925","targetHints":{"allow":["GET"]}}],"collection":[{"href":"https:\/\/www.saxlund.de\/en\/wp-json\/wp\/v2\/pages"}],"about":[{"href":"https:\/\/www.saxlund.de\/en\/wp-json\/wp\/v2\/types\/page"}],"author":[{"embeddable":true,"href":"https:\/\/www.saxlund.de\/en\/wp-json\/wp\/v2\/users\/3"}],"replies":[{"embeddable":true,"href":"https:\/\/www.saxlund.de\/en\/wp-json\/wp\/v2\/comments?post=3925"}],"version-history":[{"count":80,"href":"https:\/\/www.saxlund.de\/en\/wp-json\/wp\/v2\/pages\/3925\/revisions"}],"predecessor-version":[{"id":4060,"href":"https:\/\/www.saxlund.de\/en\/wp-json\/wp\/v2\/pages\/3925\/revisions\/4060"}],"up":[{"embeddable":true,"href":"https:\/\/www.saxlund.de\/en\/wp-json\/wp\/v2\/pages\/682"}],"wp:attachment":[{"href":"https:\/\/www.saxlund.de\/en\/wp-json\/wp\/v2\/media?parent=3925"}],"curies":[{"name":"wp","href":"https:\/\/api.w.org\/{rel}","templated":true}]}}