{"id":3197,"date":"2018-03-08T14:28:51","date_gmt":"2018-03-08T14:28:51","guid":{"rendered":"https:\/\/www.saxlund.de\/?page_id=3197"},"modified":"2024-04-17T15:22:35","modified_gmt":"2024-04-17T13:22:35","slug":"zementindustrie","status":"publish","type":"page","link":"https:\/\/www.saxlund.de\/en\/zementindustrie\/","title":{"rendered":"Cement industry"},"content":{"rendered":"[vc_row][vc_column width=&#8221;2\/3&#8243;][vc_column_text]<span style=\"color: #000000;\">Protecting the environment while lowering operating costs is a challenge to be met. Reducing specific fuel requirements and switching from wet to dry processes has already resulted in significant improvements in energy efficiency. Procedural innovations in the field of highly automated conveyor technology ensure a constant production and exact metering of the fuels.<\/span><br \/>\n<span style=\"color: #000000;\">Saxlund International GmbH offers material flow solutions for alternative fuels such as wood chips, animal meal and substitute fuels.<\/span><br \/>\n<span style=\"color: #000000;\">Pneumatic conveying systems for difficult bulk materials, bucket elevators for the transport of secondary fuels, fuel systems, silos and bunkers for the storage of bulk goods up to Turn-Key plants are part of our product range.<\/span>[\/vc_column_text]<div class=\"vcex-spacing wpex-w-100 wpex-clear\"><\/div>[\/vc_column][vc_column width=&#8221;1\/3&#8243;][vc_single_image image=&#8221;3206&#8243;][\/vc_column][\/vc_row][vc_row][vc_column width=&#8221;2\/3&#8243;][vc_column_text]<span style=\"color: #000000; font-size: 24px;\">Push Floor<\/span>[\/vc_column_text][vc_column_text]<span style=\"color: #000000;\">The Push Floor is an discharger design by Saxlund International for square and rectangular bunkers. lt is designed to function with non free flowing and difficult to handle bulk solid materials. The flat bottom floor concept gives many advantages and the Push Floor can be used in a number of different configurations to suit the client&#8217; s particular requirement. This discharge device ensures a reliable material discharge, an exact dosage and allows the storage of large volumes.<\/span>[\/vc_column_text][vc_btn title=&#8221;more&#8230;&#8221; style=&#8221;custom&#8221; custom_background=&#8221;#919191&#8243; custom_text=&#8221;#ffffff&#8221; shape=&#8221;round&#8221; link=&#8221;url:http%3A%2F%2Fwww.saxlund.de%2Fen%2Fprodukte%2Fschubboden%2F||&#8221;][\/vc_column][vc_column width=&#8221;1\/3&#8243;][vc_single_image image=&#8221;3205&#8243;][\/vc_column][\/vc_row][vc_row][vc_column width=&#8221;2\/3&#8243;][vc_column_text]<span style=\"color: #000000; font-size: 24px;\">TDS &#8211; Trailer Docking Station<\/span>[\/vc_column_text][vc_column_text]<span style=\"color: #000000;\">The bulk material is delivered by a truck with Walking Floor discharge device.<\/span><br \/>\n<span style=\"color: #000000;\">The entrance to the Trailer Docking Station is equipped with a roller shutter including dock seal.<\/span><br \/>\n<span style=\"color: #000000;\">The box can be equipped with a filter exhaust air system, which sucks the occurring dusts to prevents dust emissions.<\/span>[\/vc_column_text][vc_btn title=&#8221;more&#8230;&#8221; style=&#8221;custom&#8221; custom_background=&#8221;#919191&#8243; custom_text=&#8221;#ffffff&#8221; shape=&#8221;round&#8221; link=&#8221;url:http%3A%2F%2Fwww.saxlund.de%2Fen%2Ftrailer-docking-station%2F||&#8221;][\/vc_column][vc_column width=&#8221;1\/3&#8243;][vc_single_image image=&#8221;3211&#8243;][\/vc_column][\/vc_row][vc_row][vc_column width=&#8221;2\/3&#8243;][vc_column_text]<span style=\"color: #000000; font-size: 24px;\">Chain Conveyor<\/span>[\/vc_column_text][vc_column_text]<span style=\"color: #000000;\">The Saxlund International chain conveyor is a continuous operating conveyor with a rectangular cross-section. lt may be arranged horizontally or inclined. The bulk material is fed at the tensioning station. The conveying chain runs onto a special floor and conveys the material through the upper or lower section to the drive station, where it is dumped or discharged to other conveyor systems. The construction type of the conveyor chain is adapted according to the bulk material. All links are manufactured from high-grade drop-forged steel with welded flights to suit the application. The chain is driven by a chain wheel on a bearing shaft. which, in turn, is driven by a gear motor with an additional roller chain drive.<\/span>[\/vc_column_text][vc_btn title=&#8221;more&#8230;&#8221; style=&#8221;custom&#8221; custom_background=&#8221;#919191&#8243; custom_text=&#8221;#ffffff&#8221; shape=&#8221;round&#8221; link=&#8221;url:http%3A%2F%2Fwww.saxlund.de%2Fen%2Fprodukte%2Ftrogkettenfoerderer%2F||&#8221;][\/vc_column][vc_column width=&#8221;1\/3&#8243;][vc_single_image image=&#8221;3213&#8243;][\/vc_column][\/vc_row][vc_row][vc_column width=&#8221;2\/3&#8243;][vc_column_text]<span style=\"color: #000000; font-size: 24px;\">Belt\u00a0Conveyor<\/span>[\/vc_column_text][vc_column_text]<span style=\"color: #000000;\">\u25cf High availability<\/span><br \/>\n<span style=\"color: #000000;\">\u25cf Low noise emission<\/span><br \/>\n<span style=\"color: #000000;\">\u25cf Fully enclosed machine<\/span><br \/>\n<span style=\"color: #000000;\">\u25cf No dust emission<\/span><br \/>\n<span style=\"color: #000000;\">\u25cf Lower power consumption<\/span>[\/vc_column_text][vc_btn title=&#8221;more&#8230;&#8221; style=&#8221;custom&#8221; custom_background=&#8221;#919191&#8243; custom_text=&#8221;#ffffff&#8221; shape=&#8221;round&#8221; link=&#8221;url:http%3A%2F%2Fwww.saxlund.de%2Fen%2Fprodukte%2Ftrogkettenfoerderer%2F||&#8221;][\/vc_column][vc_column width=&#8221;1\/3&#8243;][vc_single_image image=&#8221;3215&#8243;][\/vc_column][\/vc_row][vc_row][vc_column width=&#8221;2\/3&#8243;][vc_column_text]<span style=\"color: #000000; font-size: 24px;\">Sliding Frame<\/span>[\/vc_column_text][vc_column_text]<span style=\"color: #000000;\">The energy consumption with the Sliding Frame discharger is considerably lower than with most other systems.<\/span><br \/>\n<span style=\"color: #000000;\">The minimum amount of energy is used to move the material from silo storage to the process.<\/span><br \/>\n<span style=\"color: #000000;\">The parts within the silo are subjected to very little wear and it is possible to maintain the machine from outside the silo &#8211; even with the silo full. This is a big advantage.<\/span>[\/vc_column_text][vc_btn title=&#8221;more&#8230;&#8221; style=&#8221;custom&#8221; custom_background=&#8221;#919191&#8243; custom_text=&#8221;#ffffff&#8221; shape=&#8221;round&#8221; link=&#8221;url:http%3A%2F%2Fwww.saxlund.de%2Fen%2Fprodukte%2Fgleitrahmen%2F||&#8221;][\/vc_column][vc_column width=&#8221;1\/3&#8243;][vc_single_image image=&#8221;3216&#8243;][\/vc_column][\/vc_row]","protected":false},"excerpt":{"rendered":"<p>[vc_row][vc_column width=&#8221;2\/3&#8243;][vc_column_text]Protecting the environment while lowering operating costs is a challenge to be met. Reducing specific fuel requirements and switching from wet to dry processes has already resulted in significant improvements in energy efficiency. Procedural innovations in the field of highly automated conveyor technology ensure a constant production and exact metering of the fuels. Saxlund&hellip;<\/p>\n","protected":false},"author":3,"featured_media":0,"parent":0,"menu_order":0,"comment_status":"closed","ping_status":"closed","template":"","meta":{"footnotes":""},"class_list":["post-3197","page","type-page","status-publish","hentry","entry","no-media"],"yoast_head":"<!-- This site is optimized with the Yoast SEO plugin v25.4 - https:\/\/yoast.com\/wordpress\/plugins\/seo\/ -->\n<title>Cement industry - SAXLUND International GmbH<\/title>\n<meta name=\"description\" content=\"Anlagenbau f\u00fcr problematische Sch\u00fcttg\u00fcter wie Holzsp\u00e4ne, Rinde, Schl\u00e4mme, Futtermittel, chemische Stoffe, Kompost oder Abfallstoffe, St\u00f6rstoffabscheider\" \/>\n<meta name=\"robots\" content=\"index, follow, max-snippet:-1, max-image-preview:large, max-video-preview:-1\" \/>\n<link rel=\"canonical\" href=\"https:\/\/www.saxlund.de\/zementindustrie\/\" \/>\n<meta property=\"og:locale\" content=\"en_US\" \/>\n<meta property=\"og:type\" content=\"article\" \/>\n<meta property=\"og:title\" content=\"[:de]Zementindustrie[:en]Cement industry[:] - SAXLUND International GmbH\" \/>\n<meta property=\"og:description\" content=\"Anlagenbau f\u00fcr problematische Sch\u00fcttg\u00fcter wie Holzsp\u00e4ne, Rinde, Schl\u00e4mme, Futtermittel, chemische Stoffe, Kompost oder Abfallstoffe, St\u00f6rstoffabscheider\" \/>\n<meta property=\"og:url\" content=\"https:\/\/www.saxlund.de\/zementindustrie\/\" \/>\n<meta property=\"og:site_name\" content=\"SAXLUND International GmbH\" \/>\n<meta property=\"article:modified_time\" content=\"2024-04-17T13:22:35+00:00\" \/>\n<meta name=\"twitter:card\" content=\"summary_large_image\" \/>\n<meta name=\"twitter:label1\" content=\"Est. reading time\" \/>\n\t<meta name=\"twitter:data1\" content=\"4 minutes\" \/>\n<script type=\"application\/ld+json\" class=\"yoast-schema-graph\">{\"@context\":\"https:\/\/schema.org\",\"@graph\":[{\"@type\":\"WebPage\",\"@id\":\"https:\/\/www.saxlund.de\/zementindustrie\/\",\"url\":\"https:\/\/www.saxlund.de\/zementindustrie\/\",\"name\":\"[:de]Zementindustrie[:en]Cement industry[:] - SAXLUND International GmbH\",\"isPartOf\":{\"@id\":\"https:\/\/www.saxlund.de\/de\/#website\"},\"datePublished\":\"2018-03-08T14:28:51+00:00\",\"dateModified\":\"2024-04-17T13:22:35+00:00\",\"description\":\"Anlagenbau f\u00fcr problematische Sch\u00fcttg\u00fcter wie Holzsp\u00e4ne, Rinde, Schl\u00e4mme, Futtermittel, chemische Stoffe, Kompost oder Abfallstoffe, St\u00f6rstoffabscheider\",\"breadcrumb\":{\"@id\":\"https:\/\/www.saxlund.de\/zementindustrie\/#breadcrumb\"},\"inLanguage\":\"en-US\",\"potentialAction\":[{\"@type\":\"ReadAction\",\"target\":[\"https:\/\/www.saxlund.de\/zementindustrie\/\"]}]},{\"@type\":\"BreadcrumbList\",\"@id\":\"https:\/\/www.saxlund.de\/zementindustrie\/#breadcrumb\",\"itemListElement\":[{\"@type\":\"ListItem\",\"position\":1,\"name\":\"Startseite\",\"item\":\"https:\/\/www.saxlund.de\/\"},{\"@type\":\"ListItem\",\"position\":2,\"name\":\"Zementindustrie\"}]},{\"@type\":\"WebSite\",\"@id\":\"https:\/\/www.saxlund.de\/de\/#website\",\"url\":\"https:\/\/www.saxlund.de\/de\/\",\"name\":\"SAXLUND International GmbH\",\"description\":\"Innovative solutions for bulk materials handling\",\"publisher\":{\"@id\":\"https:\/\/www.saxlund.de\/de\/#organization\"},\"potentialAction\":[{\"@type\":\"SearchAction\",\"target\":{\"@type\":\"EntryPoint\",\"urlTemplate\":\"https:\/\/www.saxlund.de\/de\/?s={search_term_string}\"},\"query-input\":{\"@type\":\"PropertyValueSpecification\",\"valueRequired\":true,\"valueName\":\"search_term_string\"}}],\"inLanguage\":\"en-US\"},{\"@type\":\"Organization\",\"@id\":\"https:\/\/www.saxlund.de\/de\/#organization\",\"name\":\"Saxlund International GmbH\",\"url\":\"https:\/\/www.saxlund.de\/de\/\",\"logo\":{\"@type\":\"ImageObject\",\"inLanguage\":\"en-US\",\"@id\":\"https:\/\/www.saxlund.de\/de\/#\/schema\/logo\/image\/\",\"url\":\"https:\/\/www.saxlund.de\/wp-content\/uploads\/2016\/06\/SaxLogo200x100.png\",\"contentUrl\":\"https:\/\/www.saxlund.de\/wp-content\/uploads\/2016\/06\/SaxLogo200x100.png\",\"width\":200,\"height\":88,\"caption\":\"Saxlund International GmbH\"},\"image\":{\"@id\":\"https:\/\/www.saxlund.de\/de\/#\/schema\/logo\/image\/\"}}]}<\/script>\n<!-- \/ Yoast SEO plugin. -->","yoast_head_json":{"title":"[:de]Zementindustrie[:en]Cement industry[:] - SAXLUND International GmbH","description":"Anlagenbau f\u00fcr problematische Sch\u00fcttg\u00fcter wie Holzsp\u00e4ne, Rinde, Schl\u00e4mme, Futtermittel, chemische Stoffe, Kompost oder Abfallstoffe, St\u00f6rstoffabscheider","robots":{"index":"index","follow":"follow","max-snippet":"max-snippet:-1","max-image-preview":"max-image-preview:large","max-video-preview":"max-video-preview:-1"},"canonical":"https:\/\/www.saxlund.de\/zementindustrie\/","og_locale":"en_US","og_type":"article","og_title":"[:de]Zementindustrie[:en]Cement industry[:] - SAXLUND International GmbH","og_description":"Anlagenbau f\u00fcr problematische Sch\u00fcttg\u00fcter wie Holzsp\u00e4ne, Rinde, Schl\u00e4mme, Futtermittel, chemische Stoffe, Kompost oder Abfallstoffe, St\u00f6rstoffabscheider","og_url":"https:\/\/www.saxlund.de\/zementindustrie\/","og_site_name":"SAXLUND International GmbH","article_modified_time":"2024-04-17T13:22:35+00:00","twitter_card":"summary_large_image","twitter_misc":{"Est. reading time":"4 minutes"},"schema":{"@context":"https:\/\/schema.org","@graph":[{"@type":"WebPage","@id":"https:\/\/www.saxlund.de\/zementindustrie\/","url":"https:\/\/www.saxlund.de\/zementindustrie\/","name":"[:de]Zementindustrie[:en]Cement industry[:] - SAXLUND International GmbH","isPartOf":{"@id":"https:\/\/www.saxlund.de\/de\/#website"},"datePublished":"2018-03-08T14:28:51+00:00","dateModified":"2024-04-17T13:22:35+00:00","description":"Anlagenbau f\u00fcr problematische Sch\u00fcttg\u00fcter wie Holzsp\u00e4ne, Rinde, Schl\u00e4mme, Futtermittel, chemische Stoffe, Kompost oder Abfallstoffe, St\u00f6rstoffabscheider","breadcrumb":{"@id":"https:\/\/www.saxlund.de\/zementindustrie\/#breadcrumb"},"inLanguage":"en-US","potentialAction":[{"@type":"ReadAction","target":["https:\/\/www.saxlund.de\/zementindustrie\/"]}]},{"@type":"BreadcrumbList","@id":"https:\/\/www.saxlund.de\/zementindustrie\/#breadcrumb","itemListElement":[{"@type":"ListItem","position":1,"name":"Startseite","item":"https:\/\/www.saxlund.de\/"},{"@type":"ListItem","position":2,"name":"Zementindustrie"}]},{"@type":"WebSite","@id":"https:\/\/www.saxlund.de\/de\/#website","url":"https:\/\/www.saxlund.de\/de\/","name":"SAXLUND International GmbH","description":"Innovative solutions for bulk materials handling","publisher":{"@id":"https:\/\/www.saxlund.de\/de\/#organization"},"potentialAction":[{"@type":"SearchAction","target":{"@type":"EntryPoint","urlTemplate":"https:\/\/www.saxlund.de\/de\/?s={search_term_string}"},"query-input":{"@type":"PropertyValueSpecification","valueRequired":true,"valueName":"search_term_string"}}],"inLanguage":"en-US"},{"@type":"Organization","@id":"https:\/\/www.saxlund.de\/de\/#organization","name":"Saxlund International GmbH","url":"https:\/\/www.saxlund.de\/de\/","logo":{"@type":"ImageObject","inLanguage":"en-US","@id":"https:\/\/www.saxlund.de\/de\/#\/schema\/logo\/image\/","url":"https:\/\/www.saxlund.de\/wp-content\/uploads\/2016\/06\/SaxLogo200x100.png","contentUrl":"https:\/\/www.saxlund.de\/wp-content\/uploads\/2016\/06\/SaxLogo200x100.png","width":200,"height":88,"caption":"Saxlund International GmbH"},"image":{"@id":"https:\/\/www.saxlund.de\/de\/#\/schema\/logo\/image\/"}}]}},"_links":{"self":[{"href":"https:\/\/www.saxlund.de\/en\/wp-json\/wp\/v2\/pages\/3197","targetHints":{"allow":["GET"]}}],"collection":[{"href":"https:\/\/www.saxlund.de\/en\/wp-json\/wp\/v2\/pages"}],"about":[{"href":"https:\/\/www.saxlund.de\/en\/wp-json\/wp\/v2\/types\/page"}],"author":[{"embeddable":true,"href":"https:\/\/www.saxlund.de\/en\/wp-json\/wp\/v2\/users\/3"}],"replies":[{"embeddable":true,"href":"https:\/\/www.saxlund.de\/en\/wp-json\/wp\/v2\/comments?post=3197"}],"version-history":[{"count":1,"href":"https:\/\/www.saxlund.de\/en\/wp-json\/wp\/v2\/pages\/3197\/revisions"}],"predecessor-version":[{"id":4227,"href":"https:\/\/www.saxlund.de\/en\/wp-json\/wp\/v2\/pages\/3197\/revisions\/4227"}],"wp:attachment":[{"href":"https:\/\/www.saxlund.de\/en\/wp-json\/wp\/v2\/media?parent=3197"}],"curies":[{"name":"wp","href":"https:\/\/api.w.org\/{rel}","templated":true}]}}