{"id":1814,"date":"2016-05-11T09:26:14","date_gmt":"2016-05-11T09:26:14","guid":{"rendered":"https:\/\/www.saxlund.de\/?page_id=1814"},"modified":"2026-03-12T09:39:46","modified_gmt":"2026-03-12T08:39:46","slug":"broschuere","status":"publish","type":"page","link":"https:\/\/www.saxlund.de\/en\/broschuere\/","title":{"rendered":"Downloads"},"content":{"rendered":"[vc_row][vc_column][vc_column_text][\/vc_column_text][\/vc_column][\/vc_row][vc_row][vc_column]<style>.vcex-heading.vcex_69d75e46b3303{color:#000000;font-size:21px;font-family:Georgia, serif;font-weight:700;}.vcex-heading.vcex_69d75e46b3303:hover{color:#000000;}<\/style><div class=\"vcex-heading vcex-heading-plain vcex-module wpex-heading wpex-text-2xl vcex_69d75e46b3303\"><span class=\"vcex-heading-inner wpex-inline-block\">Saxlund International brochures<\/span><\/div>[\/vc_column][\/vc_row][vc_row][vc_column width=&#8221;1\/3&#8243;][vc_single_image image=&#8221;3888&#8243; img_size=&#8221;medium&#8221; img_hover=&#8221;grow&#8221;][vc_column_text]<a href=\"https:\/\/www.saxlund.de\/wp-content\/uploads\/2018\/02\/Bulk-Solids-Brochure-SAX-UK_web.pdf\" target=\"_blank\" rel=\"noopener noreferrer\">Download<\/a>[\/vc_column_text][\/vc_column][vc_column width=&#8221;1\/3&#8243;][vc_single_image image=&#8221;3892&#8243; img_size=&#8221;medium&#8221; img_hover=&#8221;grow&#8221;][vc_column_text]<a href=\"https:\/\/www.saxlund.de\/wp-content\/uploads\/2018\/02\/Solidpumps_v3_web.pdf\" target=\"_blank\" rel=\"noopener noreferrer\">Download<\/a>[\/vc_column_text][\/vc_column][vc_column width=&#8221;1\/3&#8243;][vc_single_image image=&#8221;3891&#8243; img_size=&#8221;medium&#8221; img_hover=&#8221;grow&#8221;][vc_column_text]<a href=\"https:\/\/www.saxlund.de\/wp-content\/uploads\/2018\/02\/Screw-Conveyor_v3_web.pdf\" target=\"_blank\" rel=\"noopener noreferrer\">Download<\/a>[\/vc_column_text][\/vc_column][\/vc_row][vc_row][vc_column width=&#8221;1\/3&#8243;][vc_single_image image=&#8221;3899&#8243; img_size=&#8221;medium&#8221; img_hover=&#8221;grow&#8221;][vc_column_text]<a href=\"https:\/\/www.saxlund.de\/wp-content\/uploads\/2018\/02\/Sliding-frame_v3_web.pdf\" target=\"_blank\" rel=\"noopener noreferrer\">Download<\/a>[\/vc_column_text][\/vc_column][vc_column width=&#8221;1\/3&#8243;][vc_single_image image=&#8221;3897&#8243; img_size=&#8221;medium&#8221; img_hover=&#8221;grow&#8221;][vc_column_text]<a href=\"https:\/\/www.saxlund.de\/wp-content\/uploads\/2018\/02\/Hydraulic-Rotor_V3_web.pdf\" target=\"_blank\" rel=\"noopener noreferrer\">Download<\/a>[\/vc_column_text][\/vc_column][vc_column width=&#8221;1\/3&#8243;][vc_single_image image=&#8221;3898&#8243; img_size=&#8221;medium&#8221; img_hover=&#8221;grow&#8221;][vc_column_text]<a href=\"https:\/\/www.saxlund.de\/wp-content\/uploads\/2018\/02\/Push-Floor_v3_web.pdf\" target=\"_blank\" rel=\"noopener noreferrer\">Download<\/a>[\/vc_column_text][\/vc_column][\/vc_row][vc_row][vc_column width=&#8221;1\/3&#8243;][vc_single_image image=&#8221;3903&#8243; img_size=&#8221;medium&#8221; img_hover=&#8221;grow&#8221;][vc_column_text]<a href=\"https:\/\/www.saxlund.de\/wp-content\/uploads\/2018\/02\/TDS_EN_web.pdf\" target=\"_blank\" rel=\"noopener noreferrer\">Download<\/a>[\/vc_column_text][\/vc_column][vc_column width=&#8221;1\/3&#8243;][vc_single_image image=&#8221;3902&#8243; img_size=&#8221;medium&#8221; img_hover=&#8221;grow&#8221;][vc_column_text]<a href=\"https:\/\/www.saxlund.de\/wp-content\/uploads\/2018\/02\/Chain-Conveyor_v3_web.pdf\" target=\"_blank\" rel=\"noopener noreferrer\">Download<\/a>[\/vc_column_text][\/vc_column][vc_column width=&#8221;1\/3&#8243;][vc_single_image image=&#8221;3904&#8243; img_size=&#8221;medium&#8221; img_hover=&#8221;grow&#8221;][vc_column_text]<a href=\"https:\/\/www.saxlund.de\/wp-content\/uploads\/2018\/02\/TubeFeeder-EN_v3_web.pdf\" target=\"_blank\" rel=\"noopener noreferrer\">Download<\/a>[\/vc_column_text][\/vc_column][\/vc_row][vc_row][vc_column width=&#8221;1\/3&#8243;][vc_single_image image=&#8221;3905&#8243; img_size=&#8221;medium&#8221; img_hover=&#8221;grow&#8221;][vc_column_text]<a href=\"https:\/\/www.saxlund.de\/wp-content\/uploads\/2018\/02\/Zementindustrie-Flyer_EN_web.pdf\" target=\"_blank\" rel=\"noopener noreferrer\">Download<\/a>[\/vc_column_text][\/vc_column][vc_column width=&#8221;1\/3&#8243;][vc_single_image image=&#8221;4004&#8243; img_size=&#8221;medium&#8221; img_hover=&#8221;grow&#8221;][vc_column_text]<a href=\"https:\/\/www.saxlund.de\/wp-content\/uploads\/2022\/12\/Coarse-Material-Separator_EN.pdf\" target=\"_blank\" rel=\"noopener noreferrer\">Download<\/a>[\/vc_column_text][\/vc_column][vc_column width=&#8221;1\/3&#8243;][\/vc_column][\/vc_row][vc_row][vc_column][vc_column_text]<span style=\"font-size: 21px; color: #000000;\">Saxlund International GmbH ATEX-Poster<\/span>[\/vc_column_text][\/vc_column][\/vc_row][vc_row][vc_column width=&#8221;1\/2&#8243;][vc_single_image image=&#8221;3158&#8243;][vc_column_text]<a href=\"https:\/\/www.saxlund.de\/wp-content\/uploads\/2016\/05\/SAXLUND-Poster_ATEX_DE_04-2017_web.pdf\" target=\"_blank\" rel=\"noopener noreferrer\">Download<\/a>\u00a0German[\/vc_column_text][\/vc_column][vc_column width=&#8221;1\/2&#8243;][vc_single_image image=&#8221;3159&#8243;][vc_column_text]<a href=\"https:\/\/www.saxlund.de\/wp-content\/uploads\/2016\/05\/SAXLUND-Poster_ATEX_EN_04-2017_web.pdf\" target=\"_blank\" rel=\"noopener noreferrer\">Download<\/a>\u00a0English[\/vc_column_text][\/vc_column][\/vc_row][vc_row][vc_column][vc_column_text][\/vc_column_text][\/vc_column][\/vc_row]","protected":false},"excerpt":{"rendered":"<p>[vc_row][vc_column][vc_column_text][\/vc_column_text][\/vc_column][\/vc_row][vc_row][vc_column][\/vc_column][\/vc_row][vc_row][vc_column width=&#8221;1\/3&#8243;][vc_single_image image=&#8221;3888&#8243; img_size=&#8221;medium&#8221; img_hover=&#8221;grow&#8221;][vc_column_text]Download[\/vc_column_text][\/vc_column][vc_column width=&#8221;1\/3&#8243;][vc_single_image image=&#8221;3892&#8243; img_size=&#8221;medium&#8221; img_hover=&#8221;grow&#8221;][vc_column_text]Download[\/vc_column_text][\/vc_column][vc_column width=&#8221;1\/3&#8243;][vc_single_image image=&#8221;3891&#8243; img_size=&#8221;medium&#8221; img_hover=&#8221;grow&#8221;][vc_column_text]Download[\/vc_column_text][\/vc_column][\/vc_row][vc_row][vc_column width=&#8221;1\/3&#8243;][vc_single_image image=&#8221;3899&#8243; img_size=&#8221;medium&#8221; img_hover=&#8221;grow&#8221;][vc_column_text]Download[\/vc_column_text][\/vc_column][vc_column width=&#8221;1\/3&#8243;][vc_single_image image=&#8221;3897&#8243; img_size=&#8221;medium&#8221; img_hover=&#8221;grow&#8221;][vc_column_text]Download[\/vc_column_text][\/vc_column][vc_column width=&#8221;1\/3&#8243;][vc_single_image image=&#8221;3898&#8243; img_size=&#8221;medium&#8221; img_hover=&#8221;grow&#8221;][vc_column_text]Download[\/vc_column_text][\/vc_column][\/vc_row][vc_row][vc_column width=&#8221;1\/3&#8243;][vc_single_image image=&#8221;3903&#8243; img_size=&#8221;medium&#8221; img_hover=&#8221;grow&#8221;][vc_column_text]Download[\/vc_column_text][\/vc_column][vc_column width=&#8221;1\/3&#8243;][vc_single_image image=&#8221;3902&#8243; img_size=&#8221;medium&#8221; img_hover=&#8221;grow&#8221;][vc_column_text]Download[\/vc_column_text][\/vc_column][vc_column width=&#8221;1\/3&#8243;][vc_single_image image=&#8221;3904&#8243; img_size=&#8221;medium&#8221; img_hover=&#8221;grow&#8221;][vc_column_text]Download[\/vc_column_text][\/vc_column][\/vc_row][vc_row][vc_column width=&#8221;1\/3&#8243;][vc_single_image image=&#8221;3905&#8243; img_size=&#8221;medium&#8221; img_hover=&#8221;grow&#8221;][vc_column_text]Download[\/vc_column_text][\/vc_column][vc_column width=&#8221;1\/3&#8243;][vc_single_image image=&#8221;4004&#8243; img_size=&#8221;medium&#8221; img_hover=&#8221;grow&#8221;][vc_column_text]Download[\/vc_column_text][\/vc_column][vc_column width=&#8221;1\/3&#8243;][\/vc_column][\/vc_row][vc_row][vc_column][vc_column_text]Saxlund International GmbH ATEX-Poster[\/vc_column_text][\/vc_column][\/vc_row][vc_row][vc_column width=&#8221;1\/2&#8243;][vc_single_image image=&#8221;3158&#8243;][vc_column_text]Download\u00a0German[\/vc_column_text][\/vc_column][vc_column width=&#8221;1\/2&#8243;][vc_single_image image=&#8221;3159&#8243;][vc_column_text]Download\u00a0English[\/vc_column_text][\/vc_column][\/vc_row][vc_row][vc_column][vc_column_text][\/vc_column_text][\/vc_column][\/vc_row]<\/p>\n","protected":false},"author":3,"featured_media":0,"parent":0,"menu_order":0,"comment_status":"closed","ping_status":"closed","template":"","meta":{"footnotes":""},"class_list":["post-1814","page","type-page","status-publish","hentry","entry","no-media"],"yoast_head":"<!-- This site is optimized with the Yoast SEO plugin v25.4 - https:\/\/yoast.com\/wordpress\/plugins\/seo\/ -->\n<title>Downloads - SAXLUND International GmbH<\/title>\n<meta name=\"description\" content=\"Anlagenbau f\u00fcr problematische Sch\u00fcttg\u00fcter wie Holzsp\u00e4ne, Rinde, Schl\u00e4mme, Futtermittel, chemische Stoffe, Kompost oder Abfallstoffe, St\u00f6rstoffabscheider\" \/>\n<meta name=\"robots\" content=\"index, follow, max-snippet:-1, max-image-preview:large, max-video-preview:-1\" \/>\n<link rel=\"canonical\" href=\"https:\/\/www.saxlund.de\/broschuere\/\" \/>\n<meta property=\"og:locale\" content=\"en_US\" \/>\n<meta property=\"og:type\" content=\"article\" \/>\n<meta property=\"og:title\" content=\"Downloads - SAXLUND International GmbH\" \/>\n<meta property=\"og:description\" content=\"Anlagenbau f\u00fcr problematische Sch\u00fcttg\u00fcter wie Holzsp\u00e4ne, Rinde, Schl\u00e4mme, Futtermittel, chemische Stoffe, Kompost oder Abfallstoffe, St\u00f6rstoffabscheider\" \/>\n<meta property=\"og:url\" content=\"https:\/\/www.saxlund.de\/broschuere\/\" \/>\n<meta property=\"og:site_name\" content=\"SAXLUND International GmbH\" \/>\n<meta property=\"article:modified_time\" content=\"2026-03-12T08:39:46+00:00\" \/>\n<meta name=\"twitter:card\" content=\"summary_large_image\" \/>\n<meta name=\"twitter:label1\" content=\"Est. reading time\" \/>\n\t<meta name=\"twitter:data1\" content=\"3 minutes\" \/>\n<script type=\"application\/ld+json\" class=\"yoast-schema-graph\">{\"@context\":\"https:\/\/schema.org\",\"@graph\":[{\"@type\":\"WebPage\",\"@id\":\"https:\/\/www.saxlund.de\/broschuere\/\",\"url\":\"https:\/\/www.saxlund.de\/broschuere\/\",\"name\":\"Downloads - SAXLUND International GmbH\",\"isPartOf\":{\"@id\":\"https:\/\/www.saxlund.de\/de\/#website\"},\"datePublished\":\"2016-05-11T09:26:14+00:00\",\"dateModified\":\"2026-03-12T08:39:46+00:00\",\"description\":\"Anlagenbau f\u00fcr problematische Sch\u00fcttg\u00fcter wie Holzsp\u00e4ne, Rinde, Schl\u00e4mme, Futtermittel, chemische Stoffe, Kompost oder Abfallstoffe, St\u00f6rstoffabscheider\",\"breadcrumb\":{\"@id\":\"https:\/\/www.saxlund.de\/broschuere\/#breadcrumb\"},\"inLanguage\":\"en-US\",\"potentialAction\":[{\"@type\":\"ReadAction\",\"target\":[\"https:\/\/www.saxlund.de\/broschuere\/\"]}]},{\"@type\":\"BreadcrumbList\",\"@id\":\"https:\/\/www.saxlund.de\/broschuere\/#breadcrumb\",\"itemListElement\":[{\"@type\":\"ListItem\",\"position\":1,\"name\":\"Startseite\",\"item\":\"https:\/\/www.saxlund.de\/\"},{\"@type\":\"ListItem\",\"position\":2,\"name\":\"Downloads\"}]},{\"@type\":\"WebSite\",\"@id\":\"https:\/\/www.saxlund.de\/de\/#website\",\"url\":\"https:\/\/www.saxlund.de\/de\/\",\"name\":\"SAXLUND International GmbH\",\"description\":\"Innovative solutions for bulk materials handling\",\"publisher\":{\"@id\":\"https:\/\/www.saxlund.de\/de\/#organization\"},\"potentialAction\":[{\"@type\":\"SearchAction\",\"target\":{\"@type\":\"EntryPoint\",\"urlTemplate\":\"https:\/\/www.saxlund.de\/de\/?s={search_term_string}\"},\"query-input\":{\"@type\":\"PropertyValueSpecification\",\"valueRequired\":true,\"valueName\":\"search_term_string\"}}],\"inLanguage\":\"en-US\"},{\"@type\":\"Organization\",\"@id\":\"https:\/\/www.saxlund.de\/de\/#organization\",\"name\":\"Saxlund International GmbH\",\"url\":\"https:\/\/www.saxlund.de\/de\/\",\"logo\":{\"@type\":\"ImageObject\",\"inLanguage\":\"en-US\",\"@id\":\"https:\/\/www.saxlund.de\/de\/#\/schema\/logo\/image\/\",\"url\":\"https:\/\/www.saxlund.de\/wp-content\/uploads\/2016\/06\/SaxLogo200x100.png\",\"contentUrl\":\"https:\/\/www.saxlund.de\/wp-content\/uploads\/2016\/06\/SaxLogo200x100.png\",\"width\":200,\"height\":88,\"caption\":\"Saxlund International GmbH\"},\"image\":{\"@id\":\"https:\/\/www.saxlund.de\/de\/#\/schema\/logo\/image\/\"}}]}<\/script>\n<!-- \/ Yoast SEO plugin. -->","yoast_head_json":{"title":"Downloads - SAXLUND International GmbH","description":"Anlagenbau f\u00fcr problematische Sch\u00fcttg\u00fcter wie Holzsp\u00e4ne, Rinde, Schl\u00e4mme, Futtermittel, chemische Stoffe, Kompost oder Abfallstoffe, St\u00f6rstoffabscheider","robots":{"index":"index","follow":"follow","max-snippet":"max-snippet:-1","max-image-preview":"max-image-preview:large","max-video-preview":"max-video-preview:-1"},"canonical":"https:\/\/www.saxlund.de\/broschuere\/","og_locale":"en_US","og_type":"article","og_title":"Downloads - SAXLUND International GmbH","og_description":"Anlagenbau f\u00fcr problematische Sch\u00fcttg\u00fcter wie Holzsp\u00e4ne, Rinde, Schl\u00e4mme, Futtermittel, chemische Stoffe, Kompost oder Abfallstoffe, St\u00f6rstoffabscheider","og_url":"https:\/\/www.saxlund.de\/broschuere\/","og_site_name":"SAXLUND International GmbH","article_modified_time":"2026-03-12T08:39:46+00:00","twitter_card":"summary_large_image","twitter_misc":{"Est. reading time":"3 minutes"},"schema":{"@context":"https:\/\/schema.org","@graph":[{"@type":"WebPage","@id":"https:\/\/www.saxlund.de\/broschuere\/","url":"https:\/\/www.saxlund.de\/broschuere\/","name":"Downloads - SAXLUND International GmbH","isPartOf":{"@id":"https:\/\/www.saxlund.de\/de\/#website"},"datePublished":"2016-05-11T09:26:14+00:00","dateModified":"2026-03-12T08:39:46+00:00","description":"Anlagenbau f\u00fcr problematische Sch\u00fcttg\u00fcter wie Holzsp\u00e4ne, Rinde, Schl\u00e4mme, Futtermittel, chemische Stoffe, Kompost oder Abfallstoffe, St\u00f6rstoffabscheider","breadcrumb":{"@id":"https:\/\/www.saxlund.de\/broschuere\/#breadcrumb"},"inLanguage":"en-US","potentialAction":[{"@type":"ReadAction","target":["https:\/\/www.saxlund.de\/broschuere\/"]}]},{"@type":"BreadcrumbList","@id":"https:\/\/www.saxlund.de\/broschuere\/#breadcrumb","itemListElement":[{"@type":"ListItem","position":1,"name":"Startseite","item":"https:\/\/www.saxlund.de\/"},{"@type":"ListItem","position":2,"name":"Downloads"}]},{"@type":"WebSite","@id":"https:\/\/www.saxlund.de\/de\/#website","url":"https:\/\/www.saxlund.de\/de\/","name":"SAXLUND International GmbH","description":"Innovative solutions for bulk materials handling","publisher":{"@id":"https:\/\/www.saxlund.de\/de\/#organization"},"potentialAction":[{"@type":"SearchAction","target":{"@type":"EntryPoint","urlTemplate":"https:\/\/www.saxlund.de\/de\/?s={search_term_string}"},"query-input":{"@type":"PropertyValueSpecification","valueRequired":true,"valueName":"search_term_string"}}],"inLanguage":"en-US"},{"@type":"Organization","@id":"https:\/\/www.saxlund.de\/de\/#organization","name":"Saxlund International GmbH","url":"https:\/\/www.saxlund.de\/de\/","logo":{"@type":"ImageObject","inLanguage":"en-US","@id":"https:\/\/www.saxlund.de\/de\/#\/schema\/logo\/image\/","url":"https:\/\/www.saxlund.de\/wp-content\/uploads\/2016\/06\/SaxLogo200x100.png","contentUrl":"https:\/\/www.saxlund.de\/wp-content\/uploads\/2016\/06\/SaxLogo200x100.png","width":200,"height":88,"caption":"Saxlund International GmbH"},"image":{"@id":"https:\/\/www.saxlund.de\/de\/#\/schema\/logo\/image\/"}}]}},"_links":{"self":[{"href":"https:\/\/www.saxlund.de\/en\/wp-json\/wp\/v2\/pages\/1814","targetHints":{"allow":["GET"]}}],"collection":[{"href":"https:\/\/www.saxlund.de\/en\/wp-json\/wp\/v2\/pages"}],"about":[{"href":"https:\/\/www.saxlund.de\/en\/wp-json\/wp\/v2\/types\/page"}],"author":[{"embeddable":true,"href":"https:\/\/www.saxlund.de\/en\/wp-json\/wp\/v2\/users\/3"}],"replies":[{"embeddable":true,"href":"https:\/\/www.saxlund.de\/en\/wp-json\/wp\/v2\/comments?post=1814"}],"version-history":[{"count":46,"href":"https:\/\/www.saxlund.de\/en\/wp-json\/wp\/v2\/pages\/1814\/revisions"}],"predecessor-version":[{"id":4353,"href":"https:\/\/www.saxlund.de\/en\/wp-json\/wp\/v2\/pages\/1814\/revisions\/4353"}],"wp:attachment":[{"href":"https:\/\/www.saxlund.de\/en\/wp-json\/wp\/v2\/media?parent=1814"}],"curies":[{"name":"wp","href":"https:\/\/api.w.org\/{rel}","templated":true}]}}