{"id":140,"date":"2015-01-23T14:13:01","date_gmt":"2015-01-23T14:13:01","guid":{"rendered":"http:\/\/web.saxlund.de\/?page_id=140"},"modified":"2024-04-17T15:07:07","modified_gmt":"2024-04-17T13:07:07","slug":"fertigung","status":"publish","type":"page","link":"https:\/\/www.saxlund.de\/en\/kompetenzen\/fertigung\/","title":{"rendered":"Manufacturing"},"content":{"rendered":"[vc_row][vc_column width=&#8221;7\/12&#8243;][vc_column_text]\n<h1><span style=\"color: #000000;\">Plant design for modern requirement<\/span><\/h1>\n<p class=\"bodytext\"><span style=\"color: #000000;\">We are aware that if we want to continue as a leader in the world-wide market place, we have to be flexible and also be in a position to react quickly to your demands and requests. Saxlund International invest highly skilled personnel who have at their fingertips the very best in computer based design, information technology and data transmission systems available today. It goes without saying that we pay particular attention to all environmental regulations during manufacturing processes at our works and also to our sub suppliers. We believe that recycling and environmental technology will gain more and more importance so we are pleased to contribute to a world worth living in.<\/span><\/p>\n[\/vc_column_text][\/vc_column][vc_column width=&#8221;5\/12&#8243;][vc_single_image image=&#8221;3419&#8243; style=&#8221;vc_box_shadow_3d&#8221;][\/vc_column][\/vc_row]","protected":false},"excerpt":{"rendered":"<p>[vc_row][vc_column width=&#8221;7\/12&#8243;][vc_column_text] Plant design for modern requirement We are aware that if we want to continue as a leader in the world-wide market place, we have to be flexible and also be in a position to react quickly to your demands and requests. Saxlund International invest highly skilled personnel who have at their fingertips the&hellip;<\/p>\n","protected":false},"author":1,"featured_media":0,"parent":128,"menu_order":0,"comment_status":"closed","ping_status":"closed","template":"","meta":{"footnotes":""},"class_list":["post-140","page","type-page","status-publish","hentry","entry","no-media"],"yoast_head":"<!-- This site is optimized with the Yoast SEO plugin v25.4 - https:\/\/yoast.com\/wordpress\/plugins\/seo\/ -->\n<title>Manufacturing - SAXLUND International GmbH<\/title>\n<meta name=\"description\" content=\"Anlagenbau f\u00fcr problematische Sch\u00fcttg\u00fcter wie Holzsp\u00e4ne, Rinde, Schl\u00e4mme, Futtermittel, chemische Stoffe, Kompost oder Abfallstoffe, St\u00f6rstoffabscheider\" \/>\n<meta name=\"robots\" content=\"index, follow, max-snippet:-1, max-image-preview:large, max-video-preview:-1\" \/>\n<link rel=\"canonical\" href=\"https:\/\/www.saxlund.de\/kompetenzen\/fertigung\/\" \/>\n<meta property=\"og:locale\" content=\"en_US\" \/>\n<meta property=\"og:type\" content=\"article\" \/>\n<meta property=\"og:title\" content=\"[:de]Fertigung[:en]Manufacturing[:] - SAXLUND International GmbH\" \/>\n<meta property=\"og:description\" content=\"Anlagenbau f\u00fcr problematische Sch\u00fcttg\u00fcter wie Holzsp\u00e4ne, Rinde, Schl\u00e4mme, Futtermittel, chemische Stoffe, Kompost oder Abfallstoffe, St\u00f6rstoffabscheider\" \/>\n<meta property=\"og:url\" content=\"https:\/\/www.saxlund.de\/kompetenzen\/fertigung\/\" \/>\n<meta property=\"og:site_name\" content=\"SAXLUND International GmbH\" \/>\n<meta property=\"article:modified_time\" content=\"2024-04-17T13:07:07+00:00\" \/>\n<meta name=\"twitter:card\" content=\"summary_large_image\" \/>\n<meta name=\"twitter:label1\" content=\"Est. reading time\" \/>\n\t<meta name=\"twitter:data1\" content=\"1 minute\" \/>\n<script type=\"application\/ld+json\" class=\"yoast-schema-graph\">{\"@context\":\"https:\/\/schema.org\",\"@graph\":[{\"@type\":\"WebPage\",\"@id\":\"https:\/\/www.saxlund.de\/kompetenzen\/fertigung\/\",\"url\":\"https:\/\/www.saxlund.de\/kompetenzen\/fertigung\/\",\"name\":\"[:de]Fertigung[:en]Manufacturing[:] - SAXLUND International GmbH\",\"isPartOf\":{\"@id\":\"https:\/\/www.saxlund.de\/de\/#website\"},\"datePublished\":\"2015-01-23T14:13:01+00:00\",\"dateModified\":\"2024-04-17T13:07:07+00:00\",\"description\":\"Anlagenbau f\u00fcr problematische Sch\u00fcttg\u00fcter wie Holzsp\u00e4ne, Rinde, Schl\u00e4mme, Futtermittel, chemische Stoffe, Kompost oder Abfallstoffe, St\u00f6rstoffabscheider\",\"breadcrumb\":{\"@id\":\"https:\/\/www.saxlund.de\/kompetenzen\/fertigung\/#breadcrumb\"},\"inLanguage\":\"en-US\",\"potentialAction\":[{\"@type\":\"ReadAction\",\"target\":[\"https:\/\/www.saxlund.de\/kompetenzen\/fertigung\/\"]}]},{\"@type\":\"BreadcrumbList\",\"@id\":\"https:\/\/www.saxlund.de\/kompetenzen\/fertigung\/#breadcrumb\",\"itemListElement\":[{\"@type\":\"ListItem\",\"position\":1,\"name\":\"Startseite\",\"item\":\"https:\/\/www.saxlund.de\/\"},{\"@type\":\"ListItem\",\"position\":2,\"name\":\"Kompetenzen\",\"item\":\"https:\/\/www.saxlund.de\/kompetenzen\/\"},{\"@type\":\"ListItem\",\"position\":3,\"name\":\"Fertigung\"}]},{\"@type\":\"WebSite\",\"@id\":\"https:\/\/www.saxlund.de\/de\/#website\",\"url\":\"https:\/\/www.saxlund.de\/de\/\",\"name\":\"SAXLUND International GmbH\",\"description\":\"Innovative solutions for bulk materials handling\",\"publisher\":{\"@id\":\"https:\/\/www.saxlund.de\/de\/#organization\"},\"potentialAction\":[{\"@type\":\"SearchAction\",\"target\":{\"@type\":\"EntryPoint\",\"urlTemplate\":\"https:\/\/www.saxlund.de\/de\/?s={search_term_string}\"},\"query-input\":{\"@type\":\"PropertyValueSpecification\",\"valueRequired\":true,\"valueName\":\"search_term_string\"}}],\"inLanguage\":\"en-US\"},{\"@type\":\"Organization\",\"@id\":\"https:\/\/www.saxlund.de\/de\/#organization\",\"name\":\"Saxlund International GmbH\",\"url\":\"https:\/\/www.saxlund.de\/de\/\",\"logo\":{\"@type\":\"ImageObject\",\"inLanguage\":\"en-US\",\"@id\":\"https:\/\/www.saxlund.de\/de\/#\/schema\/logo\/image\/\",\"url\":\"https:\/\/www.saxlund.de\/wp-content\/uploads\/2016\/06\/SaxLogo200x100.png\",\"contentUrl\":\"https:\/\/www.saxlund.de\/wp-content\/uploads\/2016\/06\/SaxLogo200x100.png\",\"width\":200,\"height\":88,\"caption\":\"Saxlund International GmbH\"},\"image\":{\"@id\":\"https:\/\/www.saxlund.de\/de\/#\/schema\/logo\/image\/\"}}]}<\/script>\n<!-- \/ Yoast SEO plugin. -->","yoast_head_json":{"title":"[:de]Fertigung[:en]Manufacturing[:] - SAXLUND International GmbH","description":"Anlagenbau f\u00fcr problematische Sch\u00fcttg\u00fcter wie Holzsp\u00e4ne, Rinde, Schl\u00e4mme, Futtermittel, chemische Stoffe, Kompost oder Abfallstoffe, St\u00f6rstoffabscheider","robots":{"index":"index","follow":"follow","max-snippet":"max-snippet:-1","max-image-preview":"max-image-preview:large","max-video-preview":"max-video-preview:-1"},"canonical":"https:\/\/www.saxlund.de\/kompetenzen\/fertigung\/","og_locale":"en_US","og_type":"article","og_title":"[:de]Fertigung[:en]Manufacturing[:] - SAXLUND International GmbH","og_description":"Anlagenbau f\u00fcr problematische Sch\u00fcttg\u00fcter wie Holzsp\u00e4ne, Rinde, Schl\u00e4mme, Futtermittel, chemische Stoffe, Kompost oder Abfallstoffe, St\u00f6rstoffabscheider","og_url":"https:\/\/www.saxlund.de\/kompetenzen\/fertigung\/","og_site_name":"SAXLUND International GmbH","article_modified_time":"2024-04-17T13:07:07+00:00","twitter_card":"summary_large_image","twitter_misc":{"Est. reading time":"1 minute"},"schema":{"@context":"https:\/\/schema.org","@graph":[{"@type":"WebPage","@id":"https:\/\/www.saxlund.de\/kompetenzen\/fertigung\/","url":"https:\/\/www.saxlund.de\/kompetenzen\/fertigung\/","name":"[:de]Fertigung[:en]Manufacturing[:] - SAXLUND International GmbH","isPartOf":{"@id":"https:\/\/www.saxlund.de\/de\/#website"},"datePublished":"2015-01-23T14:13:01+00:00","dateModified":"2024-04-17T13:07:07+00:00","description":"Anlagenbau f\u00fcr problematische Sch\u00fcttg\u00fcter wie Holzsp\u00e4ne, Rinde, Schl\u00e4mme, Futtermittel, chemische Stoffe, Kompost oder Abfallstoffe, St\u00f6rstoffabscheider","breadcrumb":{"@id":"https:\/\/www.saxlund.de\/kompetenzen\/fertigung\/#breadcrumb"},"inLanguage":"en-US","potentialAction":[{"@type":"ReadAction","target":["https:\/\/www.saxlund.de\/kompetenzen\/fertigung\/"]}]},{"@type":"BreadcrumbList","@id":"https:\/\/www.saxlund.de\/kompetenzen\/fertigung\/#breadcrumb","itemListElement":[{"@type":"ListItem","position":1,"name":"Startseite","item":"https:\/\/www.saxlund.de\/"},{"@type":"ListItem","position":2,"name":"Kompetenzen","item":"https:\/\/www.saxlund.de\/kompetenzen\/"},{"@type":"ListItem","position":3,"name":"Fertigung"}]},{"@type":"WebSite","@id":"https:\/\/www.saxlund.de\/de\/#website","url":"https:\/\/www.saxlund.de\/de\/","name":"SAXLUND International GmbH","description":"Innovative solutions for bulk materials handling","publisher":{"@id":"https:\/\/www.saxlund.de\/de\/#organization"},"potentialAction":[{"@type":"SearchAction","target":{"@type":"EntryPoint","urlTemplate":"https:\/\/www.saxlund.de\/de\/?s={search_term_string}"},"query-input":{"@type":"PropertyValueSpecification","valueRequired":true,"valueName":"search_term_string"}}],"inLanguage":"en-US"},{"@type":"Organization","@id":"https:\/\/www.saxlund.de\/de\/#organization","name":"Saxlund International GmbH","url":"https:\/\/www.saxlund.de\/de\/","logo":{"@type":"ImageObject","inLanguage":"en-US","@id":"https:\/\/www.saxlund.de\/de\/#\/schema\/logo\/image\/","url":"https:\/\/www.saxlund.de\/wp-content\/uploads\/2016\/06\/SaxLogo200x100.png","contentUrl":"https:\/\/www.saxlund.de\/wp-content\/uploads\/2016\/06\/SaxLogo200x100.png","width":200,"height":88,"caption":"Saxlund International GmbH"},"image":{"@id":"https:\/\/www.saxlund.de\/de\/#\/schema\/logo\/image\/"}}]}},"_links":{"self":[{"href":"https:\/\/www.saxlund.de\/en\/wp-json\/wp\/v2\/pages\/140","targetHints":{"allow":["GET"]}}],"collection":[{"href":"https:\/\/www.saxlund.de\/en\/wp-json\/wp\/v2\/pages"}],"about":[{"href":"https:\/\/www.saxlund.de\/en\/wp-json\/wp\/v2\/types\/page"}],"author":[{"embeddable":true,"href":"https:\/\/www.saxlund.de\/en\/wp-json\/wp\/v2\/users\/1"}],"replies":[{"embeddable":true,"href":"https:\/\/www.saxlund.de\/en\/wp-json\/wp\/v2\/comments?post=140"}],"version-history":[{"count":1,"href":"https:\/\/www.saxlund.de\/en\/wp-json\/wp\/v2\/pages\/140\/revisions"}],"predecessor-version":[{"id":4222,"href":"https:\/\/www.saxlund.de\/en\/wp-json\/wp\/v2\/pages\/140\/revisions\/4222"}],"up":[{"embeddable":true,"href":"https:\/\/www.saxlund.de\/en\/wp-json\/wp\/v2\/pages\/128"}],"wp:attachment":[{"href":"https:\/\/www.saxlund.de\/en\/wp-json\/wp\/v2\/media?parent=140"}],"curies":[{"name":"wp","href":"https:\/\/api.w.org\/{rel}","templated":true}]}}