{"id":953,"date":"2015-01-29T10:01:50","date_gmt":"2015-01-29T10:01:50","guid":{"rendered":"http:\/\/web.saxlund.de\/?page_id=953"},"modified":"2022-11-29T14:00:29","modified_gmt":"2022-11-29T13:00:29","slug":"foerderschnecken","status":"publish","type":"page","link":"https:\/\/www.saxlund.de\/de\/produkte\/foerderschnecken\/","title":{"rendered":"F\u00f6rderschnecken"},"content":{"rendered":"[vc_row center_row=&#8220;&#8220;][vc_column width=&#8220;2\/3&#8243;][vc_column_text]\n<p class=\"bodytext\">Saxlund verf\u00fcgt \u00fcber ein gro\u00dfes Fachwissen und viel Erfahrung bei der Konstruktion und dem Bau von F\u00f6rderschnecken.<br \/>\nIm Lieferprogramm haben wir vier der wichtigsten Schneckentypen:<\/p>\n<p><strong>Saxlund Standard Schnecke<\/strong><\/p>\n<p>Diese sind mit Schneckenwelle und Vollblatt-Fl\u00fcgeln ausger\u00fcstet. Die Schneckenwelle wird mit Fl\u00fcgeln voll verschwei\u00dft und hat 2 Lager an den Enden. Diese Schnecke gibt es in verschiedenen Varianten und wird in der Regel als Austragsschnecke und f\u00fcr alle allgemeinen Anwendungen bis zu 10 m L\u00e4nge und 1000 mm Durchmesser eingesetzt. Die konstruktive Ausf\u00fchrung der Schnecke ist abh\u00e4ngig vom Sch\u00fcttgut. Auch der Werkstoff f\u00fcr die Schneckenfl\u00fcgel und den Trog wird entsprechend dem Sch\u00fcttgut ausgew\u00e4hlt.<\/p>\n<p class=\"bodytext\"><strong>Wellenlose Schnecken<\/strong><\/p>\n<p>Auch Spiralschnecken genannt sind in der Regel f\u00fcr L\u00e4ngen gr\u00f6\u00dfer als 10m und geeignet. Die F\u00f6rderspirale wird aus speziellem Stahl hergestellt und ist im Trog auf der Kunststoffauskleidung gelagert.<br \/>\nSysteme mit vertikalen Schnecke sind ebenfalls lieferbar.<\/p>\n<p><strong>Band und Paddel Schnecken<\/strong><\/p>\n<p>Diese sind in der Regel f\u00fcr spezielle Einsatzf\u00e4lle konzipiert, in denen das Sch\u00fcttgut sehr klebrig ist und zur Verstopfung neigt. Wir setzen unsere Band Schnecken zum Beispiel als Mischschnecken ein.<\/p>\n<p><strong>Doppel Schnecken<\/strong><\/p>\n<p class=\"bodytext\">Bei diesen Typen befinden sich grunds\u00e4tzlich zwei Schneckenwellen in einem Trog. Wir unterscheiden zwischen k\u00e4mmenden und nicht k\u00e4mmenden Schneckenwellen.<\/p>\n<p>Die k\u00e4mmende Ausf\u00fchrung wird als Vorpre\u00dfschnecke f\u00fcr unsere Feststoffpumpen eingesetzt. Die nicht k\u00e4mmende Variante gibt es mit einseitiger oder beidseitiger Austrags\u00f6ffnung und wird aus Redundanz oder verfahrenstechnischen Gr\u00fcnden eingesetzt.[\/vc_column_text][\/vc_column][vc_column width=&#8220;1\/3&#8243;][vc_single_image image=&#8220;2091&#8243;][vc_column_text][flipbook id=&#8220;35&#8243;][\/vc_column_text][vc_column_text]<a href=\"https:\/\/www.saxlund.de\/wp-content\/uploads\/2018\/03\/Foerderschnecken_v3_web.pdf\" target=\"_blank\" rel=\"noopener noreferrer\">Download<\/a>[\/vc_column_text][\/vc_column][\/vc_row][vc_row][vc_column][rev_slider_vc alias=&#8220;produkteDM&#8220;][\/vc_column][\/vc_row]","protected":false},"excerpt":{"rendered":"<p>[vc_row center_row=&#8220;&#8220;][vc_column width=&#8220;2\/3&#8243;][vc_column_text] Saxlund verf\u00fcgt \u00fcber ein gro\u00dfes Fachwissen und viel Erfahrung bei der Konstruktion und dem Bau von F\u00f6rderschnecken. Im Lieferprogramm haben wir vier der wichtigsten Schneckentypen: Saxlund Standard Schnecke Diese sind mit Schneckenwelle und Vollblatt-Fl\u00fcgeln ausger\u00fcstet. Die Schneckenwelle wird mit Fl\u00fcgeln voll verschwei\u00dft und hat 2 Lager an den Enden. Diese Schnecke gibt&hellip;<\/p>\n","protected":false},"author":1,"featured_media":0,"parent":682,"menu_order":0,"comment_status":"closed","ping_status":"closed","template":"","meta":{"footnotes":""},"class_list":["post-953","page","type-page","status-publish","hentry","entry","no-media"],"yoast_head":"<!-- This site is optimized with the Yoast SEO plugin v25.4 - https:\/\/yoast.com\/wordpress\/plugins\/seo\/ -->\n<title>F\u00f6rderschnecken - SAXLUND International GmbH<\/title>\n<meta name=\"description\" content=\"Anlagenbau f\u00fcr problematische Sch\u00fcttg\u00fcter wie Holzsp\u00e4ne, Rinde, Schl\u00e4mme, Futtermittel, chemische Stoffe, Kompost oder Abfallstoffe, St\u00f6rstoffabscheider\" \/>\n<meta name=\"robots\" content=\"index, follow, max-snippet:-1, max-image-preview:large, max-video-preview:-1\" \/>\n<link rel=\"canonical\" href=\"https:\/\/www.saxlund.de\/produkte\/foerderschnecken\/\" \/>\n<meta property=\"og:locale\" content=\"de_DE\" \/>\n<meta property=\"og:type\" content=\"article\" \/>\n<meta property=\"og:title\" content=\"[:de]F\u00f6rderschnecken[:en]Screw Conveyor[:] - SAXLUND International GmbH\" \/>\n<meta property=\"og:description\" content=\"Anlagenbau f\u00fcr problematische Sch\u00fcttg\u00fcter wie Holzsp\u00e4ne, Rinde, Schl\u00e4mme, Futtermittel, chemische Stoffe, Kompost oder Abfallstoffe, St\u00f6rstoffabscheider\" \/>\n<meta property=\"og:url\" content=\"https:\/\/www.saxlund.de\/produkte\/foerderschnecken\/\" \/>\n<meta property=\"og:site_name\" content=\"SAXLUND International GmbH\" \/>\n<meta property=\"article:modified_time\" content=\"2022-11-29T13:00:29+00:00\" \/>\n<meta name=\"twitter:card\" content=\"summary_large_image\" \/>\n<meta name=\"twitter:label1\" content=\"Gesch\u00e4tzte Lesezeit\" \/>\n\t<meta name=\"twitter:data1\" content=\"2\u00a0Minuten\" \/>\n<script type=\"application\/ld+json\" class=\"yoast-schema-graph\">{\"@context\":\"https:\/\/schema.org\",\"@graph\":[{\"@type\":\"WebPage\",\"@id\":\"https:\/\/www.saxlund.de\/produkte\/foerderschnecken\/\",\"url\":\"https:\/\/www.saxlund.de\/produkte\/foerderschnecken\/\",\"name\":\"[:de]F\u00f6rderschnecken[:en]Screw Conveyor[:] - SAXLUND International GmbH\",\"isPartOf\":{\"@id\":\"https:\/\/www.saxlund.de\/de\/#website\"},\"datePublished\":\"2015-01-29T10:01:50+00:00\",\"dateModified\":\"2022-11-29T13:00:29+00:00\",\"description\":\"Anlagenbau f\u00fcr problematische Sch\u00fcttg\u00fcter wie Holzsp\u00e4ne, Rinde, Schl\u00e4mme, Futtermittel, chemische Stoffe, Kompost oder Abfallstoffe, St\u00f6rstoffabscheider\",\"breadcrumb\":{\"@id\":\"https:\/\/www.saxlund.de\/produkte\/foerderschnecken\/#breadcrumb\"},\"inLanguage\":\"de\",\"potentialAction\":[{\"@type\":\"ReadAction\",\"target\":[\"https:\/\/www.saxlund.de\/produkte\/foerderschnecken\/\"]}]},{\"@type\":\"BreadcrumbList\",\"@id\":\"https:\/\/www.saxlund.de\/produkte\/foerderschnecken\/#breadcrumb\",\"itemListElement\":[{\"@type\":\"ListItem\",\"position\":1,\"name\":\"Startseite\",\"item\":\"https:\/\/www.saxlund.de\/\"},{\"@type\":\"ListItem\",\"position\":2,\"name\":\"Produkte\",\"item\":\"https:\/\/www.saxlund.de\/de\/produkte\/\"},{\"@type\":\"ListItem\",\"position\":3,\"name\":\"F\u00f6rderschnecken\"}]},{\"@type\":\"WebSite\",\"@id\":\"https:\/\/www.saxlund.de\/de\/#website\",\"url\":\"https:\/\/www.saxlund.de\/de\/\",\"name\":\"SAXLUND International GmbH\",\"description\":\"Innovative solutions for bulk materials handling\",\"publisher\":{\"@id\":\"https:\/\/www.saxlund.de\/de\/#organization\"},\"potentialAction\":[{\"@type\":\"SearchAction\",\"target\":{\"@type\":\"EntryPoint\",\"urlTemplate\":\"https:\/\/www.saxlund.de\/de\/?s={search_term_string}\"},\"query-input\":{\"@type\":\"PropertyValueSpecification\",\"valueRequired\":true,\"valueName\":\"search_term_string\"}}],\"inLanguage\":\"de\"},{\"@type\":\"Organization\",\"@id\":\"https:\/\/www.saxlund.de\/de\/#organization\",\"name\":\"Saxlund International GmbH\",\"url\":\"https:\/\/www.saxlund.de\/de\/\",\"logo\":{\"@type\":\"ImageObject\",\"inLanguage\":\"de\",\"@id\":\"https:\/\/www.saxlund.de\/de\/#\/schema\/logo\/image\/\",\"url\":\"https:\/\/www.saxlund.de\/wp-content\/uploads\/2016\/06\/SaxLogo200x100.png\",\"contentUrl\":\"https:\/\/www.saxlund.de\/wp-content\/uploads\/2016\/06\/SaxLogo200x100.png\",\"width\":200,\"height\":88,\"caption\":\"Saxlund International GmbH\"},\"image\":{\"@id\":\"https:\/\/www.saxlund.de\/de\/#\/schema\/logo\/image\/\"}}]}<\/script>\n<!-- \/ Yoast SEO plugin. -->","yoast_head_json":{"title":"[:de]F\u00f6rderschnecken[:en]Screw Conveyor[:] - SAXLUND International GmbH","description":"Anlagenbau f\u00fcr problematische Sch\u00fcttg\u00fcter wie Holzsp\u00e4ne, Rinde, Schl\u00e4mme, Futtermittel, chemische Stoffe, Kompost oder Abfallstoffe, St\u00f6rstoffabscheider","robots":{"index":"index","follow":"follow","max-snippet":"max-snippet:-1","max-image-preview":"max-image-preview:large","max-video-preview":"max-video-preview:-1"},"canonical":"https:\/\/www.saxlund.de\/produkte\/foerderschnecken\/","og_locale":"de_DE","og_type":"article","og_title":"[:de]F\u00f6rderschnecken[:en]Screw Conveyor[:] - SAXLUND International GmbH","og_description":"Anlagenbau f\u00fcr problematische Sch\u00fcttg\u00fcter wie Holzsp\u00e4ne, Rinde, Schl\u00e4mme, Futtermittel, chemische Stoffe, Kompost oder Abfallstoffe, St\u00f6rstoffabscheider","og_url":"https:\/\/www.saxlund.de\/produkte\/foerderschnecken\/","og_site_name":"SAXLUND International GmbH","article_modified_time":"2022-11-29T13:00:29+00:00","twitter_card":"summary_large_image","twitter_misc":{"Gesch\u00e4tzte Lesezeit":"2\u00a0Minuten"},"schema":{"@context":"https:\/\/schema.org","@graph":[{"@type":"WebPage","@id":"https:\/\/www.saxlund.de\/produkte\/foerderschnecken\/","url":"https:\/\/www.saxlund.de\/produkte\/foerderschnecken\/","name":"[:de]F\u00f6rderschnecken[:en]Screw Conveyor[:] - SAXLUND International GmbH","isPartOf":{"@id":"https:\/\/www.saxlund.de\/de\/#website"},"datePublished":"2015-01-29T10:01:50+00:00","dateModified":"2022-11-29T13:00:29+00:00","description":"Anlagenbau f\u00fcr problematische Sch\u00fcttg\u00fcter wie Holzsp\u00e4ne, Rinde, Schl\u00e4mme, Futtermittel, chemische Stoffe, Kompost oder Abfallstoffe, St\u00f6rstoffabscheider","breadcrumb":{"@id":"https:\/\/www.saxlund.de\/produkte\/foerderschnecken\/#breadcrumb"},"inLanguage":"de","potentialAction":[{"@type":"ReadAction","target":["https:\/\/www.saxlund.de\/produkte\/foerderschnecken\/"]}]},{"@type":"BreadcrumbList","@id":"https:\/\/www.saxlund.de\/produkte\/foerderschnecken\/#breadcrumb","itemListElement":[{"@type":"ListItem","position":1,"name":"Startseite","item":"https:\/\/www.saxlund.de\/"},{"@type":"ListItem","position":2,"name":"Produkte","item":"https:\/\/www.saxlund.de\/de\/produkte\/"},{"@type":"ListItem","position":3,"name":"F\u00f6rderschnecken"}]},{"@type":"WebSite","@id":"https:\/\/www.saxlund.de\/de\/#website","url":"https:\/\/www.saxlund.de\/de\/","name":"SAXLUND International GmbH","description":"Innovative solutions for bulk materials handling","publisher":{"@id":"https:\/\/www.saxlund.de\/de\/#organization"},"potentialAction":[{"@type":"SearchAction","target":{"@type":"EntryPoint","urlTemplate":"https:\/\/www.saxlund.de\/de\/?s={search_term_string}"},"query-input":{"@type":"PropertyValueSpecification","valueRequired":true,"valueName":"search_term_string"}}],"inLanguage":"de"},{"@type":"Organization","@id":"https:\/\/www.saxlund.de\/de\/#organization","name":"Saxlund International GmbH","url":"https:\/\/www.saxlund.de\/de\/","logo":{"@type":"ImageObject","inLanguage":"de","@id":"https:\/\/www.saxlund.de\/de\/#\/schema\/logo\/image\/","url":"https:\/\/www.saxlund.de\/wp-content\/uploads\/2016\/06\/SaxLogo200x100.png","contentUrl":"https:\/\/www.saxlund.de\/wp-content\/uploads\/2016\/06\/SaxLogo200x100.png","width":200,"height":88,"caption":"Saxlund International GmbH"},"image":{"@id":"https:\/\/www.saxlund.de\/de\/#\/schema\/logo\/image\/"}}]}},"_links":{"self":[{"href":"https:\/\/www.saxlund.de\/de\/wp-json\/wp\/v2\/pages\/953","targetHints":{"allow":["GET"]}}],"collection":[{"href":"https:\/\/www.saxlund.de\/de\/wp-json\/wp\/v2\/pages"}],"about":[{"href":"https:\/\/www.saxlund.de\/de\/wp-json\/wp\/v2\/types\/page"}],"author":[{"embeddable":true,"href":"https:\/\/www.saxlund.de\/de\/wp-json\/wp\/v2\/users\/1"}],"replies":[{"embeddable":true,"href":"https:\/\/www.saxlund.de\/de\/wp-json\/wp\/v2\/comments?post=953"}],"version-history":[{"count":1,"href":"https:\/\/www.saxlund.de\/de\/wp-json\/wp\/v2\/pages\/953\/revisions"}],"predecessor-version":[{"id":3975,"href":"https:\/\/www.saxlund.de\/de\/wp-json\/wp\/v2\/pages\/953\/revisions\/3975"}],"up":[{"embeddable":true,"href":"https:\/\/www.saxlund.de\/de\/wp-json\/wp\/v2\/pages\/682"}],"wp:attachment":[{"href":"https:\/\/www.saxlund.de\/de\/wp-json\/wp\/v2\/media?parent=953"}],"curies":[{"name":"wp","href":"https:\/\/api.w.org\/{rel}","templated":true}]}}