{"id":905,"date":"2015-01-29T09:09:34","date_gmt":"2015-01-29T09:09:34","guid":{"rendered":"http:\/\/web.saxlund.de\/?page_id=905"},"modified":"2022-12-09T09:50:37","modified_gmt":"2022-12-09T08:50:37","slug":"trogkettenfoerderer","status":"publish","type":"page","link":"https:\/\/www.saxlund.de\/de\/produkte\/trogkettenfoerderer\/","title":{"rendered":"Trogkettenf\u00f6rderer"},"content":{"rendered":"[vc_row center_row=&#8220;&#8220;][vc_column width=&#8220;2\/3&#8243;][vc_column_text]\n<h1>F\u00fcr den direkten Weg<\/h1>\n[\/vc_column_text]<div class=\"vcex-spacing wpex-w-100 wpex-clear\"><\/div>[vc_row_inner][vc_column_inner][vc_column_text]Der SAXLUND International Trogkettenf\u00f6rderer ist ein Stetigf\u00f6rderer mit rechteckigem Querschnitt. Der Aufbau kann waagerecht bis schr\u00e4g erfolgen.[\/vc_column_text][\/vc_column_inner][\/vc_row_inner][vc_column_text]Das Sch\u00fcttgut wird an der Spannstation aufgegeben. Die F\u00f6rderkette l\u00e4uft auf einem verschlei\u00dfarmen Boden und transportiert das Material im Ober- oder Untertrum bis zur Antriebsstation, wo es abgeworfen bzw. an weiterf\u00fchrende F\u00f6rderorgane \u00fcbergeben wird. Die Bauform der F\u00f6rderkette ist auf das jeweilige Sch\u00fcttgut zugeschnitten und wird wie die gesamte Auslegung des F\u00f6rderers auf die Aufgabenstellung hin ausgew\u00e4hlt.<\/p>\n<p>Der Antrieb der F\u00f6rderkette erfolgt \u00fcber eine w\u00e4lzgelagerte Welle mit Kettenstern, die von einem Getriebemotor mit zus\u00e4tzlichem Rollenkettentrieb angetrieben wird. Nach Abwerfen des Sch\u00fcttgutes l\u00e4uft die F\u00f6rderkette leer \u00fcber F\u00fchrungsschienen bis zur Spannstation. Dort wird sie \u00fcber eine Umlenktrommel wieder in F\u00f6rderrichtung umgelenkt. Diese Trommel ist in einem federbelasteten Schlitten w\u00e4lzgelagert. Die Federn sind beidseitig angeordnet und k\u00f6nnen mittels Gewindestangen vorgespannt werden. Zur Stillstands\u00fcberwachung ist an der Umlenktrommel ein Sensor installiert.<\/p>\n[\/vc_column_text]<div class=\"vcex-spacing wpex-w-100 wpex-clear\"><\/div>[vc_column_text]\n<h1>Sind lieferbar in<\/h1>\n[\/vc_column_text][vc_column_text]\n<p class=\"bodytext\">allen gew\u00fcnschten Materialqualit\u00e4ten:<\/p>\n<ul>\n<li>aus Einsatz- und Verg\u00fctungsst\u00e4hlen<\/li>\n<li>aus rost- und s\u00e4urebest\u00e4ndigen St\u00e4hlen<\/li>\n<li>aus hitze- und hochhitzebest\u00e4ndigen St\u00e4hlen<\/li>\n<\/ul>\n<p class=\"bodytext\">f\u00fcr alle nur denkbaren F\u00f6rdermedien.<\/p>\n<h4><\/h4>\n[\/vc_column_text][\/vc_column][vc_column width=&#8220;1\/3&#8243;][vc_single_image image=&#8220;2075&#8243;][vc_column_text][flipbook id=&#8220;46&#8243;][\/vc_column_text][vc_column_text]<a href=\"https:\/\/www.saxlund.de\/wp-content\/uploads\/2018\/03\/Trogkettenfoerderer_v3_web.pdf\" target=\"_blank\" rel=\"noopener noreferrer\">Download<\/a>[\/vc_column_text][\/vc_column][\/vc_row]","protected":false},"excerpt":{"rendered":"<p>[vc_row center_row=&#8220;&#8220;][vc_column width=&#8220;2\/3&#8243;][vc_column_text] F\u00fcr den direkten Weg [\/vc_column_text][vc_row_inner][vc_column_inner][vc_column_text]Der SAXLUND International Trogkettenf\u00f6rderer ist ein Stetigf\u00f6rderer mit rechteckigem Querschnitt. Der Aufbau kann waagerecht bis schr\u00e4g erfolgen.[\/vc_column_text][\/vc_column_inner][\/vc_row_inner][vc_column_text]Das Sch\u00fcttgut wird an der Spannstation aufgegeben. Die F\u00f6rderkette l\u00e4uft auf einem verschlei\u00dfarmen Boden und transportiert das Material im Ober- oder Untertrum bis zur Antriebsstation, wo es abgeworfen bzw. an weiterf\u00fchrende F\u00f6rderorgane&hellip;<\/p>\n","protected":false},"author":1,"featured_media":0,"parent":682,"menu_order":0,"comment_status":"closed","ping_status":"closed","template":"","meta":{"footnotes":""},"class_list":["post-905","page","type-page","status-publish","hentry","entry","no-media"],"yoast_head":"<!-- This site is optimized with the Yoast SEO plugin v25.4 - https:\/\/yoast.com\/wordpress\/plugins\/seo\/ -->\n<title>Trogkettenf\u00f6rderer - SAXLUND International GmbH<\/title>\n<meta name=\"description\" content=\"Anlagenbau f\u00fcr problematische Sch\u00fcttg\u00fcter wie Holzsp\u00e4ne, Rinde, Schl\u00e4mme, Futtermittel, chemische Stoffe, Kompost oder Abfallstoffe, St\u00f6rstoffabscheider\" \/>\n<meta name=\"robots\" content=\"index, follow, max-snippet:-1, max-image-preview:large, max-video-preview:-1\" \/>\n<link rel=\"canonical\" href=\"https:\/\/www.saxlund.de\/produkte\/trogkettenfoerderer\/\" \/>\n<meta property=\"og:locale\" content=\"de_DE\" \/>\n<meta property=\"og:type\" content=\"article\" \/>\n<meta property=\"og:title\" content=\"[:de]Trogkettenf\u00f6rderer[:en]Chain Conveyor[:] - SAXLUND International GmbH\" \/>\n<meta property=\"og:description\" content=\"Anlagenbau f\u00fcr problematische Sch\u00fcttg\u00fcter wie Holzsp\u00e4ne, Rinde, Schl\u00e4mme, Futtermittel, chemische Stoffe, Kompost oder Abfallstoffe, St\u00f6rstoffabscheider\" \/>\n<meta property=\"og:url\" content=\"https:\/\/www.saxlund.de\/produkte\/trogkettenfoerderer\/\" \/>\n<meta property=\"og:site_name\" content=\"SAXLUND International GmbH\" \/>\n<meta property=\"article:modified_time\" content=\"2022-12-09T08:50:37+00:00\" \/>\n<meta name=\"twitter:card\" content=\"summary_large_image\" \/>\n<meta name=\"twitter:label1\" content=\"Gesch\u00e4tzte Lesezeit\" \/>\n\t<meta name=\"twitter:data1\" content=\"2\u00a0Minuten\" \/>\n<script type=\"application\/ld+json\" class=\"yoast-schema-graph\">{\"@context\":\"https:\/\/schema.org\",\"@graph\":[{\"@type\":\"WebPage\",\"@id\":\"https:\/\/www.saxlund.de\/produkte\/trogkettenfoerderer\/\",\"url\":\"https:\/\/www.saxlund.de\/produkte\/trogkettenfoerderer\/\",\"name\":\"[:de]Trogkettenf\u00f6rderer[:en]Chain Conveyor[:] - SAXLUND International GmbH\",\"isPartOf\":{\"@id\":\"https:\/\/www.saxlund.de\/de\/#website\"},\"datePublished\":\"2015-01-29T09:09:34+00:00\",\"dateModified\":\"2022-12-09T08:50:37+00:00\",\"description\":\"Anlagenbau f\u00fcr problematische Sch\u00fcttg\u00fcter wie Holzsp\u00e4ne, Rinde, Schl\u00e4mme, Futtermittel, chemische Stoffe, Kompost oder Abfallstoffe, St\u00f6rstoffabscheider\",\"breadcrumb\":{\"@id\":\"https:\/\/www.saxlund.de\/produkte\/trogkettenfoerderer\/#breadcrumb\"},\"inLanguage\":\"de\",\"potentialAction\":[{\"@type\":\"ReadAction\",\"target\":[\"https:\/\/www.saxlund.de\/produkte\/trogkettenfoerderer\/\"]}]},{\"@type\":\"BreadcrumbList\",\"@id\":\"https:\/\/www.saxlund.de\/produkte\/trogkettenfoerderer\/#breadcrumb\",\"itemListElement\":[{\"@type\":\"ListItem\",\"position\":1,\"name\":\"Startseite\",\"item\":\"https:\/\/www.saxlund.de\/\"},{\"@type\":\"ListItem\",\"position\":2,\"name\":\"Produkte\",\"item\":\"https:\/\/www.saxlund.de\/de\/produkte\/\"},{\"@type\":\"ListItem\",\"position\":3,\"name\":\"Trogkettenf\u00f6rderer\"}]},{\"@type\":\"WebSite\",\"@id\":\"https:\/\/www.saxlund.de\/de\/#website\",\"url\":\"https:\/\/www.saxlund.de\/de\/\",\"name\":\"SAXLUND International GmbH\",\"description\":\"Innovative solutions for bulk materials handling\",\"publisher\":{\"@id\":\"https:\/\/www.saxlund.de\/de\/#organization\"},\"potentialAction\":[{\"@type\":\"SearchAction\",\"target\":{\"@type\":\"EntryPoint\",\"urlTemplate\":\"https:\/\/www.saxlund.de\/de\/?s={search_term_string}\"},\"query-input\":{\"@type\":\"PropertyValueSpecification\",\"valueRequired\":true,\"valueName\":\"search_term_string\"}}],\"inLanguage\":\"de\"},{\"@type\":\"Organization\",\"@id\":\"https:\/\/www.saxlund.de\/de\/#organization\",\"name\":\"Saxlund International GmbH\",\"url\":\"https:\/\/www.saxlund.de\/de\/\",\"logo\":{\"@type\":\"ImageObject\",\"inLanguage\":\"de\",\"@id\":\"https:\/\/www.saxlund.de\/de\/#\/schema\/logo\/image\/\",\"url\":\"https:\/\/www.saxlund.de\/wp-content\/uploads\/2016\/06\/SaxLogo200x100.png\",\"contentUrl\":\"https:\/\/www.saxlund.de\/wp-content\/uploads\/2016\/06\/SaxLogo200x100.png\",\"width\":200,\"height\":88,\"caption\":\"Saxlund International GmbH\"},\"image\":{\"@id\":\"https:\/\/www.saxlund.de\/de\/#\/schema\/logo\/image\/\"}}]}<\/script>\n<!-- \/ Yoast SEO plugin. -->","yoast_head_json":{"title":"[:de]Trogkettenf\u00f6rderer[:en]Chain Conveyor[:] - SAXLUND International GmbH","description":"Anlagenbau f\u00fcr problematische Sch\u00fcttg\u00fcter wie Holzsp\u00e4ne, Rinde, Schl\u00e4mme, Futtermittel, chemische Stoffe, Kompost oder Abfallstoffe, St\u00f6rstoffabscheider","robots":{"index":"index","follow":"follow","max-snippet":"max-snippet:-1","max-image-preview":"max-image-preview:large","max-video-preview":"max-video-preview:-1"},"canonical":"https:\/\/www.saxlund.de\/produkte\/trogkettenfoerderer\/","og_locale":"de_DE","og_type":"article","og_title":"[:de]Trogkettenf\u00f6rderer[:en]Chain Conveyor[:] - SAXLUND International GmbH","og_description":"Anlagenbau f\u00fcr problematische Sch\u00fcttg\u00fcter wie Holzsp\u00e4ne, Rinde, Schl\u00e4mme, Futtermittel, chemische Stoffe, Kompost oder Abfallstoffe, St\u00f6rstoffabscheider","og_url":"https:\/\/www.saxlund.de\/produkte\/trogkettenfoerderer\/","og_site_name":"SAXLUND International GmbH","article_modified_time":"2022-12-09T08:50:37+00:00","twitter_card":"summary_large_image","twitter_misc":{"Gesch\u00e4tzte Lesezeit":"2\u00a0Minuten"},"schema":{"@context":"https:\/\/schema.org","@graph":[{"@type":"WebPage","@id":"https:\/\/www.saxlund.de\/produkte\/trogkettenfoerderer\/","url":"https:\/\/www.saxlund.de\/produkte\/trogkettenfoerderer\/","name":"[:de]Trogkettenf\u00f6rderer[:en]Chain Conveyor[:] - SAXLUND International GmbH","isPartOf":{"@id":"https:\/\/www.saxlund.de\/de\/#website"},"datePublished":"2015-01-29T09:09:34+00:00","dateModified":"2022-12-09T08:50:37+00:00","description":"Anlagenbau f\u00fcr problematische Sch\u00fcttg\u00fcter wie Holzsp\u00e4ne, Rinde, Schl\u00e4mme, Futtermittel, chemische Stoffe, Kompost oder Abfallstoffe, St\u00f6rstoffabscheider","breadcrumb":{"@id":"https:\/\/www.saxlund.de\/produkte\/trogkettenfoerderer\/#breadcrumb"},"inLanguage":"de","potentialAction":[{"@type":"ReadAction","target":["https:\/\/www.saxlund.de\/produkte\/trogkettenfoerderer\/"]}]},{"@type":"BreadcrumbList","@id":"https:\/\/www.saxlund.de\/produkte\/trogkettenfoerderer\/#breadcrumb","itemListElement":[{"@type":"ListItem","position":1,"name":"Startseite","item":"https:\/\/www.saxlund.de\/"},{"@type":"ListItem","position":2,"name":"Produkte","item":"https:\/\/www.saxlund.de\/de\/produkte\/"},{"@type":"ListItem","position":3,"name":"Trogkettenf\u00f6rderer"}]},{"@type":"WebSite","@id":"https:\/\/www.saxlund.de\/de\/#website","url":"https:\/\/www.saxlund.de\/de\/","name":"SAXLUND International GmbH","description":"Innovative solutions for bulk materials handling","publisher":{"@id":"https:\/\/www.saxlund.de\/de\/#organization"},"potentialAction":[{"@type":"SearchAction","target":{"@type":"EntryPoint","urlTemplate":"https:\/\/www.saxlund.de\/de\/?s={search_term_string}"},"query-input":{"@type":"PropertyValueSpecification","valueRequired":true,"valueName":"search_term_string"}}],"inLanguage":"de"},{"@type":"Organization","@id":"https:\/\/www.saxlund.de\/de\/#organization","name":"Saxlund International GmbH","url":"https:\/\/www.saxlund.de\/de\/","logo":{"@type":"ImageObject","inLanguage":"de","@id":"https:\/\/www.saxlund.de\/de\/#\/schema\/logo\/image\/","url":"https:\/\/www.saxlund.de\/wp-content\/uploads\/2016\/06\/SaxLogo200x100.png","contentUrl":"https:\/\/www.saxlund.de\/wp-content\/uploads\/2016\/06\/SaxLogo200x100.png","width":200,"height":88,"caption":"Saxlund International GmbH"},"image":{"@id":"https:\/\/www.saxlund.de\/de\/#\/schema\/logo\/image\/"}}]}},"_links":{"self":[{"href":"https:\/\/www.saxlund.de\/de\/wp-json\/wp\/v2\/pages\/905","targetHints":{"allow":["GET"]}}],"collection":[{"href":"https:\/\/www.saxlund.de\/de\/wp-json\/wp\/v2\/pages"}],"about":[{"href":"https:\/\/www.saxlund.de\/de\/wp-json\/wp\/v2\/types\/page"}],"author":[{"embeddable":true,"href":"https:\/\/www.saxlund.de\/de\/wp-json\/wp\/v2\/users\/1"}],"replies":[{"embeddable":true,"href":"https:\/\/www.saxlund.de\/de\/wp-json\/wp\/v2\/comments?post=905"}],"version-history":[{"count":1,"href":"https:\/\/www.saxlund.de\/de\/wp-json\/wp\/v2\/pages\/905\/revisions"}],"predecessor-version":[{"id":3982,"href":"https:\/\/www.saxlund.de\/de\/wp-json\/wp\/v2\/pages\/905\/revisions\/3982"}],"up":[{"embeddable":true,"href":"https:\/\/www.saxlund.de\/de\/wp-json\/wp\/v2\/pages\/682"}],"wp:attachment":[{"href":"https:\/\/www.saxlund.de\/de\/wp-json\/wp\/v2\/media?parent=905"}],"curies":[{"name":"wp","href":"https:\/\/api.w.org\/{rel}","templated":true}]}}