{"id":86,"date":"2015-01-23T12:09:22","date_gmt":"2015-01-23T12:09:22","guid":{"rendered":"http:\/\/web.saxlund.de\/?page_id=86"},"modified":"2026-03-11T08:24:16","modified_gmt":"2026-03-11T07:24:16","slug":"historie","status":"publish","type":"page","link":"https:\/\/www.saxlund.de\/de\/unternehmen\/historie\/","title":{"rendered":"Historie"},"content":{"rendered":"[vc_row][vc_column width=&#8220;7\/12&#8243;][vc_column_text]\n<div class=\"csc-header csc-header-n1\">\n<h1 class=\"csc-firstHeader\"><span style=\"color: #000000;\">Innovationen, die Geschichte machten<\/span><\/h1>\n<p>Saxlund wurde 1947 von Herrn Oddmund Saxlund in Norwegen gegr\u00fcndet und spezialisierte sich auf Austragsvorrichtungen f\u00fcr verschiedene Arten von Holzschnitzel.<\/p>\n<\/div>\n<div class=\"csc-textpic-text\">\n<p class=\"bodytext\"><span style=\"color: #000000;\">\u00a0<\/span><\/p>\n<\/div>\n[\/vc_column_text][vc_column_text]\n<ul>\n<li>1955 erstes Patent f\u00fcr Rotor Austragssysteme angemeldet<\/li>\n<li>1958 Firmengr\u00fcndung der Saxlund AB in V\u00e4sterhaninge, Schweden<\/li>\n<li>1964 Firmengr\u00fcndung der Saxlund KG in Soltau<\/li>\n<li>1972 Entwicklung des Saxlund \u2013 Schubbodens mit weltweiter Patentanmeldung<\/li>\n<li>1977 Entwicklung des Saxlund \u2013 Gleitrahmens mit weltweiter Patentanmeldung<\/li>\n<li>1985 Gro\u00dfen Eignungsnachweis nach DIN 18800 erhalten<\/li>\n<li>1989 Saxlund \u2013 Feststoffpumpe zur Kl\u00e4rschlammf\u00f6rderung entwickelt<\/li>\n<li>1992 Saxlund installierte die weltweit erste 50 m\u00b3\/h Kolbenpumpe f\u00fcr Schlamm in den Niederlanden<\/li>\n<li>1992 Saxlund \u2013 Verteilstation entwickelt und 1999 zum Patent angemeldet<\/li>\n<li>1994 Saxlund \u2013 geteilte Gleitrahmen entwickelt und zum Patent angemeldet<\/li>\n<li>1995 Zertifizierung der Saxlund International GmbH nach DIN EN ISO 9001<\/li>\n<li>1996 Einweihung des neuen Firmengeb\u00e4udes in Soltau<\/li>\n<li>1998 Firmengr\u00fcndung der Saxlund International Ltd. in Southampton, Gro\u00dfbritannien<\/li>\n<li>1998 Firmengr\u00fcndung der Saxlund International Corporation in Hyden Lake, Idaho, U.S.A.<\/li>\n<li>2000 Saxlund Drehrohrverteiler entwickelt und zum Patent angemeldet<\/li>\n<li>2000 St\u00f6\u00dfelsystem f\u00fcr Saxlund-Schubboden entwickelt und zum Patent angemeldet<\/li>\n<li>2004 Saxlund Duplex Feststoffpumpe entwickelt und auf den Markt gebracht<\/li>\n<li>2006 Zertifizierung von Saxlund Produkten f\u00fcr den Betrieb in ATEX Zone 21<\/li>\n<li>2006 Ausbau des Konformit\u00e4tsbewertungsverfahren zur Einhaltung der aktuellen Normen und Richtlinien<\/li>\n<li>2007 Saxlund Docking Station f\u00fcr Walking Floor Fahrzeuge entwickelt<\/li>\n<li>2008 Saxlund f\u00fchrt State of the Art 3D Planungssoftware und Datenmanagement Systeme ein<\/li>\n<li>2012 Optimierung der verfahrenstechnischen Planung durch Einf\u00fchrung eines Lifecycle-Management Systems<\/li>\n<li>2013 Saxlund erweitert die Zubeh\u00f6rpalette f\u00fcr Feststoffpumpen um ein Eckventil f\u00fcr beengte Platzverh\u00e4ltnisse<\/li>\n<li>2014 Saxlund feiert 50-j\u00e4hriges Betriebsjubil\u00e4um Saxlund International GmbH Deutschland<\/li>\n<li>2014 Professioneller Ausbau des After Sales<\/li>\n<li>2015 60 Jahre Erfahrung in der SAXLUND Gruppe<\/li>\n<li>2016 Saxlund tritt als EPC Kontraktor auf (Engineering, Procurement and Construction)<\/li>\n<li>2017 Saxlund erh\u00e4lt die CITB Zulassung SSSTS und SMSTS um Baustellen in England zu leiten<\/li>\n<li>2018 Atex Zertifizierung f\u00fcr hybride Gemische nach aktuellen Normen und Richtlinien<\/li>\n<li>2019 Saxlund bereitet sich auf Industrie 4.0 vor<\/li>\n<\/ul>\n[\/vc_column_text][vc_column_text]<span style=\"color: #000000;\">Die Saxlund International Gruppe ist eine der f\u00fchrenden Anbieter f\u00fcr Projektierung und Herstellung von F\u00f6rdersystemen und Anlagen f\u00fcr problematische Sch\u00fcttg\u00fcter.<\/span><\/p>\n<p><span style=\"color: #000000;\">Durch die erarbeitete Position z\u00e4hlt das Unternehmen heute zu den f\u00fchrenden Anbietern auf dem Weltmarkt. Es gibt praktisch kein Land, in dem keine Anlage von\u00a0 Saxlund International installiert ist. Weltweit sind rund 3000 Anlagen in Betrieb.<\/span>[\/vc_column_text][\/vc_column][vc_column width=&#8220;5\/12&#8243;][vc_single_image image=&#8220;1535&#8243; style=&#8220;vc_box_shadow_3d&#8220; onclick=&#8220;link_image&#8220;][\/vc_column][\/vc_row]","protected":false},"excerpt":{"rendered":"<p>[vc_row][vc_column width=&#8220;7\/12&#8243;][vc_column_text] Innovationen, die Geschichte machten Saxlund wurde 1947 von Herrn Oddmund Saxlund in Norwegen gegr\u00fcndet und spezialisierte sich auf Austragsvorrichtungen f\u00fcr verschiedene Arten von Holzschnitzel. \u00a0 [\/vc_column_text][vc_column_text] 1955 erstes Patent f\u00fcr Rotor Austragssysteme angemeldet 1958 Firmengr\u00fcndung der Saxlund AB in V\u00e4sterhaninge, Schweden 1964 Firmengr\u00fcndung der Saxlund KG in Soltau 1972 Entwicklung des Saxlund \u2013&hellip;<\/p>\n","protected":false},"author":1,"featured_media":0,"parent":78,"menu_order":0,"comment_status":"closed","ping_status":"closed","template":"","meta":{"footnotes":""},"class_list":["post-86","page","type-page","status-publish","hentry","entry","no-media"],"yoast_head":"<!-- This site is optimized with the Yoast SEO plugin v25.4 - https:\/\/yoast.com\/wordpress\/plugins\/seo\/ -->\n<title>Historie - SAXLUND International GmbH<\/title>\n<meta name=\"description\" content=\"Anlagenbau f\u00fcr problematische Sch\u00fcttg\u00fcter wie Holzsp\u00e4ne, Rinde, Schl\u00e4mme, Futtermittel, chemische Stoffe, Kompost oder Abfallstoffe, St\u00f6rstoffabscheider\" \/>\n<meta name=\"robots\" content=\"index, follow, max-snippet:-1, max-image-preview:large, max-video-preview:-1\" \/>\n<link rel=\"canonical\" href=\"https:\/\/www.saxlund.de\/unternehmen\/historie\/\" \/>\n<meta property=\"og:locale\" content=\"de_DE\" \/>\n<meta property=\"og:type\" content=\"article\" \/>\n<meta property=\"og:title\" content=\"[:de]Historie[:en]History[:] - SAXLUND International GmbH\" \/>\n<meta property=\"og:description\" content=\"Anlagenbau f\u00fcr problematische Sch\u00fcttg\u00fcter wie Holzsp\u00e4ne, Rinde, Schl\u00e4mme, Futtermittel, chemische Stoffe, Kompost oder Abfallstoffe, St\u00f6rstoffabscheider\" \/>\n<meta property=\"og:url\" content=\"https:\/\/www.saxlund.de\/unternehmen\/historie\/\" \/>\n<meta property=\"og:site_name\" content=\"SAXLUND International GmbH\" \/>\n<meta property=\"article:modified_time\" content=\"2026-03-11T07:24:16+00:00\" \/>\n<meta name=\"twitter:card\" content=\"summary_large_image\" \/>\n<meta name=\"twitter:label1\" content=\"Gesch\u00e4tzte Lesezeit\" \/>\n\t<meta name=\"twitter:data1\" content=\"3\u00a0Minuten\" \/>\n<script type=\"application\/ld+json\" class=\"yoast-schema-graph\">{\"@context\":\"https:\/\/schema.org\",\"@graph\":[{\"@type\":\"WebPage\",\"@id\":\"https:\/\/www.saxlund.de\/unternehmen\/historie\/\",\"url\":\"https:\/\/www.saxlund.de\/unternehmen\/historie\/\",\"name\":\"[:de]Historie[:en]History[:] - SAXLUND International GmbH\",\"isPartOf\":{\"@id\":\"https:\/\/www.saxlund.de\/de\/#website\"},\"datePublished\":\"2015-01-23T12:09:22+00:00\",\"dateModified\":\"2026-03-11T07:24:16+00:00\",\"description\":\"Anlagenbau f\u00fcr problematische Sch\u00fcttg\u00fcter wie Holzsp\u00e4ne, Rinde, Schl\u00e4mme, Futtermittel, chemische Stoffe, Kompost oder Abfallstoffe, St\u00f6rstoffabscheider\",\"breadcrumb\":{\"@id\":\"https:\/\/www.saxlund.de\/unternehmen\/historie\/#breadcrumb\"},\"inLanguage\":\"de\",\"potentialAction\":[{\"@type\":\"ReadAction\",\"target\":[\"https:\/\/www.saxlund.de\/unternehmen\/historie\/\"]}]},{\"@type\":\"BreadcrumbList\",\"@id\":\"https:\/\/www.saxlund.de\/unternehmen\/historie\/#breadcrumb\",\"itemListElement\":[{\"@type\":\"ListItem\",\"position\":1,\"name\":\"Startseite\",\"item\":\"https:\/\/www.saxlund.de\/\"},{\"@type\":\"ListItem\",\"position\":2,\"name\":\"Company\",\"item\":\"https:\/\/www.saxlund.de\/unternehmen\/\"},{\"@type\":\"ListItem\",\"position\":3,\"name\":\"Historie\"}]},{\"@type\":\"WebSite\",\"@id\":\"https:\/\/www.saxlund.de\/de\/#website\",\"url\":\"https:\/\/www.saxlund.de\/de\/\",\"name\":\"SAXLUND International GmbH\",\"description\":\"Innovative solutions for bulk materials handling\",\"publisher\":{\"@id\":\"https:\/\/www.saxlund.de\/de\/#organization\"},\"potentialAction\":[{\"@type\":\"SearchAction\",\"target\":{\"@type\":\"EntryPoint\",\"urlTemplate\":\"https:\/\/www.saxlund.de\/de\/?s={search_term_string}\"},\"query-input\":{\"@type\":\"PropertyValueSpecification\",\"valueRequired\":true,\"valueName\":\"search_term_string\"}}],\"inLanguage\":\"de\"},{\"@type\":\"Organization\",\"@id\":\"https:\/\/www.saxlund.de\/de\/#organization\",\"name\":\"Saxlund International GmbH\",\"url\":\"https:\/\/www.saxlund.de\/de\/\",\"logo\":{\"@type\":\"ImageObject\",\"inLanguage\":\"de\",\"@id\":\"https:\/\/www.saxlund.de\/de\/#\/schema\/logo\/image\/\",\"url\":\"https:\/\/www.saxlund.de\/wp-content\/uploads\/2016\/06\/SaxLogo200x100.png\",\"contentUrl\":\"https:\/\/www.saxlund.de\/wp-content\/uploads\/2016\/06\/SaxLogo200x100.png\",\"width\":200,\"height\":88,\"caption\":\"Saxlund International GmbH\"},\"image\":{\"@id\":\"https:\/\/www.saxlund.de\/de\/#\/schema\/logo\/image\/\"}}]}<\/script>\n<!-- \/ Yoast SEO plugin. -->","yoast_head_json":{"title":"[:de]Historie[:en]History[:] - SAXLUND International GmbH","description":"Anlagenbau f\u00fcr problematische Sch\u00fcttg\u00fcter wie Holzsp\u00e4ne, Rinde, Schl\u00e4mme, Futtermittel, chemische Stoffe, Kompost oder Abfallstoffe, St\u00f6rstoffabscheider","robots":{"index":"index","follow":"follow","max-snippet":"max-snippet:-1","max-image-preview":"max-image-preview:large","max-video-preview":"max-video-preview:-1"},"canonical":"https:\/\/www.saxlund.de\/unternehmen\/historie\/","og_locale":"de_DE","og_type":"article","og_title":"[:de]Historie[:en]History[:] - SAXLUND International GmbH","og_description":"Anlagenbau f\u00fcr problematische Sch\u00fcttg\u00fcter wie Holzsp\u00e4ne, Rinde, Schl\u00e4mme, Futtermittel, chemische Stoffe, Kompost oder Abfallstoffe, St\u00f6rstoffabscheider","og_url":"https:\/\/www.saxlund.de\/unternehmen\/historie\/","og_site_name":"SAXLUND International GmbH","article_modified_time":"2026-03-11T07:24:16+00:00","twitter_card":"summary_large_image","twitter_misc":{"Gesch\u00e4tzte Lesezeit":"3\u00a0Minuten"},"schema":{"@context":"https:\/\/schema.org","@graph":[{"@type":"WebPage","@id":"https:\/\/www.saxlund.de\/unternehmen\/historie\/","url":"https:\/\/www.saxlund.de\/unternehmen\/historie\/","name":"[:de]Historie[:en]History[:] - SAXLUND International GmbH","isPartOf":{"@id":"https:\/\/www.saxlund.de\/de\/#website"},"datePublished":"2015-01-23T12:09:22+00:00","dateModified":"2026-03-11T07:24:16+00:00","description":"Anlagenbau f\u00fcr problematische Sch\u00fcttg\u00fcter wie Holzsp\u00e4ne, Rinde, Schl\u00e4mme, Futtermittel, chemische Stoffe, Kompost oder Abfallstoffe, St\u00f6rstoffabscheider","breadcrumb":{"@id":"https:\/\/www.saxlund.de\/unternehmen\/historie\/#breadcrumb"},"inLanguage":"de","potentialAction":[{"@type":"ReadAction","target":["https:\/\/www.saxlund.de\/unternehmen\/historie\/"]}]},{"@type":"BreadcrumbList","@id":"https:\/\/www.saxlund.de\/unternehmen\/historie\/#breadcrumb","itemListElement":[{"@type":"ListItem","position":1,"name":"Startseite","item":"https:\/\/www.saxlund.de\/"},{"@type":"ListItem","position":2,"name":"Company","item":"https:\/\/www.saxlund.de\/unternehmen\/"},{"@type":"ListItem","position":3,"name":"Historie"}]},{"@type":"WebSite","@id":"https:\/\/www.saxlund.de\/de\/#website","url":"https:\/\/www.saxlund.de\/de\/","name":"SAXLUND International GmbH","description":"Innovative solutions for bulk materials handling","publisher":{"@id":"https:\/\/www.saxlund.de\/de\/#organization"},"potentialAction":[{"@type":"SearchAction","target":{"@type":"EntryPoint","urlTemplate":"https:\/\/www.saxlund.de\/de\/?s={search_term_string}"},"query-input":{"@type":"PropertyValueSpecification","valueRequired":true,"valueName":"search_term_string"}}],"inLanguage":"de"},{"@type":"Organization","@id":"https:\/\/www.saxlund.de\/de\/#organization","name":"Saxlund International GmbH","url":"https:\/\/www.saxlund.de\/de\/","logo":{"@type":"ImageObject","inLanguage":"de","@id":"https:\/\/www.saxlund.de\/de\/#\/schema\/logo\/image\/","url":"https:\/\/www.saxlund.de\/wp-content\/uploads\/2016\/06\/SaxLogo200x100.png","contentUrl":"https:\/\/www.saxlund.de\/wp-content\/uploads\/2016\/06\/SaxLogo200x100.png","width":200,"height":88,"caption":"Saxlund International GmbH"},"image":{"@id":"https:\/\/www.saxlund.de\/de\/#\/schema\/logo\/image\/"}}]}},"_links":{"self":[{"href":"https:\/\/www.saxlund.de\/de\/wp-json\/wp\/v2\/pages\/86","targetHints":{"allow":["GET"]}}],"collection":[{"href":"https:\/\/www.saxlund.de\/de\/wp-json\/wp\/v2\/pages"}],"about":[{"href":"https:\/\/www.saxlund.de\/de\/wp-json\/wp\/v2\/types\/page"}],"author":[{"embeddable":true,"href":"https:\/\/www.saxlund.de\/de\/wp-json\/wp\/v2\/users\/1"}],"replies":[{"embeddable":true,"href":"https:\/\/www.saxlund.de\/de\/wp-json\/wp\/v2\/comments?post=86"}],"version-history":[{"count":8,"href":"https:\/\/www.saxlund.de\/de\/wp-json\/wp\/v2\/pages\/86\/revisions"}],"predecessor-version":[{"id":4352,"href":"https:\/\/www.saxlund.de\/de\/wp-json\/wp\/v2\/pages\/86\/revisions\/4352"}],"up":[{"embeddable":true,"href":"https:\/\/www.saxlund.de\/de\/wp-json\/wp\/v2\/pages\/78"}],"wp:attachment":[{"href":"https:\/\/www.saxlund.de\/de\/wp-json\/wp\/v2\/media?parent=86"}],"curies":[{"name":"wp","href":"https:\/\/api.w.org\/{rel}","templated":true}]}}