{"id":828,"date":"2015-01-29T07:29:37","date_gmt":"2015-01-29T07:29:37","guid":{"rendered":"http:\/\/web.saxlund.de\/?page_id=828"},"modified":"2022-12-09T09:49:27","modified_gmt":"2022-12-09T08:49:27","slug":"hydraulik-rotoren","status":"publish","type":"page","link":"https:\/\/www.saxlund.de\/de\/produkte\/hydraulik-rotoren\/","title":{"rendered":"Rotore"},"content":{"rendered":"[vc_row center_row=&#8220;&#8220;][vc_column width=&#8220;2\/3&#8243;][vc_column_text]\n<h1>Optimale Austragsvorrichtung f\u00fcr schwerflie\u00dfende und leichte Sch\u00fcttg\u00fcter<\/h1>\n[\/vc_column_text]<div class=\"vcex-spacing wpex-w-100 wpex-clear\"><\/div>[vc_row_inner][vc_column_inner][vc_column_text]Das Rotor-Austragssystem wurde von Saxlund erfunden und 1955 Patentiert. Weltweit sind mehrere Hundert dieser Systeme im Einsatz und zeichnen sich durch h\u00f6chste Funktionssicherheit und Verf\u00fcgbarkeit aus.[\/vc_column_text][\/vc_column_inner][\/vc_row_inner][vc_column_text]\n<h2 class=\"bodytext\">Das Rotor-Austragssystem bietet folgende Vorteile:<\/h2>\n<ul>\n<li class=\"bodytext\">Platzsparender Einbau<\/li>\n<li class=\"bodytext\">Freie Anordnungsm\u00f6glichkeit der Austragsschnecken<\/li>\n<li class=\"bodytext\">Besonders geeignet auch f\u00fcr leichte Sch\u00fcttg\u00fcter wie z.B. MDF-Fasern<\/li>\n<li class=\"bodytext\">In Kombination mit Entlastungskeilen an den Silow\u00e4nden sehr gut geeignet f\u00fcr alle Arten von Holzsp\u00e4nen und Materialien mit vergleichbarem Lager- und Flie\u00dfeigenschaften<\/li>\n<\/ul>\n[\/vc_column_text][\/vc_column][vc_column width=&#8220;1\/3&#8243;][vc_single_image image=&#8220;2070&#8243; alignment=&#8220;center&#8220;][\/vc_column][\/vc_row][vc_row full_width=&#8220;stretch_row&#8220; css=&#8220;.vc_custom_1523265002870{background-color: #004c87 !important;}&#8220;][vc_column][vc_column_text]\n<h1><\/h1>\n<h1 style=\"text-align: center;\"><span style=\"color: #f0f0f0;\">Hydraulisches Rotorsystem f\u00fcr Schwerflie\u00dfende Materialien mit hydraulischer Kraftregulierung der Massiv-Stahl Rotorarme<\/span><\/h1>\n<h1 style=\"text-align: center;\"><span style=\"color: #f0f0f0;\">&#8211; Dank der patentierten Saxlund Konstruktion kann kein Hydraulik\u00f6l in das Produkt gelangen &#8211;<\/span><\/h1>\n[\/vc_column_text][\/vc_column][\/vc_row][vc_row][vc_column width=&#8220;1\/2&#8243;]<div class=\"vcex-spacing wpex-w-100 wpex-clear\" style=\"height:60px;\"><\/div>[vc_column_text]\n<ul>\n<li>Die Arbeitskraft (Vorspannung) der Rotorarme kann durch die \u00c4nderung des Hydraulikdruckes leicht ge\u00e4ndert werden (Anpassung an das Sch\u00fcttgut). Die Druckanpassung ist jederzeit von aussen m\u00f6glich.<\/li>\n<li>Die Rotorarme werden aus Vollmaterial gefertigt und sind \u00fcber die Betriebszeit 100% funktionssicher und wartungsfrei. Alle im Bunker arbeitenden Teile sind robust und ohne Haken und Krallen.<\/li>\n<li>Die Austragsvorrichtungen sind ausserordentlich betriebssicher und zeichnen sich durch einen geringen Energieverbrauch und Wartungsaufwand aus.<\/li>\n<\/ul>\n[\/vc_column_text][\/vc_column][vc_column width=&#8220;1\/2&#8243;][vc_single_image image=&#8220;3512&#8243;][\/vc_column][\/vc_row][vc_row][vc_column width=&#8220;1\/2&#8243;][vc_single_image image=&#8220;3514&#8243;][\/vc_column][vc_column width=&#8220;1\/2&#8243;][vc_column_text]Der Rotor wird durch ein Planetenradgetriebe in die drehende Bewegung gebracht (0,5\u20133 min-1), wobei die Rotorarme, um das Anfahrmoment niedrig zu halten, zun\u00e4chst drucklos bleiben. Nach einigen Sekunden werden die Rotorarme hydraulisch ausgefahren und auf den eingestellten Arbeitsdruck gebracht. Die Rotorarme graben sich in Richtung Bunkerwand durch das Material, wobei sie \u00fcber den Entnahme\u00f6ffnungen im Bunkerboden, d.h. \u00fcber den Fallsch\u00e4chten oder andere Abnahmevorrichtungen das aufgelockerte Material abgeben. Die Materials\u00e4ule im Bunker ist aktiviert und rutscht nach. Ist der Widerstand durch das Material gr\u00f6\u00dfer als der eingestellte Arbeitsdruck, k\u00f6nnen die Rotorarme dank des eingebauten Druckbegrenzungsventils ausweichen. Somit wird eine mechanische \u00dcberlastung ausgeschlossen[\/vc_column_text][\/vc_column][\/vc_row][vc_row full_width=&#8220;stretch_row&#8220; css=&#8220;.vc_custom_1523266380474{background-color: #ffffff !important;}&#8220;][vc_column]<div class=\"vcex-spacing wpex-w-100 wpex-clear\"><\/div>[vc_single_image image=&#8220;3516&#8243; alignment=&#8220;center&#8220;][\/vc_column][\/vc_row]","protected":false},"excerpt":{"rendered":"<p>[vc_row center_row=&#8220;&#8220;][vc_column width=&#8220;2\/3&#8243;][vc_column_text] Optimale Austragsvorrichtung f\u00fcr schwerflie\u00dfende und leichte Sch\u00fcttg\u00fcter [\/vc_column_text][vc_row_inner][vc_column_inner][vc_column_text]Das Rotor-Austragssystem wurde von Saxlund erfunden und 1955 Patentiert. Weltweit sind mehrere Hundert dieser Systeme im Einsatz und zeichnen sich durch h\u00f6chste Funktionssicherheit und Verf\u00fcgbarkeit aus.[\/vc_column_text][\/vc_column_inner][\/vc_row_inner][vc_column_text] Das Rotor-Austragssystem bietet folgende Vorteile: Platzsparender Einbau Freie Anordnungsm\u00f6glichkeit der Austragsschnecken Besonders geeignet auch f\u00fcr leichte Sch\u00fcttg\u00fcter wie z.B.&hellip;<\/p>\n","protected":false},"author":1,"featured_media":0,"parent":682,"menu_order":0,"comment_status":"closed","ping_status":"closed","template":"","meta":{"footnotes":""},"class_list":["post-828","page","type-page","status-publish","hentry","entry","no-media"],"yoast_head":"<!-- This site is optimized with the Yoast SEO plugin v25.4 - https:\/\/yoast.com\/wordpress\/plugins\/seo\/ -->\n<title>Rotore - SAXLUND International GmbH<\/title>\n<meta name=\"description\" content=\"Anlagenbau f\u00fcr problematische Sch\u00fcttg\u00fcter wie Holzsp\u00e4ne, Rinde, Schl\u00e4mme, Futtermittel, chemische Stoffe, Kompost oder Abfallstoffe, St\u00f6rstoffabscheider\" \/>\n<meta name=\"robots\" content=\"index, follow, max-snippet:-1, max-image-preview:large, max-video-preview:-1\" \/>\n<link rel=\"canonical\" href=\"https:\/\/www.saxlund.de\/produkte\/hydraulik-rotoren\/\" \/>\n<meta property=\"og:locale\" content=\"de_DE\" \/>\n<meta property=\"og:type\" content=\"article\" \/>\n<meta property=\"og:title\" content=\"[:de]Rotore[:en]Rotors[:] - SAXLUND International GmbH\" \/>\n<meta property=\"og:description\" content=\"Anlagenbau f\u00fcr problematische Sch\u00fcttg\u00fcter wie Holzsp\u00e4ne, Rinde, Schl\u00e4mme, Futtermittel, chemische Stoffe, Kompost oder Abfallstoffe, St\u00f6rstoffabscheider\" \/>\n<meta property=\"og:url\" content=\"https:\/\/www.saxlund.de\/produkte\/hydraulik-rotoren\/\" \/>\n<meta property=\"og:site_name\" content=\"SAXLUND International GmbH\" \/>\n<meta property=\"article:modified_time\" content=\"2022-12-09T08:49:27+00:00\" \/>\n<meta name=\"twitter:card\" content=\"summary_large_image\" \/>\n<meta name=\"twitter:label1\" content=\"Gesch\u00e4tzte Lesezeit\" \/>\n\t<meta name=\"twitter:data1\" content=\"2\u00a0Minuten\" \/>\n<script type=\"application\/ld+json\" class=\"yoast-schema-graph\">{\"@context\":\"https:\/\/schema.org\",\"@graph\":[{\"@type\":\"WebPage\",\"@id\":\"https:\/\/www.saxlund.de\/produkte\/hydraulik-rotoren\/\",\"url\":\"https:\/\/www.saxlund.de\/produkte\/hydraulik-rotoren\/\",\"name\":\"[:de]Rotore[:en]Rotors[:] - SAXLUND International GmbH\",\"isPartOf\":{\"@id\":\"https:\/\/www.saxlund.de\/de\/#website\"},\"datePublished\":\"2015-01-29T07:29:37+00:00\",\"dateModified\":\"2022-12-09T08:49:27+00:00\",\"description\":\"Anlagenbau f\u00fcr problematische Sch\u00fcttg\u00fcter wie Holzsp\u00e4ne, Rinde, Schl\u00e4mme, Futtermittel, chemische Stoffe, Kompost oder Abfallstoffe, St\u00f6rstoffabscheider\",\"breadcrumb\":{\"@id\":\"https:\/\/www.saxlund.de\/produkte\/hydraulik-rotoren\/#breadcrumb\"},\"inLanguage\":\"de\",\"potentialAction\":[{\"@type\":\"ReadAction\",\"target\":[\"https:\/\/www.saxlund.de\/produkte\/hydraulik-rotoren\/\"]}]},{\"@type\":\"BreadcrumbList\",\"@id\":\"https:\/\/www.saxlund.de\/produkte\/hydraulik-rotoren\/#breadcrumb\",\"itemListElement\":[{\"@type\":\"ListItem\",\"position\":1,\"name\":\"Startseite\",\"item\":\"https:\/\/www.saxlund.de\/\"},{\"@type\":\"ListItem\",\"position\":2,\"name\":\"Produkte\",\"item\":\"https:\/\/www.saxlund.de\/de\/produkte\/\"},{\"@type\":\"ListItem\",\"position\":3,\"name\":\"Rotore\"}]},{\"@type\":\"WebSite\",\"@id\":\"https:\/\/www.saxlund.de\/de\/#website\",\"url\":\"https:\/\/www.saxlund.de\/de\/\",\"name\":\"SAXLUND International GmbH\",\"description\":\"Innovative solutions for bulk materials handling\",\"publisher\":{\"@id\":\"https:\/\/www.saxlund.de\/de\/#organization\"},\"potentialAction\":[{\"@type\":\"SearchAction\",\"target\":{\"@type\":\"EntryPoint\",\"urlTemplate\":\"https:\/\/www.saxlund.de\/de\/?s={search_term_string}\"},\"query-input\":{\"@type\":\"PropertyValueSpecification\",\"valueRequired\":true,\"valueName\":\"search_term_string\"}}],\"inLanguage\":\"de\"},{\"@type\":\"Organization\",\"@id\":\"https:\/\/www.saxlund.de\/de\/#organization\",\"name\":\"Saxlund International GmbH\",\"url\":\"https:\/\/www.saxlund.de\/de\/\",\"logo\":{\"@type\":\"ImageObject\",\"inLanguage\":\"de\",\"@id\":\"https:\/\/www.saxlund.de\/de\/#\/schema\/logo\/image\/\",\"url\":\"https:\/\/www.saxlund.de\/wp-content\/uploads\/2016\/06\/SaxLogo200x100.png\",\"contentUrl\":\"https:\/\/www.saxlund.de\/wp-content\/uploads\/2016\/06\/SaxLogo200x100.png\",\"width\":200,\"height\":88,\"caption\":\"Saxlund International GmbH\"},\"image\":{\"@id\":\"https:\/\/www.saxlund.de\/de\/#\/schema\/logo\/image\/\"}}]}<\/script>\n<!-- \/ Yoast SEO plugin. -->","yoast_head_json":{"title":"[:de]Rotore[:en]Rotors[:] - SAXLUND International GmbH","description":"Anlagenbau f\u00fcr problematische Sch\u00fcttg\u00fcter wie Holzsp\u00e4ne, Rinde, Schl\u00e4mme, Futtermittel, chemische Stoffe, Kompost oder Abfallstoffe, St\u00f6rstoffabscheider","robots":{"index":"index","follow":"follow","max-snippet":"max-snippet:-1","max-image-preview":"max-image-preview:large","max-video-preview":"max-video-preview:-1"},"canonical":"https:\/\/www.saxlund.de\/produkte\/hydraulik-rotoren\/","og_locale":"de_DE","og_type":"article","og_title":"[:de]Rotore[:en]Rotors[:] - SAXLUND International GmbH","og_description":"Anlagenbau f\u00fcr problematische Sch\u00fcttg\u00fcter wie Holzsp\u00e4ne, Rinde, Schl\u00e4mme, Futtermittel, chemische Stoffe, Kompost oder Abfallstoffe, St\u00f6rstoffabscheider","og_url":"https:\/\/www.saxlund.de\/produkte\/hydraulik-rotoren\/","og_site_name":"SAXLUND International GmbH","article_modified_time":"2022-12-09T08:49:27+00:00","twitter_card":"summary_large_image","twitter_misc":{"Gesch\u00e4tzte Lesezeit":"2\u00a0Minuten"},"schema":{"@context":"https:\/\/schema.org","@graph":[{"@type":"WebPage","@id":"https:\/\/www.saxlund.de\/produkte\/hydraulik-rotoren\/","url":"https:\/\/www.saxlund.de\/produkte\/hydraulik-rotoren\/","name":"[:de]Rotore[:en]Rotors[:] - SAXLUND International GmbH","isPartOf":{"@id":"https:\/\/www.saxlund.de\/de\/#website"},"datePublished":"2015-01-29T07:29:37+00:00","dateModified":"2022-12-09T08:49:27+00:00","description":"Anlagenbau f\u00fcr problematische Sch\u00fcttg\u00fcter wie Holzsp\u00e4ne, Rinde, Schl\u00e4mme, Futtermittel, chemische Stoffe, Kompost oder Abfallstoffe, St\u00f6rstoffabscheider","breadcrumb":{"@id":"https:\/\/www.saxlund.de\/produkte\/hydraulik-rotoren\/#breadcrumb"},"inLanguage":"de","potentialAction":[{"@type":"ReadAction","target":["https:\/\/www.saxlund.de\/produkte\/hydraulik-rotoren\/"]}]},{"@type":"BreadcrumbList","@id":"https:\/\/www.saxlund.de\/produkte\/hydraulik-rotoren\/#breadcrumb","itemListElement":[{"@type":"ListItem","position":1,"name":"Startseite","item":"https:\/\/www.saxlund.de\/"},{"@type":"ListItem","position":2,"name":"Produkte","item":"https:\/\/www.saxlund.de\/de\/produkte\/"},{"@type":"ListItem","position":3,"name":"Rotore"}]},{"@type":"WebSite","@id":"https:\/\/www.saxlund.de\/de\/#website","url":"https:\/\/www.saxlund.de\/de\/","name":"SAXLUND International GmbH","description":"Innovative solutions for bulk materials handling","publisher":{"@id":"https:\/\/www.saxlund.de\/de\/#organization"},"potentialAction":[{"@type":"SearchAction","target":{"@type":"EntryPoint","urlTemplate":"https:\/\/www.saxlund.de\/de\/?s={search_term_string}"},"query-input":{"@type":"PropertyValueSpecification","valueRequired":true,"valueName":"search_term_string"}}],"inLanguage":"de"},{"@type":"Organization","@id":"https:\/\/www.saxlund.de\/de\/#organization","name":"Saxlund International GmbH","url":"https:\/\/www.saxlund.de\/de\/","logo":{"@type":"ImageObject","inLanguage":"de","@id":"https:\/\/www.saxlund.de\/de\/#\/schema\/logo\/image\/","url":"https:\/\/www.saxlund.de\/wp-content\/uploads\/2016\/06\/SaxLogo200x100.png","contentUrl":"https:\/\/www.saxlund.de\/wp-content\/uploads\/2016\/06\/SaxLogo200x100.png","width":200,"height":88,"caption":"Saxlund International GmbH"},"image":{"@id":"https:\/\/www.saxlund.de\/de\/#\/schema\/logo\/image\/"}}]}},"_links":{"self":[{"href":"https:\/\/www.saxlund.de\/de\/wp-json\/wp\/v2\/pages\/828","targetHints":{"allow":["GET"]}}],"collection":[{"href":"https:\/\/www.saxlund.de\/de\/wp-json\/wp\/v2\/pages"}],"about":[{"href":"https:\/\/www.saxlund.de\/de\/wp-json\/wp\/v2\/types\/page"}],"author":[{"embeddable":true,"href":"https:\/\/www.saxlund.de\/de\/wp-json\/wp\/v2\/users\/1"}],"replies":[{"embeddable":true,"href":"https:\/\/www.saxlund.de\/de\/wp-json\/wp\/v2\/comments?post=828"}],"version-history":[{"count":8,"href":"https:\/\/www.saxlund.de\/de\/wp-json\/wp\/v2\/pages\/828\/revisions"}],"predecessor-version":[{"id":3523,"href":"https:\/\/www.saxlund.de\/de\/wp-json\/wp\/v2\/pages\/828\/revisions\/3523"}],"up":[{"embeddable":true,"href":"https:\/\/www.saxlund.de\/de\/wp-json\/wp\/v2\/pages\/682"}],"wp:attachment":[{"href":"https:\/\/www.saxlund.de\/de\/wp-json\/wp\/v2\/media?parent=828"}],"curies":[{"name":"wp","href":"https:\/\/api.w.org\/{rel}","templated":true}]}}