{"id":806,"date":"2015-01-28T15:49:56","date_gmt":"2015-01-28T15:49:56","guid":{"rendered":"http:\/\/web.saxlund.de\/?page_id=806"},"modified":"2019-02-28T13:43:17","modified_gmt":"2019-02-28T13:43:17","slug":"feststoffpumpe","status":"publish","type":"page","link":"https:\/\/www.saxlund.de\/de\/produkte\/feststoffpumpe\/","title":{"rendered":"Feststoffpumpen"},"content":{"rendered":"[vc_row center_row=&#8220;&#8220;][vc_column width=&#8220;2\/3&#8243;][vc_column_text]\n<h1>F\u00fcr eine zuverl\u00e4ssige F\u00f6rderung von Schl\u00e4mmen aller Art<\/h1>\n[\/vc_column_text]<div class=\"vcex-spacing wpex-w-100 wpex-clear\"><\/div>[vc_row_inner][vc_column_inner][vc_column_text]Saxlund International Feststoffkolbenpumpen sind seit vielen Jahren ein Begriff f\u00fcr die zuverl\u00e4ssige F\u00f6rderung von Schl\u00e4mmen aller Art. Durch die F\u00f6rderung in geschlossenen Systemen kommt der Schlamm nicht mehr mit der Umgebung in Ber\u00fchrung. Geruchsbel\u00e4stigungen geh\u00f6ren der Vergangenheit an. Selbst problematische Schl\u00e4mme lassen sich gefahrlos f\u00f6rdern. Unsere langj\u00e4hrige Erfahrung garantiert eine hohe Zuverl\u00e4ssigkeit. Auch bei der F\u00f6rderung \u00fcber l\u00e4ngere Entfernungen und im 24-h-Betrieb.[\/vc_column_text][\/vc_column_inner][\/vc_row_inner]<div class=\"vcex-spacing wpex-w-100 wpex-clear\"><\/div>[vc_column_text]\n<ul>\n<li>Kosteng\u00fcnstig durch Baukastensystem<\/li>\n<li>Wahlweise stehende oder liegende Anordnung<\/li>\n<li>Verschlei\u00dfarm aufgrund der Wasservorlage<\/li>\n<li>Kompakte Bauweise durch Variation der Pumpenanordnung<br \/>\nVerschlei\u00dfindikator<\/li>\n<li>Hohe F\u00f6rderleistung durch Parallelschaltung mehrerer Pumpeneinheiten<\/li>\n<li>Problemloser Wechsel von Ventilen durch Top-Entry-Bauweise<\/li>\n<li>Optimaler F\u00fcllungsgrad durch vorgeschaltete Doppelvorpressschnecke<\/li>\n<\/ul>\n[\/vc_column_text][\/vc_column][vc_column width=&#8220;1\/3&#8243;][vc_single_image image=&#8220;2068&#8243;][\/vc_column][\/vc_row][vc_row full_width=&#8220;stretch_row&#8220; css=&#8220;.vc_custom_1522998748517{background-color: #004c87 !important;}&#8220;][vc_column][vc_column_text]\n<h1><\/h1>\n<h1 style=\"text-align: center;\"><span style=\"color: #f0f0f0;\">Saxlund Allround Solids Pumps<\/span><\/h1>\n[\/vc_column_text][\/vc_column][\/vc_row][vc_row][vc_column width=&#8220;1\/2&#8243;]<div class=\"vcex-spacing wpex-w-100 wpex-clear\"><\/div>[vc_column_text]Von Abwasser bis Zentrifugenschlamm f\u00f6rdern Saxlund Feststoffpumpen fast alle Schl\u00e4mme aus kommunalen oder industriellen Abw\u00e4ssern.<\/p>\n<h2>Vorteile der SAXLUND Pumpen:<\/h2>\n<ul>\n<li>Kein Pulsationsd\u00e4mpfer erforderlich.<\/li>\n<li>Die Pumpe arbeitet sto\u00dffrei und ger\u00e4uscharm. Die Rohrleitung ist dadurch ersch\u00fctterungsfrei.<\/li>\n<li>Es entsteht kein R\u00fcckstromverlust wie bei einer ventillosen Pumpe, d. h, der Energiebedarf ist geringer.<\/li>\n<li>Die Dosiergenauigkeit der Pumpe ist optimal, da kein R\u00fcckstromverlust erfolgt.<\/li>\n<li>Geringerer Verschleiss, da Ventildichtfl\u00e4chen nicht unter Druckeinwirkung aufeinander gleiten.<\/li>\n<li>Keine Fettzentralschmierung erforderlich.<\/li>\n<li>Modulbauweise erm\u00f6glicht Notbetrieb durch Umschaltung von Zwei- auf Einzylinder-Fahrweise.<\/li>\n<\/ul>\n[\/vc_column_text][\/vc_column][vc_column width=&#8220;1\/2&#8243;]<div class=\"vcex-spacing wpex-w-100 wpex-clear\"><\/div>[vc_single_image image=&#8220;3477&#8243; style=&#8220;vc_box_shadow_3d&#8220;][\/vc_column][\/vc_row][vc_row][vc_column][vc_single_image image=&#8220;3507&#8243; alignment=&#8220;center&#8220;][\/vc_column][\/vc_row][vc_row][vc_column width=&#8220;1\/2&#8243;][vc_column_text]\n<h2>Technische Daten:<\/h2>\n<ul>\n<li>Druckbereich: 40\u2026100 bar<\/li>\n<li>F\u00f6rderleistung: 1\u202650 m\u00b3\/h<\/li>\n<li>Kolbendurchmesser: 180\/250\/300 mm<\/li>\n<li>F\u00f6rderhub: 500\u20262000 mm<\/li>\n<\/ul>\n<h2>Im Grenzbereich:<\/h2>\n<ul>\n<li>Fremdk\u00f6rpergr\u00f6\u00dfen bis 200 mm<\/li>\n<li>TS-Gehalt bis max. 45 % (abh\u00e4ngig vom Flie\u00dfverhalten des F\u00f6rdergutes) auch wenn Ihre Produkte von den oben genannten Daten abweichen, entwickeln wir f\u00fcr Sie eine L\u00f6sung!<\/li>\n<\/ul>\n<h2>Produktzuf\u00fchrung:<\/h2>\n<p>Saxlund hat zwei verschiedene Schlammzuf\u00fchreinrichtungen zur Auswahl, welche in Verbindung mit den zahlreichen Pumpenvarianten alle Anordnungen der unterschiedlichen Bedarfsf\u00e4lle abdeckt. Je nach Bedarfsfall kann die Zuf\u00fchrung des Produktes bei Schl\u00e4mmen mit niedrigen TS-Gehalten, auch \u00fcber einen R\u00fchrwerkstrichter erfolgen, ansonsten durch eine Vorpressschnecke. Saxlund Vorpressschnecken verf\u00fcgen \u00fcber einen Selbstreinigungseffekt im Einsatz von anhaftenden Medien und sorgen in den Kolbenpumpen f\u00fcr einen optimalen F\u00fcllgrad.[\/vc_column_text][\/vc_column][vc_column width=&#8220;1\/2&#8243;][vc_column_text]\n<h2>Wartung:<\/h2>\n<p>Der Wartungsaufwand wird so gering wie m\u00f6glich gehalten:<\/p>\n<ul>\n<li>Keine Demontage von Saug- und Druckleitungen notwendig.<\/li>\n<li>Wechsel von Verschleissteilen ohne gro\u00dfen Aufwand und ohne Fachpersonal m\u00f6glich.<\/li>\n<li>Wahlweise zerlegbare F\u00f6rderkolben mit leicht auswechselbaren Normdichtungen oder einteilige Kolben mit integrierter Dichtung.<\/li>\n<\/ul>\n<h2>After-Sales-Service:<\/h2>\n<p>Unser After-Soles-Service steht Ihnen auch nach dem Kauf Ihrer Feststoffpumpe jederzeit zur Verf\u00fcgung.[\/vc_column_text][\/vc_column][\/vc_row][vc_row][vc_column width=&#8220;1\/2&#8243;][vc_single_image image=&#8220;3484&#8243; style=&#8220;vc_box_shadow_3d&#8220;][\/vc_column][vc_column width=&#8220;1\/2&#8243;][vc_column_text]\n<h2>Antrieb:<\/h2>\n<p>Alle Saxlund International Feststoffkolbenpumpen werden \u00f6lhydraulisch angetrieben. Ein separates Hydraulikaggregat erm\u00f6glicht die r\u00e4umliche Trennung von Feststoffpumpe und Antrieb. Um einen wirtschaftlichen Betrieb zu gew\u00e4hrleisten, bietet Saxlund International eine gro\u00dfe Auswahl an Hydraulikaggregaten. Ob Sie nur Ihre Feststoff-pumpe antreiben oder ein komplettes F\u00f6rdersystem versorgen wollen, Saxlund International liefert f\u00fcr jeden Einsatz das entsprechende Aggregat.[\/vc_column_text][\/vc_column][\/vc_row][vc_row][vc_column][vc_column_text]\n<h2>Steuerung:<\/h2>\n<p>Die Regelung der Feststoffpumpe erfolgt durch eine Speicherprogrammierbare Steuerung. Ber\u00fchrungslose Sensoren im Innern der Pumpe leiten die Signale an die SPS weiter. Die Bedienung erfolgt \u00fcber ein zentrales Operator Panel. Saxlund International Feststoffpumpen k\u00f6nnen auch In bereits vorhandene Prozess-Leitsysteme integriert werden.[\/vc_column_text][\/vc_column][\/vc_row][vc_row][vc_column width=&#8220;1\/2&#8243;][vc_column_text]\n<h2>Grobgutabscheidung:<\/h2>\n<p>Zum Schutz der nachgeschalteten Aggregate vor groben Fremdk\u00f6rpern empfiehlt sich der Einsatz eines Grobgutabscheiders. Eine Differenzdruckmessung zwischen Ein und Auslauf signalisiert eine n\u00f6tige Reinigung.<br \/>\nDie einfache Bauweise des Abscheiders erm\u00f6glicht eine problemlose Reinigung.[\/vc_column_text][\/vc_column][vc_column width=&#8220;1\/2&#8243;][vc_single_image image=&#8220;3482&#8243;][\/vc_column][\/vc_row][vc_row][vc_column width=&#8220;1\/2&#8243;][vc_single_image image=&#8220;3483&#8243;][\/vc_column][vc_column width=&#8220;1\/2&#8243;][vc_column_text]\n<h2>Gleitmitteldosierung:<\/h2>\n<p>Zur Reduzierung der Reibungsverluste bei besonders adh\u00e4siven und hoch-viskosen Produkten hat Saxlund International eine Gleitmitteldosierung im Programm. Die lnjizierung von Wasser oder hoch- molekularen Polymeren erzeugt einen Schmierfilm zwischen Rohrwand und F\u00f6rdermedium. Die Senkung der Rohrreibung hat einen geringeren Druckverlust zur Folge, und die F\u00f6rderh\u00f6he steigt an. So kann bei gleicher F\u00f6rderweite eine energetisch g\u00fcnstigere Pumpe eingesetzt werden.[\/vc_column_text][\/vc_column][\/vc_row][vc_row][vc_column][vc_column_text]\n<h2>1- Zylinder-Pumpen<\/h2>\n[\/vc_column_text][vc_single_image image=&#8220;3485&#8243;][vc_column_text]\n<h2>2- Zylinder-Pumpen<\/h2>\n[\/vc_column_text][vc_single_image image=&#8220;3486&#8243;][vc_column_text]<span style=\"font-size: 12px;\">* Bei 100% F\u00fcllungsgrad, abh\u00e4ngig vom TS-Gehalt<\/span>[\/vc_column_text][\/vc_column][\/vc_row][vc_row][vc_column][\/vc_column][\/vc_row][vc_row full_width=&#8220;stretch_row&#8220; css=&#8220;.vc_custom_1522998767251{background-color: #004c87 !important;}&#8220;][vc_column][vc_column_text]\n<h1><\/h1>\n<h1 style=\"text-align: center;\"><span style=\"color: #f0f0f0;\">Die Saxlund Duplex-Pumpe<\/span><\/h1>\n[\/vc_column_text][\/vc_column][\/vc_row][vc_row][vc_column]<div class=\"vcex-spacing wpex-w-100 wpex-clear\"><\/div>[vc_column_text]Die Saxlund Duplex-Pumpe f\u00fcr h\u00f6chste Anforderungen und hohe F\u00f6rderleistungen bei der Kl\u00e4rschlammannahme mit \u00d8 250 mm freien Durchg\u00e4ngen vom Eintritt \u00fcber den F\u00f6rderzylinder bis zum Austritt.<br \/>\nDurch die optimale Gestaltung der Schlammf\u00fchrung wird ein hoher F\u00fcllungsgrad sowie eine Unempfindlichkeit gegen St\u00f6rstoffe erzielt. In dieser Pumpe sind s\u00e4mtliche Vorteile der verschiedenen am Markt verf\u00fcgbaren Konstruktionen vereint.<br \/>\nSchnellverschl\u00fcsse saug- und druckseitig erm\u00f6glichen den Zugang an Ein- und Auslasseinheit innerhalb k\u00fcrzester Zeit. Auf Grund grossz\u00fcgiger Dimensionierung werden Hubzeiten und Schaltspiele verringert. Dadurch wird im Dauereinsatz ein zuverl\u00e4ssiger und kosteneffektiver Betrieb gew\u00e4hrleistet.<br \/>\nDie Anbindungsm\u00f6glichkeiten der Zuf\u00fchreinrichtung an die Pumpe erlaubt extrem geringe Silogestellh\u00f6hen bei der Kl\u00e4rschlammannahmestation, was eine Reduzierung der Baukosten zur Folge hat.[\/vc_column_text][\/vc_column][\/vc_row][vc_row][vc_column][vc_single_image image=&#8220;3478&#8243; alignment=&#8220;center&#8220;][\/vc_column][\/vc_row][vc_row][vc_column width=&#8220;1\/2&#8243;][vc_column_text]\n<h2>Verteilstation, patentiert:<\/h2>\n<p>F\u00fcr die Aufteilung des Schlammes bietet Saxlund International eine Verteilstation an. Diese mit hydraulisch angetriebenen Ventilen ausgestattete Einheit erlaubt eine automatische Aufteilung des Schlammmassenstromes. Weitere Ausk\u00fcnfte erhalten Sie auf Anfrage.<\/p>\n<p>Das standardisierte Baukastensystem der Saxlund-International-Feststoffpumpe erm\u00f6glicht den Einsatz f\u00fcr alle m\u00f6glichen Anforderungen. Die Konstruktion erlaubt f\u00fcnf verschiedene Richtungen f\u00fcr Druck- und Sauganschl\u00fcsse. Durch Parallelschaltung mehrerer Pumpeneinheiten l\u00e4sst sich die F\u00f6rderleistung erh\u00f6hen. Bei der Entwicklung und der Fertigung wird besonderer Wert auf lange Lebensdauer und h\u00f6chste Wartungsfreiheit gelegt.[\/vc_column_text][\/vc_column][vc_column width=&#8220;1\/2&#8243;][vc_single_image image=&#8220;3488&#8243; style=&#8220;vc_box_shadow_3d&#8220;][\/vc_column][\/vc_row]","protected":false},"excerpt":{"rendered":"<p>[vc_row center_row=&#8220;&#8220;][vc_column width=&#8220;2\/3&#8243;][vc_column_text] F\u00fcr eine zuverl\u00e4ssige F\u00f6rderung von Schl\u00e4mmen aller Art [\/vc_column_text][vc_row_inner][vc_column_inner][vc_column_text]Saxlund International Feststoffkolbenpumpen sind seit vielen Jahren ein Begriff f\u00fcr die zuverl\u00e4ssige F\u00f6rderung von Schl\u00e4mmen aller Art. Durch die F\u00f6rderung in geschlossenen Systemen kommt der Schlamm nicht mehr mit der Umgebung in Ber\u00fchrung. Geruchsbel\u00e4stigungen geh\u00f6ren der Vergangenheit an. Selbst problematische Schl\u00e4mme lassen sich gefahrlos&hellip;<\/p>\n","protected":false},"author":1,"featured_media":0,"parent":682,"menu_order":0,"comment_status":"closed","ping_status":"closed","template":"","meta":{"footnotes":""},"class_list":["post-806","page","type-page","status-publish","hentry","entry","no-media"],"yoast_head":"<!-- This site is optimized with the Yoast SEO plugin v25.4 - https:\/\/yoast.com\/wordpress\/plugins\/seo\/ -->\n<title>Feststoffpumpen - SAXLUND International GmbH<\/title>\n<meta name=\"description\" content=\"Anlagenbau f\u00fcr problematische Sch\u00fcttg\u00fcter wie Holzsp\u00e4ne, Rinde, Schl\u00e4mme, Futtermittel, chemische Stoffe, Kompost oder Abfallstoffe, St\u00f6rstoffabscheider\" \/>\n<meta name=\"robots\" content=\"index, follow, max-snippet:-1, max-image-preview:large, max-video-preview:-1\" \/>\n<link rel=\"canonical\" href=\"https:\/\/www.saxlund.de\/produkte\/feststoffpumpe\/\" \/>\n<meta property=\"og:locale\" content=\"de_DE\" \/>\n<meta property=\"og:type\" content=\"article\" \/>\n<meta property=\"og:title\" content=\"[:de]Feststoffpumpen[:en]Solids Pumps[:] - SAXLUND International GmbH\" \/>\n<meta property=\"og:description\" content=\"Anlagenbau f\u00fcr problematische Sch\u00fcttg\u00fcter wie Holzsp\u00e4ne, Rinde, Schl\u00e4mme, Futtermittel, chemische Stoffe, Kompost oder Abfallstoffe, St\u00f6rstoffabscheider\" \/>\n<meta property=\"og:url\" content=\"https:\/\/www.saxlund.de\/produkte\/feststoffpumpe\/\" \/>\n<meta property=\"og:site_name\" content=\"SAXLUND International GmbH\" \/>\n<meta property=\"article:modified_time\" content=\"2019-02-28T13:43:17+00:00\" \/>\n<meta name=\"twitter:card\" content=\"summary_large_image\" \/>\n<meta name=\"twitter:label1\" content=\"Gesch\u00e4tzte Lesezeit\" \/>\n\t<meta name=\"twitter:data1\" content=\"13\u00a0Minuten\" \/>\n<script type=\"application\/ld+json\" class=\"yoast-schema-graph\">{\"@context\":\"https:\/\/schema.org\",\"@graph\":[{\"@type\":\"WebPage\",\"@id\":\"https:\/\/www.saxlund.de\/produkte\/feststoffpumpe\/\",\"url\":\"https:\/\/www.saxlund.de\/produkte\/feststoffpumpe\/\",\"name\":\"[:de]Feststoffpumpen[:en]Solids Pumps[:] - SAXLUND International GmbH\",\"isPartOf\":{\"@id\":\"https:\/\/www.saxlund.de\/de\/#website\"},\"datePublished\":\"2015-01-28T15:49:56+00:00\",\"dateModified\":\"2019-02-28T13:43:17+00:00\",\"description\":\"Anlagenbau f\u00fcr problematische Sch\u00fcttg\u00fcter wie Holzsp\u00e4ne, Rinde, Schl\u00e4mme, Futtermittel, chemische Stoffe, Kompost oder Abfallstoffe, St\u00f6rstoffabscheider\",\"breadcrumb\":{\"@id\":\"https:\/\/www.saxlund.de\/produkte\/feststoffpumpe\/#breadcrumb\"},\"inLanguage\":\"de\",\"potentialAction\":[{\"@type\":\"ReadAction\",\"target\":[\"https:\/\/www.saxlund.de\/produkte\/feststoffpumpe\/\"]}]},{\"@type\":\"BreadcrumbList\",\"@id\":\"https:\/\/www.saxlund.de\/produkte\/feststoffpumpe\/#breadcrumb\",\"itemListElement\":[{\"@type\":\"ListItem\",\"position\":1,\"name\":\"Startseite\",\"item\":\"https:\/\/www.saxlund.de\/\"},{\"@type\":\"ListItem\",\"position\":2,\"name\":\"Produkte\",\"item\":\"https:\/\/www.saxlund.de\/de\/produkte\/\"},{\"@type\":\"ListItem\",\"position\":3,\"name\":\"Feststoffpumpen\"}]},{\"@type\":\"WebSite\",\"@id\":\"https:\/\/www.saxlund.de\/de\/#website\",\"url\":\"https:\/\/www.saxlund.de\/de\/\",\"name\":\"SAXLUND International GmbH\",\"description\":\"Innovative solutions for bulk materials handling\",\"publisher\":{\"@id\":\"https:\/\/www.saxlund.de\/de\/#organization\"},\"potentialAction\":[{\"@type\":\"SearchAction\",\"target\":{\"@type\":\"EntryPoint\",\"urlTemplate\":\"https:\/\/www.saxlund.de\/de\/?s={search_term_string}\"},\"query-input\":{\"@type\":\"PropertyValueSpecification\",\"valueRequired\":true,\"valueName\":\"search_term_string\"}}],\"inLanguage\":\"de\"},{\"@type\":\"Organization\",\"@id\":\"https:\/\/www.saxlund.de\/de\/#organization\",\"name\":\"Saxlund International GmbH\",\"url\":\"https:\/\/www.saxlund.de\/de\/\",\"logo\":{\"@type\":\"ImageObject\",\"inLanguage\":\"de\",\"@id\":\"https:\/\/www.saxlund.de\/de\/#\/schema\/logo\/image\/\",\"url\":\"https:\/\/www.saxlund.de\/wp-content\/uploads\/2016\/06\/SaxLogo200x100.png\",\"contentUrl\":\"https:\/\/www.saxlund.de\/wp-content\/uploads\/2016\/06\/SaxLogo200x100.png\",\"width\":200,\"height\":88,\"caption\":\"Saxlund International GmbH\"},\"image\":{\"@id\":\"https:\/\/www.saxlund.de\/de\/#\/schema\/logo\/image\/\"}}]}<\/script>\n<!-- \/ Yoast SEO plugin. -->","yoast_head_json":{"title":"[:de]Feststoffpumpen[:en]Solids Pumps[:] - SAXLUND International GmbH","description":"Anlagenbau f\u00fcr problematische Sch\u00fcttg\u00fcter wie Holzsp\u00e4ne, Rinde, Schl\u00e4mme, Futtermittel, chemische Stoffe, Kompost oder Abfallstoffe, St\u00f6rstoffabscheider","robots":{"index":"index","follow":"follow","max-snippet":"max-snippet:-1","max-image-preview":"max-image-preview:large","max-video-preview":"max-video-preview:-1"},"canonical":"https:\/\/www.saxlund.de\/produkte\/feststoffpumpe\/","og_locale":"de_DE","og_type":"article","og_title":"[:de]Feststoffpumpen[:en]Solids Pumps[:] - SAXLUND International GmbH","og_description":"Anlagenbau f\u00fcr problematische Sch\u00fcttg\u00fcter wie Holzsp\u00e4ne, Rinde, Schl\u00e4mme, Futtermittel, chemische Stoffe, Kompost oder Abfallstoffe, St\u00f6rstoffabscheider","og_url":"https:\/\/www.saxlund.de\/produkte\/feststoffpumpe\/","og_site_name":"SAXLUND International GmbH","article_modified_time":"2019-02-28T13:43:17+00:00","twitter_card":"summary_large_image","twitter_misc":{"Gesch\u00e4tzte Lesezeit":"13\u00a0Minuten"},"schema":{"@context":"https:\/\/schema.org","@graph":[{"@type":"WebPage","@id":"https:\/\/www.saxlund.de\/produkte\/feststoffpumpe\/","url":"https:\/\/www.saxlund.de\/produkte\/feststoffpumpe\/","name":"[:de]Feststoffpumpen[:en]Solids Pumps[:] - SAXLUND International GmbH","isPartOf":{"@id":"https:\/\/www.saxlund.de\/de\/#website"},"datePublished":"2015-01-28T15:49:56+00:00","dateModified":"2019-02-28T13:43:17+00:00","description":"Anlagenbau f\u00fcr problematische Sch\u00fcttg\u00fcter wie Holzsp\u00e4ne, Rinde, Schl\u00e4mme, Futtermittel, chemische Stoffe, Kompost oder Abfallstoffe, St\u00f6rstoffabscheider","breadcrumb":{"@id":"https:\/\/www.saxlund.de\/produkte\/feststoffpumpe\/#breadcrumb"},"inLanguage":"de","potentialAction":[{"@type":"ReadAction","target":["https:\/\/www.saxlund.de\/produkte\/feststoffpumpe\/"]}]},{"@type":"BreadcrumbList","@id":"https:\/\/www.saxlund.de\/produkte\/feststoffpumpe\/#breadcrumb","itemListElement":[{"@type":"ListItem","position":1,"name":"Startseite","item":"https:\/\/www.saxlund.de\/"},{"@type":"ListItem","position":2,"name":"Produkte","item":"https:\/\/www.saxlund.de\/de\/produkte\/"},{"@type":"ListItem","position":3,"name":"Feststoffpumpen"}]},{"@type":"WebSite","@id":"https:\/\/www.saxlund.de\/de\/#website","url":"https:\/\/www.saxlund.de\/de\/","name":"SAXLUND International GmbH","description":"Innovative solutions for bulk materials handling","publisher":{"@id":"https:\/\/www.saxlund.de\/de\/#organization"},"potentialAction":[{"@type":"SearchAction","target":{"@type":"EntryPoint","urlTemplate":"https:\/\/www.saxlund.de\/de\/?s={search_term_string}"},"query-input":{"@type":"PropertyValueSpecification","valueRequired":true,"valueName":"search_term_string"}}],"inLanguage":"de"},{"@type":"Organization","@id":"https:\/\/www.saxlund.de\/de\/#organization","name":"Saxlund International GmbH","url":"https:\/\/www.saxlund.de\/de\/","logo":{"@type":"ImageObject","inLanguage":"de","@id":"https:\/\/www.saxlund.de\/de\/#\/schema\/logo\/image\/","url":"https:\/\/www.saxlund.de\/wp-content\/uploads\/2016\/06\/SaxLogo200x100.png","contentUrl":"https:\/\/www.saxlund.de\/wp-content\/uploads\/2016\/06\/SaxLogo200x100.png","width":200,"height":88,"caption":"Saxlund International GmbH"},"image":{"@id":"https:\/\/www.saxlund.de\/de\/#\/schema\/logo\/image\/"}}]}},"_links":{"self":[{"href":"https:\/\/www.saxlund.de\/de\/wp-json\/wp\/v2\/pages\/806","targetHints":{"allow":["GET"]}}],"collection":[{"href":"https:\/\/www.saxlund.de\/de\/wp-json\/wp\/v2\/pages"}],"about":[{"href":"https:\/\/www.saxlund.de\/de\/wp-json\/wp\/v2\/types\/page"}],"author":[{"embeddable":true,"href":"https:\/\/www.saxlund.de\/de\/wp-json\/wp\/v2\/users\/1"}],"replies":[{"embeddable":true,"href":"https:\/\/www.saxlund.de\/de\/wp-json\/wp\/v2\/comments?post=806"}],"version-history":[{"count":19,"href":"https:\/\/www.saxlund.de\/de\/wp-json\/wp\/v2\/pages\/806\/revisions"}],"predecessor-version":[{"id":3604,"href":"https:\/\/www.saxlund.de\/de\/wp-json\/wp\/v2\/pages\/806\/revisions\/3604"}],"up":[{"embeddable":true,"href":"https:\/\/www.saxlund.de\/de\/wp-json\/wp\/v2\/pages\/682"}],"wp:attachment":[{"href":"https:\/\/www.saxlund.de\/de\/wp-json\/wp\/v2\/media?parent=806"}],"curies":[{"name":"wp","href":"https:\/\/api.w.org\/{rel}","templated":true}]}}