{"id":78,"date":"2015-01-23T11:01:06","date_gmt":"2015-01-23T11:01:06","guid":{"rendered":"http:\/\/web.saxlund.de\/?page_id=78"},"modified":"2026-01-08T09:16:50","modified_gmt":"2026-01-08T08:16:50","slug":"unternehmen","status":"publish","type":"page","link":"https:\/\/www.saxlund.de\/de\/unternehmen\/","title":{"rendered":"Unternehmen"},"content":{"rendered":"[vc_row][vc_column][vc_column_text]\n<h1><\/h1>\n<h1><span style=\"color: #000000;\">Allgemeine Gesch\u00e4ftsbedingungen<\/span><\/h1>\n<p><span style=\"color: #0000ff;\"><a style=\"color: #0000ff;\" href=\"\/wp-content\/uploads\/2026\/01\/2025-12-12_Allgemeine_Einkaufsbedingungen.pdf\" target=\"_blank\" rel=\"noopener noreferrer\">Allgemeine Einkaufsbedingungen<\/a><\/span><\/p>\n<p><a href=\"https:\/\/www.saxlund.de\/wp-content\/uploads\/2023\/10\/Allg_VerkRef_de.pdf\"><span style=\"color: #0000ff;\">Allgemeine Verkaufsbedingungen<\/span><\/a><\/p>\n<p><span style=\"color: #0000ff;\"><a style=\"color: #0000ff;\" href=\"https:\/\/www.saxlund.de\/wp-content\/uploads\/2025\/06\/CodeOfConductGP.pdf\">Code of Conduct f\u00fcr Gesch\u00e4ftspartner<\/a><br \/>\n<\/span>[\/vc_column_text][vc_column_text][\/vc_column_text][\/vc_column][\/vc_row][vc_row][vc_column width=&#8220;7\/12&#8243;][vc_column_text]\n<div class=\"csc-textpic-text\">\n<h1><span style=\"color: #000000;\">Wir \u00fcber uns<\/span><\/h1>\n<h4><span style=\"color: #000000;\">WER IST SAXLUND UND WAS MACHT SAXLUND?<\/span><\/h4>\n<p class=\"bodytext\"><span style=\"color: #000000;\">Diese, uns immer wieder gestellten Fragen, m\u00f6chten wir hier beantworten und dar\u00fcber hinaus \u00fcber unsere verschiedenen WELTWEITEN Aktivit\u00e4ten im SILO- und ANLAGENBAU informieren.<\/span><\/p>\n<p><span style=\"color: #000000;\">Wir haben ein breitgef\u00e4chertes Lieferprogramm auf den Gebieten SILO- und F\u00d6RDERTECHNIK f\u00fcr Holz- und chemische Industrie, die Energie- und Abfallwirtschaft und im Bereich Umweltschutz. <strong>Hierzu geh\u00f6ren:<\/strong><\/span><\/p>\n<ul>\n<li><span style=\"color: #000000;\">ENGINEERING<\/span><\/li>\n<li><span style=\"color: #000000;\">PRODUKTION<\/span><\/li>\n<li><span style=\"color: #000000;\">PROJEKTBERATUNG<\/span><\/li>\n<li><span style=\"color: #000000;\">MONTAGE<\/span><\/li>\n<li><span style=\"color: #000000;\">SERVICE<\/span><\/li>\n<\/ul>\n<p class=\"bodytext\"><span style=\"color: #000000;\">\u00a0<\/span><\/p>\n<\/div>\n[\/vc_column_text][vc_column_text]<span style=\"color: #000000;\">Unsere langj\u00e4hrigen Erfahrungen, auch in den skandinavischen L\u00e4ndern mit ihren temperaturbedingten Problemen, st\u00e4ndige Forschung und geschultes Fachpersonal garantieren optimale Probleml\u00f6sungen mit fachgerechter, dem neusten Stand der Technik entsprechender Ausf\u00fchrung und Betreuung.<\/span>[\/vc_column_text][\/vc_column][vc_column width=&#8220;5\/12&#8243;]<div class=\"vcex-spacing wpex-w-100 wpex-clear\"><\/div>[vc_single_image image=&#8220;3403&#8243; style=&#8220;vc_box_shadow_3d&#8220;][\/vc_column][\/vc_row][vc_row][vc_column][vc_column_text]\n<h1><span style=\"color: #000000;\">Aufgabenbereich<\/span><\/h1>\n<p><span style=\"color: #000000;\">Perfekte F\u00f6rder- und Lagertechnik nimmt einen stetig wachsenden Stellenwert in der Recycling-, Holz-, Futtermittel-, Kl\u00e4rwerks- und Kraftwerksindustrie sowie im Bergbau und der chemischen Produktion ein. Saxlund-International hat sich auf die Anforderungen dieser M\u00e4rkte bestens eingestellt. Darauf ist die Philosophie der internationalen Firmengruppe zu begr\u00fcnden: nicht nur beim Bau schl\u00fcsselfertiger, komplexer Gro\u00dfanlagen werden in Beratung, Engineering und Montage h\u00f6chste Qualit\u00e4tsma\u00dfst\u00e4be gesetzt. Auch bei kleineren Projekten setzen sowohl die Maschinenbau- und Elektrotechnik-Ingenieure, als auch die Verfahrenstechniker und Monteure von Saxlund-International ihre gesamten Erfahrungen und ihr vollstes Engagement ein. \u00a0 \u00a0<\/span>[\/vc_column_text][\/vc_column][\/vc_row]","protected":false},"excerpt":{"rendered":"<p>[vc_row][vc_column][vc_column_text] Allgemeine Gesch\u00e4ftsbedingungen Allgemeine Einkaufsbedingungen Allgemeine Verkaufsbedingungen Code of Conduct f\u00fcr Gesch\u00e4ftspartner [\/vc_column_text][vc_column_text][\/vc_column_text][\/vc_column][\/vc_row][vc_row][vc_column width=&#8220;7\/12&#8243;][vc_column_text] Wir \u00fcber uns WER IST SAXLUND UND WAS MACHT SAXLUND? Diese, uns immer wieder gestellten Fragen, m\u00f6chten wir hier beantworten und dar\u00fcber hinaus \u00fcber unsere verschiedenen WELTWEITEN Aktivit\u00e4ten im SILO- und ANLAGENBAU informieren. Wir haben ein breitgef\u00e4chertes Lieferprogramm auf den Gebieten&hellip;<\/p>\n","protected":false},"author":1,"featured_media":0,"parent":0,"menu_order":0,"comment_status":"closed","ping_status":"closed","template":"","meta":{"footnotes":""},"class_list":["post-78","page","type-page","status-publish","hentry","entry","no-media"],"yoast_head":"<!-- This site is optimized with the Yoast SEO plugin v25.4 - https:\/\/yoast.com\/wordpress\/plugins\/seo\/ -->\n<title>Unternehmen - SAXLUND International GmbH<\/title>\n<meta name=\"description\" content=\"Anlagenbau f\u00fcr problematische Sch\u00fcttg\u00fcter wie Holzsp\u00e4ne, Rinde, Schl\u00e4mme, Futtermittel, chemische Stoffe, Kompost oder Abfallstoffe, St\u00f6rstoffabscheider\" \/>\n<meta name=\"robots\" content=\"index, follow, max-snippet:-1, max-image-preview:large, max-video-preview:-1\" \/>\n<link rel=\"canonical\" href=\"https:\/\/www.saxlund.de\/unternehmen\/\" \/>\n<meta property=\"og:locale\" content=\"de_DE\" \/>\n<meta property=\"og:type\" content=\"article\" \/>\n<meta property=\"og:title\" content=\"[:de]Unternehmen[:en]Company[:] - SAXLUND International GmbH\" \/>\n<meta property=\"og:description\" content=\"Anlagenbau f\u00fcr problematische Sch\u00fcttg\u00fcter wie Holzsp\u00e4ne, Rinde, Schl\u00e4mme, Futtermittel, chemische Stoffe, Kompost oder Abfallstoffe, St\u00f6rstoffabscheider\" \/>\n<meta property=\"og:url\" content=\"https:\/\/www.saxlund.de\/unternehmen\/\" \/>\n<meta property=\"og:site_name\" content=\"SAXLUND International GmbH\" \/>\n<meta property=\"article:modified_time\" content=\"2026-01-08T08:16:50+00:00\" \/>\n<meta name=\"twitter:card\" content=\"summary_large_image\" \/>\n<meta name=\"twitter:label1\" content=\"Gesch\u00e4tzte Lesezeit\" \/>\n\t<meta name=\"twitter:data1\" content=\"2\u00a0Minuten\" \/>\n<script type=\"application\/ld+json\" class=\"yoast-schema-graph\">{\"@context\":\"https:\/\/schema.org\",\"@graph\":[{\"@type\":\"WebPage\",\"@id\":\"https:\/\/www.saxlund.de\/unternehmen\/\",\"url\":\"https:\/\/www.saxlund.de\/unternehmen\/\",\"name\":\"[:de]Unternehmen[:en]Company[:] - SAXLUND International GmbH\",\"isPartOf\":{\"@id\":\"https:\/\/www.saxlund.de\/de\/#website\"},\"datePublished\":\"2015-01-23T11:01:06+00:00\",\"dateModified\":\"2026-01-08T08:16:50+00:00\",\"description\":\"Anlagenbau f\u00fcr problematische Sch\u00fcttg\u00fcter wie Holzsp\u00e4ne, Rinde, Schl\u00e4mme, Futtermittel, chemische Stoffe, Kompost oder Abfallstoffe, St\u00f6rstoffabscheider\",\"breadcrumb\":{\"@id\":\"https:\/\/www.saxlund.de\/unternehmen\/#breadcrumb\"},\"inLanguage\":\"de\",\"potentialAction\":[{\"@type\":\"ReadAction\",\"target\":[\"https:\/\/www.saxlund.de\/unternehmen\/\"]}]},{\"@type\":\"BreadcrumbList\",\"@id\":\"https:\/\/www.saxlund.de\/unternehmen\/#breadcrumb\",\"itemListElement\":[{\"@type\":\"ListItem\",\"position\":1,\"name\":\"Startseite\",\"item\":\"https:\/\/www.saxlund.de\/\"},{\"@type\":\"ListItem\",\"position\":2,\"name\":\"Company\"}]},{\"@type\":\"WebSite\",\"@id\":\"https:\/\/www.saxlund.de\/de\/#website\",\"url\":\"https:\/\/www.saxlund.de\/de\/\",\"name\":\"SAXLUND International GmbH\",\"description\":\"Innovative solutions for bulk materials handling\",\"publisher\":{\"@id\":\"https:\/\/www.saxlund.de\/de\/#organization\"},\"potentialAction\":[{\"@type\":\"SearchAction\",\"target\":{\"@type\":\"EntryPoint\",\"urlTemplate\":\"https:\/\/www.saxlund.de\/de\/?s={search_term_string}\"},\"query-input\":{\"@type\":\"PropertyValueSpecification\",\"valueRequired\":true,\"valueName\":\"search_term_string\"}}],\"inLanguage\":\"de\"},{\"@type\":\"Organization\",\"@id\":\"https:\/\/www.saxlund.de\/de\/#organization\",\"name\":\"Saxlund International GmbH\",\"url\":\"https:\/\/www.saxlund.de\/de\/\",\"logo\":{\"@type\":\"ImageObject\",\"inLanguage\":\"de\",\"@id\":\"https:\/\/www.saxlund.de\/de\/#\/schema\/logo\/image\/\",\"url\":\"https:\/\/www.saxlund.de\/wp-content\/uploads\/2016\/06\/SaxLogo200x100.png\",\"contentUrl\":\"https:\/\/www.saxlund.de\/wp-content\/uploads\/2016\/06\/SaxLogo200x100.png\",\"width\":200,\"height\":88,\"caption\":\"Saxlund International GmbH\"},\"image\":{\"@id\":\"https:\/\/www.saxlund.de\/de\/#\/schema\/logo\/image\/\"}}]}<\/script>\n<!-- \/ Yoast SEO plugin. -->","yoast_head_json":{"title":"[:de]Unternehmen[:en]Company[:] - SAXLUND International GmbH","description":"Anlagenbau f\u00fcr problematische Sch\u00fcttg\u00fcter wie Holzsp\u00e4ne, Rinde, Schl\u00e4mme, Futtermittel, chemische Stoffe, Kompost oder Abfallstoffe, St\u00f6rstoffabscheider","robots":{"index":"index","follow":"follow","max-snippet":"max-snippet:-1","max-image-preview":"max-image-preview:large","max-video-preview":"max-video-preview:-1"},"canonical":"https:\/\/www.saxlund.de\/unternehmen\/","og_locale":"de_DE","og_type":"article","og_title":"[:de]Unternehmen[:en]Company[:] - SAXLUND International GmbH","og_description":"Anlagenbau f\u00fcr problematische Sch\u00fcttg\u00fcter wie Holzsp\u00e4ne, Rinde, Schl\u00e4mme, Futtermittel, chemische Stoffe, Kompost oder Abfallstoffe, St\u00f6rstoffabscheider","og_url":"https:\/\/www.saxlund.de\/unternehmen\/","og_site_name":"SAXLUND International GmbH","article_modified_time":"2026-01-08T08:16:50+00:00","twitter_card":"summary_large_image","twitter_misc":{"Gesch\u00e4tzte Lesezeit":"2\u00a0Minuten"},"schema":{"@context":"https:\/\/schema.org","@graph":[{"@type":"WebPage","@id":"https:\/\/www.saxlund.de\/unternehmen\/","url":"https:\/\/www.saxlund.de\/unternehmen\/","name":"[:de]Unternehmen[:en]Company[:] - SAXLUND International GmbH","isPartOf":{"@id":"https:\/\/www.saxlund.de\/de\/#website"},"datePublished":"2015-01-23T11:01:06+00:00","dateModified":"2026-01-08T08:16:50+00:00","description":"Anlagenbau f\u00fcr problematische Sch\u00fcttg\u00fcter wie Holzsp\u00e4ne, Rinde, Schl\u00e4mme, Futtermittel, chemische Stoffe, Kompost oder Abfallstoffe, St\u00f6rstoffabscheider","breadcrumb":{"@id":"https:\/\/www.saxlund.de\/unternehmen\/#breadcrumb"},"inLanguage":"de","potentialAction":[{"@type":"ReadAction","target":["https:\/\/www.saxlund.de\/unternehmen\/"]}]},{"@type":"BreadcrumbList","@id":"https:\/\/www.saxlund.de\/unternehmen\/#breadcrumb","itemListElement":[{"@type":"ListItem","position":1,"name":"Startseite","item":"https:\/\/www.saxlund.de\/"},{"@type":"ListItem","position":2,"name":"Company"}]},{"@type":"WebSite","@id":"https:\/\/www.saxlund.de\/de\/#website","url":"https:\/\/www.saxlund.de\/de\/","name":"SAXLUND International GmbH","description":"Innovative solutions for bulk materials handling","publisher":{"@id":"https:\/\/www.saxlund.de\/de\/#organization"},"potentialAction":[{"@type":"SearchAction","target":{"@type":"EntryPoint","urlTemplate":"https:\/\/www.saxlund.de\/de\/?s={search_term_string}"},"query-input":{"@type":"PropertyValueSpecification","valueRequired":true,"valueName":"search_term_string"}}],"inLanguage":"de"},{"@type":"Organization","@id":"https:\/\/www.saxlund.de\/de\/#organization","name":"Saxlund International GmbH","url":"https:\/\/www.saxlund.de\/de\/","logo":{"@type":"ImageObject","inLanguage":"de","@id":"https:\/\/www.saxlund.de\/de\/#\/schema\/logo\/image\/","url":"https:\/\/www.saxlund.de\/wp-content\/uploads\/2016\/06\/SaxLogo200x100.png","contentUrl":"https:\/\/www.saxlund.de\/wp-content\/uploads\/2016\/06\/SaxLogo200x100.png","width":200,"height":88,"caption":"Saxlund International GmbH"},"image":{"@id":"https:\/\/www.saxlund.de\/de\/#\/schema\/logo\/image\/"}}]}},"_links":{"self":[{"href":"https:\/\/www.saxlund.de\/de\/wp-json\/wp\/v2\/pages\/78","targetHints":{"allow":["GET"]}}],"collection":[{"href":"https:\/\/www.saxlund.de\/de\/wp-json\/wp\/v2\/pages"}],"about":[{"href":"https:\/\/www.saxlund.de\/de\/wp-json\/wp\/v2\/types\/page"}],"author":[{"embeddable":true,"href":"https:\/\/www.saxlund.de\/de\/wp-json\/wp\/v2\/users\/1"}],"replies":[{"embeddable":true,"href":"https:\/\/www.saxlund.de\/de\/wp-json\/wp\/v2\/comments?post=78"}],"version-history":[{"count":24,"href":"https:\/\/www.saxlund.de\/de\/wp-json\/wp\/v2\/pages\/78\/revisions"}],"predecessor-version":[{"id":4345,"href":"https:\/\/www.saxlund.de\/de\/wp-json\/wp\/v2\/pages\/78\/revisions\/4345"}],"wp:attachment":[{"href":"https:\/\/www.saxlund.de\/de\/wp-json\/wp\/v2\/media?parent=78"}],"curies":[{"name":"wp","href":"https:\/\/api.w.org\/{rel}","templated":true}]}}