{"id":755,"date":"2015-01-28T14:56:56","date_gmt":"2015-01-28T14:56:56","guid":{"rendered":"http:\/\/web.saxlund.de\/?page_id=755"},"modified":"2022-12-09T09:50:03","modified_gmt":"2022-12-09T08:50:03","slug":"schubboden","status":"publish","type":"page","link":"https:\/\/www.saxlund.de\/de\/produkte\/schubboden\/","title":{"rendered":"Schubboden"},"content":{"rendered":"[vc_row center_row=&#8220;&#8220;][vc_column width=&#8220;2\/3&#8243;][vc_column_text]\n<h1><span style=\"color: #000000;\">Bew\u00e4hrtes System f\u00fcr Hoch- und Tiefbunker<\/span><\/h1>\n[\/vc_column_text][\/vc_column][vc_column width=&#8220;1\/3&#8243;][\/vc_column][\/vc_row][vc_row][vc_column width=&#8220;2\/3&#8243;]<div class=\"vcex-spacing wpex-w-100 wpex-clear\"><\/div>[vc_column_text]<span style=\"color: #000000;\">Der Schubboden ist besonders\u00a0 f\u00fcr Rechteckbunker geeignet und ist speziell f\u00fcr schwerfliessende Sch\u00fcttg\u00fcter ausgelegt. Das Konzept des flachen Bunkerbodens bringt vielerlei Vorteile mit sich. Der Schubboden kann f\u00fcr diverse Anwendungsgebiete gem\u00e4ss den besonderen Kundenanforderungen eingesetzt werden. Diese Austrags-vorrichtung gew\u00e4hrleistet einen zuverl\u00e4ssigen Materialaustrag, eine exakte Dosierung und erm\u00f6glicht die Lagerung gro\u00dfer Volumina.<\/span>[\/vc_column_text][\/vc_column][vc_column width=&#8220;1\/3&#8243;][vc_single_image image=&#8220;3346&#8243; style=&#8220;vc_box_shadow_3d&#8220;][\/vc_column][\/vc_row][vc_row full_width=&#8220;stretch_row&#8220; css=&#8220;.vc_custom_1522931617907{background-color: #e5e5e6 !important;}&#8220;][vc_column width=&#8220;1\/2&#8243;][rev_slider_vc alias=&#8220;produkteSBZ&#8220;][\/vc_column][vc_column width=&#8220;1\/2&#8243;]<div class=\"vcex-spacing wpex-w-100 wpex-clear\" style=\"height:70px;\"><\/div>[vc_column_text]Der Schubboden besteht aus hydraulisch angetriebenen Schubbodenleitern, die sich wechselseitig \u00fcber den Boden des Bunkers bewegen. Durch die Bewegung der parallel angeordneten Leitern wird das Sch\u00fcttgut vom Bunkerboden in eine Austragsschnecke oder in andere nachgeschaltete F\u00f6rderer geschoben. Die gew\u00fcnschte Dosierung aus dem Bunker erfolgt entweder durch Schnecke oder durch die Schubbodenleitern selbst.[\/vc_column_text][\/vc_column][\/vc_row][vc_row][vc_column width=&#8220;1\/2&#8243;][vc_column_text]\n<h2><span style=\"color: #000000;\"><strong>Kompletter Service<\/strong><\/span><\/h2>\n<p><span style=\"color: #000000;\">Saxlund International bietet einen kompletten Service vom Engineering und Herstellung der Siloanlagen bis hin zur Inbetriebnahme und einen weltweiten After-Sales-Service.<\/span><br \/>\n<span style=\"color: #000000;\">Unsere betriebsinterne Qualit\u00e4tskontrolle sorgt f\u00fcr eine gleichbleibende Qualit\u00e4t aller Anlagen.<\/span>[\/vc_column_text][\/vc_column][vc_column width=&#8220;1\/2&#8243;][vc_column_text]\n<h2><span style=\"color: #000000;\"><strong>Sch\u00fcttg\u00fcter<\/strong><\/span><\/h2>\n<p><span style=\"color: #000000;\">Der Schubboden eignet sich besonders f\u00fcr schwere und feuchte Sch\u00fcttg\u00fcter wie nasse Flachsp\u00e4ne, Hackschnitzel, S\u00e4gesp\u00e4ne, Abfallgemische sowie Rinde. Aber auch Reifen, M\u00fcllfraktionen, Gummiabf\u00e4lle, Schl\u00e4mme und andere schwerflie\u00dfende Materialien k\u00f6nnen problemlos ausgetragen werden.<\/span>[\/vc_column_text][\/vc_column][\/vc_row][vc_row][vc_column width=&#8220;1\/2&#8243;][vc_column_text]\n<h2><span style=\"color: #000000;\"><strong>Zuverl\u00e4ssigkeit und Vielseitigkeit<\/strong><\/span><\/h2>\n<p><span style=\"color: #000000;\">Das Einsatzgebiet der Schubboden Austrags- vorrichtung ist sehr vielseitig:<\/span><br \/>\n<span style=\"color: #000000;\">Eingesetzt auf dem Boden eines Rechteckbunkers, wird das Sch\u00fcttgut zuverl\u00e4ssig von einer Seite des Bunkers in Richtung der Austragsvorrichtung geschoben bzw. Gezogen. Soll das Material durch eine Austrags\u00f6ffnung in eine oder mehrere Schnecken oder eine Feststoffpumpe \u00fcbergeben werden, wird das Sch\u00fcttgut zus\u00e4tzlich in die Mitte des Bunkers gef\u00f6rdert. Durch die Vielseitigkeit des Schubbodens kann er f\u00fcr Dosierbeh\u00e4lter, Tiefbunker und gro\u00dfe Freilager eingesetzt werden.<\/span>[\/vc_column_text][\/vc_column][vc_column width=&#8220;1\/2&#8243;][vc_column_text]\n<h2><span style=\"color: #000000;\"><strong>Bauformen<\/strong><\/span><\/h2>\n<p><span style=\"color: #000000;\">Die original Saxlund International Schubboden-Austragsvorrichtungen werden f\u00fcr Bunkerl\u00e4ngen von mehr als 20m und f\u00fcr jede Bunkerbreite konstruiert, da die Anzahl der Schubbodenleitern beliebig ist. Die maximale, wirtschaftliche Standardlagergr\u00f6\u00dfe betr\u00e4gt ca. 1500m\u00b3. Der Schubboden l\u00e4sst sich beliebig erweitern, d. h. weitere Schubbodenleitern k\u00f6nnen jederzeit hinzugef\u00fcgt werden. Durch den nachtr\u00e4glichen Einbau des Schubbodens in bereits vorhandene Bunker kann auch bei diesen Anlagen der Problematik von Br\u00fcckenbildung im Produkt entgegengewirkt werden. Der Bunker kann sowohl aus Stahl als auch aus Beton oder Kunststoff hergestellt werden.<\/span>[\/vc_column_text][\/vc_column][\/vc_row][vc_row full_width=&#8220;stretch_row&#8220; parallax=&#8220;vcex_parallax&#8220; parallax_image=&#8220;3359&#8243; css=&#8220;.vc_custom_1520958882194{background-color: #004c87 !important;}&#8220;][vc_column]<div class=\"vcex-spacing wpex-w-100 wpex-clear\"><\/div>[vc_column_text]\n<h1 style=\"text-align: center;\"><span style=\"color: #999999;\">Effektive und einfache Betriebsweise<br \/>\nGenaue Dosierung<br \/>\nFlachboden-Bunker sind g\u00fcnstig in der Herstellung<br \/>\nFlachboden-Bunker gew\u00e4hren ein maximales Lagervolumen<br \/>\nGeringer Wartungsaufwand<br \/>\nKomplette Systeme aus einer Hand<\/span><\/h1>\n[\/vc_column_text][\/vc_column][\/vc_row][vc_row][vc_column][\/vc_column][\/vc_row][vc_row][vc_column width=&#8220;1\/2&#8243;][vc_column_text]\n<h2><span style=\"color: #000000;\"><strong>Schubboden Typ SB<\/strong><\/span><\/h2>\n<p><span style=\"color: #000000;\">f\u00fcr st\u00fcckiges, schwerflie\u00dfendes Sch\u00fcttgut wie Hackschnitzel, Altholz, Rinde und Kunststoffschnitzel<\/span>[\/vc_column_text][vc_single_image image=&#8220;3349&#8243;][\/vc_column][vc_column width=&#8220;1\/2&#8243;][vc_column_text]\n<h2><span style=\"color: #000000;\"><strong>Schubboden Typ SZB<\/strong><\/span><\/h2>\n<p><span style=\"color: #000000;\">f\u00fcr schlammartige Medien<\/span>[\/vc_column_text][vc_single_image image=&#8220;3348&#8243;][\/vc_column][\/vc_row][vc_row][vc_column][vc_column_text]\n<h2><span style=\"color: #000000;\"><strong>Die Schub-Zugbodenleitern<\/strong><\/span><\/h2>\n<p><span style=\"color: #000000;\">Die Leitern f\u00f6rdern in beide Schubrichtungen Material zu den \u00d6ffnungen im Beh\u00e4lterboden. Die abgeschr\u00e4gte Seite der SZB-Sprossen unterf\u00e4hrt das Material, die senkrechte Seite f\u00f6rdert das Material. Die SZB-Leitern werden durch ausserhalb der Bunker angebrachte 2fach wirkende Hydraulikzylinder angetrieben. Wird eine Endlage, z.B. durch verklemmen eines Fremdk\u00f6rpers nicht erreicht, schalten die Zylinder des Schub-Zugbodens \u00fcber ein auf dem Hydraulikaggregat aufgebauten Druckschalter um.<\/span>[\/vc_column_text][\/vc_column][\/vc_row]","protected":false},"excerpt":{"rendered":"<p>[vc_row center_row=&#8220;&#8220;][vc_column width=&#8220;2\/3&#8243;][vc_column_text] Bew\u00e4hrtes System f\u00fcr Hoch- und Tiefbunker [\/vc_column_text][\/vc_column][vc_column width=&#8220;1\/3&#8243;][\/vc_column][\/vc_row][vc_row][vc_column width=&#8220;2\/3&#8243;][vc_column_text]Der Schubboden ist besonders\u00a0 f\u00fcr Rechteckbunker geeignet und ist speziell f\u00fcr schwerfliessende Sch\u00fcttg\u00fcter ausgelegt. Das Konzept des flachen Bunkerbodens bringt vielerlei Vorteile mit sich. Der Schubboden kann f\u00fcr diverse Anwendungsgebiete gem\u00e4ss den besonderen Kundenanforderungen eingesetzt werden. Diese Austrags-vorrichtung gew\u00e4hrleistet einen zuverl\u00e4ssigen Materialaustrag, eine exakte&hellip;<\/p>\n","protected":false},"author":1,"featured_media":0,"parent":682,"menu_order":0,"comment_status":"closed","ping_status":"closed","template":"","meta":{"footnotes":""},"class_list":["post-755","page","type-page","status-publish","hentry","entry","no-media"],"yoast_head":"<!-- This site is optimized with the Yoast SEO plugin v25.4 - https:\/\/yoast.com\/wordpress\/plugins\/seo\/ -->\n<title>Schubboden - SAXLUND International GmbH<\/title>\n<meta name=\"description\" content=\"Anlagenbau f\u00fcr problematische Sch\u00fcttg\u00fcter wie Holzsp\u00e4ne, Rinde, Schl\u00e4mme, Futtermittel, chemische Stoffe, Kompost oder Abfallstoffe, St\u00f6rstoffabscheider\" \/>\n<meta name=\"robots\" content=\"index, follow, max-snippet:-1, max-image-preview:large, max-video-preview:-1\" \/>\n<link rel=\"canonical\" href=\"https:\/\/www.saxlund.de\/produkte\/schubboden\/\" \/>\n<meta property=\"og:locale\" content=\"de_DE\" \/>\n<meta property=\"og:type\" content=\"article\" \/>\n<meta property=\"og:title\" content=\"[:de]Schubboden[:en]Push Floor[:] - SAXLUND International GmbH\" \/>\n<meta property=\"og:description\" content=\"Anlagenbau f\u00fcr problematische Sch\u00fcttg\u00fcter wie Holzsp\u00e4ne, Rinde, Schl\u00e4mme, Futtermittel, chemische Stoffe, Kompost oder Abfallstoffe, St\u00f6rstoffabscheider\" \/>\n<meta property=\"og:url\" content=\"https:\/\/www.saxlund.de\/produkte\/schubboden\/\" \/>\n<meta property=\"og:site_name\" content=\"SAXLUND International GmbH\" \/>\n<meta property=\"article:modified_time\" content=\"2022-12-09T08:50:03+00:00\" \/>\n<meta name=\"twitter:card\" content=\"summary_large_image\" \/>\n<meta name=\"twitter:label1\" content=\"Gesch\u00e4tzte Lesezeit\" \/>\n\t<meta name=\"twitter:data1\" content=\"3\u00a0Minuten\" \/>\n<script type=\"application\/ld+json\" class=\"yoast-schema-graph\">{\"@context\":\"https:\/\/schema.org\",\"@graph\":[{\"@type\":\"WebPage\",\"@id\":\"https:\/\/www.saxlund.de\/produkte\/schubboden\/\",\"url\":\"https:\/\/www.saxlund.de\/produkte\/schubboden\/\",\"name\":\"[:de]Schubboden[:en]Push Floor[:] - SAXLUND International GmbH\",\"isPartOf\":{\"@id\":\"https:\/\/www.saxlund.de\/de\/#website\"},\"datePublished\":\"2015-01-28T14:56:56+00:00\",\"dateModified\":\"2022-12-09T08:50:03+00:00\",\"description\":\"Anlagenbau f\u00fcr problematische Sch\u00fcttg\u00fcter wie Holzsp\u00e4ne, Rinde, Schl\u00e4mme, Futtermittel, chemische Stoffe, Kompost oder Abfallstoffe, St\u00f6rstoffabscheider\",\"breadcrumb\":{\"@id\":\"https:\/\/www.saxlund.de\/produkte\/schubboden\/#breadcrumb\"},\"inLanguage\":\"de\",\"potentialAction\":[{\"@type\":\"ReadAction\",\"target\":[\"https:\/\/www.saxlund.de\/produkte\/schubboden\/\"]}]},{\"@type\":\"BreadcrumbList\",\"@id\":\"https:\/\/www.saxlund.de\/produkte\/schubboden\/#breadcrumb\",\"itemListElement\":[{\"@type\":\"ListItem\",\"position\":1,\"name\":\"Startseite\",\"item\":\"https:\/\/www.saxlund.de\/\"},{\"@type\":\"ListItem\",\"position\":2,\"name\":\"Produkte\",\"item\":\"https:\/\/www.saxlund.de\/de\/produkte\/\"},{\"@type\":\"ListItem\",\"position\":3,\"name\":\"Schubboden\"}]},{\"@type\":\"WebSite\",\"@id\":\"https:\/\/www.saxlund.de\/de\/#website\",\"url\":\"https:\/\/www.saxlund.de\/de\/\",\"name\":\"SAXLUND International GmbH\",\"description\":\"Innovative solutions for bulk materials handling\",\"publisher\":{\"@id\":\"https:\/\/www.saxlund.de\/de\/#organization\"},\"potentialAction\":[{\"@type\":\"SearchAction\",\"target\":{\"@type\":\"EntryPoint\",\"urlTemplate\":\"https:\/\/www.saxlund.de\/de\/?s={search_term_string}\"},\"query-input\":{\"@type\":\"PropertyValueSpecification\",\"valueRequired\":true,\"valueName\":\"search_term_string\"}}],\"inLanguage\":\"de\"},{\"@type\":\"Organization\",\"@id\":\"https:\/\/www.saxlund.de\/de\/#organization\",\"name\":\"Saxlund International GmbH\",\"url\":\"https:\/\/www.saxlund.de\/de\/\",\"logo\":{\"@type\":\"ImageObject\",\"inLanguage\":\"de\",\"@id\":\"https:\/\/www.saxlund.de\/de\/#\/schema\/logo\/image\/\",\"url\":\"https:\/\/www.saxlund.de\/wp-content\/uploads\/2016\/06\/SaxLogo200x100.png\",\"contentUrl\":\"https:\/\/www.saxlund.de\/wp-content\/uploads\/2016\/06\/SaxLogo200x100.png\",\"width\":200,\"height\":88,\"caption\":\"Saxlund International GmbH\"},\"image\":{\"@id\":\"https:\/\/www.saxlund.de\/de\/#\/schema\/logo\/image\/\"}}]}<\/script>\n<!-- \/ Yoast SEO plugin. -->","yoast_head_json":{"title":"[:de]Schubboden[:en]Push Floor[:] - SAXLUND International GmbH","description":"Anlagenbau f\u00fcr problematische Sch\u00fcttg\u00fcter wie Holzsp\u00e4ne, Rinde, Schl\u00e4mme, Futtermittel, chemische Stoffe, Kompost oder Abfallstoffe, St\u00f6rstoffabscheider","robots":{"index":"index","follow":"follow","max-snippet":"max-snippet:-1","max-image-preview":"max-image-preview:large","max-video-preview":"max-video-preview:-1"},"canonical":"https:\/\/www.saxlund.de\/produkte\/schubboden\/","og_locale":"de_DE","og_type":"article","og_title":"[:de]Schubboden[:en]Push Floor[:] - SAXLUND International GmbH","og_description":"Anlagenbau f\u00fcr problematische Sch\u00fcttg\u00fcter wie Holzsp\u00e4ne, Rinde, Schl\u00e4mme, Futtermittel, chemische Stoffe, Kompost oder Abfallstoffe, St\u00f6rstoffabscheider","og_url":"https:\/\/www.saxlund.de\/produkte\/schubboden\/","og_site_name":"SAXLUND International GmbH","article_modified_time":"2022-12-09T08:50:03+00:00","twitter_card":"summary_large_image","twitter_misc":{"Gesch\u00e4tzte Lesezeit":"3\u00a0Minuten"},"schema":{"@context":"https:\/\/schema.org","@graph":[{"@type":"WebPage","@id":"https:\/\/www.saxlund.de\/produkte\/schubboden\/","url":"https:\/\/www.saxlund.de\/produkte\/schubboden\/","name":"[:de]Schubboden[:en]Push Floor[:] - SAXLUND International GmbH","isPartOf":{"@id":"https:\/\/www.saxlund.de\/de\/#website"},"datePublished":"2015-01-28T14:56:56+00:00","dateModified":"2022-12-09T08:50:03+00:00","description":"Anlagenbau f\u00fcr problematische Sch\u00fcttg\u00fcter wie Holzsp\u00e4ne, Rinde, Schl\u00e4mme, Futtermittel, chemische Stoffe, Kompost oder Abfallstoffe, St\u00f6rstoffabscheider","breadcrumb":{"@id":"https:\/\/www.saxlund.de\/produkte\/schubboden\/#breadcrumb"},"inLanguage":"de","potentialAction":[{"@type":"ReadAction","target":["https:\/\/www.saxlund.de\/produkte\/schubboden\/"]}]},{"@type":"BreadcrumbList","@id":"https:\/\/www.saxlund.de\/produkte\/schubboden\/#breadcrumb","itemListElement":[{"@type":"ListItem","position":1,"name":"Startseite","item":"https:\/\/www.saxlund.de\/"},{"@type":"ListItem","position":2,"name":"Produkte","item":"https:\/\/www.saxlund.de\/de\/produkte\/"},{"@type":"ListItem","position":3,"name":"Schubboden"}]},{"@type":"WebSite","@id":"https:\/\/www.saxlund.de\/de\/#website","url":"https:\/\/www.saxlund.de\/de\/","name":"SAXLUND International GmbH","description":"Innovative solutions for bulk materials handling","publisher":{"@id":"https:\/\/www.saxlund.de\/de\/#organization"},"potentialAction":[{"@type":"SearchAction","target":{"@type":"EntryPoint","urlTemplate":"https:\/\/www.saxlund.de\/de\/?s={search_term_string}"},"query-input":{"@type":"PropertyValueSpecification","valueRequired":true,"valueName":"search_term_string"}}],"inLanguage":"de"},{"@type":"Organization","@id":"https:\/\/www.saxlund.de\/de\/#organization","name":"Saxlund International GmbH","url":"https:\/\/www.saxlund.de\/de\/","logo":{"@type":"ImageObject","inLanguage":"de","@id":"https:\/\/www.saxlund.de\/de\/#\/schema\/logo\/image\/","url":"https:\/\/www.saxlund.de\/wp-content\/uploads\/2016\/06\/SaxLogo200x100.png","contentUrl":"https:\/\/www.saxlund.de\/wp-content\/uploads\/2016\/06\/SaxLogo200x100.png","width":200,"height":88,"caption":"Saxlund International GmbH"},"image":{"@id":"https:\/\/www.saxlund.de\/de\/#\/schema\/logo\/image\/"}}]}},"_links":{"self":[{"href":"https:\/\/www.saxlund.de\/de\/wp-json\/wp\/v2\/pages\/755","targetHints":{"allow":["GET"]}}],"collection":[{"href":"https:\/\/www.saxlund.de\/de\/wp-json\/wp\/v2\/pages"}],"about":[{"href":"https:\/\/www.saxlund.de\/de\/wp-json\/wp\/v2\/types\/page"}],"author":[{"embeddable":true,"href":"https:\/\/www.saxlund.de\/de\/wp-json\/wp\/v2\/users\/1"}],"replies":[{"embeddable":true,"href":"https:\/\/www.saxlund.de\/de\/wp-json\/wp\/v2\/comments?post=755"}],"version-history":[{"count":3,"href":"https:\/\/www.saxlund.de\/de\/wp-json\/wp\/v2\/pages\/755\/revisions"}],"predecessor-version":[{"id":3474,"href":"https:\/\/www.saxlund.de\/de\/wp-json\/wp\/v2\/pages\/755\/revisions\/3474"}],"up":[{"embeddable":true,"href":"https:\/\/www.saxlund.de\/de\/wp-json\/wp\/v2\/pages\/682"}],"wp:attachment":[{"href":"https:\/\/www.saxlund.de\/de\/wp-json\/wp\/v2\/media?parent=755"}],"curies":[{"name":"wp","href":"https:\/\/api.w.org\/{rel}","templated":true}]}}