{"id":688,"date":"2015-01-28T12:20:01","date_gmt":"2015-01-28T12:20:01","guid":{"rendered":"http:\/\/web.saxlund.de\/?page_id=688"},"modified":"2018-04-05T12:34:49","modified_gmt":"2018-04-05T12:34:49","slug":"gleitrahmen","status":"publish","type":"page","link":"https:\/\/www.saxlund.de\/de\/produkte\/gleitrahmen\/","title":{"rendered":"Gleitrahmen"},"content":{"rendered":"[vc_row full_width=&#8220;stretch_row&#8220; css=&#8220;.vc_custom_1522931478619{background-color: #e5e5e6 !important;background-position: center !important;background-repeat: no-repeat !important;background-size: cover !important;}&#8220;][vc_column width=&#8220;2\/3&#8243;]<div class=\"vcex-spacing wpex-w-100 wpex-clear\"><\/div><style>.vcex-heading.vcex_69ff730157d75{font-size:21px;font-weight:700;}<\/style><div class=\"vcex-heading vcex-heading-plain vcex-module wpex-heading wpex-text-2xl vcex_69ff730157d75\"><span class=\"vcex-heading-inner wpex-inline-block\">Seit \u00fcber 5 Jahrzehnten ist der Gleitrahmen ein bew\u00e4hrtes Austragssystem<\/span><\/div><div class=\"vcex-spacing wpex-w-100 wpex-clear\"><\/div>[vc_column_text]Der Gleitrahmen wird hydraulisch angetrieben, und gleitet auf dem Siloboden in axialer Richtung vor und zur\u00fcck. Hierbei wird das gelagerte Produkt in der Vorw\u00e4rtsbewegung unterfahren und in der anschlie\u00dfenden R\u00fcckw\u00e4rtsbewegung in eine oder mehrere Austragsschnecken, die unterhalb des Silobodens angebracht sind, gezogen.<br \/>\nDiese effiziente\u00a0und material schonende Funktion wird durch die patentierte Geometrie des Rahmenquerschnitts erreicht.[\/vc_column_text][vc_column_text]\n<h2><span style=\"color: #000000;\"><strong>Verf\u00fcgbar, sicher und wirtschaftlich<\/strong><\/span><\/h2>\n<p><span style=\"color: #000000;\">Der Energieverbrauch des Gleitrahmens ist wesentlich geringer als bei den meisten vergleichbaren Systemen. Dadurch kann der Energieaufwand, um das Sch\u00fcttgut vom Lagersilo in den nach folgenden Proze\u00df einzuleiten, minimiert werden. Alle im Silo eingebauten Komponenten unterliegen einem geringen Verschlei\u00df . Die Wartung der Austragsvorrichtung kann selbst bei gef\u00fclltem Silo von au\u00dfen erfolgen, ein nicht zu untersch\u00e4tzender Vorteil.<\/span>[\/vc_column_text][\/vc_column][vc_column width=&#8220;1\/3&#8243; css=&#8220;.vc_custom_1521028982054{background-color: #e5e5e6 !important;}&#8220;]<div class=\"vcex-spacing wpex-w-100 wpex-clear\" style=\"height:60px;\"><\/div>[rev_slider_vc alias=&#8220;produkteGL02&#8243;][\/vc_column][\/vc_row][vc_row][vc_column width=&#8220;1\/4&#8243;]<div class=\"vcex-spacing wpex-w-100 wpex-clear\"><\/div>[vc_single_image image=&#8220;3336&#8243; style=&#8220;vc_box_shadow_3d&#8220;][\/vc_column][vc_column width=&#8220;3\/4&#8243;][vc_column_text]\n<h2><span style=\"color: #000000;\"><strong>Einsatzgebiete<\/strong><\/span><\/h2>\n<p><span style=\"color: #000000;\">Es existieren drei wesentliche Einsatzgebiete f\u00fcr die original Saxlund Gleitrahmen-Austragsvorrichtung:<\/span><\/p>\n<ul>\n<li><span style=\"color: #000000;\">Die Annahme von Sch\u00fcttg\u00fctern, d. h. LKW, liefern das Material an und bef\u00f6rdern es in daf\u00fcr vorgesehene Gruben. Hier wird das Material mittels Gleitahmen abgezogen.<\/span><\/li>\n<li><span style=\"color: #000000;\">Das dosierte Einbringen von Sch\u00fcttg\u00fctern in den Proze\u00df, wie z. B. In eine Trocknung oder eine Verbrennung.<\/span><\/li>\n<li><span style=\"color: #000000;\">Die Lagerung von Sch\u00fcttg\u00fctern und die Austragung auf LKW f\u00fcr einen Abtransport zu anderen Anlagen.<\/span><\/li>\n<\/ul>\n<h2><span style=\"color: #000000;\"><strong>Kompletter Service<\/strong><\/span><\/h2>\n<p><span style=\"color: #000000;\">Saxlund International bietet einen kompletten Service vom Engineering und Herstellung der Siloanlagen, bis hin zur Inbetriebnahme und dem weltweitem After-Sales-Service. Unsere betriebsinterne Qualit\u00e4tskontrolle sorgt f\u00fcr eine gleichbleibend hohe Qualit\u00e4t aller Anlagen.<\/span><\/p>\n<h2><span style=\"color: #000000;\"><strong>Bauformen<\/strong><\/span><\/h2>\n<p><span style=\"color: #000000;\">Die original Saxlund Gleitrahmen-Austragsvorrichtungen werden f\u00fcr Silodurchmesser von 2,5m bis 12m und f\u00fcr Silovolumen von 5 m\u00b3 bis 2500 m\u00b3 konstruiert. Au\u00dferdem besteht die M\u00f6glichkeit den Gleitrahmen in bauseitig vorhandene Silos einzubauen, um so der Problematik der Br\u00fcckenbildung entgegenzuwirken. Die Silos k\u00f6nnen sowohl aus Stahl als auch aus Beton oder Kunststoff hergestellt sein.<\/span>[\/vc_column_text]<div class=\"vcex-spacing wpex-w-100 wpex-clear\"><\/div>[\/vc_column][\/vc_row][vc_row full_width=&#8220;stretch_row&#8220; css=&#8220;.vc_custom_1522931309490{background-color: #004c87 !important;background-position: center !important;background-repeat: no-repeat !important;background-size: cover !important;}&#8220;][vc_column]<div class=\"vcex-spacing wpex-w-100 wpex-clear\"><\/div>[vc_column_text]\n<h2 style=\"text-align: center;\"><span style=\"font-size: 28px; color: #999999;\"><strong>Von uns erfunden und st\u00e4ndig weiterentwickelt.<\/strong><\/span><\/h2>\n<h2 style=\"text-align: center;\"><span style=\"font-size: 28px; color: #999999;\"><strong>Ein anspruchsloses, wartungsarmes und absolut robustes System, selbst unter h\u00e4rtesten Einsatzbedingungen.<\/strong><\/span><\/h2>\n[\/vc_column_text]<div class=\"vcex-spacing wpex-w-100 wpex-clear\"><\/div>[\/vc_column][\/vc_row][vc_row][vc_column width=&#8220;1\/2&#8243;][vc_column_text]\n<h2><span style=\"color: #000000;\"><strong>Vorteile:<\/strong><\/span><\/h2>\n<ul>\n<li>Geringer Energieverbrauch<\/li>\n<li>Wartungsarm<\/li>\n<li>Nahezu verschlei\u00dffrei<\/li>\n<li>Keine Verschlei\u00dfteile im Silo<\/li>\n<li>H\u00f6chste Verf\u00fcgbarkeit<\/li>\n<\/ul>\n<p>In Kombination mit einer ge\u00e4nderten Schneckengeometrie, Entlastungskeilen an der Silowandung und patentierten Aktivatoren auf dem Gleitrahmen, ist der problemlose und zuverl\u00e4ssige Austrag auch kritischer Sch\u00fcttg\u00fcter wie z.B. feuchten Holzsp\u00e4nen gew\u00e4hrleistet.[\/vc_column_text][\/vc_column][vc_column width=&#8220;1\/2&#8243;]<div class=\"vcex-spacing wpex-w-100 wpex-clear\"><\/div>[vc_single_image image=&#8220;3337&#8243; style=&#8220;vc_box_shadow_3d&#8220;][\/vc_column][\/vc_row]","protected":false},"excerpt":{"rendered":"<p>[vc_row full_width=&#8220;stretch_row&#8220; css=&#8220;.vc_custom_1522931478619{background-color: #e5e5e6 !important;background-position: center !important;background-repeat: no-repeat !important;background-size: cover !important;}&#8220;][vc_column width=&#8220;2\/3&#8243;][vc_column_text]Der Gleitrahmen wird hydraulisch angetrieben, und gleitet auf dem Siloboden in axialer Richtung vor und zur\u00fcck. Hierbei wird das gelagerte Produkt in der Vorw\u00e4rtsbewegung unterfahren und in der anschlie\u00dfenden R\u00fcckw\u00e4rtsbewegung in eine oder mehrere Austragsschnecken, die unterhalb des Silobodens angebracht sind, gezogen. Diese effiziente\u00a0und&hellip;<\/p>\n","protected":false},"author":1,"featured_media":0,"parent":682,"menu_order":0,"comment_status":"closed","ping_status":"closed","template":"","meta":{"footnotes":""},"class_list":["post-688","page","type-page","status-publish","hentry","entry","no-media"],"yoast_head":"<!-- This site is optimized with the Yoast SEO plugin v25.4 - https:\/\/yoast.com\/wordpress\/plugins\/seo\/ -->\n<title>Gleitrahmen - SAXLUND International GmbH<\/title>\n<meta name=\"description\" content=\"Anlagenbau f\u00fcr problematische Sch\u00fcttg\u00fcter wie Holzsp\u00e4ne, Rinde, Schl\u00e4mme, Futtermittel, chemische Stoffe, Kompost oder Abfallstoffe, St\u00f6rstoffabscheider\" \/>\n<meta name=\"robots\" content=\"index, follow, max-snippet:-1, max-image-preview:large, max-video-preview:-1\" \/>\n<link rel=\"canonical\" href=\"https:\/\/www.saxlund.de\/produkte\/gleitrahmen\/\" \/>\n<meta property=\"og:locale\" content=\"de_DE\" \/>\n<meta property=\"og:type\" content=\"article\" \/>\n<meta property=\"og:title\" content=\"[:de]Gleitrahmen[:en]Sliding Frame[:] - SAXLUND International GmbH\" \/>\n<meta property=\"og:description\" content=\"Anlagenbau f\u00fcr problematische Sch\u00fcttg\u00fcter wie Holzsp\u00e4ne, Rinde, Schl\u00e4mme, Futtermittel, chemische Stoffe, Kompost oder Abfallstoffe, St\u00f6rstoffabscheider\" \/>\n<meta property=\"og:url\" content=\"https:\/\/www.saxlund.de\/produkte\/gleitrahmen\/\" \/>\n<meta property=\"og:site_name\" content=\"SAXLUND International GmbH\" \/>\n<meta property=\"article:modified_time\" content=\"2018-04-05T12:34:49+00:00\" \/>\n<meta name=\"twitter:card\" content=\"summary_large_image\" \/>\n<meta name=\"twitter:label1\" content=\"Gesch\u00e4tzte Lesezeit\" \/>\n\t<meta name=\"twitter:data1\" content=\"4\u00a0Minuten\" \/>\n<script type=\"application\/ld+json\" class=\"yoast-schema-graph\">{\"@context\":\"https:\/\/schema.org\",\"@graph\":[{\"@type\":\"WebPage\",\"@id\":\"https:\/\/www.saxlund.de\/produkte\/gleitrahmen\/\",\"url\":\"https:\/\/www.saxlund.de\/produkte\/gleitrahmen\/\",\"name\":\"[:de]Gleitrahmen[:en]Sliding Frame[:] - SAXLUND International GmbH\",\"isPartOf\":{\"@id\":\"https:\/\/www.saxlund.de\/de\/#website\"},\"datePublished\":\"2015-01-28T12:20:01+00:00\",\"dateModified\":\"2018-04-05T12:34:49+00:00\",\"description\":\"Anlagenbau f\u00fcr problematische Sch\u00fcttg\u00fcter wie Holzsp\u00e4ne, Rinde, Schl\u00e4mme, Futtermittel, chemische Stoffe, Kompost oder Abfallstoffe, St\u00f6rstoffabscheider\",\"breadcrumb\":{\"@id\":\"https:\/\/www.saxlund.de\/produkte\/gleitrahmen\/#breadcrumb\"},\"inLanguage\":\"de\",\"potentialAction\":[{\"@type\":\"ReadAction\",\"target\":[\"https:\/\/www.saxlund.de\/produkte\/gleitrahmen\/\"]}]},{\"@type\":\"BreadcrumbList\",\"@id\":\"https:\/\/www.saxlund.de\/produkte\/gleitrahmen\/#breadcrumb\",\"itemListElement\":[{\"@type\":\"ListItem\",\"position\":1,\"name\":\"Startseite\",\"item\":\"https:\/\/www.saxlund.de\/\"},{\"@type\":\"ListItem\",\"position\":2,\"name\":\"Produkte\",\"item\":\"https:\/\/www.saxlund.de\/de\/produkte\/\"},{\"@type\":\"ListItem\",\"position\":3,\"name\":\"Gleitrahmen\"}]},{\"@type\":\"WebSite\",\"@id\":\"https:\/\/www.saxlund.de\/de\/#website\",\"url\":\"https:\/\/www.saxlund.de\/de\/\",\"name\":\"SAXLUND International GmbH\",\"description\":\"Innovative solutions for bulk materials handling\",\"publisher\":{\"@id\":\"https:\/\/www.saxlund.de\/de\/#organization\"},\"potentialAction\":[{\"@type\":\"SearchAction\",\"target\":{\"@type\":\"EntryPoint\",\"urlTemplate\":\"https:\/\/www.saxlund.de\/de\/?s={search_term_string}\"},\"query-input\":{\"@type\":\"PropertyValueSpecification\",\"valueRequired\":true,\"valueName\":\"search_term_string\"}}],\"inLanguage\":\"de\"},{\"@type\":\"Organization\",\"@id\":\"https:\/\/www.saxlund.de\/de\/#organization\",\"name\":\"Saxlund International GmbH\",\"url\":\"https:\/\/www.saxlund.de\/de\/\",\"logo\":{\"@type\":\"ImageObject\",\"inLanguage\":\"de\",\"@id\":\"https:\/\/www.saxlund.de\/de\/#\/schema\/logo\/image\/\",\"url\":\"https:\/\/www.saxlund.de\/wp-content\/uploads\/2016\/06\/SaxLogo200x100.png\",\"contentUrl\":\"https:\/\/www.saxlund.de\/wp-content\/uploads\/2016\/06\/SaxLogo200x100.png\",\"width\":200,\"height\":88,\"caption\":\"Saxlund International GmbH\"},\"image\":{\"@id\":\"https:\/\/www.saxlund.de\/de\/#\/schema\/logo\/image\/\"}}]}<\/script>\n<!-- \/ Yoast SEO plugin. -->","yoast_head_json":{"title":"[:de]Gleitrahmen[:en]Sliding Frame[:] - SAXLUND International GmbH","description":"Anlagenbau f\u00fcr problematische Sch\u00fcttg\u00fcter wie Holzsp\u00e4ne, Rinde, Schl\u00e4mme, Futtermittel, chemische Stoffe, Kompost oder Abfallstoffe, St\u00f6rstoffabscheider","robots":{"index":"index","follow":"follow","max-snippet":"max-snippet:-1","max-image-preview":"max-image-preview:large","max-video-preview":"max-video-preview:-1"},"canonical":"https:\/\/www.saxlund.de\/produkte\/gleitrahmen\/","og_locale":"de_DE","og_type":"article","og_title":"[:de]Gleitrahmen[:en]Sliding Frame[:] - SAXLUND International GmbH","og_description":"Anlagenbau f\u00fcr problematische Sch\u00fcttg\u00fcter wie Holzsp\u00e4ne, Rinde, Schl\u00e4mme, Futtermittel, chemische Stoffe, Kompost oder Abfallstoffe, St\u00f6rstoffabscheider","og_url":"https:\/\/www.saxlund.de\/produkte\/gleitrahmen\/","og_site_name":"SAXLUND International GmbH","article_modified_time":"2018-04-05T12:34:49+00:00","twitter_card":"summary_large_image","twitter_misc":{"Gesch\u00e4tzte Lesezeit":"4\u00a0Minuten"},"schema":{"@context":"https:\/\/schema.org","@graph":[{"@type":"WebPage","@id":"https:\/\/www.saxlund.de\/produkte\/gleitrahmen\/","url":"https:\/\/www.saxlund.de\/produkte\/gleitrahmen\/","name":"[:de]Gleitrahmen[:en]Sliding Frame[:] - SAXLUND International GmbH","isPartOf":{"@id":"https:\/\/www.saxlund.de\/de\/#website"},"datePublished":"2015-01-28T12:20:01+00:00","dateModified":"2018-04-05T12:34:49+00:00","description":"Anlagenbau f\u00fcr problematische Sch\u00fcttg\u00fcter wie Holzsp\u00e4ne, Rinde, Schl\u00e4mme, Futtermittel, chemische Stoffe, Kompost oder Abfallstoffe, St\u00f6rstoffabscheider","breadcrumb":{"@id":"https:\/\/www.saxlund.de\/produkte\/gleitrahmen\/#breadcrumb"},"inLanguage":"de","potentialAction":[{"@type":"ReadAction","target":["https:\/\/www.saxlund.de\/produkte\/gleitrahmen\/"]}]},{"@type":"BreadcrumbList","@id":"https:\/\/www.saxlund.de\/produkte\/gleitrahmen\/#breadcrumb","itemListElement":[{"@type":"ListItem","position":1,"name":"Startseite","item":"https:\/\/www.saxlund.de\/"},{"@type":"ListItem","position":2,"name":"Produkte","item":"https:\/\/www.saxlund.de\/de\/produkte\/"},{"@type":"ListItem","position":3,"name":"Gleitrahmen"}]},{"@type":"WebSite","@id":"https:\/\/www.saxlund.de\/de\/#website","url":"https:\/\/www.saxlund.de\/de\/","name":"SAXLUND International GmbH","description":"Innovative solutions for bulk materials handling","publisher":{"@id":"https:\/\/www.saxlund.de\/de\/#organization"},"potentialAction":[{"@type":"SearchAction","target":{"@type":"EntryPoint","urlTemplate":"https:\/\/www.saxlund.de\/de\/?s={search_term_string}"},"query-input":{"@type":"PropertyValueSpecification","valueRequired":true,"valueName":"search_term_string"}}],"inLanguage":"de"},{"@type":"Organization","@id":"https:\/\/www.saxlund.de\/de\/#organization","name":"Saxlund International GmbH","url":"https:\/\/www.saxlund.de\/de\/","logo":{"@type":"ImageObject","inLanguage":"de","@id":"https:\/\/www.saxlund.de\/de\/#\/schema\/logo\/image\/","url":"https:\/\/www.saxlund.de\/wp-content\/uploads\/2016\/06\/SaxLogo200x100.png","contentUrl":"https:\/\/www.saxlund.de\/wp-content\/uploads\/2016\/06\/SaxLogo200x100.png","width":200,"height":88,"caption":"Saxlund International GmbH"},"image":{"@id":"https:\/\/www.saxlund.de\/de\/#\/schema\/logo\/image\/"}}]}},"_links":{"self":[{"href":"https:\/\/www.saxlund.de\/de\/wp-json\/wp\/v2\/pages\/688","targetHints":{"allow":["GET"]}}],"collection":[{"href":"https:\/\/www.saxlund.de\/de\/wp-json\/wp\/v2\/pages"}],"about":[{"href":"https:\/\/www.saxlund.de\/de\/wp-json\/wp\/v2\/types\/page"}],"author":[{"embeddable":true,"href":"https:\/\/www.saxlund.de\/de\/wp-json\/wp\/v2\/users\/1"}],"replies":[{"embeddable":true,"href":"https:\/\/www.saxlund.de\/de\/wp-json\/wp\/v2\/comments?post=688"}],"version-history":[{"count":2,"href":"https:\/\/www.saxlund.de\/de\/wp-json\/wp\/v2\/pages\/688\/revisions"}],"predecessor-version":[{"id":3475,"href":"https:\/\/www.saxlund.de\/de\/wp-json\/wp\/v2\/pages\/688\/revisions\/3475"}],"up":[{"embeddable":true,"href":"https:\/\/www.saxlund.de\/de\/wp-json\/wp\/v2\/pages\/682"}],"wp:attachment":[{"href":"https:\/\/www.saxlund.de\/de\/wp-json\/wp\/v2\/media?parent=688"}],"curies":[{"name":"wp","href":"https:\/\/api.w.org\/{rel}","templated":true}]}}