{"id":653,"date":"2015-01-28T10:59:18","date_gmt":"2015-01-28T10:59:18","guid":{"rendered":"http:\/\/web.saxlund.de\/?page_id=653"},"modified":"2018-03-10T16:17:54","modified_gmt":"2018-03-10T16:17:54","slug":"bioenergie","status":"publish","type":"page","link":"https:\/\/www.saxlund.de\/de\/referenzen\/sonstige-anlagen\/bioenergie\/","title":{"rendered":"Bioenergie"},"content":{"rendered":"[vc_row center_row=&#8220;&#8220;][vc_column width=&#8220;7\/12&#8243;][vc_column_text]\n<p class=\"bodytext\">Der Begriff der Biomasse kann auf eine Vielzahl von organischen Materialien angewendet werden. Dabei wird zwischen festen und fl\u00fcssigen Bioenergietr\u00e4gern unterschieden.<\/p>\n<p class=\"bodytext\">W\u00e4hrend fr\u00fcher der Entsorgungsgedanke im Vordergrund der Anlagenkonzeptionen stand, ist heute die Sichtweise der energetischen Nutzung in den Fokus der Entwicklung ger\u00fcckt.<\/p>\n<p>Ein verst\u00e4rkter Einsatz von Biomasse f\u00fcr die Energieerzeugung verringert die Emission von Treibhausgasen und die Abh\u00e4ngigkeit von fossilen Energietr\u00e4gern, wie Kohle, Erdgas oder Erd\u00f6l. Mehr als mit jeder anderen Energieressource lassen sich mit Biomasse die Forderungen nach Gew\u00e4hrleistung der nationalen Energieversorgung, dem Schutz der Umwelt und wirtschaftlicher Effizienz gleichzeitig erf\u00fcllen.<\/p>\n<p>Unser Lieferprogramm f\u00fcr Biogasanlagen, wird durch die kompakten Schubboden Bunker abgerundet.<\/p>\n[\/vc_column_text]<div class=\"vcex-spacing wpex-w-100 wpex-clear\"><\/div>[vc_column_text]\n<h1><span style=\"color: #000000;\">Technologie<\/span><\/h1>\n<p><span style=\"color: #000000;\">Bew\u00e4hrte Industrietechnik in robuster und kompakter Bauweise.<\/span><br \/>\n<span style=\"color: #000000;\">Variable Bunkergr\u00f6\u00dfen von 30-200m\u00b3 Schneckenanordnung nach \u00f6rtlichen Erfordernissen.<\/span>[\/vc_column_text]<div class=\"vcex-spacing wpex-w-100 wpex-clear\"><\/div>[vc_column_text]\n<h1><span style=\"color: #000000;\">Vorteile<\/span><\/h1>\n<ul>\n<li><span style=\"color: #000000;\">Einsetzbar auf jedem tragf\u00e4higen Untergrund<\/span><\/li>\n<li><span style=\"color: #000000;\">Einfache Montage<\/span><\/li>\n<li><span style=\"color: #000000;\">Industriell gefertigte Komponenten<\/span><\/li>\n<li><span style=\"color: #000000;\">Langlebigkeit<\/span><\/li>\n<li><span style=\"color: #000000;\">Wartungsfrei<\/span><\/li>\n<\/ul>\n[\/vc_column_text][\/vc_column][vc_column width=&#8220;5\/12&#8243;][vc_single_image image=&#8220;2008&#8243;][\/vc_column][\/vc_row]","protected":false},"excerpt":{"rendered":"<p>[vc_row center_row=&#8220;&#8220;][vc_column width=&#8220;7\/12&#8243;][vc_column_text] Der Begriff der Biomasse kann auf eine Vielzahl von organischen Materialien angewendet werden. Dabei wird zwischen festen und fl\u00fcssigen Bioenergietr\u00e4gern unterschieden. W\u00e4hrend fr\u00fcher der Entsorgungsgedanke im Vordergrund der Anlagenkonzeptionen stand, ist heute die Sichtweise der energetischen Nutzung in den Fokus der Entwicklung ger\u00fcckt. Ein verst\u00e4rkter Einsatz von Biomasse f\u00fcr die Energieerzeugung verringert&hellip;<\/p>\n","protected":false},"author":1,"featured_media":0,"parent":599,"menu_order":0,"comment_status":"closed","ping_status":"closed","template":"","meta":{"footnotes":""},"class_list":["post-653","page","type-page","status-publish","hentry","entry","no-media"],"yoast_head":"<!-- This site is optimized with the Yoast SEO plugin v25.4 - https:\/\/yoast.com\/wordpress\/plugins\/seo\/ -->\n<title>Bioenergie - SAXLUND International GmbH<\/title>\n<meta name=\"description\" content=\"Anlagenbau f\u00fcr problematische Sch\u00fcttg\u00fcter wie Holzsp\u00e4ne, Rinde, Schl\u00e4mme, Futtermittel, chemische Stoffe, Kompost oder Abfallstoffe, St\u00f6rstoffabscheider\" \/>\n<meta name=\"robots\" content=\"index, follow, max-snippet:-1, max-image-preview:large, max-video-preview:-1\" \/>\n<link rel=\"canonical\" href=\"https:\/\/www.saxlund.de\/referenzen\/sonstige-anlagen\/bioenergie\/\" \/>\n<meta property=\"og:locale\" content=\"de_DE\" \/>\n<meta property=\"og:type\" content=\"article\" \/>\n<meta property=\"og:title\" content=\"[:de]Bioenergie[:en]Bio energy[:] - SAXLUND International GmbH\" \/>\n<meta property=\"og:description\" content=\"Anlagenbau f\u00fcr problematische Sch\u00fcttg\u00fcter wie Holzsp\u00e4ne, Rinde, Schl\u00e4mme, Futtermittel, chemische Stoffe, Kompost oder Abfallstoffe, St\u00f6rstoffabscheider\" \/>\n<meta property=\"og:url\" content=\"https:\/\/www.saxlund.de\/referenzen\/sonstige-anlagen\/bioenergie\/\" \/>\n<meta property=\"og:site_name\" content=\"SAXLUND International GmbH\" \/>\n<meta property=\"article:modified_time\" content=\"2018-03-10T16:17:54+00:00\" \/>\n<meta name=\"twitter:card\" content=\"summary_large_image\" \/>\n<meta name=\"twitter:label1\" content=\"Gesch\u00e4tzte Lesezeit\" \/>\n\t<meta name=\"twitter:data1\" content=\"2\u00a0Minuten\" \/>\n<script type=\"application\/ld+json\" class=\"yoast-schema-graph\">{\"@context\":\"https:\/\/schema.org\",\"@graph\":[{\"@type\":\"WebPage\",\"@id\":\"https:\/\/www.saxlund.de\/referenzen\/sonstige-anlagen\/bioenergie\/\",\"url\":\"https:\/\/www.saxlund.de\/referenzen\/sonstige-anlagen\/bioenergie\/\",\"name\":\"[:de]Bioenergie[:en]Bio energy[:] - SAXLUND International GmbH\",\"isPartOf\":{\"@id\":\"https:\/\/www.saxlund.de\/de\/#website\"},\"datePublished\":\"2015-01-28T10:59:18+00:00\",\"dateModified\":\"2018-03-10T16:17:54+00:00\",\"description\":\"Anlagenbau f\u00fcr problematische Sch\u00fcttg\u00fcter wie Holzsp\u00e4ne, Rinde, Schl\u00e4mme, Futtermittel, chemische Stoffe, Kompost oder Abfallstoffe, St\u00f6rstoffabscheider\",\"breadcrumb\":{\"@id\":\"https:\/\/www.saxlund.de\/referenzen\/sonstige-anlagen\/bioenergie\/#breadcrumb\"},\"inLanguage\":\"de\",\"potentialAction\":[{\"@type\":\"ReadAction\",\"target\":[\"https:\/\/www.saxlund.de\/referenzen\/sonstige-anlagen\/bioenergie\/\"]}]},{\"@type\":\"BreadcrumbList\",\"@id\":\"https:\/\/www.saxlund.de\/referenzen\/sonstige-anlagen\/bioenergie\/#breadcrumb\",\"itemListElement\":[{\"@type\":\"ListItem\",\"position\":1,\"name\":\"Startseite\",\"item\":\"https:\/\/www.saxlund.de\/\"},{\"@type\":\"ListItem\",\"position\":2,\"name\":\"Anlagen\",\"item\":\"https:\/\/www.saxlund.de\/referenzen\/\"},{\"@type\":\"ListItem\",\"position\":3,\"name\":\"Energieerzeugung\",\"item\":\"https:\/\/www.saxlund.de\/referenzen\/sonstige-anlagen\/\"},{\"@type\":\"ListItem\",\"position\":4,\"name\":\"Bioenergie\"}]},{\"@type\":\"WebSite\",\"@id\":\"https:\/\/www.saxlund.de\/de\/#website\",\"url\":\"https:\/\/www.saxlund.de\/de\/\",\"name\":\"SAXLUND International GmbH\",\"description\":\"Innovative solutions for bulk materials handling\",\"publisher\":{\"@id\":\"https:\/\/www.saxlund.de\/de\/#organization\"},\"potentialAction\":[{\"@type\":\"SearchAction\",\"target\":{\"@type\":\"EntryPoint\",\"urlTemplate\":\"https:\/\/www.saxlund.de\/de\/?s={search_term_string}\"},\"query-input\":{\"@type\":\"PropertyValueSpecification\",\"valueRequired\":true,\"valueName\":\"search_term_string\"}}],\"inLanguage\":\"de\"},{\"@type\":\"Organization\",\"@id\":\"https:\/\/www.saxlund.de\/de\/#organization\",\"name\":\"Saxlund International GmbH\",\"url\":\"https:\/\/www.saxlund.de\/de\/\",\"logo\":{\"@type\":\"ImageObject\",\"inLanguage\":\"de\",\"@id\":\"https:\/\/www.saxlund.de\/de\/#\/schema\/logo\/image\/\",\"url\":\"https:\/\/www.saxlund.de\/wp-content\/uploads\/2016\/06\/SaxLogo200x100.png\",\"contentUrl\":\"https:\/\/www.saxlund.de\/wp-content\/uploads\/2016\/06\/SaxLogo200x100.png\",\"width\":200,\"height\":88,\"caption\":\"Saxlund International GmbH\"},\"image\":{\"@id\":\"https:\/\/www.saxlund.de\/de\/#\/schema\/logo\/image\/\"}}]}<\/script>\n<!-- \/ Yoast SEO plugin. -->","yoast_head_json":{"title":"[:de]Bioenergie[:en]Bio energy[:] - SAXLUND International GmbH","description":"Anlagenbau f\u00fcr problematische Sch\u00fcttg\u00fcter wie Holzsp\u00e4ne, Rinde, Schl\u00e4mme, Futtermittel, chemische Stoffe, Kompost oder Abfallstoffe, St\u00f6rstoffabscheider","robots":{"index":"index","follow":"follow","max-snippet":"max-snippet:-1","max-image-preview":"max-image-preview:large","max-video-preview":"max-video-preview:-1"},"canonical":"https:\/\/www.saxlund.de\/referenzen\/sonstige-anlagen\/bioenergie\/","og_locale":"de_DE","og_type":"article","og_title":"[:de]Bioenergie[:en]Bio energy[:] - SAXLUND International GmbH","og_description":"Anlagenbau f\u00fcr problematische Sch\u00fcttg\u00fcter wie Holzsp\u00e4ne, Rinde, Schl\u00e4mme, Futtermittel, chemische Stoffe, Kompost oder Abfallstoffe, St\u00f6rstoffabscheider","og_url":"https:\/\/www.saxlund.de\/referenzen\/sonstige-anlagen\/bioenergie\/","og_site_name":"SAXLUND International GmbH","article_modified_time":"2018-03-10T16:17:54+00:00","twitter_card":"summary_large_image","twitter_misc":{"Gesch\u00e4tzte Lesezeit":"2\u00a0Minuten"},"schema":{"@context":"https:\/\/schema.org","@graph":[{"@type":"WebPage","@id":"https:\/\/www.saxlund.de\/referenzen\/sonstige-anlagen\/bioenergie\/","url":"https:\/\/www.saxlund.de\/referenzen\/sonstige-anlagen\/bioenergie\/","name":"[:de]Bioenergie[:en]Bio energy[:] - SAXLUND International GmbH","isPartOf":{"@id":"https:\/\/www.saxlund.de\/de\/#website"},"datePublished":"2015-01-28T10:59:18+00:00","dateModified":"2018-03-10T16:17:54+00:00","description":"Anlagenbau f\u00fcr problematische Sch\u00fcttg\u00fcter wie Holzsp\u00e4ne, Rinde, Schl\u00e4mme, Futtermittel, chemische Stoffe, Kompost oder Abfallstoffe, St\u00f6rstoffabscheider","breadcrumb":{"@id":"https:\/\/www.saxlund.de\/referenzen\/sonstige-anlagen\/bioenergie\/#breadcrumb"},"inLanguage":"de","potentialAction":[{"@type":"ReadAction","target":["https:\/\/www.saxlund.de\/referenzen\/sonstige-anlagen\/bioenergie\/"]}]},{"@type":"BreadcrumbList","@id":"https:\/\/www.saxlund.de\/referenzen\/sonstige-anlagen\/bioenergie\/#breadcrumb","itemListElement":[{"@type":"ListItem","position":1,"name":"Startseite","item":"https:\/\/www.saxlund.de\/"},{"@type":"ListItem","position":2,"name":"Anlagen","item":"https:\/\/www.saxlund.de\/referenzen\/"},{"@type":"ListItem","position":3,"name":"Energieerzeugung","item":"https:\/\/www.saxlund.de\/referenzen\/sonstige-anlagen\/"},{"@type":"ListItem","position":4,"name":"Bioenergie"}]},{"@type":"WebSite","@id":"https:\/\/www.saxlund.de\/de\/#website","url":"https:\/\/www.saxlund.de\/de\/","name":"SAXLUND International GmbH","description":"Innovative solutions for bulk materials handling","publisher":{"@id":"https:\/\/www.saxlund.de\/de\/#organization"},"potentialAction":[{"@type":"SearchAction","target":{"@type":"EntryPoint","urlTemplate":"https:\/\/www.saxlund.de\/de\/?s={search_term_string}"},"query-input":{"@type":"PropertyValueSpecification","valueRequired":true,"valueName":"search_term_string"}}],"inLanguage":"de"},{"@type":"Organization","@id":"https:\/\/www.saxlund.de\/de\/#organization","name":"Saxlund International GmbH","url":"https:\/\/www.saxlund.de\/de\/","logo":{"@type":"ImageObject","inLanguage":"de","@id":"https:\/\/www.saxlund.de\/de\/#\/schema\/logo\/image\/","url":"https:\/\/www.saxlund.de\/wp-content\/uploads\/2016\/06\/SaxLogo200x100.png","contentUrl":"https:\/\/www.saxlund.de\/wp-content\/uploads\/2016\/06\/SaxLogo200x100.png","width":200,"height":88,"caption":"Saxlund International GmbH"},"image":{"@id":"https:\/\/www.saxlund.de\/de\/#\/schema\/logo\/image\/"}}]}},"_links":{"self":[{"href":"https:\/\/www.saxlund.de\/de\/wp-json\/wp\/v2\/pages\/653","targetHints":{"allow":["GET"]}}],"collection":[{"href":"https:\/\/www.saxlund.de\/de\/wp-json\/wp\/v2\/pages"}],"about":[{"href":"https:\/\/www.saxlund.de\/de\/wp-json\/wp\/v2\/types\/page"}],"author":[{"embeddable":true,"href":"https:\/\/www.saxlund.de\/de\/wp-json\/wp\/v2\/users\/1"}],"replies":[{"embeddable":true,"href":"https:\/\/www.saxlund.de\/de\/wp-json\/wp\/v2\/comments?post=653"}],"version-history":[{"count":0,"href":"https:\/\/www.saxlund.de\/de\/wp-json\/wp\/v2\/pages\/653\/revisions"}],"up":[{"embeddable":true,"href":"https:\/\/www.saxlund.de\/de\/wp-json\/wp\/v2\/pages\/599"}],"wp:attachment":[{"href":"https:\/\/www.saxlund.de\/de\/wp-json\/wp\/v2\/media?parent=653"}],"curies":[{"name":"wp","href":"https:\/\/api.w.org\/{rel}","templated":true}]}}