{"id":599,"date":"2015-01-28T10:03:20","date_gmt":"2015-01-28T10:03:20","guid":{"rendered":"http:\/\/web.saxlund.de\/?page_id=599"},"modified":"2018-03-09T09:58:39","modified_gmt":"2018-03-09T09:58:39","slug":"sonstige-anlagen","status":"publish","type":"page","link":"https:\/\/www.saxlund.de\/de\/referenzen\/sonstige-anlagen\/","title":{"rendered":"Energieerzeugung"},"content":{"rendered":"[vc_row center_row=&#8220;&#8220;][vc_column width=&#8220;7\/12&#8243;][vc_column_text]Hier sind an erster Stelle unsere gro\u00dfen REA-Gips Silos in den Kraftwerken zu nennen. REA-Gips ist das Endprodukt der Entschwefelung von Rauchgasen aus Kohlekraftwerken. Die Behandlung der Rauchgase findet in den <strong>R<\/strong>auchgas-<strong>E<\/strong>ntschwefelungs-<strong>A<\/strong>nlagen statt.<\/p>\n[\/vc_column_text]<div class=\"vcex-spacing wpex-w-100 wpex-clear\"><\/div>[vc_row_inner][vc_column_inner width=&#8220;1\/3&#8243;][vc_single_image image=&#8220;602&#8243; style=&#8220;vc_box_shadow_3d&#8220; onclick=&#8220;zoom&#8220;][\/vc_column_inner][vc_column_inner width=&#8220;2\/3&#8243;][vc_column_text]<span style=\"color: #000000;\"><strong>REA-Gips<\/strong><\/span><br \/>\nREA-Gips wird ebenso wie Naturgips ohne weitere Nachbehandlung zur Herstellung von Gipsbaustoffen genutzt.[\/vc_column_text][vc_btn title=&#8220;mehr&#8230;&#8220; shape=&#8220;round&#8220; link=&#8220;url:%2Freferenzen%2Fsonstige-anlagen%2Frea-gips%2F||&#8220;][\/vc_column_inner][\/vc_row_inner][vc_text_separator title=&#8220; &#8220; style=&#8220;one&#8220; element_type=&#8220;div&#8220; font_size=&#8220;0px&#8220;][vc_row_inner][vc_column_inner width=&#8220;1\/3&#8243;][vc_single_image image=&#8220;603&#8243; style=&#8220;vc_box_shadow_3d&#8220;][\/vc_column_inner][vc_column_inner width=&#8220;2\/3&#8243;][vc_column_text]<span style=\"color: #000000;\"><strong>Gummischnitzel\/Altreifen<\/strong><\/span><br \/>\nBereits seit Anfang der 80er Jahre werden in einigen Zementwerken Altreifen zugefeuert.[\/vc_column_text][vc_btn title=&#8220;mehr&#8230;&#8220; shape=&#8220;round&#8220; link=&#8220;url:%2Freferenzen%2Fsonstige-anlagen%2Fgummischnitzel-und-altreifen%2F||&#8220;][\/vc_column_inner][\/vc_row_inner][vc_text_separator title=&#8220; &#8220; style=&#8220;one&#8220; element_type=&#8220;div&#8220; font_size=&#8220;0px&#8220;][vc_row_inner][vc_column_inner width=&#8220;1\/3&#8243;][vc_single_image image=&#8220;604&#8243; style=&#8220;vc_box_shadow_3d&#8220;][\/vc_column_inner][vc_column_inner width=&#8220;2\/3&#8243;][vc_column_text]<span style=\"color: #000000;\"><strong>Bioenergie<\/strong><\/span><br \/>\nDer Begriff der Biomasse kann auf eine Vielzahl von organischen Materialien angewendet werden. Dabei wird zwischen festen und fl\u00fcssigen Bioenergietr\u00e4gern unterschieden.[\/vc_column_text][vc_btn title=&#8220;mehr&#8230;&#8220; shape=&#8220;round&#8220; link=&#8220;url:%2Freferenzen%2Fsonstige-anlagen%2Fbioenergie%2F||&#8220;][\/vc_column_inner][\/vc_row_inner][vc_text_separator title=&#8220; &#8220; style=&#8220;one&#8220; element_type=&#8220;div&#8220; font_size=&#8220;0px&#8220;][vc_row_inner][vc_column_inner width=&#8220;1\/3&#8243;][vc_single_image image=&#8220;605&#8243; style=&#8220;vc_box_shadow_3d&#8220;][\/vc_column_inner][vc_column_inner width=&#8220;2\/3&#8243;][vc_column_text]<span style=\"color: #000000;\"><strong>Tiermehl<\/strong><\/span><br \/>\nIn den Zeiten der BSE Krise Ende 2000 \/ Anfang 2001 wurden \u00fcber Nacht viele Tiermehlsilos ben\u00f6tigt, um das belastete Tiermehl in Verbrennungsanlagen zu entsorgen.[\/vc_column_text][vc_btn title=&#8220;mehr&#8230;&#8220; shape=&#8220;round&#8220; link=&#8220;url:%2Freferenzen%2Fsonstige-anlagen%2Ftiermehl%2F||&#8220;][\/vc_column_inner][\/vc_row_inner][vc_text_separator title=&#8220; &#8220; style=&#8220;one&#8220; element_type=&#8220;div&#8220; font_size=&#8220;0px&#8220;][vc_row_inner][vc_column_inner width=&#8220;1\/3&#8243;][vc_single_image image=&#8220;606&#8243; style=&#8220;vc_box_shadow_3d&#8220;][\/vc_column_inner][vc_column_inner width=&#8220;2\/3&#8243;][vc_column_text]<span style=\"color: #000000;\"><strong>Lebensmittelindustrie<\/strong><\/span><br \/>\nDow Chemical (USA) Zellulose, Nestle (CH) Kaffeesatz, SARA LEE Douwe Egberts (NL) Kaffeesatz, Cargill (NL) Maisfasern[\/vc_column_text][\/vc_column_inner][\/vc_row_inner][\/vc_column][vc_column width=&#8220;5\/12&#8243;][vc_single_image image=&#8220;1996&#8243;][\/vc_column][\/vc_row]","protected":false},"excerpt":{"rendered":"<p>[vc_row center_row=&#8220;&#8220;][vc_column width=&#8220;7\/12&#8243;][vc_column_text]Hier sind an erster Stelle unsere gro\u00dfen REA-Gips Silos in den Kraftwerken zu nennen. REA-Gips ist das Endprodukt der Entschwefelung von Rauchgasen aus Kohlekraftwerken. Die Behandlung der Rauchgase findet in den Rauchgas-Entschwefelungs-Anlagen statt. [\/vc_column_text][vc_row_inner][vc_column_inner width=&#8220;1\/3&#8243;][vc_single_image image=&#8220;602&#8243; style=&#8220;vc_box_shadow_3d&#8220; onclick=&#8220;zoom&#8220;][\/vc_column_inner][vc_column_inner width=&#8220;2\/3&#8243;][vc_column_text]REA-Gips REA-Gips wird ebenso wie Naturgips ohne weitere Nachbehandlung zur Herstellung von Gipsbaustoffen genutzt.[\/vc_column_text][vc_btn title=&#8220;mehr&#8230;&#8220;&hellip;<\/p>\n","protected":false},"author":1,"featured_media":0,"parent":170,"menu_order":0,"comment_status":"closed","ping_status":"closed","template":"","meta":{"footnotes":""},"class_list":["post-599","page","type-page","status-publish","hentry","entry","no-media"],"yoast_head":"<!-- This site is optimized with the Yoast SEO plugin v25.4 - https:\/\/yoast.com\/wordpress\/plugins\/seo\/ -->\n<title>Energieerzeugung - SAXLUND International GmbH<\/title>\n<meta name=\"description\" content=\"{:de}Anlagenbau f\u00fcr problematische Sch\u00fcttg\u00fcter wie Holzsp\u00e4ne, Rinde, Schl\u00e4mme, Futtermittel, chemische Stoffe, Kompost oder Abfallstoffe{:}\" \/>\n<meta name=\"robots\" content=\"index, follow, max-snippet:-1, max-image-preview:large, max-video-preview:-1\" \/>\n<link rel=\"canonical\" href=\"https:\/\/www.saxlund.de\/referenzen\/sonstige-anlagen\/\" \/>\n<meta property=\"og:locale\" content=\"de_DE\" \/>\n<meta property=\"og:type\" content=\"article\" \/>\n<meta property=\"og:title\" content=\"[:de]Energieerzeugung[:en]Energy Production[:] - SAXLUND International GmbH\" \/>\n<meta property=\"og:description\" content=\"{:de}Anlagenbau f\u00fcr problematische Sch\u00fcttg\u00fcter wie Holzsp\u00e4ne, Rinde, Schl\u00e4mme, Futtermittel, chemische Stoffe, Kompost oder Abfallstoffe{:}\" \/>\n<meta property=\"og:url\" content=\"https:\/\/www.saxlund.de\/referenzen\/sonstige-anlagen\/\" \/>\n<meta property=\"og:site_name\" content=\"SAXLUND International GmbH\" \/>\n<meta property=\"article:modified_time\" content=\"2018-03-09T09:58:39+00:00\" \/>\n<meta name=\"twitter:card\" content=\"summary_large_image\" \/>\n<meta name=\"twitter:label1\" content=\"Gesch\u00e4tzte Lesezeit\" \/>\n\t<meta name=\"twitter:data1\" content=\"5\u00a0Minuten\" \/>\n<script type=\"application\/ld+json\" class=\"yoast-schema-graph\">{\"@context\":\"https:\/\/schema.org\",\"@graph\":[{\"@type\":\"WebPage\",\"@id\":\"https:\/\/www.saxlund.de\/referenzen\/sonstige-anlagen\/\",\"url\":\"https:\/\/www.saxlund.de\/referenzen\/sonstige-anlagen\/\",\"name\":\"[:de]Energieerzeugung[:en]Energy Production[:] - SAXLUND International GmbH\",\"isPartOf\":{\"@id\":\"https:\/\/www.saxlund.de\/de\/#website\"},\"datePublished\":\"2015-01-28T10:03:20+00:00\",\"dateModified\":\"2018-03-09T09:58:39+00:00\",\"description\":\"{:de}Anlagenbau f\u00fcr problematische Sch\u00fcttg\u00fcter wie Holzsp\u00e4ne, Rinde, Schl\u00e4mme, Futtermittel, chemische Stoffe, Kompost oder Abfallstoffe{:}\",\"breadcrumb\":{\"@id\":\"https:\/\/www.saxlund.de\/referenzen\/sonstige-anlagen\/#breadcrumb\"},\"inLanguage\":\"de\",\"potentialAction\":[{\"@type\":\"ReadAction\",\"target\":[\"https:\/\/www.saxlund.de\/referenzen\/sonstige-anlagen\/\"]}]},{\"@type\":\"BreadcrumbList\",\"@id\":\"https:\/\/www.saxlund.de\/referenzen\/sonstige-anlagen\/#breadcrumb\",\"itemListElement\":[{\"@type\":\"ListItem\",\"position\":1,\"name\":\"Startseite\",\"item\":\"https:\/\/www.saxlund.de\/\"},{\"@type\":\"ListItem\",\"position\":2,\"name\":\"Anlagen\",\"item\":\"https:\/\/www.saxlund.de\/referenzen\/\"},{\"@type\":\"ListItem\",\"position\":3,\"name\":\"Energieerzeugung\"}]},{\"@type\":\"WebSite\",\"@id\":\"https:\/\/www.saxlund.de\/de\/#website\",\"url\":\"https:\/\/www.saxlund.de\/de\/\",\"name\":\"SAXLUND International GmbH\",\"description\":\"Innovative solutions for bulk materials handling\",\"publisher\":{\"@id\":\"https:\/\/www.saxlund.de\/de\/#organization\"},\"potentialAction\":[{\"@type\":\"SearchAction\",\"target\":{\"@type\":\"EntryPoint\",\"urlTemplate\":\"https:\/\/www.saxlund.de\/de\/?s={search_term_string}\"},\"query-input\":{\"@type\":\"PropertyValueSpecification\",\"valueRequired\":true,\"valueName\":\"search_term_string\"}}],\"inLanguage\":\"de\"},{\"@type\":\"Organization\",\"@id\":\"https:\/\/www.saxlund.de\/de\/#organization\",\"name\":\"Saxlund International GmbH\",\"url\":\"https:\/\/www.saxlund.de\/de\/\",\"logo\":{\"@type\":\"ImageObject\",\"inLanguage\":\"de\",\"@id\":\"https:\/\/www.saxlund.de\/de\/#\/schema\/logo\/image\/\",\"url\":\"https:\/\/www.saxlund.de\/wp-content\/uploads\/2016\/06\/SaxLogo200x100.png\",\"contentUrl\":\"https:\/\/www.saxlund.de\/wp-content\/uploads\/2016\/06\/SaxLogo200x100.png\",\"width\":200,\"height\":88,\"caption\":\"Saxlund International GmbH\"},\"image\":{\"@id\":\"https:\/\/www.saxlund.de\/de\/#\/schema\/logo\/image\/\"}}]}<\/script>\n<!-- \/ Yoast SEO plugin. -->","yoast_head_json":{"title":"[:de]Energieerzeugung[:en]Energy Production[:] - SAXLUND International GmbH","description":"{:de}Anlagenbau f\u00fcr problematische Sch\u00fcttg\u00fcter wie Holzsp\u00e4ne, Rinde, Schl\u00e4mme, Futtermittel, chemische Stoffe, Kompost oder Abfallstoffe{:}","robots":{"index":"index","follow":"follow","max-snippet":"max-snippet:-1","max-image-preview":"max-image-preview:large","max-video-preview":"max-video-preview:-1"},"canonical":"https:\/\/www.saxlund.de\/referenzen\/sonstige-anlagen\/","og_locale":"de_DE","og_type":"article","og_title":"[:de]Energieerzeugung[:en]Energy Production[:] - SAXLUND International GmbH","og_description":"{:de}Anlagenbau f\u00fcr problematische Sch\u00fcttg\u00fcter wie Holzsp\u00e4ne, Rinde, Schl\u00e4mme, Futtermittel, chemische Stoffe, Kompost oder Abfallstoffe{:}","og_url":"https:\/\/www.saxlund.de\/referenzen\/sonstige-anlagen\/","og_site_name":"SAXLUND International GmbH","article_modified_time":"2018-03-09T09:58:39+00:00","twitter_card":"summary_large_image","twitter_misc":{"Gesch\u00e4tzte Lesezeit":"5\u00a0Minuten"},"schema":{"@context":"https:\/\/schema.org","@graph":[{"@type":"WebPage","@id":"https:\/\/www.saxlund.de\/referenzen\/sonstige-anlagen\/","url":"https:\/\/www.saxlund.de\/referenzen\/sonstige-anlagen\/","name":"[:de]Energieerzeugung[:en]Energy Production[:] - SAXLUND International GmbH","isPartOf":{"@id":"https:\/\/www.saxlund.de\/de\/#website"},"datePublished":"2015-01-28T10:03:20+00:00","dateModified":"2018-03-09T09:58:39+00:00","description":"{:de}Anlagenbau f\u00fcr problematische Sch\u00fcttg\u00fcter wie Holzsp\u00e4ne, Rinde, Schl\u00e4mme, Futtermittel, chemische Stoffe, Kompost oder Abfallstoffe{:}","breadcrumb":{"@id":"https:\/\/www.saxlund.de\/referenzen\/sonstige-anlagen\/#breadcrumb"},"inLanguage":"de","potentialAction":[{"@type":"ReadAction","target":["https:\/\/www.saxlund.de\/referenzen\/sonstige-anlagen\/"]}]},{"@type":"BreadcrumbList","@id":"https:\/\/www.saxlund.de\/referenzen\/sonstige-anlagen\/#breadcrumb","itemListElement":[{"@type":"ListItem","position":1,"name":"Startseite","item":"https:\/\/www.saxlund.de\/"},{"@type":"ListItem","position":2,"name":"Anlagen","item":"https:\/\/www.saxlund.de\/referenzen\/"},{"@type":"ListItem","position":3,"name":"Energieerzeugung"}]},{"@type":"WebSite","@id":"https:\/\/www.saxlund.de\/de\/#website","url":"https:\/\/www.saxlund.de\/de\/","name":"SAXLUND International GmbH","description":"Innovative solutions for bulk materials handling","publisher":{"@id":"https:\/\/www.saxlund.de\/de\/#organization"},"potentialAction":[{"@type":"SearchAction","target":{"@type":"EntryPoint","urlTemplate":"https:\/\/www.saxlund.de\/de\/?s={search_term_string}"},"query-input":{"@type":"PropertyValueSpecification","valueRequired":true,"valueName":"search_term_string"}}],"inLanguage":"de"},{"@type":"Organization","@id":"https:\/\/www.saxlund.de\/de\/#organization","name":"Saxlund International GmbH","url":"https:\/\/www.saxlund.de\/de\/","logo":{"@type":"ImageObject","inLanguage":"de","@id":"https:\/\/www.saxlund.de\/de\/#\/schema\/logo\/image\/","url":"https:\/\/www.saxlund.de\/wp-content\/uploads\/2016\/06\/SaxLogo200x100.png","contentUrl":"https:\/\/www.saxlund.de\/wp-content\/uploads\/2016\/06\/SaxLogo200x100.png","width":200,"height":88,"caption":"Saxlund International GmbH"},"image":{"@id":"https:\/\/www.saxlund.de\/de\/#\/schema\/logo\/image\/"}}]}},"_links":{"self":[{"href":"https:\/\/www.saxlund.de\/de\/wp-json\/wp\/v2\/pages\/599","targetHints":{"allow":["GET"]}}],"collection":[{"href":"https:\/\/www.saxlund.de\/de\/wp-json\/wp\/v2\/pages"}],"about":[{"href":"https:\/\/www.saxlund.de\/de\/wp-json\/wp\/v2\/types\/page"}],"author":[{"embeddable":true,"href":"https:\/\/www.saxlund.de\/de\/wp-json\/wp\/v2\/users\/1"}],"replies":[{"embeddable":true,"href":"https:\/\/www.saxlund.de\/de\/wp-json\/wp\/v2\/comments?post=599"}],"version-history":[{"count":0,"href":"https:\/\/www.saxlund.de\/de\/wp-json\/wp\/v2\/pages\/599\/revisions"}],"up":[{"embeddable":true,"href":"https:\/\/www.saxlund.de\/de\/wp-json\/wp\/v2\/pages\/170"}],"wp:attachment":[{"href":"https:\/\/www.saxlund.de\/de\/wp-json\/wp\/v2\/media?parent=599"}],"curies":[{"name":"wp","href":"https:\/\/api.w.org\/{rel}","templated":true}]}}