{"id":361,"date":"2015-01-26T12:49:42","date_gmt":"2015-01-26T12:49:42","guid":{"rendered":"http:\/\/web.saxlund.de\/?page_id=361"},"modified":"2018-03-09T11:17:27","modified_gmt":"2018-03-09T11:17:27","slug":"ersatz-und-sekundaerbrennstoffe-anlagen","status":"publish","type":"page","link":"https:\/\/www.saxlund.de\/de\/referenzen\/ersatz-und-sekundaerbrennstoffe-anlagen\/","title":{"rendered":"Ersatz- und Sekund\u00e4rbrennstoffanlagen"},"content":{"rendered":"[vc_row center_row=&#8220;&#8220;][vc_column width=&#8220;7\/12&#8243;][vc_column_text]\n<p class=\"bodytext\"><span style=\"color: #000000;\">Die Begriffe EBS und SBS stehen f\u00fcr Ersatz- bzw. Sekund\u00e4rbrennstoffe.<\/span><\/p>\n<p><span style=\"color: #000000;\">Mit dem Einsatz dieser Brennstoffe zur Energieerzeugung k\u00f6nnen max. 25% Steinkohle ersetzt werden.<\/span><br \/>\n<span style=\"color: #000000;\">(100.000 t EBS ersetzen ca. 68.000 to Steinkohle).<\/span><\/p>\n<p><span style=\"color: #000000;\">Die Vorteile liegen auf der Hand:<\/span><\/p>\n<ul>\n<li><span style=\"color: #000000;\">Ersatz des fossilen Prim\u00e4renergietr\u00e4gers Steinkohle, dessen Ressourcen begrenzt sind. Ersatzbrennstoffe sind zum Teil als regenerative, nachwachsende\u00a0 Rohstoffe anerkannt.<\/span><\/li>\n<li><span style=\"color: #000000;\">Verminderung der CO<sub>2<\/sub>-Emissionen.<\/span><\/li>\n<\/ul>\n<p class=\"bodytext\"><span style=\"color: #000000;\">Auch die <a href=\"https:\/\/www.saxlund.de\/zementindustrie\/\">Zementindustrie<\/a> geh\u00f6rt zu unseren Kunden wo Ersatzbrennstoffe im Drehrohrofen verbrannt werden.<\/span><\/p>\n<p><span style=\"color: #000000;\">Saxlund hat f\u00fcr diese Recycling-Produkte, im wesentlichen aufbereitete Kunststoff-Abf\u00e4lle, ein spezielles Programm entwickelt welches auf die Bed\u00fcrfnisse und Anforderung der Kraftwerksbetreiber abgestimmt wurde.<\/span>[\/vc_column_text][\/vc_column][vc_column width=&#8220;5\/12&#8243;][vc_single_image image=&#8220;1976&#8243;][\/vc_column][\/vc_row]","protected":false},"excerpt":{"rendered":"<p>[vc_row center_row=&#8220;&#8220;][vc_column width=&#8220;7\/12&#8243;][vc_column_text] Die Begriffe EBS und SBS stehen f\u00fcr Ersatz- bzw. Sekund\u00e4rbrennstoffe. Mit dem Einsatz dieser Brennstoffe zur Energieerzeugung k\u00f6nnen max. 25% Steinkohle ersetzt werden. (100.000 t EBS ersetzen ca. 68.000 to Steinkohle). Die Vorteile liegen auf der Hand: Ersatz des fossilen Prim\u00e4renergietr\u00e4gers Steinkohle, dessen Ressourcen begrenzt sind. Ersatzbrennstoffe sind zum Teil als regenerative,&hellip;<\/p>\n","protected":false},"author":1,"featured_media":0,"parent":170,"menu_order":0,"comment_status":"closed","ping_status":"closed","template":"","meta":{"footnotes":""},"class_list":["post-361","page","type-page","status-publish","hentry","entry","no-media"],"yoast_head":"<!-- This site is optimized with the Yoast SEO plugin v25.4 - https:\/\/yoast.com\/wordpress\/plugins\/seo\/ -->\n<title>Ersatz- und Sekund\u00e4rbrennstoffanlagen - SAXLUND International GmbH<\/title>\n<meta name=\"description\" content=\"Anlagenbau f\u00fcr problematische Sch\u00fcttg\u00fcter wie Holzsp\u00e4ne, Rinde, Schl\u00e4mme, Futtermittel, chemische Stoffe, Kompost oder Abfallstoffe, St\u00f6rstoffabscheider\" \/>\n<meta name=\"robots\" content=\"index, follow, max-snippet:-1, max-image-preview:large, max-video-preview:-1\" \/>\n<link rel=\"canonical\" href=\"https:\/\/www.saxlund.de\/referenzen\/ersatz-und-sekundaerbrennstoffe-anlagen\/\" \/>\n<meta property=\"og:locale\" content=\"de_DE\" \/>\n<meta property=\"og:type\" content=\"article\" \/>\n<meta property=\"og:title\" content=\"[:de]Ersatz- und Sekund\u00e4rbrennstoffanlagen[:en]Substitute &amp; secondary fuels[:] - SAXLUND International GmbH\" \/>\n<meta property=\"og:description\" content=\"Anlagenbau f\u00fcr problematische Sch\u00fcttg\u00fcter wie Holzsp\u00e4ne, Rinde, Schl\u00e4mme, Futtermittel, chemische Stoffe, Kompost oder Abfallstoffe, St\u00f6rstoffabscheider\" \/>\n<meta property=\"og:url\" content=\"https:\/\/www.saxlund.de\/referenzen\/ersatz-und-sekundaerbrennstoffe-anlagen\/\" \/>\n<meta property=\"og:site_name\" content=\"SAXLUND International GmbH\" \/>\n<meta property=\"article:modified_time\" content=\"2018-03-09T11:17:27+00:00\" \/>\n<meta name=\"twitter:card\" content=\"summary_large_image\" \/>\n<meta name=\"twitter:label1\" content=\"Gesch\u00e4tzte Lesezeit\" \/>\n\t<meta name=\"twitter:data1\" content=\"1\u00a0Minute\" \/>\n<script type=\"application\/ld+json\" class=\"yoast-schema-graph\">{\"@context\":\"https:\/\/schema.org\",\"@graph\":[{\"@type\":\"WebPage\",\"@id\":\"https:\/\/www.saxlund.de\/referenzen\/ersatz-und-sekundaerbrennstoffe-anlagen\/\",\"url\":\"https:\/\/www.saxlund.de\/referenzen\/ersatz-und-sekundaerbrennstoffe-anlagen\/\",\"name\":\"[:de]Ersatz- und Sekund\u00e4rbrennstoffanlagen[:en]Substitute & secondary fuels[:] - SAXLUND International GmbH\",\"isPartOf\":{\"@id\":\"https:\/\/www.saxlund.de\/de\/#website\"},\"datePublished\":\"2015-01-26T12:49:42+00:00\",\"dateModified\":\"2018-03-09T11:17:27+00:00\",\"description\":\"Anlagenbau f\u00fcr problematische Sch\u00fcttg\u00fcter wie Holzsp\u00e4ne, Rinde, Schl\u00e4mme, Futtermittel, chemische Stoffe, Kompost oder Abfallstoffe, St\u00f6rstoffabscheider\",\"breadcrumb\":{\"@id\":\"https:\/\/www.saxlund.de\/referenzen\/ersatz-und-sekundaerbrennstoffe-anlagen\/#breadcrumb\"},\"inLanguage\":\"de\",\"potentialAction\":[{\"@type\":\"ReadAction\",\"target\":[\"https:\/\/www.saxlund.de\/referenzen\/ersatz-und-sekundaerbrennstoffe-anlagen\/\"]}]},{\"@type\":\"BreadcrumbList\",\"@id\":\"https:\/\/www.saxlund.de\/referenzen\/ersatz-und-sekundaerbrennstoffe-anlagen\/#breadcrumb\",\"itemListElement\":[{\"@type\":\"ListItem\",\"position\":1,\"name\":\"Startseite\",\"item\":\"https:\/\/www.saxlund.de\/\"},{\"@type\":\"ListItem\",\"position\":2,\"name\":\"Anlagen\",\"item\":\"https:\/\/www.saxlund.de\/referenzen\/\"},{\"@type\":\"ListItem\",\"position\":3,\"name\":\"Substitute &#038; secondary fuels\"}]},{\"@type\":\"WebSite\",\"@id\":\"https:\/\/www.saxlund.de\/de\/#website\",\"url\":\"https:\/\/www.saxlund.de\/de\/\",\"name\":\"SAXLUND International GmbH\",\"description\":\"Innovative solutions for bulk materials handling\",\"publisher\":{\"@id\":\"https:\/\/www.saxlund.de\/de\/#organization\"},\"potentialAction\":[{\"@type\":\"SearchAction\",\"target\":{\"@type\":\"EntryPoint\",\"urlTemplate\":\"https:\/\/www.saxlund.de\/de\/?s={search_term_string}\"},\"query-input\":{\"@type\":\"PropertyValueSpecification\",\"valueRequired\":true,\"valueName\":\"search_term_string\"}}],\"inLanguage\":\"de\"},{\"@type\":\"Organization\",\"@id\":\"https:\/\/www.saxlund.de\/de\/#organization\",\"name\":\"Saxlund International GmbH\",\"url\":\"https:\/\/www.saxlund.de\/de\/\",\"logo\":{\"@type\":\"ImageObject\",\"inLanguage\":\"de\",\"@id\":\"https:\/\/www.saxlund.de\/de\/#\/schema\/logo\/image\/\",\"url\":\"https:\/\/www.saxlund.de\/wp-content\/uploads\/2016\/06\/SaxLogo200x100.png\",\"contentUrl\":\"https:\/\/www.saxlund.de\/wp-content\/uploads\/2016\/06\/SaxLogo200x100.png\",\"width\":200,\"height\":88,\"caption\":\"Saxlund International GmbH\"},\"image\":{\"@id\":\"https:\/\/www.saxlund.de\/de\/#\/schema\/logo\/image\/\"}}]}<\/script>\n<!-- \/ Yoast SEO plugin. -->","yoast_head_json":{"title":"[:de]Ersatz- und Sekund\u00e4rbrennstoffanlagen[:en]Substitute & secondary fuels[:] - SAXLUND International GmbH","description":"Anlagenbau f\u00fcr problematische Sch\u00fcttg\u00fcter wie Holzsp\u00e4ne, Rinde, Schl\u00e4mme, Futtermittel, chemische Stoffe, Kompost oder Abfallstoffe, St\u00f6rstoffabscheider","robots":{"index":"index","follow":"follow","max-snippet":"max-snippet:-1","max-image-preview":"max-image-preview:large","max-video-preview":"max-video-preview:-1"},"canonical":"https:\/\/www.saxlund.de\/referenzen\/ersatz-und-sekundaerbrennstoffe-anlagen\/","og_locale":"de_DE","og_type":"article","og_title":"[:de]Ersatz- und Sekund\u00e4rbrennstoffanlagen[:en]Substitute & secondary fuels[:] - SAXLUND International GmbH","og_description":"Anlagenbau f\u00fcr problematische Sch\u00fcttg\u00fcter wie Holzsp\u00e4ne, Rinde, Schl\u00e4mme, Futtermittel, chemische Stoffe, Kompost oder Abfallstoffe, St\u00f6rstoffabscheider","og_url":"https:\/\/www.saxlund.de\/referenzen\/ersatz-und-sekundaerbrennstoffe-anlagen\/","og_site_name":"SAXLUND International GmbH","article_modified_time":"2018-03-09T11:17:27+00:00","twitter_card":"summary_large_image","twitter_misc":{"Gesch\u00e4tzte Lesezeit":"1\u00a0Minute"},"schema":{"@context":"https:\/\/schema.org","@graph":[{"@type":"WebPage","@id":"https:\/\/www.saxlund.de\/referenzen\/ersatz-und-sekundaerbrennstoffe-anlagen\/","url":"https:\/\/www.saxlund.de\/referenzen\/ersatz-und-sekundaerbrennstoffe-anlagen\/","name":"[:de]Ersatz- und Sekund\u00e4rbrennstoffanlagen[:en]Substitute & secondary fuels[:] - SAXLUND International GmbH","isPartOf":{"@id":"https:\/\/www.saxlund.de\/de\/#website"},"datePublished":"2015-01-26T12:49:42+00:00","dateModified":"2018-03-09T11:17:27+00:00","description":"Anlagenbau f\u00fcr problematische Sch\u00fcttg\u00fcter wie Holzsp\u00e4ne, Rinde, Schl\u00e4mme, Futtermittel, chemische Stoffe, Kompost oder Abfallstoffe, St\u00f6rstoffabscheider","breadcrumb":{"@id":"https:\/\/www.saxlund.de\/referenzen\/ersatz-und-sekundaerbrennstoffe-anlagen\/#breadcrumb"},"inLanguage":"de","potentialAction":[{"@type":"ReadAction","target":["https:\/\/www.saxlund.de\/referenzen\/ersatz-und-sekundaerbrennstoffe-anlagen\/"]}]},{"@type":"BreadcrumbList","@id":"https:\/\/www.saxlund.de\/referenzen\/ersatz-und-sekundaerbrennstoffe-anlagen\/#breadcrumb","itemListElement":[{"@type":"ListItem","position":1,"name":"Startseite","item":"https:\/\/www.saxlund.de\/"},{"@type":"ListItem","position":2,"name":"Anlagen","item":"https:\/\/www.saxlund.de\/referenzen\/"},{"@type":"ListItem","position":3,"name":"Substitute &#038; secondary fuels"}]},{"@type":"WebSite","@id":"https:\/\/www.saxlund.de\/de\/#website","url":"https:\/\/www.saxlund.de\/de\/","name":"SAXLUND International GmbH","description":"Innovative solutions for bulk materials handling","publisher":{"@id":"https:\/\/www.saxlund.de\/de\/#organization"},"potentialAction":[{"@type":"SearchAction","target":{"@type":"EntryPoint","urlTemplate":"https:\/\/www.saxlund.de\/de\/?s={search_term_string}"},"query-input":{"@type":"PropertyValueSpecification","valueRequired":true,"valueName":"search_term_string"}}],"inLanguage":"de"},{"@type":"Organization","@id":"https:\/\/www.saxlund.de\/de\/#organization","name":"Saxlund International GmbH","url":"https:\/\/www.saxlund.de\/de\/","logo":{"@type":"ImageObject","inLanguage":"de","@id":"https:\/\/www.saxlund.de\/de\/#\/schema\/logo\/image\/","url":"https:\/\/www.saxlund.de\/wp-content\/uploads\/2016\/06\/SaxLogo200x100.png","contentUrl":"https:\/\/www.saxlund.de\/wp-content\/uploads\/2016\/06\/SaxLogo200x100.png","width":200,"height":88,"caption":"Saxlund International GmbH"},"image":{"@id":"https:\/\/www.saxlund.de\/de\/#\/schema\/logo\/image\/"}}]}},"_links":{"self":[{"href":"https:\/\/www.saxlund.de\/de\/wp-json\/wp\/v2\/pages\/361","targetHints":{"allow":["GET"]}}],"collection":[{"href":"https:\/\/www.saxlund.de\/de\/wp-json\/wp\/v2\/pages"}],"about":[{"href":"https:\/\/www.saxlund.de\/de\/wp-json\/wp\/v2\/types\/page"}],"author":[{"embeddable":true,"href":"https:\/\/www.saxlund.de\/de\/wp-json\/wp\/v2\/users\/1"}],"replies":[{"embeddable":true,"href":"https:\/\/www.saxlund.de\/de\/wp-json\/wp\/v2\/comments?post=361"}],"version-history":[{"count":0,"href":"https:\/\/www.saxlund.de\/de\/wp-json\/wp\/v2\/pages\/361\/revisions"}],"up":[{"embeddable":true,"href":"https:\/\/www.saxlund.de\/de\/wp-json\/wp\/v2\/pages\/170"}],"wp:attachment":[{"href":"https:\/\/www.saxlund.de\/de\/wp-json\/wp\/v2\/media?parent=361"}],"curies":[{"name":"wp","href":"https:\/\/api.w.org\/{rel}","templated":true}]}}