{"id":3197,"date":"2018-03-08T14:28:51","date_gmt":"2018-03-08T14:28:51","guid":{"rendered":"https:\/\/www.saxlund.de\/?page_id=3197"},"modified":"2024-04-17T15:22:35","modified_gmt":"2024-04-17T13:22:35","slug":"zementindustrie","status":"publish","type":"page","link":"https:\/\/www.saxlund.de\/de\/zementindustrie\/","title":{"rendered":"Zementindustrie"},"content":{"rendered":"[vc_row parallax=&#8220;vcex_parallax&#8220;][vc_column width=&#8220;2\/3&#8243;][vc_column_text]<span style=\"color: #000000;\">Die Anforderungen des Umweltschutzes zu erf\u00fcllen und gleichzeitig die Betriebskosten zu senken sind Herausforderungen, die es zu erf\u00fcllen gilt. Die Verminderung des spezifischen Brennstoffbedarfs und die Umstellung von Nass- auf Trockenverfahren hat bereits zur erheblichen Verbesserung der Energieeffizienz gef\u00fchrt. Verfahrenstechnische Innovationen im Bereich der hochgradig automatisierten F\u00f6rdertechnik gew\u00e4hrleisten eine stetige F\u00f6rderung und exakte Dosierung der Brennstoffe.<\/span><br \/>\n<span style=\"color: #000000;\">Saxlund International GmbH bietet Materialflussl\u00f6sungen f\u00fcr alternative Brennstoffe wie Reifenschnitzel, Tiermehl und Ersatzbrennstoffe.<\/span><br \/>\n<span style=\"color: #000000;\">Pneumatische F\u00f6rdersysteme f\u00fcr schwierige Sch\u00fcttg\u00fcter, Becherwerke f\u00fcr den Transport von Sekund\u00e4rbrennstoffen, Brennstoffsysteme, Silos und Bunker f\u00fcr die Lagerung von Brennstoffen, bis hin zu Turn-Key-Anlagen geh\u00f6ren zu unserer Produktpalette.<\/span>[\/vc_column_text]<div class=\"vcex-spacing wpex-w-100 wpex-clear\"><\/div>[\/vc_column][vc_column width=&#8220;1\/3&#8243;][vc_single_image image=&#8220;3206&#8243; style=&#8220;vc_box_shadow_3d&#8220; css=&#8220;.vc_custom_1520698493417{background-color: #ffffff !important;border-radius: 1px !important;}&#8220;][\/vc_column][\/vc_row][vc_row][vc_column width=&#8220;2\/3&#8243;][vc_column_text]\n<h1><span style=\"font-size: 24px;\"><span style=\"color: #000000;\">Schubboden<\/span><\/span><\/h1>\n[\/vc_column_text][vc_column_text]<span style=\"color: #000000; font-size: 16px;\">Der Schubboden ist besonders\u00a0 f\u00fcr Rechteckbunker geeignet und ist speziell f\u00fcr schwerflie\u00dfende Sch\u00fcttg\u00fcter ausgelegt. Das Konzept des flachen Bunkerbodens bringt vielerlei Vorteile mit sich. Der Schubboden kann f\u00fcr diverse Anwendungsgebiete gem\u00e4\u00df den besonderen Kundenanforderungen eingesetzt werden. Diese Austragsvorrichtung gew\u00e4hrleistet einen zuverl\u00e4ssigen Materialaustrag, eine exakte Dosierung und erm\u00f6glicht die Lagerung gro\u00dfer Volumina.<\/span>[\/vc_column_text][vc_btn title=&#8220;mehr&#8230;&#8220; style=&#8220;custom&#8220; custom_background=&#8220;#919191&#8243; custom_text=&#8220;#ffffff&#8220; shape=&#8220;round&#8220; link=&#8220;url:http%3A%2F%2Fwww.saxlund.de%2Fprodukte%2Fschubboden%2F||&#8220;][\/vc_column][vc_column width=&#8220;1\/3&#8243;][vc_single_image image=&#8220;3205&#8243; style=&#8220;vc_box_shadow_3d&#8220;][\/vc_column][\/vc_row][vc_row][vc_column width=&#8220;2\/3&#8243;][vc_column_text]\n<h1><span style=\"font-size: 24px;\"><span style=\"color: #000000;\">TDS &#8211; Trailer Docking Station<\/span><\/span><\/h1>\n[\/vc_column_text][vc_column_text]<span style=\"color: #000000;\">Das Sch\u00fcttgut wird von einem LKW mit Walking Floor Austragvorrichtung angeliefert.<\/span><br \/>\n<span style=\"color: #000000;\">Die Einfahrt in die Trailer Docking Station ist mit einem Rolltor inkl. Torabdichtung versehen.<\/span><br \/>\n<span style=\"color: #000000;\">Die Box kann mit einem Filter-Abluftsystem ausgestattet werden, welches die auftretenden St\u00e4ube absaugt und somit Staubemissionen verhindert.<\/span>[\/vc_column_text][vc_btn title=&#8220;mehr&#8230;&#8220; style=&#8220;custom&#8220; custom_background=&#8220;#919191&#8243; custom_text=&#8220;#ffffff&#8220; shape=&#8220;round&#8220; link=&#8220;url:http%3A%2F%2Fwww.saxlund.de%2Ftrailer-docking-station%2F||&#8220;][\/vc_column][vc_column width=&#8220;1\/3&#8243;][vc_single_image image=&#8220;3211&#8243; style=&#8220;vc_box_shadow_3d&#8220;][\/vc_column][\/vc_row][vc_row][vc_column width=&#8220;2\/3&#8243;][vc_column_text]\n<h1><span style=\"font-size: 24px;\"><span style=\"color: #000000;\">Trogkettenf\u00f6rderer<\/span><\/span><\/h1>\n[\/vc_column_text][vc_column_text]<span style=\"color: #000000;\">Der Saxlund lnternational Trogkettenf\u00f6rderer ist ein Stetigf\u00f6rderer mit rechteckigem Querschnitt. <\/span><br \/>\n<span style=\"color: #000000;\">Der Aufbau kann waagerecht bis schr\u00e4g erfolgen. Das Sch\u00fcttgut wird an der Spannstation aufgegeben. Die F\u00f6rderkette l\u00e4uft auf einem verschlei\u00dfarmen Boden und transportiert das Material im Ober- oder Untertrum bis zur Antriebsstation, wo es abgeworfen bzw. an weiterf\u00fchrende F\u00f6rderorgane \u00fcbergeben wird. Die Bauform der F\u00f6rderkette ist auf das jeweilige Sch\u00fcttgut zugeschnitten und wird wie die gesamte Auslegung des F\u00f6rderers auf die Aufgabenstellung hin ausgew\u00e4hlt. Der Antrieb der F\u00f6rderkette erfolgt \u00fcber eine w\u00e4lzgelagerte Welle mit Kettenstern, die von einem Getriebemotor mit zus\u00e4tzlichem Rollenkettentrieb angetrieben wird.<\/span>[\/vc_column_text][vc_btn title=&#8220;mehr&#8230;&#8220; style=&#8220;custom&#8220; custom_background=&#8220;#919191&#8243; custom_text=&#8220;#ffffff&#8220; shape=&#8220;round&#8220; link=&#8220;url:http%3A%2F%2Fwww.saxlund.de%2Fprodukte%2Ftrogkettenfoerderer%2F||&#8220;][\/vc_column][vc_column width=&#8220;1\/3&#8243;][vc_single_image image=&#8220;3213&#8243; style=&#8220;vc_box_shadow_3d&#8220;][\/vc_column][\/vc_row][vc_row][vc_column width=&#8220;2\/3&#8243;][vc_column_text]\n<h1><span style=\"font-size: 24px;\"><span style=\"color: #000000;\">Gurtf\u00f6rderer<\/span><\/span><\/h1>\n[\/vc_column_text][vc_column_text]\u25cf<span style=\"color: #000000;\"> H\u00f6chste Verf\u00fcgbarkeit<\/span><br \/>\n<span style=\"color: #000000;\">\u25cf Geringe L\u00e4rmemission<\/span><br \/>\n<span style=\"color: #000000;\">\u25cf Kompakt gekapselte F\u00f6rderung<\/span><br \/>\n<span style=\"color: #000000;\">\u25cf Vermeidung von Staubemission<\/span><br \/>\n<span style=\"color: #000000;\">\u25cf Geringer Energiebedarf<\/span>[\/vc_column_text][vc_btn title=&#8220;mehr&#8230;&#8220; style=&#8220;custom&#8220; custom_background=&#8220;#919191&#8243; custom_text=&#8220;#ffffff&#8220; shape=&#8220;round&#8220; link=&#8220;url:http%3A%2F%2Fwww.saxlund.de%2Fprodukte%2Ftrogkettenfoerderer%2F||&#8220;][\/vc_column][vc_column width=&#8220;1\/3&#8243;][vc_single_image image=&#8220;3215&#8243; style=&#8220;vc_box_shadow_3d&#8220;][\/vc_column][\/vc_row][vc_row][vc_column width=&#8220;2\/3&#8243;][vc_column_text]\n<h1><span style=\"font-size: 24px;\"><span style=\"color: #000000;\">Gleitrahmen<\/span><\/span><\/h1>\n[\/vc_column_text][vc_column_text]<span style=\"color: #000000;\">Der Energieverbrauch des Gleitrahmens ist wesentlich geringer als bei den meisten vergleichbaren Systemen. Dadurch kann der Energieaufwand, um das Sch\u00fcttgut vom Lagersilo in den nach folgenden Proze\u00df einzuleiten, minimiert werden. Alle im Silo eingebauten Komponenten unterliegen einem geringen Verschlei\u00df . Die Wartung der Austragsvorrichtung kann selbst bei gef\u00fclltem Silo von au\u00dfen erfolgen, ein nicht zu unter sch\u00e4tzender Vorteil.<\/span>[\/vc_column_text][vc_btn title=&#8220;mehr&#8230;&#8220; style=&#8220;custom&#8220; custom_background=&#8220;#919191&#8243; custom_text=&#8220;#ffffff&#8220; shape=&#8220;round&#8220; link=&#8220;url:http%3A%2F%2Fwww.saxlund.de%2Fprodukte%2Fgleitrahmen%2F||&#8220;][\/vc_column][vc_column width=&#8220;1\/3&#8243;][vc_single_image image=&#8220;3216&#8243; style=&#8220;vc_box_shadow_3d&#8220;][\/vc_column][\/vc_row]","protected":false},"excerpt":{"rendered":"<p>[vc_row parallax=&#8220;vcex_parallax&#8220;][vc_column width=&#8220;2\/3&#8243;][vc_column_text]Die Anforderungen des Umweltschutzes zu erf\u00fcllen und gleichzeitig die Betriebskosten zu senken sind Herausforderungen, die es zu erf\u00fcllen gilt. Die Verminderung des spezifischen Brennstoffbedarfs und die Umstellung von Nass- auf Trockenverfahren hat bereits zur erheblichen Verbesserung der Energieeffizienz gef\u00fchrt. Verfahrenstechnische Innovationen im Bereich der hochgradig automatisierten F\u00f6rdertechnik gew\u00e4hrleisten eine stetige F\u00f6rderung und exakte&hellip;<\/p>\n","protected":false},"author":3,"featured_media":0,"parent":0,"menu_order":0,"comment_status":"closed","ping_status":"closed","template":"","meta":{"footnotes":""},"class_list":["post-3197","page","type-page","status-publish","hentry","entry","no-media"],"yoast_head":"<!-- This site is optimized with the Yoast SEO plugin v25.4 - https:\/\/yoast.com\/wordpress\/plugins\/seo\/ -->\n<title>Zementindustrie - SAXLUND International GmbH<\/title>\n<meta name=\"description\" content=\"Anlagenbau f\u00fcr problematische Sch\u00fcttg\u00fcter wie Holzsp\u00e4ne, Rinde, Schl\u00e4mme, Futtermittel, chemische Stoffe, Kompost oder Abfallstoffe, St\u00f6rstoffabscheider\" \/>\n<meta name=\"robots\" content=\"index, follow, max-snippet:-1, max-image-preview:large, max-video-preview:-1\" \/>\n<link rel=\"canonical\" href=\"https:\/\/www.saxlund.de\/zementindustrie\/\" \/>\n<meta property=\"og:locale\" content=\"de_DE\" \/>\n<meta property=\"og:type\" content=\"article\" \/>\n<meta property=\"og:title\" content=\"[:de]Zementindustrie[:en]Cement industry[:] - SAXLUND International GmbH\" \/>\n<meta property=\"og:description\" content=\"Anlagenbau f\u00fcr problematische Sch\u00fcttg\u00fcter wie Holzsp\u00e4ne, Rinde, Schl\u00e4mme, Futtermittel, chemische Stoffe, Kompost oder Abfallstoffe, St\u00f6rstoffabscheider\" \/>\n<meta property=\"og:url\" content=\"https:\/\/www.saxlund.de\/zementindustrie\/\" \/>\n<meta property=\"og:site_name\" content=\"SAXLUND International GmbH\" \/>\n<meta property=\"article:modified_time\" content=\"2024-04-17T13:22:35+00:00\" \/>\n<meta name=\"twitter:card\" content=\"summary_large_image\" \/>\n<meta name=\"twitter:label1\" content=\"Gesch\u00e4tzte Lesezeit\" \/>\n\t<meta name=\"twitter:data1\" content=\"4\u00a0Minuten\" \/>\n<script type=\"application\/ld+json\" class=\"yoast-schema-graph\">{\"@context\":\"https:\/\/schema.org\",\"@graph\":[{\"@type\":\"WebPage\",\"@id\":\"https:\/\/www.saxlund.de\/zementindustrie\/\",\"url\":\"https:\/\/www.saxlund.de\/zementindustrie\/\",\"name\":\"[:de]Zementindustrie[:en]Cement industry[:] - SAXLUND International GmbH\",\"isPartOf\":{\"@id\":\"https:\/\/www.saxlund.de\/de\/#website\"},\"datePublished\":\"2018-03-08T14:28:51+00:00\",\"dateModified\":\"2024-04-17T13:22:35+00:00\",\"description\":\"Anlagenbau f\u00fcr problematische Sch\u00fcttg\u00fcter wie Holzsp\u00e4ne, Rinde, Schl\u00e4mme, Futtermittel, chemische Stoffe, Kompost oder Abfallstoffe, St\u00f6rstoffabscheider\",\"breadcrumb\":{\"@id\":\"https:\/\/www.saxlund.de\/zementindustrie\/#breadcrumb\"},\"inLanguage\":\"de\",\"potentialAction\":[{\"@type\":\"ReadAction\",\"target\":[\"https:\/\/www.saxlund.de\/zementindustrie\/\"]}]},{\"@type\":\"BreadcrumbList\",\"@id\":\"https:\/\/www.saxlund.de\/zementindustrie\/#breadcrumb\",\"itemListElement\":[{\"@type\":\"ListItem\",\"position\":1,\"name\":\"Startseite\",\"item\":\"https:\/\/www.saxlund.de\/\"},{\"@type\":\"ListItem\",\"position\":2,\"name\":\"Zementindustrie\"}]},{\"@type\":\"WebSite\",\"@id\":\"https:\/\/www.saxlund.de\/de\/#website\",\"url\":\"https:\/\/www.saxlund.de\/de\/\",\"name\":\"SAXLUND International GmbH\",\"description\":\"Innovative solutions for bulk materials handling\",\"publisher\":{\"@id\":\"https:\/\/www.saxlund.de\/de\/#organization\"},\"potentialAction\":[{\"@type\":\"SearchAction\",\"target\":{\"@type\":\"EntryPoint\",\"urlTemplate\":\"https:\/\/www.saxlund.de\/de\/?s={search_term_string}\"},\"query-input\":{\"@type\":\"PropertyValueSpecification\",\"valueRequired\":true,\"valueName\":\"search_term_string\"}}],\"inLanguage\":\"de\"},{\"@type\":\"Organization\",\"@id\":\"https:\/\/www.saxlund.de\/de\/#organization\",\"name\":\"Saxlund International GmbH\",\"url\":\"https:\/\/www.saxlund.de\/de\/\",\"logo\":{\"@type\":\"ImageObject\",\"inLanguage\":\"de\",\"@id\":\"https:\/\/www.saxlund.de\/de\/#\/schema\/logo\/image\/\",\"url\":\"https:\/\/www.saxlund.de\/wp-content\/uploads\/2016\/06\/SaxLogo200x100.png\",\"contentUrl\":\"https:\/\/www.saxlund.de\/wp-content\/uploads\/2016\/06\/SaxLogo200x100.png\",\"width\":200,\"height\":88,\"caption\":\"Saxlund International GmbH\"},\"image\":{\"@id\":\"https:\/\/www.saxlund.de\/de\/#\/schema\/logo\/image\/\"}}]}<\/script>\n<!-- \/ Yoast SEO plugin. -->","yoast_head_json":{"title":"[:de]Zementindustrie[:en]Cement industry[:] - SAXLUND International GmbH","description":"Anlagenbau f\u00fcr problematische Sch\u00fcttg\u00fcter wie Holzsp\u00e4ne, Rinde, Schl\u00e4mme, Futtermittel, chemische Stoffe, Kompost oder Abfallstoffe, St\u00f6rstoffabscheider","robots":{"index":"index","follow":"follow","max-snippet":"max-snippet:-1","max-image-preview":"max-image-preview:large","max-video-preview":"max-video-preview:-1"},"canonical":"https:\/\/www.saxlund.de\/zementindustrie\/","og_locale":"de_DE","og_type":"article","og_title":"[:de]Zementindustrie[:en]Cement industry[:] - SAXLUND International GmbH","og_description":"Anlagenbau f\u00fcr problematische Sch\u00fcttg\u00fcter wie Holzsp\u00e4ne, Rinde, Schl\u00e4mme, Futtermittel, chemische Stoffe, Kompost oder Abfallstoffe, St\u00f6rstoffabscheider","og_url":"https:\/\/www.saxlund.de\/zementindustrie\/","og_site_name":"SAXLUND International GmbH","article_modified_time":"2024-04-17T13:22:35+00:00","twitter_card":"summary_large_image","twitter_misc":{"Gesch\u00e4tzte Lesezeit":"4\u00a0Minuten"},"schema":{"@context":"https:\/\/schema.org","@graph":[{"@type":"WebPage","@id":"https:\/\/www.saxlund.de\/zementindustrie\/","url":"https:\/\/www.saxlund.de\/zementindustrie\/","name":"[:de]Zementindustrie[:en]Cement industry[:] - SAXLUND International GmbH","isPartOf":{"@id":"https:\/\/www.saxlund.de\/de\/#website"},"datePublished":"2018-03-08T14:28:51+00:00","dateModified":"2024-04-17T13:22:35+00:00","description":"Anlagenbau f\u00fcr problematische Sch\u00fcttg\u00fcter wie Holzsp\u00e4ne, Rinde, Schl\u00e4mme, Futtermittel, chemische Stoffe, Kompost oder Abfallstoffe, St\u00f6rstoffabscheider","breadcrumb":{"@id":"https:\/\/www.saxlund.de\/zementindustrie\/#breadcrumb"},"inLanguage":"de","potentialAction":[{"@type":"ReadAction","target":["https:\/\/www.saxlund.de\/zementindustrie\/"]}]},{"@type":"BreadcrumbList","@id":"https:\/\/www.saxlund.de\/zementindustrie\/#breadcrumb","itemListElement":[{"@type":"ListItem","position":1,"name":"Startseite","item":"https:\/\/www.saxlund.de\/"},{"@type":"ListItem","position":2,"name":"Zementindustrie"}]},{"@type":"WebSite","@id":"https:\/\/www.saxlund.de\/de\/#website","url":"https:\/\/www.saxlund.de\/de\/","name":"SAXLUND International GmbH","description":"Innovative solutions for bulk materials handling","publisher":{"@id":"https:\/\/www.saxlund.de\/de\/#organization"},"potentialAction":[{"@type":"SearchAction","target":{"@type":"EntryPoint","urlTemplate":"https:\/\/www.saxlund.de\/de\/?s={search_term_string}"},"query-input":{"@type":"PropertyValueSpecification","valueRequired":true,"valueName":"search_term_string"}}],"inLanguage":"de"},{"@type":"Organization","@id":"https:\/\/www.saxlund.de\/de\/#organization","name":"Saxlund International GmbH","url":"https:\/\/www.saxlund.de\/de\/","logo":{"@type":"ImageObject","inLanguage":"de","@id":"https:\/\/www.saxlund.de\/de\/#\/schema\/logo\/image\/","url":"https:\/\/www.saxlund.de\/wp-content\/uploads\/2016\/06\/SaxLogo200x100.png","contentUrl":"https:\/\/www.saxlund.de\/wp-content\/uploads\/2016\/06\/SaxLogo200x100.png","width":200,"height":88,"caption":"Saxlund International GmbH"},"image":{"@id":"https:\/\/www.saxlund.de\/de\/#\/schema\/logo\/image\/"}}]}},"_links":{"self":[{"href":"https:\/\/www.saxlund.de\/de\/wp-json\/wp\/v2\/pages\/3197","targetHints":{"allow":["GET"]}}],"collection":[{"href":"https:\/\/www.saxlund.de\/de\/wp-json\/wp\/v2\/pages"}],"about":[{"href":"https:\/\/www.saxlund.de\/de\/wp-json\/wp\/v2\/types\/page"}],"author":[{"embeddable":true,"href":"https:\/\/www.saxlund.de\/de\/wp-json\/wp\/v2\/users\/3"}],"replies":[{"embeddable":true,"href":"https:\/\/www.saxlund.de\/de\/wp-json\/wp\/v2\/comments?post=3197"}],"version-history":[{"count":1,"href":"https:\/\/www.saxlund.de\/de\/wp-json\/wp\/v2\/pages\/3197\/revisions"}],"predecessor-version":[{"id":4227,"href":"https:\/\/www.saxlund.de\/de\/wp-json\/wp\/v2\/pages\/3197\/revisions\/4227"}],"wp:attachment":[{"href":"https:\/\/www.saxlund.de\/de\/wp-json\/wp\/v2\/media?parent=3197"}],"curies":[{"name":"wp","href":"https:\/\/api.w.org\/{rel}","templated":true}]}}