{"id":3127,"date":"2018-02-21T10:12:45","date_gmt":"2018-02-21T10:12:45","guid":{"rendered":"https:\/\/www.saxlund.de\/?page_id=3127"},"modified":"2022-12-09T09:45:54","modified_gmt":"2022-12-09T08:45:54","slug":"trailer-docking-station","status":"publish","type":"page","link":"https:\/\/www.saxlund.de\/de\/trailer-docking-station\/","title":{"rendered":"Trailer Docking Station"},"content":{"rendered":"[vc_row][vc_column][vc_column_text]<span style=\"font-size: 32px; color: #000000;\">Entladen von LKW-Anh\u00e4ngern mit Walking Floor Technology<\/span>[\/vc_column_text][\/vc_column][\/vc_row][vc_row][vc_column width=&#8220;1\/4&#8243;][vc_column_text]<span style=\"color: #000000;\">Die TDS wurde f\u00fcr das Entladen von LKW-Anh\u00e4ngern mit Walking Floor Technik entwickelt. Fahrzeuge mit einem Walking Floor transportieren Sch\u00fcttg\u00fcter wie Holzhackschnitzel, Schrott, Gips oder dergleichen.<\/span><\/p>\n<p><span style=\"color: #000000;\">Zum Abladen wird der Anh\u00e4nger r\u00fcckw\u00e4rts an die Trailer Docking Station herangefahren und mittels Walking Floor (Laufboden) erfolgt die Entladung automatisch, angetrieben durch die Hydraulik des Zugfahrzeuges oder einer separaten externen Versorgung.<\/span>[\/vc_column_text][\/vc_column][vc_column width=&#8220;3\/4&#8243;][vc_single_image image=&#8220;3137&#8243; style=&#8220;vc_box_shadow_3d&#8220; css=&#8220;.vc_custom_1519206868202{border-radius: 2px !important;}&#8220;][\/vc_column][\/vc_row][vc_row][vc_column width=&#8220;2\/3&#8243;][vc_single_image image=&#8220;3138&#8243; style=&#8220;vc_box_shadow_3d&#8220; css=&#8220;.vc_custom_1519206894060{border-radius: 2px !important;}&#8220;][\/vc_column][vc_column width=&#8220;1\/3&#8243;][vc_column_text]<span style=\"color: #000000;\">Die TDS verwendet F\u00f6rderschnecken, um das Material dosiert einem nachgeschalteten Ketten- oder Bandf\u00f6rderer zu zuf\u00fchren.<\/span><br \/>\n<span style=\"color: #000000;\">Eine pneumatische Faltenbalgdichtung am Rolltor und ein Staubfilter (optional) erzeugen beim entladen einen Unterdruck in der Schneckenbox und verhindern so, dass St\u00e4ube in die Umgebungsluft gelangen.<\/span><br \/>\n<span style=\"color: #000000;\">Optional kann die TDS mit einem Hydraulikaggregat geliefert werden, um den Walking Floor des LKW-Anh\u00e4nger mit Hydraulikdruck zu versorgen.<\/span>[\/vc_column_text][\/vc_column][\/vc_row][vc_row][vc_column width=&#8220;1\/3&#8243;][vc_column_text]<span style=\"color: #000000;\">Die Box kann mit einem Filter-Abluftsystem ausgestattet werden, welches die auftretenden St\u00e4ube absaugt und somit Staubemissionen verhindert.<\/span>[\/vc_column_text][\/vc_column][vc_column width=&#8220;1\/3&#8243;][vc_single_image image=&#8220;3143&#8243; style=&#8220;vc_box_shadow_3d&#8220;][\/vc_column][vc_column width=&#8220;1\/3&#8243;][vc_column_text]<span style=\"color: #000000;\">Andocken des LKW-Trailers mit Hilfe von Lichtschrankengesteuerten Ampelsignalen<\/span>[\/vc_column_text][\/vc_column][\/vc_row][vc_row][vc_column width=&#8220;2\/3&#8243;][vc_single_image image=&#8220;3145&#8243;][\/vc_column][vc_column width=&#8220;1\/3&#8243;][vc_column_text]\n<ol>\n<li><span style=\"color: #000000;\">Hydraulikaggregat mit Schlauchhaspel(Optional)<\/span><\/li>\n<li><span style=\"color: #000000;\">Lichtschranke H\u00f6henerkennung Trailer<\/span><\/li>\n<li><span style=\"color: #000000;\">Signallampe<\/span><\/li>\n<li><span style=\"color: #000000;\">Rolltor<\/span><\/li>\n<li><span style=\"color: #000000;\">F\u00fcllstandsmessung (Optional)<\/span><\/li>\n<li><span style=\"color: #000000;\">Filter (Optional)<\/span><\/li>\n<li><span style=\"color: #000000;\">T\u00fcrabdichtung<\/span><\/li>\n<li><span style=\"color: #000000;\">Schneckenf\u00f6rderer<\/span><\/li>\n<li><span style=\"color: #000000;\">L\u00fcfter der Torabdichtung<\/span><\/li>\n<li><span style=\"color: #000000;\">Schneckenbox<\/span><\/li>\n<li><span style=\"color: #000000;\">Getriebemotor<\/span><\/li>\n<\/ol>\n[\/vc_column_text][\/vc_column][\/vc_row]","protected":false},"excerpt":{"rendered":"<p>[vc_row][vc_column][vc_column_text]Entladen von LKW-Anh\u00e4ngern mit Walking Floor Technology[\/vc_column_text][\/vc_column][\/vc_row][vc_row][vc_column width=&#8220;1\/4&#8243;][vc_column_text]Die TDS wurde f\u00fcr das Entladen von LKW-Anh\u00e4ngern mit Walking Floor Technik entwickelt. Fahrzeuge mit einem Walking Floor transportieren Sch\u00fcttg\u00fcter wie Holzhackschnitzel, Schrott, Gips oder dergleichen. Zum Abladen wird der Anh\u00e4nger r\u00fcckw\u00e4rts an die Trailer Docking Station herangefahren und mittels Walking Floor (Laufboden) erfolgt die Entladung automatisch, angetrieben&hellip;<\/p>\n","protected":false},"author":3,"featured_media":0,"parent":0,"menu_order":0,"comment_status":"closed","ping_status":"closed","template":"","meta":{"footnotes":""},"class_list":["post-3127","page","type-page","status-publish","hentry","entry","no-media"],"yoast_head":"<!-- This site is optimized with the Yoast SEO plugin v25.4 - https:\/\/yoast.com\/wordpress\/plugins\/seo\/ -->\n<title>Trailer Docking Station - SAXLUND International GmbH<\/title>\n<meta name=\"description\" content=\"Anlagenbau f\u00fcr problematische Sch\u00fcttg\u00fcter wie Holzsp\u00e4ne, Rinde, Schl\u00e4mme, Futtermittel, chemische Stoffe, Kompost oder Abfallstoffe, St\u00f6rstoffabscheider\" \/>\n<meta name=\"robots\" content=\"index, follow, max-snippet:-1, max-image-preview:large, max-video-preview:-1\" \/>\n<link rel=\"canonical\" href=\"https:\/\/www.saxlund.de\/trailer-docking-station\/\" \/>\n<meta property=\"og:locale\" content=\"de_DE\" \/>\n<meta property=\"og:type\" content=\"article\" \/>\n<meta property=\"og:title\" content=\"Trailer Docking Station - SAXLUND International GmbH\" \/>\n<meta property=\"og:description\" content=\"Anlagenbau f\u00fcr problematische Sch\u00fcttg\u00fcter wie Holzsp\u00e4ne, Rinde, Schl\u00e4mme, Futtermittel, chemische Stoffe, Kompost oder Abfallstoffe, St\u00f6rstoffabscheider\" \/>\n<meta property=\"og:url\" content=\"https:\/\/www.saxlund.de\/trailer-docking-station\/\" \/>\n<meta property=\"og:site_name\" content=\"SAXLUND International GmbH\" \/>\n<meta property=\"article:modified_time\" content=\"2022-12-09T08:45:54+00:00\" \/>\n<meta name=\"twitter:card\" content=\"summary_large_image\" \/>\n<meta name=\"twitter:label1\" content=\"Gesch\u00e4tzte Lesezeit\" \/>\n\t<meta name=\"twitter:data1\" content=\"2\u00a0Minuten\" \/>\n<script type=\"application\/ld+json\" class=\"yoast-schema-graph\">{\"@context\":\"https:\/\/schema.org\",\"@graph\":[{\"@type\":\"WebPage\",\"@id\":\"https:\/\/www.saxlund.de\/trailer-docking-station\/\",\"url\":\"https:\/\/www.saxlund.de\/trailer-docking-station\/\",\"name\":\"Trailer Docking Station - SAXLUND International GmbH\",\"isPartOf\":{\"@id\":\"https:\/\/www.saxlund.de\/de\/#website\"},\"datePublished\":\"2018-02-21T10:12:45+00:00\",\"dateModified\":\"2022-12-09T08:45:54+00:00\",\"description\":\"Anlagenbau f\u00fcr problematische Sch\u00fcttg\u00fcter wie Holzsp\u00e4ne, Rinde, Schl\u00e4mme, Futtermittel, chemische Stoffe, Kompost oder Abfallstoffe, St\u00f6rstoffabscheider\",\"breadcrumb\":{\"@id\":\"https:\/\/www.saxlund.de\/trailer-docking-station\/#breadcrumb\"},\"inLanguage\":\"de\",\"potentialAction\":[{\"@type\":\"ReadAction\",\"target\":[\"https:\/\/www.saxlund.de\/trailer-docking-station\/\"]}]},{\"@type\":\"BreadcrumbList\",\"@id\":\"https:\/\/www.saxlund.de\/trailer-docking-station\/#breadcrumb\",\"itemListElement\":[{\"@type\":\"ListItem\",\"position\":1,\"name\":\"Startseite\",\"item\":\"https:\/\/www.saxlund.de\/\"},{\"@type\":\"ListItem\",\"position\":2,\"name\":\"Trailer Docking Station\"}]},{\"@type\":\"WebSite\",\"@id\":\"https:\/\/www.saxlund.de\/de\/#website\",\"url\":\"https:\/\/www.saxlund.de\/de\/\",\"name\":\"SAXLUND International GmbH\",\"description\":\"Innovative solutions for bulk materials handling\",\"publisher\":{\"@id\":\"https:\/\/www.saxlund.de\/de\/#organization\"},\"potentialAction\":[{\"@type\":\"SearchAction\",\"target\":{\"@type\":\"EntryPoint\",\"urlTemplate\":\"https:\/\/www.saxlund.de\/de\/?s={search_term_string}\"},\"query-input\":{\"@type\":\"PropertyValueSpecification\",\"valueRequired\":true,\"valueName\":\"search_term_string\"}}],\"inLanguage\":\"de\"},{\"@type\":\"Organization\",\"@id\":\"https:\/\/www.saxlund.de\/de\/#organization\",\"name\":\"Saxlund International GmbH\",\"url\":\"https:\/\/www.saxlund.de\/de\/\",\"logo\":{\"@type\":\"ImageObject\",\"inLanguage\":\"de\",\"@id\":\"https:\/\/www.saxlund.de\/de\/#\/schema\/logo\/image\/\",\"url\":\"https:\/\/www.saxlund.de\/wp-content\/uploads\/2016\/06\/SaxLogo200x100.png\",\"contentUrl\":\"https:\/\/www.saxlund.de\/wp-content\/uploads\/2016\/06\/SaxLogo200x100.png\",\"width\":200,\"height\":88,\"caption\":\"Saxlund International GmbH\"},\"image\":{\"@id\":\"https:\/\/www.saxlund.de\/de\/#\/schema\/logo\/image\/\"}}]}<\/script>\n<!-- \/ Yoast SEO plugin. -->","yoast_head_json":{"title":"Trailer Docking Station - SAXLUND International GmbH","description":"Anlagenbau f\u00fcr problematische Sch\u00fcttg\u00fcter wie Holzsp\u00e4ne, Rinde, Schl\u00e4mme, Futtermittel, chemische Stoffe, Kompost oder Abfallstoffe, St\u00f6rstoffabscheider","robots":{"index":"index","follow":"follow","max-snippet":"max-snippet:-1","max-image-preview":"max-image-preview:large","max-video-preview":"max-video-preview:-1"},"canonical":"https:\/\/www.saxlund.de\/trailer-docking-station\/","og_locale":"de_DE","og_type":"article","og_title":"Trailer Docking Station - SAXLUND International GmbH","og_description":"Anlagenbau f\u00fcr problematische Sch\u00fcttg\u00fcter wie Holzsp\u00e4ne, Rinde, Schl\u00e4mme, Futtermittel, chemische Stoffe, Kompost oder Abfallstoffe, St\u00f6rstoffabscheider","og_url":"https:\/\/www.saxlund.de\/trailer-docking-station\/","og_site_name":"SAXLUND International GmbH","article_modified_time":"2022-12-09T08:45:54+00:00","twitter_card":"summary_large_image","twitter_misc":{"Gesch\u00e4tzte Lesezeit":"2\u00a0Minuten"},"schema":{"@context":"https:\/\/schema.org","@graph":[{"@type":"WebPage","@id":"https:\/\/www.saxlund.de\/trailer-docking-station\/","url":"https:\/\/www.saxlund.de\/trailer-docking-station\/","name":"Trailer Docking Station - SAXLUND International GmbH","isPartOf":{"@id":"https:\/\/www.saxlund.de\/de\/#website"},"datePublished":"2018-02-21T10:12:45+00:00","dateModified":"2022-12-09T08:45:54+00:00","description":"Anlagenbau f\u00fcr problematische Sch\u00fcttg\u00fcter wie Holzsp\u00e4ne, Rinde, Schl\u00e4mme, Futtermittel, chemische Stoffe, Kompost oder Abfallstoffe, St\u00f6rstoffabscheider","breadcrumb":{"@id":"https:\/\/www.saxlund.de\/trailer-docking-station\/#breadcrumb"},"inLanguage":"de","potentialAction":[{"@type":"ReadAction","target":["https:\/\/www.saxlund.de\/trailer-docking-station\/"]}]},{"@type":"BreadcrumbList","@id":"https:\/\/www.saxlund.de\/trailer-docking-station\/#breadcrumb","itemListElement":[{"@type":"ListItem","position":1,"name":"Startseite","item":"https:\/\/www.saxlund.de\/"},{"@type":"ListItem","position":2,"name":"Trailer Docking Station"}]},{"@type":"WebSite","@id":"https:\/\/www.saxlund.de\/de\/#website","url":"https:\/\/www.saxlund.de\/de\/","name":"SAXLUND International GmbH","description":"Innovative solutions for bulk materials handling","publisher":{"@id":"https:\/\/www.saxlund.de\/de\/#organization"},"potentialAction":[{"@type":"SearchAction","target":{"@type":"EntryPoint","urlTemplate":"https:\/\/www.saxlund.de\/de\/?s={search_term_string}"},"query-input":{"@type":"PropertyValueSpecification","valueRequired":true,"valueName":"search_term_string"}}],"inLanguage":"de"},{"@type":"Organization","@id":"https:\/\/www.saxlund.de\/de\/#organization","name":"Saxlund International GmbH","url":"https:\/\/www.saxlund.de\/de\/","logo":{"@type":"ImageObject","inLanguage":"de","@id":"https:\/\/www.saxlund.de\/de\/#\/schema\/logo\/image\/","url":"https:\/\/www.saxlund.de\/wp-content\/uploads\/2016\/06\/SaxLogo200x100.png","contentUrl":"https:\/\/www.saxlund.de\/wp-content\/uploads\/2016\/06\/SaxLogo200x100.png","width":200,"height":88,"caption":"Saxlund International GmbH"},"image":{"@id":"https:\/\/www.saxlund.de\/de\/#\/schema\/logo\/image\/"}}]}},"_links":{"self":[{"href":"https:\/\/www.saxlund.de\/de\/wp-json\/wp\/v2\/pages\/3127","targetHints":{"allow":["GET"]}}],"collection":[{"href":"https:\/\/www.saxlund.de\/de\/wp-json\/wp\/v2\/pages"}],"about":[{"href":"https:\/\/www.saxlund.de\/de\/wp-json\/wp\/v2\/types\/page"}],"author":[{"embeddable":true,"href":"https:\/\/www.saxlund.de\/de\/wp-json\/wp\/v2\/users\/3"}],"replies":[{"embeddable":true,"href":"https:\/\/www.saxlund.de\/de\/wp-json\/wp\/v2\/comments?post=3127"}],"version-history":[{"count":1,"href":"https:\/\/www.saxlund.de\/de\/wp-json\/wp\/v2\/pages\/3127\/revisions"}],"predecessor-version":[{"id":3981,"href":"https:\/\/www.saxlund.de\/de\/wp-json\/wp\/v2\/pages\/3127\/revisions\/3981"}],"wp:attachment":[{"href":"https:\/\/www.saxlund.de\/de\/wp-json\/wp\/v2\/media?parent=3127"}],"curies":[{"name":"wp","href":"https:\/\/api.w.org\/{rel}","templated":true}]}}