{"id":193,"date":"2015-01-26T09:23:04","date_gmt":"2015-01-26T09:23:04","guid":{"rendered":"http:\/\/web.saxlund.de\/?page_id=193"},"modified":"2024-04-17T15:11:17","modified_gmt":"2024-04-17T13:11:17","slug":"thermische-verwertung","status":"publish","type":"page","link":"https:\/\/www.saxlund.de\/de\/referenzen\/holz-und-biomasseanlagen\/thermische-verwertung\/","title":{"rendered":"Thermische Verwertung"},"content":{"rendered":"[vc_row center_row=&#8220;&#8220;][vc_column width=&#8220;7\/12&#8243;][vc_column_text]Mit den steigenden Preisen f\u00fcr fossile Brennstoffe gewinnt die Nutzung von Holz zur Energieerzeugung verst\u00e4rkt an Interesse. Viele unserer Kunden planen deshalb den Bau eines Holzheizkraftwerks, damit Holz aus der Region zur Energieerzeugung genutzt werden kann.<\/p>\n<p>F\u00fcr die regionale Waldwirtschaft er\u00f6ffnet das Holzheizkraftwerk die M\u00f6glichkeit, bisher ungenutztes Holz, beispielsweise aus der Waldpflege oder aus Naturschutzmassnahmen, als Energieholz zu verkaufen.<\/p>\n<p>Die Transportlogistik wird so aufgebaut, dass der Brennstoff in Containern, sowohl mit Lastwagen als auch mit der Bahn transportiert werden, und dann in unseren Anlagen angenommen, gelagert und zur Verbrennung gef\u00f6rdert werden kann.[\/vc_column_text][\/vc_column][vc_column width=&#8220;5\/12&#8243;][vc_single_image image=&#8220;1952&#8243;][\/vc_column][\/vc_row]","protected":false},"excerpt":{"rendered":"<p>[vc_row center_row=&#8220;&#8220;][vc_column width=&#8220;7\/12&#8243;][vc_column_text]Mit den steigenden Preisen f\u00fcr fossile Brennstoffe gewinnt die Nutzung von Holz zur Energieerzeugung verst\u00e4rkt an Interesse. Viele unserer Kunden planen deshalb den Bau eines Holzheizkraftwerks, damit Holz aus der Region zur Energieerzeugung genutzt werden kann. F\u00fcr die regionale Waldwirtschaft er\u00f6ffnet das Holzheizkraftwerk die M\u00f6glichkeit, bisher ungenutztes Holz, beispielsweise aus der Waldpflege oder&hellip;<\/p>\n","protected":false},"author":1,"featured_media":0,"parent":175,"menu_order":0,"comment_status":"closed","ping_status":"closed","template":"","meta":{"footnotes":""},"class_list":["post-193","page","type-page","status-publish","hentry","entry","no-media"],"yoast_head":"<!-- This site is optimized with the Yoast SEO plugin v25.4 - https:\/\/yoast.com\/wordpress\/plugins\/seo\/ -->\n<title>Thermische Verwertung - SAXLUND International GmbH<\/title>\n<meta name=\"description\" content=\"Anlagenbau f\u00fcr problematische Sch\u00fcttg\u00fcter wie Holzsp\u00e4ne, Rinde, Schl\u00e4mme, Futtermittel, chemische Stoffe, Kompost oder Abfallstoffe, St\u00f6rstoffabscheider\" \/>\n<meta name=\"robots\" content=\"index, follow, max-snippet:-1, max-image-preview:large, max-video-preview:-1\" \/>\n<link rel=\"canonical\" href=\"https:\/\/www.saxlund.de\/referenzen\/holz-und-biomasseanlagen\/thermische-verwertung\/\" \/>\n<meta property=\"og:locale\" content=\"de_DE\" \/>\n<meta property=\"og:type\" content=\"article\" \/>\n<meta property=\"og:title\" content=\"[:de]Thermische Verwertung[:en]Thermal utilization[:] - SAXLUND International GmbH\" \/>\n<meta property=\"og:description\" content=\"Anlagenbau f\u00fcr problematische Sch\u00fcttg\u00fcter wie Holzsp\u00e4ne, Rinde, Schl\u00e4mme, Futtermittel, chemische Stoffe, Kompost oder Abfallstoffe, St\u00f6rstoffabscheider\" \/>\n<meta property=\"og:url\" content=\"https:\/\/www.saxlund.de\/referenzen\/holz-und-biomasseanlagen\/thermische-verwertung\/\" \/>\n<meta property=\"og:site_name\" content=\"SAXLUND International GmbH\" \/>\n<meta property=\"article:modified_time\" content=\"2024-04-17T13:11:17+00:00\" \/>\n<meta name=\"twitter:card\" content=\"summary_large_image\" \/>\n<meta name=\"twitter:label1\" content=\"Gesch\u00e4tzte Lesezeit\" \/>\n\t<meta name=\"twitter:data1\" content=\"1\u00a0Minute\" \/>\n<script type=\"application\/ld+json\" class=\"yoast-schema-graph\">{\"@context\":\"https:\/\/schema.org\",\"@graph\":[{\"@type\":\"WebPage\",\"@id\":\"https:\/\/www.saxlund.de\/referenzen\/holz-und-biomasseanlagen\/thermische-verwertung\/\",\"url\":\"https:\/\/www.saxlund.de\/referenzen\/holz-und-biomasseanlagen\/thermische-verwertung\/\",\"name\":\"[:de]Thermische Verwertung[:en]Thermal utilization[:] - SAXLUND International GmbH\",\"isPartOf\":{\"@id\":\"https:\/\/www.saxlund.de\/de\/#website\"},\"datePublished\":\"2015-01-26T09:23:04+00:00\",\"dateModified\":\"2024-04-17T13:11:17+00:00\",\"description\":\"Anlagenbau f\u00fcr problematische Sch\u00fcttg\u00fcter wie Holzsp\u00e4ne, Rinde, Schl\u00e4mme, Futtermittel, chemische Stoffe, Kompost oder Abfallstoffe, St\u00f6rstoffabscheider\",\"breadcrumb\":{\"@id\":\"https:\/\/www.saxlund.de\/referenzen\/holz-und-biomasseanlagen\/thermische-verwertung\/#breadcrumb\"},\"inLanguage\":\"de\",\"potentialAction\":[{\"@type\":\"ReadAction\",\"target\":[\"https:\/\/www.saxlund.de\/referenzen\/holz-und-biomasseanlagen\/thermische-verwertung\/\"]}]},{\"@type\":\"BreadcrumbList\",\"@id\":\"https:\/\/www.saxlund.de\/referenzen\/holz-und-biomasseanlagen\/thermische-verwertung\/#breadcrumb\",\"itemListElement\":[{\"@type\":\"ListItem\",\"position\":1,\"name\":\"Startseite\",\"item\":\"https:\/\/www.saxlund.de\/\"},{\"@type\":\"ListItem\",\"position\":2,\"name\":\"Anlagen\",\"item\":\"https:\/\/www.saxlund.de\/referenzen\/\"},{\"@type\":\"ListItem\",\"position\":3,\"name\":\"Holzindustrie\",\"item\":\"https:\/\/www.saxlund.de\/referenzen\/holz-und-biomasseanlagen\/\"},{\"@type\":\"ListItem\",\"position\":4,\"name\":\"Thermische Verwertung\"}]},{\"@type\":\"WebSite\",\"@id\":\"https:\/\/www.saxlund.de\/de\/#website\",\"url\":\"https:\/\/www.saxlund.de\/de\/\",\"name\":\"SAXLUND International GmbH\",\"description\":\"Innovative solutions for bulk materials handling\",\"publisher\":{\"@id\":\"https:\/\/www.saxlund.de\/de\/#organization\"},\"potentialAction\":[{\"@type\":\"SearchAction\",\"target\":{\"@type\":\"EntryPoint\",\"urlTemplate\":\"https:\/\/www.saxlund.de\/de\/?s={search_term_string}\"},\"query-input\":{\"@type\":\"PropertyValueSpecification\",\"valueRequired\":true,\"valueName\":\"search_term_string\"}}],\"inLanguage\":\"de\"},{\"@type\":\"Organization\",\"@id\":\"https:\/\/www.saxlund.de\/de\/#organization\",\"name\":\"Saxlund International GmbH\",\"url\":\"https:\/\/www.saxlund.de\/de\/\",\"logo\":{\"@type\":\"ImageObject\",\"inLanguage\":\"de\",\"@id\":\"https:\/\/www.saxlund.de\/de\/#\/schema\/logo\/image\/\",\"url\":\"https:\/\/www.saxlund.de\/wp-content\/uploads\/2016\/06\/SaxLogo200x100.png\",\"contentUrl\":\"https:\/\/www.saxlund.de\/wp-content\/uploads\/2016\/06\/SaxLogo200x100.png\",\"width\":200,\"height\":88,\"caption\":\"Saxlund International GmbH\"},\"image\":{\"@id\":\"https:\/\/www.saxlund.de\/de\/#\/schema\/logo\/image\/\"}}]}<\/script>\n<!-- \/ Yoast SEO plugin. -->","yoast_head_json":{"title":"[:de]Thermische Verwertung[:en]Thermal utilization[:] - SAXLUND International GmbH","description":"Anlagenbau f\u00fcr problematische Sch\u00fcttg\u00fcter wie Holzsp\u00e4ne, Rinde, Schl\u00e4mme, Futtermittel, chemische Stoffe, Kompost oder Abfallstoffe, St\u00f6rstoffabscheider","robots":{"index":"index","follow":"follow","max-snippet":"max-snippet:-1","max-image-preview":"max-image-preview:large","max-video-preview":"max-video-preview:-1"},"canonical":"https:\/\/www.saxlund.de\/referenzen\/holz-und-biomasseanlagen\/thermische-verwertung\/","og_locale":"de_DE","og_type":"article","og_title":"[:de]Thermische Verwertung[:en]Thermal utilization[:] - SAXLUND International GmbH","og_description":"Anlagenbau f\u00fcr problematische Sch\u00fcttg\u00fcter wie Holzsp\u00e4ne, Rinde, Schl\u00e4mme, Futtermittel, chemische Stoffe, Kompost oder Abfallstoffe, St\u00f6rstoffabscheider","og_url":"https:\/\/www.saxlund.de\/referenzen\/holz-und-biomasseanlagen\/thermische-verwertung\/","og_site_name":"SAXLUND International GmbH","article_modified_time":"2024-04-17T13:11:17+00:00","twitter_card":"summary_large_image","twitter_misc":{"Gesch\u00e4tzte Lesezeit":"1\u00a0Minute"},"schema":{"@context":"https:\/\/schema.org","@graph":[{"@type":"WebPage","@id":"https:\/\/www.saxlund.de\/referenzen\/holz-und-biomasseanlagen\/thermische-verwertung\/","url":"https:\/\/www.saxlund.de\/referenzen\/holz-und-biomasseanlagen\/thermische-verwertung\/","name":"[:de]Thermische Verwertung[:en]Thermal utilization[:] - SAXLUND International GmbH","isPartOf":{"@id":"https:\/\/www.saxlund.de\/de\/#website"},"datePublished":"2015-01-26T09:23:04+00:00","dateModified":"2024-04-17T13:11:17+00:00","description":"Anlagenbau f\u00fcr problematische Sch\u00fcttg\u00fcter wie Holzsp\u00e4ne, Rinde, Schl\u00e4mme, Futtermittel, chemische Stoffe, Kompost oder Abfallstoffe, St\u00f6rstoffabscheider","breadcrumb":{"@id":"https:\/\/www.saxlund.de\/referenzen\/holz-und-biomasseanlagen\/thermische-verwertung\/#breadcrumb"},"inLanguage":"de","potentialAction":[{"@type":"ReadAction","target":["https:\/\/www.saxlund.de\/referenzen\/holz-und-biomasseanlagen\/thermische-verwertung\/"]}]},{"@type":"BreadcrumbList","@id":"https:\/\/www.saxlund.de\/referenzen\/holz-und-biomasseanlagen\/thermische-verwertung\/#breadcrumb","itemListElement":[{"@type":"ListItem","position":1,"name":"Startseite","item":"https:\/\/www.saxlund.de\/"},{"@type":"ListItem","position":2,"name":"Anlagen","item":"https:\/\/www.saxlund.de\/referenzen\/"},{"@type":"ListItem","position":3,"name":"Holzindustrie","item":"https:\/\/www.saxlund.de\/referenzen\/holz-und-biomasseanlagen\/"},{"@type":"ListItem","position":4,"name":"Thermische Verwertung"}]},{"@type":"WebSite","@id":"https:\/\/www.saxlund.de\/de\/#website","url":"https:\/\/www.saxlund.de\/de\/","name":"SAXLUND International GmbH","description":"Innovative solutions for bulk materials handling","publisher":{"@id":"https:\/\/www.saxlund.de\/de\/#organization"},"potentialAction":[{"@type":"SearchAction","target":{"@type":"EntryPoint","urlTemplate":"https:\/\/www.saxlund.de\/de\/?s={search_term_string}"},"query-input":{"@type":"PropertyValueSpecification","valueRequired":true,"valueName":"search_term_string"}}],"inLanguage":"de"},{"@type":"Organization","@id":"https:\/\/www.saxlund.de\/de\/#organization","name":"Saxlund International GmbH","url":"https:\/\/www.saxlund.de\/de\/","logo":{"@type":"ImageObject","inLanguage":"de","@id":"https:\/\/www.saxlund.de\/de\/#\/schema\/logo\/image\/","url":"https:\/\/www.saxlund.de\/wp-content\/uploads\/2016\/06\/SaxLogo200x100.png","contentUrl":"https:\/\/www.saxlund.de\/wp-content\/uploads\/2016\/06\/SaxLogo200x100.png","width":200,"height":88,"caption":"Saxlund International GmbH"},"image":{"@id":"https:\/\/www.saxlund.de\/de\/#\/schema\/logo\/image\/"}}]}},"_links":{"self":[{"href":"https:\/\/www.saxlund.de\/de\/wp-json\/wp\/v2\/pages\/193","targetHints":{"allow":["GET"]}}],"collection":[{"href":"https:\/\/www.saxlund.de\/de\/wp-json\/wp\/v2\/pages"}],"about":[{"href":"https:\/\/www.saxlund.de\/de\/wp-json\/wp\/v2\/types\/page"}],"author":[{"embeddable":true,"href":"https:\/\/www.saxlund.de\/de\/wp-json\/wp\/v2\/users\/1"}],"replies":[{"embeddable":true,"href":"https:\/\/www.saxlund.de\/de\/wp-json\/wp\/v2\/comments?post=193"}],"version-history":[{"count":1,"href":"https:\/\/www.saxlund.de\/de\/wp-json\/wp\/v2\/pages\/193\/revisions"}],"predecessor-version":[{"id":4224,"href":"https:\/\/www.saxlund.de\/de\/wp-json\/wp\/v2\/pages\/193\/revisions\/4224"}],"up":[{"embeddable":true,"href":"https:\/\/www.saxlund.de\/de\/wp-json\/wp\/v2\/pages\/175"}],"wp:attachment":[{"href":"https:\/\/www.saxlund.de\/de\/wp-json\/wp\/v2\/media?parent=193"}],"curies":[{"name":"wp","href":"https:\/\/api.w.org\/{rel}","templated":true}]}}