{"id":162,"date":"2015-01-26T07:20:59","date_gmt":"2015-01-26T07:20:59","guid":{"rendered":"http:\/\/web.saxlund.de\/?page_id=162"},"modified":"2018-03-09T10:38:10","modified_gmt":"2018-03-09T10:38:10","slug":"after-sales-service","status":"publish","type":"page","link":"https:\/\/www.saxlund.de\/de\/kompetenzen\/after-sales-service\/","title":{"rendered":"After Sales Service"},"content":{"rendered":"[vc_row][vc_column][vc_column_text][\/vc_column_text][\/vc_column][\/vc_row][vc_row][vc_column width=&#8220;7\/12&#8243;][vc_column_text]\n<h1><span style=\"font-size: 21px; color: #000000;\"><strong>Immer f\u00fcr Sie da<\/strong><\/span><\/h1>\n<p><span style=\"color: #000000;\">Nach Projektabschluss ist Saxlund weiterhin f\u00fcr Sie da. Das Ziel des Kundenservices ist die Kundenzufriedenheit. Durch unseren st\u00e4ndigen Kontakt und den guten Dialog mit den Kunden findet ein reger Erfahrungsaustausch statt. Gemeinsam sind wir st\u00e4ndig auf der Suche nach neuen Methoden und L\u00f6sungswegen, die auch Ihnen neue Wege er\u00f6ffnen k\u00f6nnten. Neuartigen Problemen kann so bereits im Vorfeld begegnet werden. Und neue Ideen k\u00f6nnen schneller entwickelt und umgesetzt werden.<\/span><\/p>\n<h1><span style=\"font-size: 21px; color: #000000;\"><strong>Ersatz- und Verschlei\u00dfteile<\/strong><\/span><\/h1>\n<p><span style=\"color: #000000;\">Schneller und einfacher Zugriff auf alles, was Sie brauchen. Ersatzteile von Saxlund sind die erste Wahl f\u00fcr immer mehr Kunden. Wettbewerbsf\u00e4hige Preise durch gro\u00dfvolumigen Einkauf.<\/span><\/p>\n<p><span style=\"color: #000000;\"><strong>Alles aus einer Hand:<\/strong> bei Saxlund, werden alle Ihre Anfragen in Bezug auf Ersatzteile und Dienstleistungen von einer Person bearbeitet.<\/span><\/p>\n<p><span style=\"color: #000000;\"><strong>F\u00fcr die Ewigkeit gemacht<\/strong>: Sie werden \u00fcber alle \u00c4nderungen informiert, Ersatzteile und deren Versorgung werden st\u00e4ndig weiterentwickelt.<\/span><\/p>\n<p><span style=\"color: #000000;\"><strong>Innovative Ersatzteilversorgung:<\/strong> Saxlund betreibt ein globales Lieferantennetzwerk, damit kann eine hohe Verf\u00fcgbarkeit garantiert werden.<\/span><\/p>\n<ul>\n<li><span style=\"color: #000000;\">Verbrauchsmaterialien<\/span><\/li>\n<li><span style=\"color: #000000;\">Wartungsteile<\/span><\/li>\n<li><span style=\"color: #000000;\">Anlagen Sicherheitsteile<\/span><\/li>\n<li><span style=\"color: #000000;\">Teilepakete<\/span><\/li>\n<\/ul>\n<p><span style=\"color: #000000;\">Sagen Sie uns einfach, was Sie brauchen &#8211; wir werden das richtige Paket f\u00fcr Sie zusammenstellen!<\/span><\/p>\n<ul>\n<li><span style=\"color: #000000;\">\u00a0Wartungsteile \u00fcber einen bestimmten Zeitraum<\/span><\/li>\n<li><span style=\"color: #000000;\">\u00a0Garantierte Verf\u00fcgbarkeit von High-Demand-Teile<\/span><\/li>\n<li><span style=\"color: #000000;\">\u00a0Kritische Teile zu einem Sonderpaketpreis auch als ma\u00dfgeschneiderte Pakete<\/span><\/li>\n<\/ul>\n<h1><span style=\"font-size: 21px; color: #000000;\"><strong>Wartung und Service<\/strong><\/span><\/h1>\n<p><span style=\"color: #000000;\">Wer in Anlagen investiert, sollte auch bei der Aufrechterhaltung der \u00a0Leistung und Werterhaltung investieren. Regelm\u00e4\u00dfige Pflege und Wartung haben einen positiven Effekt auf ungeplante Anlagenausf\u00e4lle und sch\u00fctzen Sie vor unerwarteten Kosten. Insbesondere auch im Bereich der Dienstleistungen ist Saxlund der Mehrwert-Strategie verpflichtet. Denn die Rendite einer Anlage h\u00e4ngt entscheidend von der Anzahl der Betriebsstunden ab. Unser Servicepersonal ist rund um die Uhr im weltweiten Einsatz, um eine gr\u00f6\u00dftm\u00f6gliche Effizienz der Anlagen sicherzustellen.<\/span><\/p>\n<ul>\n<li><span style=\"color: #000000;\">Kundenspezifische Wartung<\/span><\/li>\n<li><span style=\"color: #000000;\">Vollwartungen<\/span><\/li>\n<li><span style=\"color: #000000;\">Instandsetzungen<\/span><\/li>\n<li><span style=\"color: #000000;\">Betriebsoptimierungen<\/span><\/li>\n<li><span style=\"color: #000000;\">Fern\u00fcberwachung<\/span><\/li>\n<li><span style=\"color: #000000;\">Schulungen f\u00fcr Betriebspersonal<\/span><\/li>\n<\/ul>\n<h1><span style=\"font-size: 21px; color: #000000;\"><strong>Anlagenmodernisierung<\/strong><\/span><\/h1>\n<p><span style=\"color: #000000;\">Zur Optimierung und zum neu beleben Ihrer Anlagen.<\/span><\/p>\n<p><span style=\"color: #000000;\">Bei Themen wie Effizienz, einfache Wartung, Kosteneinsparungen oder Ausfallpr\u00e4vention, k\u00f6nnen selbst kleine \u00c4nderungen oft einen gro\u00dfen Unterschied machen.<\/span><\/p>\n<p><span style=\"color: #000000;\">In den letzten Jahren haben wir kontinuierlich die Entwicklung einer breiten Palette von Premium Parts vorangetrieben. Durch innovative Technologien und den Einsatz hochwertiger Materialien konnte \u00fcber die Jahre die Qualit\u00e4t, Funktionalit\u00e4t, und Verschlei\u00dfeigenschaften von zahlreichen Verschlei\u00df-und Ersatzteilen verbessert werden.<\/span>[\/vc_column_text][vc_empty_space height=&#8220;100px&#8220;][\/vc_column][vc_column width=&#8220;5\/12&#8243;][vc_single_image image=&#8220;1931&#8243;][vc_column_text]\n<h1><span style=\"font-size: 21px; color: #000000;\">Kontakt:<\/span><\/h1>\n<p>Saxlund After Sales Department<\/p>\n<p>eMail: <a href=\"mailto:aftersales@saxlund.de\">aftersales@saxlund.de<\/a>[\/vc_column_text][\/vc_column][\/vc_row][vc_row][vc_column][vc_column_text][\/vc_column_text][\/vc_column][\/vc_row]","protected":false},"excerpt":{"rendered":"<p>[vc_row][vc_column][vc_column_text][\/vc_column_text][\/vc_column][\/vc_row][vc_row][vc_column width=&#8220;7\/12&#8243;][vc_column_text] Immer f\u00fcr Sie da Nach Projektabschluss ist Saxlund weiterhin f\u00fcr Sie da. Das Ziel des Kundenservices ist die Kundenzufriedenheit. Durch unseren st\u00e4ndigen Kontakt und den guten Dialog mit den Kunden findet ein reger Erfahrungsaustausch statt. Gemeinsam sind wir st\u00e4ndig auf der Suche nach neuen Methoden und L\u00f6sungswegen, die auch Ihnen neue Wege er\u00f6ffnen&hellip;<\/p>\n","protected":false},"author":1,"featured_media":0,"parent":128,"menu_order":0,"comment_status":"closed","ping_status":"closed","template":"","meta":{"footnotes":""},"class_list":["post-162","page","type-page","status-publish","hentry","entry","no-media"],"yoast_head":"<!-- This site is optimized with the Yoast SEO plugin v25.4 - https:\/\/yoast.com\/wordpress\/plugins\/seo\/ -->\n<title>After Sales Service - SAXLUND International GmbH<\/title>\n<meta name=\"description\" content=\"Anlagenbau f\u00fcr problematische Sch\u00fcttg\u00fcter wie Holzsp\u00e4ne, Rinde, Schl\u00e4mme, Futtermittel, chemische Stoffe, Kompost oder Abfallstoffe, St\u00f6rstoffabscheider\" \/>\n<meta name=\"robots\" content=\"index, follow, max-snippet:-1, max-image-preview:large, max-video-preview:-1\" \/>\n<link rel=\"canonical\" href=\"https:\/\/www.saxlund.de\/kompetenzen\/after-sales-service\/\" \/>\n<meta property=\"og:locale\" content=\"de_DE\" \/>\n<meta property=\"og:type\" content=\"article\" \/>\n<meta property=\"og:title\" content=\"After Sales Service - SAXLUND International GmbH\" \/>\n<meta property=\"og:description\" content=\"Anlagenbau f\u00fcr problematische Sch\u00fcttg\u00fcter wie Holzsp\u00e4ne, Rinde, Schl\u00e4mme, Futtermittel, chemische Stoffe, Kompost oder Abfallstoffe, St\u00f6rstoffabscheider\" \/>\n<meta property=\"og:url\" content=\"https:\/\/www.saxlund.de\/kompetenzen\/after-sales-service\/\" \/>\n<meta property=\"og:site_name\" content=\"SAXLUND International GmbH\" \/>\n<meta property=\"article:modified_time\" content=\"2018-03-09T10:38:10+00:00\" \/>\n<meta name=\"twitter:card\" content=\"summary_large_image\" \/>\n<meta name=\"twitter:label1\" content=\"Gesch\u00e4tzte Lesezeit\" \/>\n\t<meta name=\"twitter:data1\" content=\"4\u00a0Minuten\" \/>\n<script type=\"application\/ld+json\" class=\"yoast-schema-graph\">{\"@context\":\"https:\/\/schema.org\",\"@graph\":[{\"@type\":\"WebPage\",\"@id\":\"https:\/\/www.saxlund.de\/kompetenzen\/after-sales-service\/\",\"url\":\"https:\/\/www.saxlund.de\/kompetenzen\/after-sales-service\/\",\"name\":\"After Sales Service - SAXLUND International GmbH\",\"isPartOf\":{\"@id\":\"https:\/\/www.saxlund.de\/de\/#website\"},\"datePublished\":\"2015-01-26T07:20:59+00:00\",\"dateModified\":\"2018-03-09T10:38:10+00:00\",\"description\":\"Anlagenbau f\u00fcr problematische Sch\u00fcttg\u00fcter wie Holzsp\u00e4ne, Rinde, Schl\u00e4mme, Futtermittel, chemische Stoffe, Kompost oder Abfallstoffe, St\u00f6rstoffabscheider\",\"breadcrumb\":{\"@id\":\"https:\/\/www.saxlund.de\/kompetenzen\/after-sales-service\/#breadcrumb\"},\"inLanguage\":\"de\",\"potentialAction\":[{\"@type\":\"ReadAction\",\"target\":[\"https:\/\/www.saxlund.de\/kompetenzen\/after-sales-service\/\"]}]},{\"@type\":\"BreadcrumbList\",\"@id\":\"https:\/\/www.saxlund.de\/kompetenzen\/after-sales-service\/#breadcrumb\",\"itemListElement\":[{\"@type\":\"ListItem\",\"position\":1,\"name\":\"Startseite\",\"item\":\"https:\/\/www.saxlund.de\/\"},{\"@type\":\"ListItem\",\"position\":2,\"name\":\"Kompetenzen\",\"item\":\"https:\/\/www.saxlund.de\/kompetenzen\/\"},{\"@type\":\"ListItem\",\"position\":3,\"name\":\"After Sales Service\"}]},{\"@type\":\"WebSite\",\"@id\":\"https:\/\/www.saxlund.de\/de\/#website\",\"url\":\"https:\/\/www.saxlund.de\/de\/\",\"name\":\"SAXLUND International GmbH\",\"description\":\"Innovative solutions for bulk materials handling\",\"publisher\":{\"@id\":\"https:\/\/www.saxlund.de\/de\/#organization\"},\"potentialAction\":[{\"@type\":\"SearchAction\",\"target\":{\"@type\":\"EntryPoint\",\"urlTemplate\":\"https:\/\/www.saxlund.de\/de\/?s={search_term_string}\"},\"query-input\":{\"@type\":\"PropertyValueSpecification\",\"valueRequired\":true,\"valueName\":\"search_term_string\"}}],\"inLanguage\":\"de\"},{\"@type\":\"Organization\",\"@id\":\"https:\/\/www.saxlund.de\/de\/#organization\",\"name\":\"Saxlund International GmbH\",\"url\":\"https:\/\/www.saxlund.de\/de\/\",\"logo\":{\"@type\":\"ImageObject\",\"inLanguage\":\"de\",\"@id\":\"https:\/\/www.saxlund.de\/de\/#\/schema\/logo\/image\/\",\"url\":\"https:\/\/www.saxlund.de\/wp-content\/uploads\/2016\/06\/SaxLogo200x100.png\",\"contentUrl\":\"https:\/\/www.saxlund.de\/wp-content\/uploads\/2016\/06\/SaxLogo200x100.png\",\"width\":200,\"height\":88,\"caption\":\"Saxlund International GmbH\"},\"image\":{\"@id\":\"https:\/\/www.saxlund.de\/de\/#\/schema\/logo\/image\/\"}}]}<\/script>\n<!-- \/ Yoast SEO plugin. -->","yoast_head_json":{"title":"After Sales Service - SAXLUND International GmbH","description":"Anlagenbau f\u00fcr problematische Sch\u00fcttg\u00fcter wie Holzsp\u00e4ne, Rinde, Schl\u00e4mme, Futtermittel, chemische Stoffe, Kompost oder Abfallstoffe, St\u00f6rstoffabscheider","robots":{"index":"index","follow":"follow","max-snippet":"max-snippet:-1","max-image-preview":"max-image-preview:large","max-video-preview":"max-video-preview:-1"},"canonical":"https:\/\/www.saxlund.de\/kompetenzen\/after-sales-service\/","og_locale":"de_DE","og_type":"article","og_title":"After Sales Service - SAXLUND International GmbH","og_description":"Anlagenbau f\u00fcr problematische Sch\u00fcttg\u00fcter wie Holzsp\u00e4ne, Rinde, Schl\u00e4mme, Futtermittel, chemische Stoffe, Kompost oder Abfallstoffe, St\u00f6rstoffabscheider","og_url":"https:\/\/www.saxlund.de\/kompetenzen\/after-sales-service\/","og_site_name":"SAXLUND International GmbH","article_modified_time":"2018-03-09T10:38:10+00:00","twitter_card":"summary_large_image","twitter_misc":{"Gesch\u00e4tzte Lesezeit":"4\u00a0Minuten"},"schema":{"@context":"https:\/\/schema.org","@graph":[{"@type":"WebPage","@id":"https:\/\/www.saxlund.de\/kompetenzen\/after-sales-service\/","url":"https:\/\/www.saxlund.de\/kompetenzen\/after-sales-service\/","name":"After Sales Service - SAXLUND International GmbH","isPartOf":{"@id":"https:\/\/www.saxlund.de\/de\/#website"},"datePublished":"2015-01-26T07:20:59+00:00","dateModified":"2018-03-09T10:38:10+00:00","description":"Anlagenbau f\u00fcr problematische Sch\u00fcttg\u00fcter wie Holzsp\u00e4ne, Rinde, Schl\u00e4mme, Futtermittel, chemische Stoffe, Kompost oder Abfallstoffe, St\u00f6rstoffabscheider","breadcrumb":{"@id":"https:\/\/www.saxlund.de\/kompetenzen\/after-sales-service\/#breadcrumb"},"inLanguage":"de","potentialAction":[{"@type":"ReadAction","target":["https:\/\/www.saxlund.de\/kompetenzen\/after-sales-service\/"]}]},{"@type":"BreadcrumbList","@id":"https:\/\/www.saxlund.de\/kompetenzen\/after-sales-service\/#breadcrumb","itemListElement":[{"@type":"ListItem","position":1,"name":"Startseite","item":"https:\/\/www.saxlund.de\/"},{"@type":"ListItem","position":2,"name":"Kompetenzen","item":"https:\/\/www.saxlund.de\/kompetenzen\/"},{"@type":"ListItem","position":3,"name":"After Sales Service"}]},{"@type":"WebSite","@id":"https:\/\/www.saxlund.de\/de\/#website","url":"https:\/\/www.saxlund.de\/de\/","name":"SAXLUND International GmbH","description":"Innovative solutions for bulk materials handling","publisher":{"@id":"https:\/\/www.saxlund.de\/de\/#organization"},"potentialAction":[{"@type":"SearchAction","target":{"@type":"EntryPoint","urlTemplate":"https:\/\/www.saxlund.de\/de\/?s={search_term_string}"},"query-input":{"@type":"PropertyValueSpecification","valueRequired":true,"valueName":"search_term_string"}}],"inLanguage":"de"},{"@type":"Organization","@id":"https:\/\/www.saxlund.de\/de\/#organization","name":"Saxlund International GmbH","url":"https:\/\/www.saxlund.de\/de\/","logo":{"@type":"ImageObject","inLanguage":"de","@id":"https:\/\/www.saxlund.de\/de\/#\/schema\/logo\/image\/","url":"https:\/\/www.saxlund.de\/wp-content\/uploads\/2016\/06\/SaxLogo200x100.png","contentUrl":"https:\/\/www.saxlund.de\/wp-content\/uploads\/2016\/06\/SaxLogo200x100.png","width":200,"height":88,"caption":"Saxlund International GmbH"},"image":{"@id":"https:\/\/www.saxlund.de\/de\/#\/schema\/logo\/image\/"}}]}},"_links":{"self":[{"href":"https:\/\/www.saxlund.de\/de\/wp-json\/wp\/v2\/pages\/162","targetHints":{"allow":["GET"]}}],"collection":[{"href":"https:\/\/www.saxlund.de\/de\/wp-json\/wp\/v2\/pages"}],"about":[{"href":"https:\/\/www.saxlund.de\/de\/wp-json\/wp\/v2\/types\/page"}],"author":[{"embeddable":true,"href":"https:\/\/www.saxlund.de\/de\/wp-json\/wp\/v2\/users\/1"}],"replies":[{"embeddable":true,"href":"https:\/\/www.saxlund.de\/de\/wp-json\/wp\/v2\/comments?post=162"}],"version-history":[{"count":0,"href":"https:\/\/www.saxlund.de\/de\/wp-json\/wp\/v2\/pages\/162\/revisions"}],"up":[{"embeddable":true,"href":"https:\/\/www.saxlund.de\/de\/wp-json\/wp\/v2\/pages\/128"}],"wp:attachment":[{"href":"https:\/\/www.saxlund.de\/de\/wp-json\/wp\/v2\/media?parent=162"}],"curies":[{"name":"wp","href":"https:\/\/api.w.org\/{rel}","templated":true}]}}