{"id":119,"date":"2015-01-23T13:51:17","date_gmt":"2015-01-23T13:51:17","guid":{"rendered":"http:\/\/web.saxlund.de\/?page_id=119"},"modified":"2026-02-25T14:57:07","modified_gmt":"2026-02-25T13:57:07","slug":"jobs-karriere","status":"publish","type":"page","link":"https:\/\/www.saxlund.de\/de\/unternehmen\/jobs-karriere\/","title":{"rendered":"Jobs &#038; Karriere"},"content":{"rendered":"[vc_row][vc_column][vc_column_text][\/vc_column_text][vc_column_text]<span style=\"font-size: 24px;\"><strong>Stellenanzeigen<\/strong><\/span>[\/vc_column_text][\/vc_column][\/vc_row][vc_row][vc_column width=&#8220;1\/6&#8243;][\/vc_column][vc_column width=&#8220;1\/6&#8243;][vc_single_image image=&#8220;4238&#8243; onclick=&#8220;link_image&#8220; title=&#8220;Mitbearbeiter im Anlagenservice (w\/m\/d) `{`in Vollzeit`}`&#8220;][\/vc_column][vc_column width=&#8220;1\/6&#8243;][vc_single_image image=&#8220;4280&#8243; onclick=&#8220;link_image&#8220; title=&#8220;Ausbildung zum Technischen Produktdesigner (w\/m\/d)&#8220;][\/vc_column][vc_column width=&#8220;1\/6&#8243;][vc_single_image image=&#8220;4319&#8243; onclick=&#8220;link_image&#8220; title=&#8220;Mitarbeiter Personal- buchhaltung (w\/m\/d)&#8220;][\/vc_column][vc_column width=&#8220;1\/6&#8243;][vc_single_image image=&#8220;4317&#8243; onclick=&#8220;link_image&#8220; title=&#8220;Mitarbeiter Accounting (w\/m\/d)&#8220;][\/vc_column][vc_column width=&#8220;1\/6&#8243;][\/vc_column][\/vc_row][vc_row][vc_column][vc_column_text][\/vc_column_text][\/vc_column][\/vc_row][vc_row][vc_column][vc_column_text]\n<h4><span style=\"font-size: 21px;\"><strong>Karriere bei der Saxlund International GmbH<\/strong><\/span><\/h4>\n<p>Sie suchen einen anspruchsvollen Job in angenehmer und ruhiger Umgebung? Dann sind Sie bei uns genau richtig! Unser Team aus erfahrenen und jungen Mitarbeiter bietet Ihnen eine optimale Eingliederungsm\u00f6glichkeit und f\u00f6rdert zudem den betrieblichen Teamgedanken. Nur zufriedene Mitarbeiter bringen stets konstante Leistungen auf hohem Niveau, was sich auch in der langj\u00e4hrigen Betriebszugeh\u00f6rigkeit aller Besch\u00e4ftigten wiederspiegelt.<\/p>\n<p>Sie wollen auch ein Teil dieses Teams werden und von der hohen Zufriedenheit unserer Mitarbeiter profitieren? Dann bewerben Sie sich!<\/p>\n<p><a href=\"https:\/\/youtu.be\/OaYrmwHCdxk\" target=\"_blank\" rel=\"noopener\"><span style=\"font-size: 21px;\"><strong>Ausbildung bei der Saxlund International GmbH<\/strong><\/span><\/a><\/p>\n<p>Seit der Unternehmensgr\u00fcndung 1964 bietet unser Unternehmen jedem die Chance eine Ausbildung im kaufm\u00e4nnischen Bereich zu absolvieren. \u00dcber 40 Auszubildende haben diesen Weg bereits erfolgreich abgeschlossen. Neben der Einzelbetreuung durch einen Ausbilder, profitieren Auszubildende von unseren erfahrenen und kompetenten Mitarbeitern in jedem Unternehmensbereich. Wir vermitteln Ihnen alle relevanten Schl\u00fcsselqualifikationen und unterst\u00fctzen Sie in den Pr\u00fcfungsphasen. Durch unsere Internationalen Partner, sowie der engen Zusammenarbeit mit den \u00f6rtlichen Schulen, sind auch Auslandsaufenthalte in anderen Betrieben m\u00f6glich, um Fremdsprachen zu vertiefen oder eventuelle Sprachbarrieren zu \u00fcberwinden.<\/p>\n<p>Sie besitzen einen guten Realschulabschluss und haben Interesse an einer Ausbildung bei uns? Dann bewerben Sie sich![\/vc_column_text]<div class=\"vcex-spacing wpex-w-100 wpex-clear\"><\/div>[\/vc_column][\/vc_row][vc_row][vc_column][vc_column_text][\/vc_column_text][\/vc_column][\/vc_row][vc_row][vc_column][vc_column_text][\/vc_column_text][\/vc_column][\/vc_row]\n","protected":false},"excerpt":{"rendered":"<p>[vc_row][vc_column][vc_column_text][\/vc_column_text][vc_column_text]Stellenanzeigen[\/vc_column_text][\/vc_column][\/vc_row][vc_row][vc_column width=&#8220;1\/6&#8243;][\/vc_column][vc_column width=&#8220;1\/6&#8243;][vc_single_image image=&#8220;4238&#8243; onclick=&#8220;link_image&#8220; title=&#8220;Mitbearbeiter im Anlagenservice (w\/m\/d) `{`in Vollzeit`}`&#8220;][\/vc_column][vc_column width=&#8220;1\/6&#8243;][vc_single_image image=&#8220;4280&#8243; onclick=&#8220;link_image&#8220; title=&#8220;Ausbildung zum Technischen Produktdesigner (w\/m\/d)&#8220;][\/vc_column][vc_column width=&#8220;1\/6&#8243;][vc_single_image image=&#8220;4319&#8243; onclick=&#8220;link_image&#8220; title=&#8220;Mitarbeiter Personal- buchhaltung (w\/m\/d)&#8220;][\/vc_column][vc_column width=&#8220;1\/6&#8243;][vc_single_image image=&#8220;4317&#8243; onclick=&#8220;link_image&#8220; title=&#8220;Mitarbeiter Accounting (w\/m\/d)&#8220;][\/vc_column][vc_column width=&#8220;1\/6&#8243;][\/vc_column][\/vc_row][vc_row][vc_column][vc_column_text][\/vc_column_text][\/vc_column][\/vc_row][vc_row][vc_column][vc_column_text] Karriere bei der Saxlund International GmbH Sie suchen einen anspruchsvollen Job in angenehmer und ruhiger Umgebung? Dann sind Sie bei uns genau&hellip;<\/p>\n","protected":false},"author":1,"featured_media":0,"parent":78,"menu_order":0,"comment_status":"closed","ping_status":"closed","template":"","meta":{"footnotes":""},"class_list":["post-119","page","type-page","status-publish","hentry","entry","no-media"],"yoast_head":"<!-- This site is optimized with the Yoast SEO plugin v25.4 - https:\/\/yoast.com\/wordpress\/plugins\/seo\/ -->\n<title>Jobs &amp; Karriere - SAXLUND International GmbH<\/title>\n<meta name=\"description\" content=\"Anlagenbau f\u00fcr problematische Sch\u00fcttg\u00fcter wie Holzsp\u00e4ne, Rinde, Schl\u00e4mme, Futtermittel, chemische Stoffe, Kompost oder Abfallstoffe, St\u00f6rstoffabscheider\" \/>\n<meta name=\"robots\" content=\"index, follow, max-snippet:-1, max-image-preview:large, max-video-preview:-1\" \/>\n<link rel=\"canonical\" href=\"https:\/\/www.saxlund.de\/unternehmen\/jobs-karriere\/\" \/>\n<meta property=\"og:locale\" content=\"de_DE\" \/>\n<meta property=\"og:type\" content=\"article\" \/>\n<meta property=\"og:title\" content=\"[:de]Jobs &amp; Karriere[:en]Jobs &amp; Career[:] - SAXLUND International GmbH\" \/>\n<meta property=\"og:description\" content=\"Anlagenbau f\u00fcr problematische Sch\u00fcttg\u00fcter wie Holzsp\u00e4ne, Rinde, Schl\u00e4mme, Futtermittel, chemische Stoffe, Kompost oder Abfallstoffe, St\u00f6rstoffabscheider\" \/>\n<meta property=\"og:url\" content=\"https:\/\/www.saxlund.de\/unternehmen\/jobs-karriere\/\" \/>\n<meta property=\"og:site_name\" content=\"SAXLUND International GmbH\" \/>\n<meta property=\"article:modified_time\" content=\"2026-02-25T13:57:07+00:00\" \/>\n<meta name=\"twitter:card\" content=\"summary_large_image\" \/>\n<meta name=\"twitter:label1\" content=\"Gesch\u00e4tzte Lesezeit\" \/>\n\t<meta name=\"twitter:data1\" content=\"3\u00a0Minuten\" \/>\n<script type=\"application\/ld+json\" class=\"yoast-schema-graph\">{\"@context\":\"https:\/\/schema.org\",\"@graph\":[{\"@type\":\"WebPage\",\"@id\":\"https:\/\/www.saxlund.de\/unternehmen\/jobs-karriere\/\",\"url\":\"https:\/\/www.saxlund.de\/unternehmen\/jobs-karriere\/\",\"name\":\"[:de]Jobs & Karriere[:en]Jobs & Career[:] - SAXLUND International GmbH\",\"isPartOf\":{\"@id\":\"https:\/\/www.saxlund.de\/de\/#website\"},\"datePublished\":\"2015-01-23T13:51:17+00:00\",\"dateModified\":\"2026-02-25T13:57:07+00:00\",\"description\":\"Anlagenbau f\u00fcr problematische Sch\u00fcttg\u00fcter wie Holzsp\u00e4ne, Rinde, Schl\u00e4mme, Futtermittel, chemische Stoffe, Kompost oder Abfallstoffe, St\u00f6rstoffabscheider\",\"breadcrumb\":{\"@id\":\"https:\/\/www.saxlund.de\/unternehmen\/jobs-karriere\/#breadcrumb\"},\"inLanguage\":\"de\",\"potentialAction\":[{\"@type\":\"ReadAction\",\"target\":[\"https:\/\/www.saxlund.de\/unternehmen\/jobs-karriere\/\"]}]},{\"@type\":\"BreadcrumbList\",\"@id\":\"https:\/\/www.saxlund.de\/unternehmen\/jobs-karriere\/#breadcrumb\",\"itemListElement\":[{\"@type\":\"ListItem\",\"position\":1,\"name\":\"Startseite\",\"item\":\"https:\/\/www.saxlund.de\/\"},{\"@type\":\"ListItem\",\"position\":2,\"name\":\"Company\",\"item\":\"https:\/\/www.saxlund.de\/unternehmen\/\"},{\"@type\":\"ListItem\",\"position\":3,\"name\":\"Jobs &#038; Karriere\"}]},{\"@type\":\"WebSite\",\"@id\":\"https:\/\/www.saxlund.de\/de\/#website\",\"url\":\"https:\/\/www.saxlund.de\/de\/\",\"name\":\"SAXLUND International GmbH\",\"description\":\"Innovative solutions for bulk materials handling\",\"publisher\":{\"@id\":\"https:\/\/www.saxlund.de\/de\/#organization\"},\"potentialAction\":[{\"@type\":\"SearchAction\",\"target\":{\"@type\":\"EntryPoint\",\"urlTemplate\":\"https:\/\/www.saxlund.de\/de\/?s={search_term_string}\"},\"query-input\":{\"@type\":\"PropertyValueSpecification\",\"valueRequired\":true,\"valueName\":\"search_term_string\"}}],\"inLanguage\":\"de\"},{\"@type\":\"Organization\",\"@id\":\"https:\/\/www.saxlund.de\/de\/#organization\",\"name\":\"Saxlund International GmbH\",\"url\":\"https:\/\/www.saxlund.de\/de\/\",\"logo\":{\"@type\":\"ImageObject\",\"inLanguage\":\"de\",\"@id\":\"https:\/\/www.saxlund.de\/de\/#\/schema\/logo\/image\/\",\"url\":\"https:\/\/www.saxlund.de\/wp-content\/uploads\/2016\/06\/SaxLogo200x100.png\",\"contentUrl\":\"https:\/\/www.saxlund.de\/wp-content\/uploads\/2016\/06\/SaxLogo200x100.png\",\"width\":200,\"height\":88,\"caption\":\"Saxlund International GmbH\"},\"image\":{\"@id\":\"https:\/\/www.saxlund.de\/de\/#\/schema\/logo\/image\/\"}}]}<\/script>\n<!-- \/ Yoast SEO plugin. -->","yoast_head_json":{"title":"[:de]Jobs & Karriere[:en]Jobs & Career[:] - SAXLUND International GmbH","description":"Anlagenbau f\u00fcr problematische Sch\u00fcttg\u00fcter wie Holzsp\u00e4ne, Rinde, Schl\u00e4mme, Futtermittel, chemische Stoffe, Kompost oder Abfallstoffe, St\u00f6rstoffabscheider","robots":{"index":"index","follow":"follow","max-snippet":"max-snippet:-1","max-image-preview":"max-image-preview:large","max-video-preview":"max-video-preview:-1"},"canonical":"https:\/\/www.saxlund.de\/unternehmen\/jobs-karriere\/","og_locale":"de_DE","og_type":"article","og_title":"[:de]Jobs & Karriere[:en]Jobs & Career[:] - SAXLUND International GmbH","og_description":"Anlagenbau f\u00fcr problematische Sch\u00fcttg\u00fcter wie Holzsp\u00e4ne, Rinde, Schl\u00e4mme, Futtermittel, chemische Stoffe, Kompost oder Abfallstoffe, St\u00f6rstoffabscheider","og_url":"https:\/\/www.saxlund.de\/unternehmen\/jobs-karriere\/","og_site_name":"SAXLUND International GmbH","article_modified_time":"2026-02-25T13:57:07+00:00","twitter_card":"summary_large_image","twitter_misc":{"Gesch\u00e4tzte Lesezeit":"3\u00a0Minuten"},"schema":{"@context":"https:\/\/schema.org","@graph":[{"@type":"WebPage","@id":"https:\/\/www.saxlund.de\/unternehmen\/jobs-karriere\/","url":"https:\/\/www.saxlund.de\/unternehmen\/jobs-karriere\/","name":"[:de]Jobs & Karriere[:en]Jobs & Career[:] - SAXLUND International GmbH","isPartOf":{"@id":"https:\/\/www.saxlund.de\/de\/#website"},"datePublished":"2015-01-23T13:51:17+00:00","dateModified":"2026-02-25T13:57:07+00:00","description":"Anlagenbau f\u00fcr problematische Sch\u00fcttg\u00fcter wie Holzsp\u00e4ne, Rinde, Schl\u00e4mme, Futtermittel, chemische Stoffe, Kompost oder Abfallstoffe, St\u00f6rstoffabscheider","breadcrumb":{"@id":"https:\/\/www.saxlund.de\/unternehmen\/jobs-karriere\/#breadcrumb"},"inLanguage":"de","potentialAction":[{"@type":"ReadAction","target":["https:\/\/www.saxlund.de\/unternehmen\/jobs-karriere\/"]}]},{"@type":"BreadcrumbList","@id":"https:\/\/www.saxlund.de\/unternehmen\/jobs-karriere\/#breadcrumb","itemListElement":[{"@type":"ListItem","position":1,"name":"Startseite","item":"https:\/\/www.saxlund.de\/"},{"@type":"ListItem","position":2,"name":"Company","item":"https:\/\/www.saxlund.de\/unternehmen\/"},{"@type":"ListItem","position":3,"name":"Jobs &#038; Karriere"}]},{"@type":"WebSite","@id":"https:\/\/www.saxlund.de\/de\/#website","url":"https:\/\/www.saxlund.de\/de\/","name":"SAXLUND International GmbH","description":"Innovative solutions for bulk materials handling","publisher":{"@id":"https:\/\/www.saxlund.de\/de\/#organization"},"potentialAction":[{"@type":"SearchAction","target":{"@type":"EntryPoint","urlTemplate":"https:\/\/www.saxlund.de\/de\/?s={search_term_string}"},"query-input":{"@type":"PropertyValueSpecification","valueRequired":true,"valueName":"search_term_string"}}],"inLanguage":"de"},{"@type":"Organization","@id":"https:\/\/www.saxlund.de\/de\/#organization","name":"Saxlund International GmbH","url":"https:\/\/www.saxlund.de\/de\/","logo":{"@type":"ImageObject","inLanguage":"de","@id":"https:\/\/www.saxlund.de\/de\/#\/schema\/logo\/image\/","url":"https:\/\/www.saxlund.de\/wp-content\/uploads\/2016\/06\/SaxLogo200x100.png","contentUrl":"https:\/\/www.saxlund.de\/wp-content\/uploads\/2016\/06\/SaxLogo200x100.png","width":200,"height":88,"caption":"Saxlund International GmbH"},"image":{"@id":"https:\/\/www.saxlund.de\/de\/#\/schema\/logo\/image\/"}}]}},"_links":{"self":[{"href":"https:\/\/www.saxlund.de\/de\/wp-json\/wp\/v2\/pages\/119","targetHints":{"allow":["GET"]}}],"collection":[{"href":"https:\/\/www.saxlund.de\/de\/wp-json\/wp\/v2\/pages"}],"about":[{"href":"https:\/\/www.saxlund.de\/de\/wp-json\/wp\/v2\/types\/page"}],"author":[{"embeddable":true,"href":"https:\/\/www.saxlund.de\/de\/wp-json\/wp\/v2\/users\/1"}],"replies":[{"embeddable":true,"href":"https:\/\/www.saxlund.de\/de\/wp-json\/wp\/v2\/comments?post=119"}],"version-history":[{"count":165,"href":"https:\/\/www.saxlund.de\/de\/wp-json\/wp\/v2\/pages\/119\/revisions"}],"predecessor-version":[{"id":4347,"href":"https:\/\/www.saxlund.de\/de\/wp-json\/wp\/v2\/pages\/119\/revisions\/4347"}],"up":[{"embeddable":true,"href":"https:\/\/www.saxlund.de\/de\/wp-json\/wp\/v2\/pages\/78"}],"wp:attachment":[{"href":"https:\/\/www.saxlund.de\/de\/wp-json\/wp\/v2\/media?parent=119"}],"curies":[{"name":"wp","href":"https:\/\/api.w.org\/{rel}","templated":true}]}}