{"id":111,"date":"2015-01-23T13:39:27","date_gmt":"2015-01-23T13:39:27","guid":{"rendered":"http:\/\/web.saxlund.de\/?page_id=111"},"modified":"2024-04-17T15:01:08","modified_gmt":"2024-04-17T13:01:08","slug":"qualitaetsmanagement","status":"publish","type":"page","link":"https:\/\/www.saxlund.de\/de\/unternehmen\/qualitaetsmanagement\/","title":{"rendered":"Qualit\u00e4tsmanagement"},"content":{"rendered":"[vc_row][vc_column][vc_column_text][\/vc_column_text][\/vc_column][\/vc_row][vc_row center_row=&#8220;&#8220;][vc_column width=&#8220;7\/12&#8243;][vc_column_text]\n<div class=\"csc-header csc-header-n1\">\n<h1 class=\"csc-firstHeader\"><span style=\"color: #000000;\">Kundenzufriedenheit<\/span><\/h1>\n<p>Die Kundenzufriedenheit steht im Mittelpunkt aller unserer unternehmerischen Handlungen! Wir betrachten die Belange der Stakeholder vorrangig und bieten L\u00f6sungen, auf die an uns herangetragenen spezifischen Problemstellungen unter gleichzeitiger Ber\u00fccksichtigung der W\u00fcnsche und Gedanken der Abnehmer. Ziel ist es hierbei, den Bed\u00fcrfnissen vollends gerecht zu werden.<\/p>\n<p>Die Anforderungen durch den Markt sind gestiegen und von h\u00e4ufiger Wechselhaftigkeit gepr\u00e4gt. Automatisierung und Digitalisierung unterst\u00fctzen uns in den Prozessen, um effizient auf neue Anforderungen reagieren zu k\u00f6nnen.<\/p>\n<p>Kundenzufriedenheit endet nicht mit der Abnahme der Leistung, sondern schl\u00e4gt ein neues Kapitel auf! Unser After Sales Service unterst\u00fctzt den Kunden im laufenden Betrieb und optimiert im Bedarfsfall die Anlage auf neue Anforderungen. Ein enger Austausch gepr\u00e4gt durch Vertrauen, Zuverl\u00e4ssigkeit und Qualit\u00e4t sind zentrale Inhalte w\u00e4hrend des Anlagenbetriebs<\/p>\n<\/div>\n[\/vc_column_text][vc_column_text]\n<div class=\"csc-header csc-header-n1\">\n<p>&nbsp;<\/p>\n<h1 class=\"csc-firstHeader\"><span style=\"color: #000000;\">Qualit\u00e4t im Fokus<\/span><\/h1>\n<p>Wir haben hohe Anspr\u00fcche an unsere Arbeit, um die von uns gesetzten, hohen Qualit\u00e4tsziele zu erreichen. Die permanenten und kontinuierlichen Verbesserungsprozesse liefern Ma\u00dfnahmen zur Steigerung der Qualit\u00e4t unserer Produkte und Dienstleistungen, deren Umsetzung oberste Priorit\u00e4t besitzt. Ferner werden alle kaufm\u00e4nnischen und technischen Abl\u00e4ufe st\u00e4ndig \u00fcberpr\u00fcft mit dem Ziel der Fehlervermeidung und Effizienzsteigerung. Zur Unterst\u00fctzung hierzu setzen wir uns immer neue quantifizierte Qualit\u00e4tsziele!<\/p>\n<\/div>\n[\/vc_column_text][vc_column_text]\n<div class=\"csc-header csc-header-n1\">\n<p>&nbsp;<\/p>\n<h1 class=\"csc-firstHeader\"><span style=\"color: #000000;\">SGU &#8211; Politik ( Sicherheits-, Gesundheits- und Umweltmanagement )<\/span><\/h1>\n<p><span style=\"color: #000000;\">Das Bestreben eines jeden Mitarbeiters ist es, Unf\u00e4lle zu vermeiden und entsprechende Vorkehrungsma\u00dfnahmen zu treffen, die zur Unfallverh\u00fctung beitragen. Durch regelm\u00e4\u00dfige Unterweisungen und arbeitsmedizinische Untersuchungen wecken wir das Bewusstsein f\u00fcr sicheres Arbeiten.<\/span><\/p>\n<p><span style=\"color: #000000;\">Es ist unsere Pflicht, auf Gefahren am Arbeitsplatz hinzuweisen und Gesundheitsgefahren und insbesondere Berufskrankheiten zu vermeiden. Die hierf\u00fcr zu verwendenden Ressourcen stellen wir vorbehaltlos zur Verf\u00fcgung.<\/span><\/p>\n<p><span style=\"color: #000000;\">Unser Engagement gilt ebenfalls der Verh\u00fctung von Umwelt- und Sachsch\u00e4den, da wir uns der \u00f6kologische Verantwortung unserer Arbeit bewusst sind.<\/span><\/p>\n<p><span style=\"color: #000000;\">Die genannten Aspekte werden st\u00e4ndig auf ihr Verbesserungspotential \u00fcberwacht und gem. den gewonnenen Erfahrungen\/Anforderungen aktualisiert.<\/span><\/p>\n<\/div>\n[\/vc_column_text][vc_column_text]\n<h1 class=\"csc-firstHeader\"><span style=\"color: #000000;\">Teamwork<\/span><\/h1>\n<p>Zur Erf\u00fcllung der immer komplexer werdenden Aufgabenstellungen und den oftmals knapp bemessenen Terminvorgaben, ist eine effektive auch abteilungs\u00fcbergreifende Teamarbeit zwingend erforderlich. Erfolg und Anerkennung der erzielten Ergebnisse innerhalb eines Teams dienen der Motivation und Leistungssteigerung. Fachliche Kompetenzen eines jeden einzelnen spielen eine entscheidende Rolle f\u00fcr den Erfolg, da alle Teammitglieder von geteiltem Wissen partizipieren. Gr\u00f6\u00dfere Anstrengungen lassen sich in einem Team besser bew\u00e4ltigen und st\u00e4rken das \u201eWir-Gef\u00fchl&#8220; in der Gruppe.[\/vc_column_text][vc_column_text]\n<h1 class=\"csc-firstHeader\"><span style=\"color: #000000;\">Einhaltung von gesetzlichen Forderungen<\/span><\/h1>\n<p>Die von uns produzierten G\u00fcter stehen im Einklang mit den gesetzlichen Forderungen. Ob im Inland sowie im internationalen Gesch\u00e4ft tragen wir den landesspezifischen Regelungen stets Rechnung. Wir ber\u00fccksichtigen dabei nicht nur den aktuellen Stand der Technik, sondern sind viel mehr daran interessiert, unsere Produkte vom Wettbewerb durch Innovationen abzuheben. Die Einhaltung der Maschinenrichtlinie oder das Liefern von ATEX zertifizierten Produkte ist f\u00fcr uns Standard.[\/vc_column_text][\/vc_column][vc_column width=&#8220;5\/12&#8243;][vc_single_image image=&#8220;4214&#8243; style=&#8220;vc_box_shadow_3d&#8220;]<div class=\"vcex-spacing wpex-w-100 wpex-clear\"><\/div>[vc_column_text]\n<h1>\u00a0<span style=\"color: #000000;\">Zertifikate<\/span><\/h1>\n[\/vc_column_text][vc_row_inner][vc_column_inner width=&#8220;1\/2&#8243;][vc_column_text]\n<h5>T\u00dcV Zertifikat DE<\/h5>\n[\/vc_column_text][vc_single_image image=&#8220;4111&#8243; img_size=&#8220;medium&#8220; style=&#8220;vc_box_shadow_3d&#8220; onclick=&#8220;link_image&#8220; img_hover=&#8220;grow&#8220;][\/vc_column_inner][vc_column_inner width=&#8220;1\/2&#8243;][vc_column_text]\n<h5>T\u00dcV Zertifikat EN<\/h5>\n[\/vc_column_text][vc_single_image image=&#8220;4112&#8243; img_size=&#8220;medium&#8220; style=&#8220;vc_box_shadow_3d&#8220; onclick=&#8220;link_image&#8220; img_hover=&#8220;grow&#8220;][\/vc_column_inner][\/vc_row_inner][\/vc_column][\/vc_row]","protected":false},"excerpt":{"rendered":"<p>[vc_row][vc_column][vc_column_text][\/vc_column_text][\/vc_column][\/vc_row][vc_row center_row=&#8220;&#8220;][vc_column width=&#8220;7\/12&#8243;][vc_column_text] Kundenzufriedenheit Die Kundenzufriedenheit steht im Mittelpunkt aller unserer unternehmerischen Handlungen! Wir betrachten die Belange der Stakeholder vorrangig und bieten L\u00f6sungen, auf die an uns herangetragenen spezifischen Problemstellungen unter gleichzeitiger Ber\u00fccksichtigung der W\u00fcnsche und Gedanken der Abnehmer. Ziel ist es hierbei, den Bed\u00fcrfnissen vollends gerecht zu werden. Die Anforderungen durch den Markt sind&hellip;<\/p>\n","protected":false},"author":3,"featured_media":0,"parent":78,"menu_order":0,"comment_status":"closed","ping_status":"closed","template":"","meta":{"footnotes":""},"class_list":["post-111","page","type-page","status-publish","hentry","entry","no-media"],"yoast_head":"<!-- This site is optimized with the Yoast SEO plugin v25.4 - https:\/\/yoast.com\/wordpress\/plugins\/seo\/ -->\n<title>Qualit\u00e4tsmanagement - SAXLUND International GmbH<\/title>\n<meta name=\"description\" content=\"Anlagenbau f\u00fcr problematische Sch\u00fcttg\u00fcter wie Holzsp\u00e4ne, Rinde, Schl\u00e4mme, Futtermittel, chemische Stoffe, Kompost oder Abfallstoffe, St\u00f6rstoffabscheider\" \/>\n<meta name=\"robots\" content=\"index, follow, max-snippet:-1, max-image-preview:large, max-video-preview:-1\" \/>\n<link rel=\"canonical\" href=\"https:\/\/www.saxlund.de\/unternehmen\/qualitaetsmanagement\/\" \/>\n<meta property=\"og:locale\" content=\"de_DE\" \/>\n<meta property=\"og:type\" content=\"article\" \/>\n<meta property=\"og:title\" content=\"[:de]Qualit\u00e4tsmanagement[:en]Quality Management[:] - SAXLUND International GmbH\" \/>\n<meta property=\"og:description\" content=\"Anlagenbau f\u00fcr problematische Sch\u00fcttg\u00fcter wie Holzsp\u00e4ne, Rinde, Schl\u00e4mme, Futtermittel, chemische Stoffe, Kompost oder Abfallstoffe, St\u00f6rstoffabscheider\" \/>\n<meta property=\"og:url\" content=\"https:\/\/www.saxlund.de\/unternehmen\/qualitaetsmanagement\/\" \/>\n<meta property=\"og:site_name\" content=\"SAXLUND International GmbH\" \/>\n<meta property=\"article:modified_time\" content=\"2024-04-17T13:01:08+00:00\" \/>\n<meta name=\"twitter:card\" content=\"summary_large_image\" \/>\n<meta name=\"twitter:label1\" content=\"Gesch\u00e4tzte Lesezeit\" \/>\n\t<meta name=\"twitter:data1\" content=\"3\u00a0Minuten\" \/>\n<script type=\"application\/ld+json\" class=\"yoast-schema-graph\">{\"@context\":\"https:\/\/schema.org\",\"@graph\":[{\"@type\":\"WebPage\",\"@id\":\"https:\/\/www.saxlund.de\/unternehmen\/qualitaetsmanagement\/\",\"url\":\"https:\/\/www.saxlund.de\/unternehmen\/qualitaetsmanagement\/\",\"name\":\"[:de]Qualit\u00e4tsmanagement[:en]Quality Management[:] - SAXLUND International GmbH\",\"isPartOf\":{\"@id\":\"https:\/\/www.saxlund.de\/de\/#website\"},\"datePublished\":\"2015-01-23T13:39:27+00:00\",\"dateModified\":\"2024-04-17T13:01:08+00:00\",\"description\":\"Anlagenbau f\u00fcr problematische Sch\u00fcttg\u00fcter wie Holzsp\u00e4ne, Rinde, Schl\u00e4mme, Futtermittel, chemische Stoffe, Kompost oder Abfallstoffe, St\u00f6rstoffabscheider\",\"breadcrumb\":{\"@id\":\"https:\/\/www.saxlund.de\/unternehmen\/qualitaetsmanagement\/#breadcrumb\"},\"inLanguage\":\"de\",\"potentialAction\":[{\"@type\":\"ReadAction\",\"target\":[\"https:\/\/www.saxlund.de\/unternehmen\/qualitaetsmanagement\/\"]}]},{\"@type\":\"BreadcrumbList\",\"@id\":\"https:\/\/www.saxlund.de\/unternehmen\/qualitaetsmanagement\/#breadcrumb\",\"itemListElement\":[{\"@type\":\"ListItem\",\"position\":1,\"name\":\"Startseite\",\"item\":\"https:\/\/www.saxlund.de\/\"},{\"@type\":\"ListItem\",\"position\":2,\"name\":\"Company\",\"item\":\"https:\/\/www.saxlund.de\/unternehmen\/\"},{\"@type\":\"ListItem\",\"position\":3,\"name\":\"Qualit\u00e4tsmanagement\"}]},{\"@type\":\"WebSite\",\"@id\":\"https:\/\/www.saxlund.de\/de\/#website\",\"url\":\"https:\/\/www.saxlund.de\/de\/\",\"name\":\"SAXLUND International GmbH\",\"description\":\"Innovative solutions for bulk materials handling\",\"publisher\":{\"@id\":\"https:\/\/www.saxlund.de\/de\/#organization\"},\"potentialAction\":[{\"@type\":\"SearchAction\",\"target\":{\"@type\":\"EntryPoint\",\"urlTemplate\":\"https:\/\/www.saxlund.de\/de\/?s={search_term_string}\"},\"query-input\":{\"@type\":\"PropertyValueSpecification\",\"valueRequired\":true,\"valueName\":\"search_term_string\"}}],\"inLanguage\":\"de\"},{\"@type\":\"Organization\",\"@id\":\"https:\/\/www.saxlund.de\/de\/#organization\",\"name\":\"Saxlund International GmbH\",\"url\":\"https:\/\/www.saxlund.de\/de\/\",\"logo\":{\"@type\":\"ImageObject\",\"inLanguage\":\"de\",\"@id\":\"https:\/\/www.saxlund.de\/de\/#\/schema\/logo\/image\/\",\"url\":\"https:\/\/www.saxlund.de\/wp-content\/uploads\/2016\/06\/SaxLogo200x100.png\",\"contentUrl\":\"https:\/\/www.saxlund.de\/wp-content\/uploads\/2016\/06\/SaxLogo200x100.png\",\"width\":200,\"height\":88,\"caption\":\"Saxlund International GmbH\"},\"image\":{\"@id\":\"https:\/\/www.saxlund.de\/de\/#\/schema\/logo\/image\/\"}}]}<\/script>\n<!-- \/ Yoast SEO plugin. -->","yoast_head_json":{"title":"[:de]Qualit\u00e4tsmanagement[:en]Quality Management[:] - SAXLUND International GmbH","description":"Anlagenbau f\u00fcr problematische Sch\u00fcttg\u00fcter wie Holzsp\u00e4ne, Rinde, Schl\u00e4mme, Futtermittel, chemische Stoffe, Kompost oder Abfallstoffe, St\u00f6rstoffabscheider","robots":{"index":"index","follow":"follow","max-snippet":"max-snippet:-1","max-image-preview":"max-image-preview:large","max-video-preview":"max-video-preview:-1"},"canonical":"https:\/\/www.saxlund.de\/unternehmen\/qualitaetsmanagement\/","og_locale":"de_DE","og_type":"article","og_title":"[:de]Qualit\u00e4tsmanagement[:en]Quality Management[:] - SAXLUND International GmbH","og_description":"Anlagenbau f\u00fcr problematische Sch\u00fcttg\u00fcter wie Holzsp\u00e4ne, Rinde, Schl\u00e4mme, Futtermittel, chemische Stoffe, Kompost oder Abfallstoffe, St\u00f6rstoffabscheider","og_url":"https:\/\/www.saxlund.de\/unternehmen\/qualitaetsmanagement\/","og_site_name":"SAXLUND International GmbH","article_modified_time":"2024-04-17T13:01:08+00:00","twitter_card":"summary_large_image","twitter_misc":{"Gesch\u00e4tzte Lesezeit":"3\u00a0Minuten"},"schema":{"@context":"https:\/\/schema.org","@graph":[{"@type":"WebPage","@id":"https:\/\/www.saxlund.de\/unternehmen\/qualitaetsmanagement\/","url":"https:\/\/www.saxlund.de\/unternehmen\/qualitaetsmanagement\/","name":"[:de]Qualit\u00e4tsmanagement[:en]Quality Management[:] - SAXLUND International GmbH","isPartOf":{"@id":"https:\/\/www.saxlund.de\/de\/#website"},"datePublished":"2015-01-23T13:39:27+00:00","dateModified":"2024-04-17T13:01:08+00:00","description":"Anlagenbau f\u00fcr problematische Sch\u00fcttg\u00fcter wie Holzsp\u00e4ne, Rinde, Schl\u00e4mme, Futtermittel, chemische Stoffe, Kompost oder Abfallstoffe, St\u00f6rstoffabscheider","breadcrumb":{"@id":"https:\/\/www.saxlund.de\/unternehmen\/qualitaetsmanagement\/#breadcrumb"},"inLanguage":"de","potentialAction":[{"@type":"ReadAction","target":["https:\/\/www.saxlund.de\/unternehmen\/qualitaetsmanagement\/"]}]},{"@type":"BreadcrumbList","@id":"https:\/\/www.saxlund.de\/unternehmen\/qualitaetsmanagement\/#breadcrumb","itemListElement":[{"@type":"ListItem","position":1,"name":"Startseite","item":"https:\/\/www.saxlund.de\/"},{"@type":"ListItem","position":2,"name":"Company","item":"https:\/\/www.saxlund.de\/unternehmen\/"},{"@type":"ListItem","position":3,"name":"Qualit\u00e4tsmanagement"}]},{"@type":"WebSite","@id":"https:\/\/www.saxlund.de\/de\/#website","url":"https:\/\/www.saxlund.de\/de\/","name":"SAXLUND International GmbH","description":"Innovative solutions for bulk materials handling","publisher":{"@id":"https:\/\/www.saxlund.de\/de\/#organization"},"potentialAction":[{"@type":"SearchAction","target":{"@type":"EntryPoint","urlTemplate":"https:\/\/www.saxlund.de\/de\/?s={search_term_string}"},"query-input":{"@type":"PropertyValueSpecification","valueRequired":true,"valueName":"search_term_string"}}],"inLanguage":"de"},{"@type":"Organization","@id":"https:\/\/www.saxlund.de\/de\/#organization","name":"Saxlund International GmbH","url":"https:\/\/www.saxlund.de\/de\/","logo":{"@type":"ImageObject","inLanguage":"de","@id":"https:\/\/www.saxlund.de\/de\/#\/schema\/logo\/image\/","url":"https:\/\/www.saxlund.de\/wp-content\/uploads\/2016\/06\/SaxLogo200x100.png","contentUrl":"https:\/\/www.saxlund.de\/wp-content\/uploads\/2016\/06\/SaxLogo200x100.png","width":200,"height":88,"caption":"Saxlund International GmbH"},"image":{"@id":"https:\/\/www.saxlund.de\/de\/#\/schema\/logo\/image\/"}}]}},"_links":{"self":[{"href":"https:\/\/www.saxlund.de\/de\/wp-json\/wp\/v2\/pages\/111","targetHints":{"allow":["GET"]}}],"collection":[{"href":"https:\/\/www.saxlund.de\/de\/wp-json\/wp\/v2\/pages"}],"about":[{"href":"https:\/\/www.saxlund.de\/de\/wp-json\/wp\/v2\/types\/page"}],"author":[{"embeddable":true,"href":"https:\/\/www.saxlund.de\/de\/wp-json\/wp\/v2\/users\/3"}],"replies":[{"embeddable":true,"href":"https:\/\/www.saxlund.de\/de\/wp-json\/wp\/v2\/comments?post=111"}],"version-history":[{"count":17,"href":"https:\/\/www.saxlund.de\/de\/wp-json\/wp\/v2\/pages\/111\/revisions"}],"predecessor-version":[{"id":4219,"href":"https:\/\/www.saxlund.de\/de\/wp-json\/wp\/v2\/pages\/111\/revisions\/4219"}],"up":[{"embeddable":true,"href":"https:\/\/www.saxlund.de\/de\/wp-json\/wp\/v2\/pages\/78"}],"wp:attachment":[{"href":"https:\/\/www.saxlund.de\/de\/wp-json\/wp\/v2\/media?parent=111"}],"curies":[{"name":"wp","href":"https:\/\/api.w.org\/{rel}","templated":true}]}}